{"id":653,"date":"2025-04-16T08:01:59","date_gmt":"2025-04-16T08:01:59","guid":{"rendered":"https:\/\/lacortehotel.info\/beschreibung\/vicenza-verona\/"},"modified":"2025-06-03T10:55:37","modified_gmt":"2025-06-03T10:55:37","slug":"vicenza-und-verona","status":"publish","type":"page","link":"https:\/\/lacortehotel.info\/de\/umgebung\/vicenza-und-verona\/","title":{"rendered":"Vicenza und Verona"},"content":{"rendered":"\n<p>W\u00e4hrend Ihres Aufenthalts im <strong>Hotel La Corte<\/strong> k\u00f6nnen Sie bequem zwei der faszinierendsten St\u00e4dte Venetiens besuchen: <strong>Vicenza<\/strong>, ein UNESCO-Weltkulturerbe, das mit dem Genie Andrea Palladios verbunden ist, und <strong>Verona<\/strong>, die romantische Stadt von Romeo und Julia. Zwei unverzichtbare Reiseziele \u2013 perfekt f\u00fcr einen Tagesausflug im Zeichen von Kultur, Architektur und Emotionen.<\/p>\n\n\n\n<figure class=\"wp-block-image size-full\"><img loading=\"lazy\" decoding=\"async\" width=\"275\" height=\"183\" src=\"https:\/\/lacortehotel.info\/wp-content\/uploads\/2023\/07\/vicenza.jpg\" alt=\"\" class=\"wp-image-494\"\/><\/figure>\n\n\n\n<p><a href=\"http:\/\/www.vitourism.it\/\">Vicenza<\/a>: die Stadt Palladios<\/p>\n\n\n\n<p><strong>Vicenza<\/strong> ist ein Juwel der Renaissancekunst und weltweit bekannt als die <strong>Stadt Palladios<\/strong>, eines der gr\u00f6\u00dften Architekten der Geschichte. Ein Spaziergang durch das historische Zentrum, das als <strong>UNESCO-Weltkulturerbe<\/strong> anerkannt ist, f\u00fchrt zu eleganten <strong>Pal\u00e4sten<\/strong>, pr\u00e4chtigen <strong>Villen<\/strong> und absoluten Meisterwerken wie:<\/p>\n\n\n\n<ul class=\"wp-block-list\">\n<li>Das <strong>Teatro Olimpico<\/strong>, das \u00e4lteste \u00fcberdachte Mauerwerk-Theater der Welt;<\/li>\n\n\n\n<li>Der <strong>Palazzo Chiericati<\/strong>, heute Sitz der st\u00e4dtischen Gem\u00e4ldegalerie;<\/li>\n\n\n\n<li>Die ber\u00fchmte <strong>Villa La Rotonda<\/strong>, eine perfekte Verbindung von Architektur und Landschaft.<\/li>\n<\/ul>\n\n\n\n<p>Auch das Umland von Vicenza bewahrt zahlreiche weitere <strong>palladianische Villen<\/strong>, von denen viele besichtigt werden k\u00f6nnen. Sie zeugen von der engen Verbindung zwischen Kunst und der venetischen Kulturlandschaft.<\/p>\n\n\n\n<p>Vicenza ist zudem eine lebendige und gastfreundliche Stadt mit eleganten Pl\u00e4tzen, historischen Caf\u00e9s und Museen voller Sch\u00e4tze.<\/p>\n\n\n\n<figure class=\"wp-block-image size-full\"><img loading=\"lazy\" decoding=\"async\" width=\"310\" height=\"163\" src=\"https:\/\/lacortehotel.info\/wp-content\/uploads\/2023\/07\/verona.jpg\" alt=\"\" class=\"wp-image-498\" srcset=\"https:\/\/lacortehotel.info\/wp-content\/uploads\/2023\/07\/verona.jpg 310w, https:\/\/lacortehotel.info\/wp-content\/uploads\/2023\/07\/verona-300x158.jpg 300w\" sizes=\"auto, (max-width: 310px) 100vw, 310px\" \/><\/figure>\n\n\n\n<p>Verona: die Stadt der Liebe<\/p>\n\n\n\n<p><strong><a href=\"http:\/\/www.turismoverona.eu\/nqcontent.cfm?a_id=35298&amp;lang=de\">Verona<\/a><\/strong> geh\u00f6rt zu den romantischsten St\u00e4dten Italiens, unsterblich gemacht durch <strong>William Shakespeare<\/strong>, der hier die ber\u00fchmteste Liebesgeschichte aller Zeiten ansiedelte: <strong>Romeo und Julia<\/strong>.<\/p>\n\n\n\n<p>Ein Spaziergang durch die Altstadt mit ihren r\u00f6mischen Monumenten, mittelalterlichen Pal\u00e4sten und stimmungsvollen Gassen f\u00fchrt zu:<\/p>\n\n\n\n<ul class=\"wp-block-list\">\n<li><strong>Julias Haus<\/strong>, mit dem ber\u00fchmten Balkon;<\/li>\n\n\n\n<li><strong>Julias Grab<\/strong>, in der Stille eines alten Klosters gelegen;<\/li>\n\n\n\n<li><strong>Romeos Haus<\/strong>, im \u00e4ltesten Stadtviertel.<\/li>\n<\/ul>\n\n\n\n<p>Doch Verona bietet noch viel mehr: die imposante <strong>Arena<\/strong>, die jeden Sommer Konzerte und Opernauff\u00fchrungen unter freiem Himmel beherbergt; die <strong>Piazza delle Erbe<\/strong>, das lebendige Herz der Stadt; und die <strong>Burg Castelvecchio<\/strong> mit ihrer befestigten Br\u00fccke.<\/p>\n\n\n\n<p><a rel=\"noreferrer noopener\" href=\"http:\/\/www.parconaturaviva.it\/de\" target=\"_blank\">Natura Viva Park<\/a><\/p>\n\n\n\n<figure class=\"wp-block-image size-full\"><img loading=\"lazy\" decoding=\"async\" width=\"275\" height=\"183\" src=\"https:\/\/lacortehotel.info\/wp-content\/uploads\/2023\/07\/parco.jpg\" alt=\"\" class=\"wp-image-502\"\/><\/figure>\n\n\n\n<p><a rel=\"noreferrer noopener\" href=\"https:\/\/www.gardaland.it\/\" target=\"_blank\">Parco Divertimenti Gardaland<\/a><\/p>\n\n\n\n<figure class=\"wp-block-image size-full\"><img loading=\"lazy\" decoding=\"async\" width=\"300\" height=\"187\" src=\"https:\/\/lacortehotel.info\/wp-content\/uploads\/2023\/07\/gardaland-300x187-1.jpg\" alt=\"\" class=\"wp-image-506\"\/><\/figure>\n","protected":false},"excerpt":{"rendered":"<p>W\u00e4hrend Ihres Aufenthalts im Hotel La Corte k\u00f6nnen Sie bequem zwei der faszinierendsten St\u00e4dte Venetiens besuchen: Vicenza, ein UNESCO-Weltkulturerbe, das mit dem Genie Andrea Palladios verbunden ist, und Verona, die romantische Stadt von Romeo und Julia. Zwei unverzichtbare Reiseziele \u2013 perfekt f\u00fcr einen Tagesausflug im Zeichen von Kultur, Architektur und Emotionen. Vicenza: die Stadt Palladios [&hellip;]<\/p>\n","protected":false},"author":1,"featured_media":514,"parent":404,"menu_order":0,"comment_status":"closed","ping_status":"closed","template":"templates\/lista.php","meta":{"_acf_changed":false,"inline_featured_image":false,"_joinchat":[],"footnotes":""},"class_list":["post-653","page","type-page","status-publish","has-post-thumbnail","hentry"],"acf":[],"yoast_head":"<!-- This site is optimized with the Yoast SEO plugin v26.7 - https:\/\/yoast.com\/wordpress\/plugins\/seo\/ -->\n<title>Vicenza und Verona - La Corte Hotel<\/title>\n<meta name=\"description\" content=\"Vicenza und Verona: St\u00e4dte voller Kunst und Geschichte \u2013 von Palladio bis zur Arena. Entdecke Architektur und romantische Atmosph\u00e4re.\" \/>\n<meta name=\"robots\" content=\"index, follow, max-snippet:-1, max-image-preview:large, max-video-preview:-1\" \/>\n<link rel=\"canonical\" href=\"https:\/\/lacortehotel.info\/de\/umgebung\/vicenza-und-verona\/\" \/>\n<meta property=\"og:locale\" content=\"de_DE\" \/>\n<meta property=\"og:type\" content=\"article\" \/>\n<meta property=\"og:title\" content=\"Vicenza und Verona - La Corte Hotel\" \/>\n<meta property=\"og:description\" content=\"Vicenza und Verona: St\u00e4dte voller Kunst und Geschichte \u2013 von Palladio bis zur Arena. Entdecke Architektur und romantische Atmosph\u00e4re.\" \/>\n<meta property=\"og:url\" content=\"https:\/\/lacortehotel.info\/de\/umgebung\/vicenza-und-verona\/\" \/>\n<meta property=\"og:site_name\" content=\"La Corte Hotel\" \/>\n<meta property=\"article:publisher\" content=\"https:\/\/www.facebook.com\/pages\/Hotel-La-Corte\/120373951334581\" \/>\n<meta property=\"article:modified_time\" content=\"2025-06-03T10:55:37+00:00\" \/>\n<meta property=\"og:image\" content=\"https:\/\/lacortehotel.info\/wp-content\/uploads\/2023\/07\/verona-big.jpg\" \/>\n\t<meta property=\"og:image:width\" content=\"2560\" \/>\n\t<meta property=\"og:image:height\" content=\"1440\" \/>\n\t<meta property=\"og:image:type\" content=\"image\/jpeg\" \/>\n<meta name=\"twitter:card\" content=\"summary_large_image\" \/>\n<meta name=\"twitter:label1\" content=\"Gesch\u00e4tzte Lesezeit\" \/>\n\t<meta name=\"twitter:data1\" content=\"3\u00a0Minuten\" \/>\n<script type=\"application\/ld+json\" class=\"yoast-schema-graph\">{\"@context\":\"https:\/\/schema.org\",\"@graph\":[{\"@type\":\"WebPage\",\"@id\":\"https:\/\/lacortehotel.info\/de\/umgebung\/vicenza-und-verona\/\",\"url\":\"https:\/\/lacortehotel.info\/de\/umgebung\/vicenza-und-verona\/\",\"name\":\"Vicenza und Verona - La Corte Hotel\",\"isPartOf\":{\"@id\":\"https:\/\/lacortehotel.info\/de\/#website\"},\"primaryImageOfPage\":{\"@id\":\"https:\/\/lacortehotel.info\/de\/umgebung\/vicenza-und-verona\/#primaryimage\"},\"image\":{\"@id\":\"https:\/\/lacortehotel.info\/de\/umgebung\/vicenza-und-verona\/#primaryimage\"},\"thumbnailUrl\":\"https:\/\/lacortehotel.info\/wp-content\/uploads\/2023\/07\/verona-big.jpg\",\"datePublished\":\"2025-04-16T08:01:59+00:00\",\"dateModified\":\"2025-06-03T10:55:37+00:00\",\"description\":\"Vicenza und Verona: St\u00e4dte voller Kunst und Geschichte \u2013 von Palladio bis zur Arena. Entdecke Architektur und romantische Atmosph\u00e4re.\",\"breadcrumb\":{\"@id\":\"https:\/\/lacortehotel.info\/de\/umgebung\/vicenza-und-verona\/#breadcrumb\"},\"inLanguage\":\"de\",\"potentialAction\":[{\"@type\":\"ReadAction\",\"target\":[\"https:\/\/lacortehotel.info\/de\/umgebung\/vicenza-und-verona\/\"]}]},{\"@type\":\"ImageObject\",\"inLanguage\":\"de\",\"@id\":\"https:\/\/lacortehotel.info\/de\/umgebung\/vicenza-und-verona\/#primaryimage\",\"url\":\"https:\/\/lacortehotel.info\/wp-content\/uploads\/2023\/07\/verona-big.jpg\",\"contentUrl\":\"https:\/\/lacortehotel.info\/wp-content\/uploads\/2023\/07\/verona-big.jpg\",\"width\":2560,\"height\":1440},{\"@type\":\"BreadcrumbList\",\"@id\":\"https:\/\/lacortehotel.info\/de\/umgebung\/vicenza-und-verona\/#breadcrumb\",\"itemListElement\":[{\"@type\":\"ListItem\",\"position\":1,\"name\":\"Home\",\"item\":\"https:\/\/lacortehotel.info\/de\/\"},{\"@type\":\"ListItem\",\"position\":2,\"name\":\"Umgebung\",\"item\":\"https:\/\/lacortehotel.info\/de\/umgebung\/\"},{\"@type\":\"ListItem\",\"position\":3,\"name\":\"Vicenza und Verona\"}]},{\"@type\":\"WebSite\",\"@id\":\"https:\/\/lacortehotel.info\/de\/#website\",\"url\":\"https:\/\/lacortehotel.info\/de\/\",\"name\":\"Hotel La Corte\",\"description\":\"Im Herzen der Poebene... Ihr zweites Zuhause!\",\"publisher\":{\"@id\":\"https:\/\/lacortehotel.info\/de\/#organization\"},\"alternateName\":\"La Corte di Correzzola\",\"potentialAction\":[{\"@type\":\"SearchAction\",\"target\":{\"@type\":\"EntryPoint\",\"urlTemplate\":\"https:\/\/lacortehotel.info\/de\/?s={search_term_string}\"},\"query-input\":{\"@type\":\"PropertyValueSpecification\",\"valueRequired\":true,\"valueName\":\"search_term_string\"}}],\"inLanguage\":\"de\"},{\"@type\":\"Organization\",\"@id\":\"https:\/\/lacortehotel.info\/de\/#organization\",\"name\":\"Hotel la Corte\",\"url\":\"https:\/\/lacortehotel.info\/de\/\",\"logo\":{\"@type\":\"ImageObject\",\"inLanguage\":\"de\",\"@id\":\"https:\/\/lacortehotel.info\/de\/#\/schema\/logo\/image\/\",\"url\":\"https:\/\/lacortehotel.info\/wp-content\/uploads\/2023\/05\/logo-sito-p-e1683800838815.png\",\"contentUrl\":\"https:\/\/lacortehotel.info\/wp-content\/uploads\/2023\/05\/logo-sito-p-e1683800838815.png\",\"width\":100,\"height\":94,\"caption\":\"Hotel la Corte\"},\"image\":{\"@id\":\"https:\/\/lacortehotel.info\/de\/#\/schema\/logo\/image\/\"},\"sameAs\":[\"https:\/\/www.facebook.com\/pages\/Hotel-La-Corte\/120373951334581\",\"https:\/\/www.instagram.com\/lacortecorrezzola\/\"]}]}<\/script>\n<!-- \/ Yoast SEO plugin. -->","yoast_head_json":{"title":"Vicenza und Verona - La Corte Hotel","description":"Vicenza und Verona: St\u00e4dte voller Kunst und Geschichte \u2013 von Palladio bis zur Arena. Entdecke Architektur und romantische Atmosph\u00e4re.","robots":{"index":"index","follow":"follow","max-snippet":"max-snippet:-1","max-image-preview":"max-image-preview:large","max-video-preview":"max-video-preview:-1"},"canonical":"https:\/\/lacortehotel.info\/de\/umgebung\/vicenza-und-verona\/","og_locale":"de_DE","og_type":"article","og_title":"Vicenza und Verona - La Corte Hotel","og_description":"Vicenza und Verona: St\u00e4dte voller Kunst und Geschichte \u2013 von Palladio bis zur Arena. Entdecke Architektur und romantische Atmosph\u00e4re.","og_url":"https:\/\/lacortehotel.info\/de\/umgebung\/vicenza-und-verona\/","og_site_name":"La Corte Hotel","article_publisher":"https:\/\/www.facebook.com\/pages\/Hotel-La-Corte\/120373951334581","article_modified_time":"2025-06-03T10:55:37+00:00","og_image":[{"width":2560,"height":1440,"url":"https:\/\/lacortehotel.info\/wp-content\/uploads\/2023\/07\/verona-big.jpg","type":"image\/jpeg"}],"twitter_card":"summary_large_image","twitter_misc":{"Gesch\u00e4tzte Lesezeit":"3\u00a0Minuten"},"schema":{"@context":"https:\/\/schema.org","@graph":[{"@type":"WebPage","@id":"https:\/\/lacortehotel.info\/de\/umgebung\/vicenza-und-verona\/","url":"https:\/\/lacortehotel.info\/de\/umgebung\/vicenza-und-verona\/","name":"Vicenza und Verona - La Corte Hotel","isPartOf":{"@id":"https:\/\/lacortehotel.info\/de\/#website"},"primaryImageOfPage":{"@id":"https:\/\/lacortehotel.info\/de\/umgebung\/vicenza-und-verona\/#primaryimage"},"image":{"@id":"https:\/\/lacortehotel.info\/de\/umgebung\/vicenza-und-verona\/#primaryimage"},"thumbnailUrl":"https:\/\/lacortehotel.info\/wp-content\/uploads\/2023\/07\/verona-big.jpg","datePublished":"2025-04-16T08:01:59+00:00","dateModified":"2025-06-03T10:55:37+00:00","description":"Vicenza und Verona: St\u00e4dte voller Kunst und Geschichte \u2013 von Palladio bis zur Arena. Entdecke Architektur und romantische Atmosph\u00e4re.","breadcrumb":{"@id":"https:\/\/lacortehotel.info\/de\/umgebung\/vicenza-und-verona\/#breadcrumb"},"inLanguage":"de","potentialAction":[{"@type":"ReadAction","target":["https:\/\/lacortehotel.info\/de\/umgebung\/vicenza-und-verona\/"]}]},{"@type":"ImageObject","inLanguage":"de","@id":"https:\/\/lacortehotel.info\/de\/umgebung\/vicenza-und-verona\/#primaryimage","url":"https:\/\/lacortehotel.info\/wp-content\/uploads\/2023\/07\/verona-big.jpg","contentUrl":"https:\/\/lacortehotel.info\/wp-content\/uploads\/2023\/07\/verona-big.jpg","width":2560,"height":1440},{"@type":"BreadcrumbList","@id":"https:\/\/lacortehotel.info\/de\/umgebung\/vicenza-und-verona\/#breadcrumb","itemListElement":[{"@type":"ListItem","position":1,"name":"Home","item":"https:\/\/lacortehotel.info\/de\/"},{"@type":"ListItem","position":2,"name":"Umgebung","item":"https:\/\/lacortehotel.info\/de\/umgebung\/"},{"@type":"ListItem","position":3,"name":"Vicenza und Verona"}]},{"@type":"WebSite","@id":"https:\/\/lacortehotel.info\/de\/#website","url":"https:\/\/lacortehotel.info\/de\/","name":"Hotel La Corte","description":"Im Herzen der Poebene... Ihr zweites Zuhause!","publisher":{"@id":"https:\/\/lacortehotel.info\/de\/#organization"},"alternateName":"La Corte di Correzzola","potentialAction":[{"@type":"SearchAction","target":{"@type":"EntryPoint","urlTemplate":"https:\/\/lacortehotel.info\/de\/?s={search_term_string}"},"query-input":{"@type":"PropertyValueSpecification","valueRequired":true,"valueName":"search_term_string"}}],"inLanguage":"de"},{"@type":"Organization","@id":"https:\/\/lacortehotel.info\/de\/#organization","name":"Hotel la Corte","url":"https:\/\/lacortehotel.info\/de\/","logo":{"@type":"ImageObject","inLanguage":"de","@id":"https:\/\/lacortehotel.info\/de\/#\/schema\/logo\/image\/","url":"https:\/\/lacortehotel.info\/wp-content\/uploads\/2023\/05\/logo-sito-p-e1683800838815.png","contentUrl":"https:\/\/lacortehotel.info\/wp-content\/uploads\/2023\/05\/logo-sito-p-e1683800838815.png","width":100,"height":94,"caption":"Hotel la Corte"},"image":{"@id":"https:\/\/lacortehotel.info\/de\/#\/schema\/logo\/image\/"},"sameAs":["https:\/\/www.facebook.com\/pages\/Hotel-La-Corte\/120373951334581","https:\/\/www.instagram.com\/lacortecorrezzola\/"]}]}},"_links":{"self":[{"href":"https:\/\/lacortehotel.info\/de\/wp-json\/wp\/v2\/pages\/653","targetHints":{"allow":["GET"]}}],"collection":[{"href":"https:\/\/lacortehotel.info\/de\/wp-json\/wp\/v2\/pages"}],"about":[{"href":"https:\/\/lacortehotel.info\/de\/wp-json\/wp\/v2\/types\/page"}],"author":[{"embeddable":true,"href":"https:\/\/lacortehotel.info\/de\/wp-json\/wp\/v2\/users\/1"}],"replies":[{"embeddable":true,"href":"https:\/\/lacortehotel.info\/de\/wp-json\/wp\/v2\/comments?post=653"}],"version-history":[{"count":2,"href":"https:\/\/lacortehotel.info\/de\/wp-json\/wp\/v2\/pages\/653\/revisions"}],"predecessor-version":[{"id":1827,"href":"https:\/\/lacortehotel.info\/de\/wp-json\/wp\/v2\/pages\/653\/revisions\/1827"}],"up":[{"embeddable":true,"href":"https:\/\/lacortehotel.info\/de\/wp-json\/wp\/v2\/pages\/404"}],"wp:featuredmedia":[{"embeddable":true,"href":"https:\/\/lacortehotel.info\/de\/wp-json\/wp\/v2\/media\/514"}],"wp:attachment":[{"href":"https:\/\/lacortehotel.info\/de\/wp-json\/wp\/v2\/media?parent=653"}],"curies":[{"name":"wp","href":"https:\/\/api.w.org\/{rel}","templated":true}]}}