{"id":631,"date":"2025-04-16T08:02:48","date_gmt":"2025-04-16T08:02:48","guid":{"rendered":"https:\/\/lacortehotel.info\/beschreibung\/sottomarina-isola-verde-rosolina-beaches\/"},"modified":"2025-06-03T09:28:17","modified_gmt":"2025-06-03T09:28:17","slug":"sottomarina-isola-verde-und-rosolina-strande","status":"publish","type":"page","link":"https:\/\/lacortehotel.info\/de\/umgebung\/sottomarina-isola-verde-und-rosolina-strande\/","title":{"rendered":"Sottomarina, Isola Verde und Rosolina (Str\u00e4nde)"},"content":{"rendered":"\n<h3 class=\"wp-block-heading\">Sottomarina<\/h3>\n\n\n\n<p><strong><a href=\"http:\/\/www.sottomarina.net\/\">Sottomarina<\/a><\/strong> ist der Hauptstrand von Chioggia, bekannt f\u00fcr seinen breiten Sandstrand, die Qualit\u00e4t der Badeinrichtungen und das umfangreiche Angebot f\u00fcr Familien und Sportbegeisterte. Der sanft abfallende Meeresboden macht ihn ideal f\u00fcr Kinder, w\u00e4hrend Bars, Restaurants und Abendveranstaltungen den Ort auch nach Sonnenuntergang lebendig machen.<\/p>\n\n\n\n<p>In Sottomarina kann man Wassersport treiben, Fahrr\u00e4der mieten oder einfach entspannt unter dem Sonnenschirm relaxen. Es ist eines der beliebtesten Ziele f\u00fcr einen komfortablen Tagesausflug ans Meer und vom Hotel aus <strong>mit dem Auto oder einem Direktbus<\/strong> gut erreichbar.<\/p>\n\n\n\n<figure class=\"wp-block-image size-full\"><img loading=\"lazy\" decoding=\"async\" width=\"390\" height=\"250\" src=\"https:\/\/lacortehotel.info\/wp-content\/uploads\/2023\/07\/spiaggia-1.jpg\" alt=\"\" class=\"wp-image-439\" srcset=\"https:\/\/lacortehotel.info\/wp-content\/uploads\/2023\/07\/spiaggia-1.jpg 390w, https:\/\/lacortehotel.info\/wp-content\/uploads\/2023\/07\/spiaggia-1-300x192.jpg 300w\" sizes=\"auto, (max-width: 390px) 100vw, 390px\" \/><\/figure>\n\n\n\n<h3 class=\"wp-block-heading\">Isola Verde<\/h3>\n\n\n\n<p><strong><a href=\"http:\/\/www.isolaverde.net\/\">Isola Verde<\/a><\/strong>, wie der Name schon sagt, ist ein von Gr\u00fcn, Kan\u00e4len und landwirtschaftlichen Fl\u00e4chen umgebener Ort, in dem die Natur die Hauptrolle spielt. Die Str\u00e4nde sind weniger \u00fcberlaufen als in anderen Urlaubsorten und bieten eine ruhige und authentische Atmosph\u00e4re.<\/p>\n\n\n\n<p>Ideal f\u00fcr alle, die <strong>Ruhe und N\u00e4he zur Natur<\/strong> suchen, ist Isola Verde auch bei Vogelbeobachtern und Wohnmobilreisenden sehr beliebt. Der Strand ist weitl\u00e4ufig und sandig \u2013 perfekt f\u00fcr lange Spazierg\u00e4nge am Wasser oder entspannte Lesestunden in der Sonne.<\/p>\n\n\n\n<h3 class=\"wp-block-heading\">Rosolina Mare<\/h3>\n\n\n\n<p>Der Sandstrand von <a href=\"http:\/\/www.venetograndeguerra.it\/dove-andare-dettaglio?path=\/DoveAndare\/Mare\/Rosolina&amp;lang=it\">Rosolina<\/a> Mare ist ein schmaler sandiger Streifen, der sich auf neun Kilometer zwischen dem Adriatischen Meer und die n\u00f6rdlichen Lagunen des\u00a0<a href=\"http:\/\/www.parcodeltapo.it\/\" target=\"_blank\" rel=\"noreferrer noopener\">Po-Deltas<\/a>\u00a0ausweitet und dessen marine sowie fluviale Umwelt besondere Merkmale zeigt. Unz\u00e4hlige sind die Anst\u00f6\u00dfe, um die faszinierenden naturalistischen und historischen Sehensw\u00fcrdigkeiten zu erforschen, die Rosolina Mare charakterisieren, wie zum Beispiel der\u00a0<a href=\"http:\/\/www.parcodeltapo.org\/index.php\/de\/\" target=\"_blank\" rel=\"noreferrer noopener\">K\u00fcsten-botanische Garten von Porto Caleri<\/a>.<\/p>\n\n\n\n<div class=\"wp-block-columns is-layout-flex wp-container-core-columns-is-layout-9d6595d7 wp-block-columns-is-layout-flex\">\n<div class=\"wp-block-column is-layout-flow wp-block-column-is-layout-flow\" style=\"flex-basis:50%\">\n<figure class=\"wp-block-image size-medium\"><img loading=\"lazy\" decoding=\"async\" width=\"300\" height=\"182\" src=\"https:\/\/lacortehotel.info\/wp-content\/uploads\/2023\/07\/porto-caleri-300x182.jpg\" alt=\"\" class=\"wp-image-443\" srcset=\"https:\/\/lacortehotel.info\/wp-content\/uploads\/2023\/07\/porto-caleri-300x182.jpg 300w, https:\/\/lacortehotel.info\/wp-content\/uploads\/2023\/07\/porto-caleri.jpg 450w\" sizes=\"auto, (max-width: 300px) 100vw, 300px\" \/><\/figure>\n<\/div>\n\n\n\n<div class=\"wp-block-column is-layout-flow wp-block-column-is-layout-flow\" style=\"flex-basis:50%\">\n<figure class=\"wp-block-image size-full is-resized\"><img loading=\"lazy\" decoding=\"async\" width=\"272\" height=\"185\" src=\"https:\/\/lacortehotel.info\/wp-content\/uploads\/2023\/07\/delta.jpg\" alt=\"\" class=\"wp-image-447\" style=\"width:272px;height:185px\"\/><\/figure>\n<\/div>\n<\/div>\n\n\n\n<p>So erreichen Sie die Str\u00e4nde vom Hotel La Corte aus<\/p>\n\n\n\n<p>Dank der g\u00fcnstigen Lage des Hotels ist die Anreise zu den Str\u00e4nden einfach:<\/p>\n\n\n\n<p><strong>Isola Verde und Rosolina Mare<\/strong>: <strong>mit dem Auto<\/strong> leicht erreichbar \u2013 perfekt f\u00fcr alle, die Strandurlaub mit Natur und Entspannung verbinden m\u00f6chten.<\/p>\n\n\n\n<p><strong>Sottomarina<\/strong>: mit dem <strong><a href=\"https:\/\/lacortehotel.info\/de\/kontakt\/\">Direktbus<\/a> oder dem Auto<\/strong>, ideal f\u00fcr einen gut ausgestatteten und bequemen Tagesausflug;<\/p>\n","protected":false},"excerpt":{"rendered":"<p>Sottomarina Sottomarina ist der Hauptstrand von Chioggia, bekannt f\u00fcr seinen breiten Sandstrand, die Qualit\u00e4t der Badeinrichtungen und das umfangreiche Angebot f\u00fcr Familien und Sportbegeisterte. Der sanft abfallende Meeresboden macht ihn ideal f\u00fcr Kinder, w\u00e4hrend Bars, Restaurants und Abendveranstaltungen den Ort auch nach Sonnenuntergang lebendig machen. In Sottomarina kann man Wassersport treiben, Fahrr\u00e4der mieten oder einfach [&hellip;]<\/p>\n","protected":false},"author":1,"featured_media":454,"parent":404,"menu_order":0,"comment_status":"closed","ping_status":"closed","template":"templates\/lista.php","meta":{"_acf_changed":false,"inline_featured_image":false,"_joinchat":[],"footnotes":""},"class_list":["post-631","page","type-page","status-publish","has-post-thumbnail","hentry"],"acf":[],"yoast_head":"<!-- This site is optimized with the Yoast SEO plugin v26.7 - https:\/\/yoast.com\/wordpress\/plugins\/seo\/ -->\n<title>Sottomarina, Isola Verde und Rosolina (Str\u00e4nde) - La Corte Hotel<\/title>\n<meta name=\"description\" content=\"Strand, Natur und Entspannung in Sottomarina, Isola Verde und Rosolina \u2013 perfekte Urlaubsziele an der venezianischen K\u00fcste.\" \/>\n<meta name=\"robots\" content=\"index, follow, max-snippet:-1, max-image-preview:large, max-video-preview:-1\" \/>\n<link rel=\"canonical\" href=\"https:\/\/lacortehotel.info\/de\/umgebung\/sottomarina-isola-verde-und-rosolina-strande\/\" \/>\n<meta property=\"og:locale\" content=\"de_DE\" \/>\n<meta property=\"og:type\" content=\"article\" \/>\n<meta property=\"og:title\" content=\"Sottomarina, Isola Verde und Rosolina (Str\u00e4nde) - La Corte Hotel\" \/>\n<meta property=\"og:description\" content=\"Strand, Natur und Entspannung in Sottomarina, Isola Verde und Rosolina \u2013 perfekte Urlaubsziele an der venezianischen K\u00fcste.\" \/>\n<meta property=\"og:url\" content=\"https:\/\/lacortehotel.info\/de\/umgebung\/sottomarina-isola-verde-und-rosolina-strande\/\" \/>\n<meta property=\"og:site_name\" content=\"La Corte Hotel\" \/>\n<meta property=\"article:publisher\" content=\"https:\/\/www.facebook.com\/pages\/Hotel-La-Corte\/120373951334581\" \/>\n<meta property=\"article:modified_time\" content=\"2025-06-03T09:28:17+00:00\" \/>\n<meta property=\"og:image\" content=\"https:\/\/lacortehotel.info\/wp-content\/uploads\/2023\/07\/spiaggie-sottomarina.jpg\" \/>\n\t<meta property=\"og:image:width\" content=\"2560\" \/>\n\t<meta property=\"og:image:height\" content=\"1440\" \/>\n\t<meta property=\"og:image:type\" content=\"image\/jpeg\" \/>\n<meta name=\"twitter:card\" content=\"summary_large_image\" \/>\n<meta name=\"twitter:label1\" content=\"Gesch\u00e4tzte Lesezeit\" \/>\n\t<meta name=\"twitter:data1\" content=\"3\u00a0Minuten\" \/>\n<script type=\"application\/ld+json\" class=\"yoast-schema-graph\">{\"@context\":\"https:\/\/schema.org\",\"@graph\":[{\"@type\":\"WebPage\",\"@id\":\"https:\/\/lacortehotel.info\/de\/umgebung\/sottomarina-isola-verde-und-rosolina-strande\/\",\"url\":\"https:\/\/lacortehotel.info\/de\/umgebung\/sottomarina-isola-verde-und-rosolina-strande\/\",\"name\":\"Sottomarina, Isola Verde und Rosolina (Str\u00e4nde) - La Corte Hotel\",\"isPartOf\":{\"@id\":\"https:\/\/lacortehotel.info\/de\/#website\"},\"primaryImageOfPage\":{\"@id\":\"https:\/\/lacortehotel.info\/de\/umgebung\/sottomarina-isola-verde-und-rosolina-strande\/#primaryimage\"},\"image\":{\"@id\":\"https:\/\/lacortehotel.info\/de\/umgebung\/sottomarina-isola-verde-und-rosolina-strande\/#primaryimage\"},\"thumbnailUrl\":\"https:\/\/lacortehotel.info\/wp-content\/uploads\/2023\/07\/spiaggie-sottomarina.jpg\",\"datePublished\":\"2025-04-16T08:02:48+00:00\",\"dateModified\":\"2025-06-03T09:28:17+00:00\",\"description\":\"Strand, Natur und Entspannung in Sottomarina, Isola Verde und Rosolina \u2013 perfekte Urlaubsziele an der venezianischen K\u00fcste.\",\"breadcrumb\":{\"@id\":\"https:\/\/lacortehotel.info\/de\/umgebung\/sottomarina-isola-verde-und-rosolina-strande\/#breadcrumb\"},\"inLanguage\":\"de\",\"potentialAction\":[{\"@type\":\"ReadAction\",\"target\":[\"https:\/\/lacortehotel.info\/de\/umgebung\/sottomarina-isola-verde-und-rosolina-strande\/\"]}]},{\"@type\":\"ImageObject\",\"inLanguage\":\"de\",\"@id\":\"https:\/\/lacortehotel.info\/de\/umgebung\/sottomarina-isola-verde-und-rosolina-strande\/#primaryimage\",\"url\":\"https:\/\/lacortehotel.info\/wp-content\/uploads\/2023\/07\/spiaggie-sottomarina.jpg\",\"contentUrl\":\"https:\/\/lacortehotel.info\/wp-content\/uploads\/2023\/07\/spiaggie-sottomarina.jpg\",\"width\":2560,\"height\":1440},{\"@type\":\"BreadcrumbList\",\"@id\":\"https:\/\/lacortehotel.info\/de\/umgebung\/sottomarina-isola-verde-und-rosolina-strande\/#breadcrumb\",\"itemListElement\":[{\"@type\":\"ListItem\",\"position\":1,\"name\":\"Home\",\"item\":\"https:\/\/lacortehotel.info\/de\/\"},{\"@type\":\"ListItem\",\"position\":2,\"name\":\"Umgebung\",\"item\":\"https:\/\/lacortehotel.info\/de\/umgebung\/\"},{\"@type\":\"ListItem\",\"position\":3,\"name\":\"Sottomarina, Isola Verde und Rosolina (Str\u00e4nde)\"}]},{\"@type\":\"WebSite\",\"@id\":\"https:\/\/lacortehotel.info\/de\/#website\",\"url\":\"https:\/\/lacortehotel.info\/de\/\",\"name\":\"Hotel La Corte\",\"description\":\"Im Herzen der Poebene... Ihr zweites Zuhause!\",\"publisher\":{\"@id\":\"https:\/\/lacortehotel.info\/de\/#organization\"},\"alternateName\":\"La Corte di Correzzola\",\"potentialAction\":[{\"@type\":\"SearchAction\",\"target\":{\"@type\":\"EntryPoint\",\"urlTemplate\":\"https:\/\/lacortehotel.info\/de\/?s={search_term_string}\"},\"query-input\":{\"@type\":\"PropertyValueSpecification\",\"valueRequired\":true,\"valueName\":\"search_term_string\"}}],\"inLanguage\":\"de\"},{\"@type\":\"Organization\",\"@id\":\"https:\/\/lacortehotel.info\/de\/#organization\",\"name\":\"Hotel la Corte\",\"url\":\"https:\/\/lacortehotel.info\/de\/\",\"logo\":{\"@type\":\"ImageObject\",\"inLanguage\":\"de\",\"@id\":\"https:\/\/lacortehotel.info\/de\/#\/schema\/logo\/image\/\",\"url\":\"https:\/\/lacortehotel.info\/wp-content\/uploads\/2023\/05\/logo-sito-p-e1683800838815.png\",\"contentUrl\":\"https:\/\/lacortehotel.info\/wp-content\/uploads\/2023\/05\/logo-sito-p-e1683800838815.png\",\"width\":100,\"height\":94,\"caption\":\"Hotel la Corte\"},\"image\":{\"@id\":\"https:\/\/lacortehotel.info\/de\/#\/schema\/logo\/image\/\"},\"sameAs\":[\"https:\/\/www.facebook.com\/pages\/Hotel-La-Corte\/120373951334581\",\"https:\/\/www.instagram.com\/lacortecorrezzola\/\"]}]}<\/script>\n<!-- \/ Yoast SEO plugin. -->","yoast_head_json":{"title":"Sottomarina, Isola Verde und Rosolina (Str\u00e4nde) - La Corte Hotel","description":"Strand, Natur und Entspannung in Sottomarina, Isola Verde und Rosolina \u2013 perfekte Urlaubsziele an der venezianischen K\u00fcste.","robots":{"index":"index","follow":"follow","max-snippet":"max-snippet:-1","max-image-preview":"max-image-preview:large","max-video-preview":"max-video-preview:-1"},"canonical":"https:\/\/lacortehotel.info\/de\/umgebung\/sottomarina-isola-verde-und-rosolina-strande\/","og_locale":"de_DE","og_type":"article","og_title":"Sottomarina, Isola Verde und Rosolina (Str\u00e4nde) - La Corte Hotel","og_description":"Strand, Natur und Entspannung in Sottomarina, Isola Verde und Rosolina \u2013 perfekte Urlaubsziele an der venezianischen K\u00fcste.","og_url":"https:\/\/lacortehotel.info\/de\/umgebung\/sottomarina-isola-verde-und-rosolina-strande\/","og_site_name":"La Corte Hotel","article_publisher":"https:\/\/www.facebook.com\/pages\/Hotel-La-Corte\/120373951334581","article_modified_time":"2025-06-03T09:28:17+00:00","og_image":[{"width":2560,"height":1440,"url":"https:\/\/lacortehotel.info\/wp-content\/uploads\/2023\/07\/spiaggie-sottomarina.jpg","type":"image\/jpeg"}],"twitter_card":"summary_large_image","twitter_misc":{"Gesch\u00e4tzte Lesezeit":"3\u00a0Minuten"},"schema":{"@context":"https:\/\/schema.org","@graph":[{"@type":"WebPage","@id":"https:\/\/lacortehotel.info\/de\/umgebung\/sottomarina-isola-verde-und-rosolina-strande\/","url":"https:\/\/lacortehotel.info\/de\/umgebung\/sottomarina-isola-verde-und-rosolina-strande\/","name":"Sottomarina, Isola Verde und Rosolina (Str\u00e4nde) - La Corte Hotel","isPartOf":{"@id":"https:\/\/lacortehotel.info\/de\/#website"},"primaryImageOfPage":{"@id":"https:\/\/lacortehotel.info\/de\/umgebung\/sottomarina-isola-verde-und-rosolina-strande\/#primaryimage"},"image":{"@id":"https:\/\/lacortehotel.info\/de\/umgebung\/sottomarina-isola-verde-und-rosolina-strande\/#primaryimage"},"thumbnailUrl":"https:\/\/lacortehotel.info\/wp-content\/uploads\/2023\/07\/spiaggie-sottomarina.jpg","datePublished":"2025-04-16T08:02:48+00:00","dateModified":"2025-06-03T09:28:17+00:00","description":"Strand, Natur und Entspannung in Sottomarina, Isola Verde und Rosolina \u2013 perfekte Urlaubsziele an der venezianischen K\u00fcste.","breadcrumb":{"@id":"https:\/\/lacortehotel.info\/de\/umgebung\/sottomarina-isola-verde-und-rosolina-strande\/#breadcrumb"},"inLanguage":"de","potentialAction":[{"@type":"ReadAction","target":["https:\/\/lacortehotel.info\/de\/umgebung\/sottomarina-isola-verde-und-rosolina-strande\/"]}]},{"@type":"ImageObject","inLanguage":"de","@id":"https:\/\/lacortehotel.info\/de\/umgebung\/sottomarina-isola-verde-und-rosolina-strande\/#primaryimage","url":"https:\/\/lacortehotel.info\/wp-content\/uploads\/2023\/07\/spiaggie-sottomarina.jpg","contentUrl":"https:\/\/lacortehotel.info\/wp-content\/uploads\/2023\/07\/spiaggie-sottomarina.jpg","width":2560,"height":1440},{"@type":"BreadcrumbList","@id":"https:\/\/lacortehotel.info\/de\/umgebung\/sottomarina-isola-verde-und-rosolina-strande\/#breadcrumb","itemListElement":[{"@type":"ListItem","position":1,"name":"Home","item":"https:\/\/lacortehotel.info\/de\/"},{"@type":"ListItem","position":2,"name":"Umgebung","item":"https:\/\/lacortehotel.info\/de\/umgebung\/"},{"@type":"ListItem","position":3,"name":"Sottomarina, Isola Verde und Rosolina (Str\u00e4nde)"}]},{"@type":"WebSite","@id":"https:\/\/lacortehotel.info\/de\/#website","url":"https:\/\/lacortehotel.info\/de\/","name":"Hotel La Corte","description":"Im Herzen der Poebene... Ihr zweites Zuhause!","publisher":{"@id":"https:\/\/lacortehotel.info\/de\/#organization"},"alternateName":"La Corte di Correzzola","potentialAction":[{"@type":"SearchAction","target":{"@type":"EntryPoint","urlTemplate":"https:\/\/lacortehotel.info\/de\/?s={search_term_string}"},"query-input":{"@type":"PropertyValueSpecification","valueRequired":true,"valueName":"search_term_string"}}],"inLanguage":"de"},{"@type":"Organization","@id":"https:\/\/lacortehotel.info\/de\/#organization","name":"Hotel la Corte","url":"https:\/\/lacortehotel.info\/de\/","logo":{"@type":"ImageObject","inLanguage":"de","@id":"https:\/\/lacortehotel.info\/de\/#\/schema\/logo\/image\/","url":"https:\/\/lacortehotel.info\/wp-content\/uploads\/2023\/05\/logo-sito-p-e1683800838815.png","contentUrl":"https:\/\/lacortehotel.info\/wp-content\/uploads\/2023\/05\/logo-sito-p-e1683800838815.png","width":100,"height":94,"caption":"Hotel la Corte"},"image":{"@id":"https:\/\/lacortehotel.info\/de\/#\/schema\/logo\/image\/"},"sameAs":["https:\/\/www.facebook.com\/pages\/Hotel-La-Corte\/120373951334581","https:\/\/www.instagram.com\/lacortecorrezzola\/"]}]}},"_links":{"self":[{"href":"https:\/\/lacortehotel.info\/de\/wp-json\/wp\/v2\/pages\/631","targetHints":{"allow":["GET"]}}],"collection":[{"href":"https:\/\/lacortehotel.info\/de\/wp-json\/wp\/v2\/pages"}],"about":[{"href":"https:\/\/lacortehotel.info\/de\/wp-json\/wp\/v2\/types\/page"}],"author":[{"embeddable":true,"href":"https:\/\/lacortehotel.info\/de\/wp-json\/wp\/v2\/users\/1"}],"replies":[{"embeddable":true,"href":"https:\/\/lacortehotel.info\/de\/wp-json\/wp\/v2\/comments?post=631"}],"version-history":[{"count":2,"href":"https:\/\/lacortehotel.info\/de\/wp-json\/wp\/v2\/pages\/631\/revisions"}],"predecessor-version":[{"id":1819,"href":"https:\/\/lacortehotel.info\/de\/wp-json\/wp\/v2\/pages\/631\/revisions\/1819"}],"up":[{"embeddable":true,"href":"https:\/\/lacortehotel.info\/de\/wp-json\/wp\/v2\/pages\/404"}],"wp:featuredmedia":[{"embeddable":true,"href":"https:\/\/lacortehotel.info\/de\/wp-json\/wp\/v2\/media\/454"}],"wp:attachment":[{"href":"https:\/\/lacortehotel.info\/de\/wp-json\/wp\/v2\/media?parent=631"}],"curies":[{"name":"wp","href":"https:\/\/api.w.org\/{rel}","templated":true}]}}