{"id":623,"date":"2025-04-16T08:00:37","date_gmt":"2025-04-16T08:00:37","guid":{"rendered":"https:\/\/lacortehotel.info\/beschreibung\/padua\/"},"modified":"2025-06-03T12:14:23","modified_gmt":"2025-06-03T12:14:23","slug":"padua","status":"publish","type":"page","link":"https:\/\/lacortehotel.info\/de\/umgebung\/padua\/","title":{"rendered":"Padua"},"content":{"rendered":"\n<p><strong>Padua<\/strong> ist eine der faszinierendsten St\u00e4dte Venetiens, reich an Kultur, Spiritualit\u00e4t und Innovation. Die Stadt blickt auf <strong>\u00fcber dreitausend Jahre Geschichte<\/strong> zur\u00fcck, die sich in einem au\u00dfergew\u00f6hnlichen k\u00fcnstlerischen und monumentalen Erbe widerspiegeln. Beim Spaziergang durch ihre Pl\u00e4tze, Basiliken, G\u00e4rten und historischen Viertel sp\u00fcrt man eine authentische Atmosph\u00e4re, die Tradition und Moderne vereint.<\/p>\n\n\n\n<h3 class=\"wp-block-heading\">Was man in Padua sehen sollte<\/h3>\n\n\n\n<p>Padua ist eine stadtfreundliche Stadt, die sich hervorragend zu Fu\u00df oder mit dem Fahrrad erkunden l\u00e4sst. Hier einige der wichtigsten Sehensw\u00fcrdigkeiten f\u00fcr Ihren Besuch:<\/p>\n\n\n\n<h4 class=\"wp-block-heading\">Basilika des Heiligen Antonius und Basilika Santa Giustina<\/h4>\n\n\n\n<p>Die <strong><a href=\"https:\/\/www.santantonio.org\/de\">Basilika des Heiligen Antonius<\/a><\/strong>, ein weltweites Pilgerziel, beherbergt die Reliquien des <strong>Heiligen Antonius von Padua<\/strong> und ist ein wahres Juwel gotischer und renaissancezeitlicher Kunst. Nicht weit davon entfernt befindet sich die majest\u00e4tische <strong>Basilika Santa Giustina<\/strong>, die sich auf den Prato della Valle \u00f6ffnet.<\/p>\n\n\n\n<h4 class=\"wp-block-heading\">Prato della Valle und die historischen Pl\u00e4tze<\/h4>\n\n\n\n<p>Der <strong>Prato della Valle<\/strong> ist einer der gr\u00f6\u00dften Pl\u00e4tze Europas: eine weitl\u00e4ufige elliptische Fl\u00e4che, umgeben von Statuen, Kan\u00e4len und B\u00e4umen \u2013 ideal f\u00fcr einen Spaziergang oder ein Picknick. Von hier aus erreicht man schnell die anderen ber\u00fchmten <strong>Pl\u00e4tze von Padua<\/strong>: Piazza delle Erbe, Piazza della Frutta und Piazza dei Signori, die von M\u00e4rkten, Caf\u00e9s und dem st\u00e4dtischen Alltag belebt werden.<\/p>\n\n\n\n<h4 class=\"wp-block-heading\">Botanischer Garten und Galileo Galilei<\/h4>\n\n\n\n<p>Der <strong><a href=\"https:\/\/ortobotanico1545.it\/en\/\">Botanische Garten von Padua<\/a><\/strong>, der \u00e4lteste der Welt (1545), geh\u00f6rt zum <strong>UNESCO-Weltkulturerbe<\/strong>. <strong>Galileo Galilei<\/strong> studierte hier und lehrte 18 Jahre lang Mathematik an der Universit\u00e4t Padua. Sein Name ist noch heute eng mit der Stadt verbunden, die ihm Museen, Rundg\u00e4nge und Ausstellungen gewidmet hat.<\/p>\n\n\n\n<h4 class=\"wp-block-heading\">Das j\u00fcdische Viertel<\/h4>\n\n\n\n<p>Das <strong>j\u00fcdische Ghetto von Padua<\/strong> mit seinen engen Gassen und historischen L\u00e4den ist eines der stimmungsvollsten Viertel der Stadt. Es bietet die Gelegenheit, die Geschichte der j\u00fcdischen Gemeinde Paduas zu entdecken \u2013 mit alten Synagogen und lebendigen Traditionen.<\/p>\n\n\n\n<h4 class=\"wp-block-heading\">Piove di Sacco<\/h4>\n\n\n\n<p>Nur wenige Kilometer von Padua entfernt liegt <strong>Piove di Sacco<\/strong>, eine mittelalterliche Kleinstadt mit einem lebendigen historischen Zentrum, Wochenm\u00e4rkten und interessanten Kulturwegen. Ein idealer Ausgangspunkt, um die authentischste Seite der Provinz Padua zu entdecken.<\/p>\n\n\n\n<h3 class=\"wp-block-heading\">Wie man Padua vom Hotel aus erreicht<\/h3>\n\n\n\n<p>Padua ist in etwa <strong>40 Minuten mit dem Auto<\/strong> oder <strong>bequem mit dem Bus<\/strong> erreichbar, dank regelm\u00e4\u00dfiger Verbindungen ins Stadtzentrum. Wenn Sie sich f\u00fcr das <strong>Hotel La Corte<\/strong> als Ausgangspunkt entscheiden, genie\u00dfen Sie die Ruhe und das Gr\u00fcn der Umgebung \u2013 ohne auf die M\u00f6glichkeit zu verzichten, eine der bedeutendsten Kunstst\u00e4dte Italiens zu entdecken.<\/p>\n","protected":false},"excerpt":{"rendered":"<p>Padua ist eine der faszinierendsten St\u00e4dte Venetiens, reich an Kultur, Spiritualit\u00e4t und Innovation. Die Stadt blickt auf \u00fcber dreitausend Jahre Geschichte zur\u00fcck, die sich in einem au\u00dfergew\u00f6hnlichen k\u00fcnstlerischen und monumentalen Erbe widerspiegeln. Beim Spaziergang durch ihre Pl\u00e4tze, Basiliken, G\u00e4rten und historischen Viertel sp\u00fcrt man eine authentische Atmosph\u00e4re, die Tradition und Moderne vereint. Was man in [&hellip;]<\/p>\n","protected":false},"author":1,"featured_media":167,"parent":404,"menu_order":0,"comment_status":"closed","ping_status":"closed","template":"templates\/lista-figlio.php","meta":{"_acf_changed":false,"inline_featured_image":false,"_joinchat":[],"footnotes":""},"class_list":["post-623","page","type-page","status-publish","has-post-thumbnail","hentry"],"acf":[],"yoast_head":"<!-- This site is optimized with the Yoast SEO plugin v27.4 - https:\/\/yoast.com\/product\/yoast-seo-wordpress\/ -->\n<title>Padua - La Corte Hotel<\/title>\n<meta name=\"description\" content=\"Entdecke Padua, eine Stadt voller Kunst und Kultur: die Basilika des Heiligen Antonius, Prato della Valle und mittelalterliches Flair.\" \/>\n<meta name=\"robots\" content=\"index, follow, max-snippet:-1, max-image-preview:large, max-video-preview:-1\" \/>\n<link rel=\"canonical\" href=\"https:\/\/lacortehotel.info\/de\/umgebung\/padua\/\" \/>\n<meta property=\"og:locale\" content=\"de_DE\" \/>\n<meta property=\"og:type\" content=\"article\" \/>\n<meta property=\"og:title\" content=\"Padua - La Corte Hotel\" \/>\n<meta property=\"og:description\" content=\"Entdecke Padua, eine Stadt voller Kunst und Kultur: die Basilika des Heiligen Antonius, Prato della Valle und mittelalterliches Flair.\" \/>\n<meta property=\"og:url\" content=\"https:\/\/lacortehotel.info\/de\/umgebung\/padua\/\" \/>\n<meta property=\"og:site_name\" content=\"La Corte Hotel\" \/>\n<meta property=\"article:publisher\" content=\"https:\/\/www.facebook.com\/pages\/Hotel-La-Corte\/120373951334581\" \/>\n<meta property=\"article:modified_time\" content=\"2025-06-03T12:14:23+00:00\" \/>\n<meta property=\"og:image\" content=\"https:\/\/lacortehotel.info\/wp-content\/uploads\/2023\/05\/monumento-7.jpg\" \/>\n\t<meta property=\"og:image:width\" content=\"2500\" \/>\n\t<meta property=\"og:image:height\" content=\"1667\" \/>\n\t<meta property=\"og:image:type\" content=\"image\/jpeg\" \/>\n<meta name=\"twitter:card\" content=\"summary_large_image\" \/>\n<meta name=\"twitter:label1\" content=\"Gesch\u00e4tzte Lesezeit\" \/>\n\t<meta name=\"twitter:data1\" content=\"3\u00a0Minuten\" \/>\n<script type=\"application\/ld+json\" class=\"yoast-schema-graph\">{\"@context\":\"https:\\\/\\\/schema.org\",\"@graph\":[{\"@type\":\"WebPage\",\"@id\":\"https:\\\/\\\/lacortehotel.info\\\/de\\\/umgebung\\\/padua\\\/\",\"url\":\"https:\\\/\\\/lacortehotel.info\\\/de\\\/umgebung\\\/padua\\\/\",\"name\":\"Padua - La Corte Hotel\",\"isPartOf\":{\"@id\":\"https:\\\/\\\/lacortehotel.info\\\/de\\\/#website\"},\"primaryImageOfPage\":{\"@id\":\"https:\\\/\\\/lacortehotel.info\\\/de\\\/umgebung\\\/padua\\\/#primaryimage\"},\"image\":{\"@id\":\"https:\\\/\\\/lacortehotel.info\\\/de\\\/umgebung\\\/padua\\\/#primaryimage\"},\"thumbnailUrl\":\"https:\\\/\\\/lacortehotel.info\\\/wp-content\\\/uploads\\\/2023\\\/05\\\/monumento-7.jpg\",\"datePublished\":\"2025-04-16T08:00:37+00:00\",\"dateModified\":\"2025-06-03T12:14:23+00:00\",\"description\":\"Entdecke Padua, eine Stadt voller Kunst und Kultur: die Basilika des Heiligen Antonius, Prato della Valle und mittelalterliches Flair.\",\"breadcrumb\":{\"@id\":\"https:\\\/\\\/lacortehotel.info\\\/de\\\/umgebung\\\/padua\\\/#breadcrumb\"},\"inLanguage\":\"de\",\"potentialAction\":[{\"@type\":\"ReadAction\",\"target\":[\"https:\\\/\\\/lacortehotel.info\\\/de\\\/umgebung\\\/padua\\\/\"]}]},{\"@type\":\"ImageObject\",\"inLanguage\":\"de\",\"@id\":\"https:\\\/\\\/lacortehotel.info\\\/de\\\/umgebung\\\/padua\\\/#primaryimage\",\"url\":\"https:\\\/\\\/lacortehotel.info\\\/wp-content\\\/uploads\\\/2023\\\/05\\\/monumento-7.jpg\",\"contentUrl\":\"https:\\\/\\\/lacortehotel.info\\\/wp-content\\\/uploads\\\/2023\\\/05\\\/monumento-7.jpg\",\"width\":2500,\"height\":1667},{\"@type\":\"BreadcrumbList\",\"@id\":\"https:\\\/\\\/lacortehotel.info\\\/de\\\/umgebung\\\/padua\\\/#breadcrumb\",\"itemListElement\":[{\"@type\":\"ListItem\",\"position\":1,\"name\":\"Home\",\"item\":\"https:\\\/\\\/lacortehotel.info\\\/de\\\/\"},{\"@type\":\"ListItem\",\"position\":2,\"name\":\"Umgebung\",\"item\":\"https:\\\/\\\/lacortehotel.info\\\/de\\\/umgebung\\\/\"},{\"@type\":\"ListItem\",\"position\":3,\"name\":\"Padua\"}]},{\"@type\":\"WebSite\",\"@id\":\"https:\\\/\\\/lacortehotel.info\\\/de\\\/#website\",\"url\":\"https:\\\/\\\/lacortehotel.info\\\/de\\\/\",\"name\":\"Hotel La Corte\",\"description\":\"Im Herzen der Poebene... Ihr zweites Zuhause!\",\"publisher\":{\"@id\":\"https:\\\/\\\/lacortehotel.info\\\/de\\\/#organization\"},\"alternateName\":\"La Corte di Correzzola\",\"potentialAction\":[{\"@type\":\"SearchAction\",\"target\":{\"@type\":\"EntryPoint\",\"urlTemplate\":\"https:\\\/\\\/lacortehotel.info\\\/de\\\/?s={search_term_string}\"},\"query-input\":{\"@type\":\"PropertyValueSpecification\",\"valueRequired\":true,\"valueName\":\"search_term_string\"}}],\"inLanguage\":\"de\"},{\"@type\":\"Organization\",\"@id\":\"https:\\\/\\\/lacortehotel.info\\\/de\\\/#organization\",\"name\":\"Hotel la Corte\",\"url\":\"https:\\\/\\\/lacortehotel.info\\\/de\\\/\",\"logo\":{\"@type\":\"ImageObject\",\"inLanguage\":\"de\",\"@id\":\"https:\\\/\\\/lacortehotel.info\\\/de\\\/#\\\/schema\\\/logo\\\/image\\\/\",\"url\":\"https:\\\/\\\/lacortehotel.info\\\/wp-content\\\/uploads\\\/2023\\\/05\\\/logo-sito-p-e1683800838815.png\",\"contentUrl\":\"https:\\\/\\\/lacortehotel.info\\\/wp-content\\\/uploads\\\/2023\\\/05\\\/logo-sito-p-e1683800838815.png\",\"width\":100,\"height\":94,\"caption\":\"Hotel la Corte\"},\"image\":{\"@id\":\"https:\\\/\\\/lacortehotel.info\\\/de\\\/#\\\/schema\\\/logo\\\/image\\\/\"},\"sameAs\":[\"https:\\\/\\\/www.facebook.com\\\/pages\\\/Hotel-La-Corte\\\/120373951334581\",\"https:\\\/\\\/www.instagram.com\\\/lacortecorrezzola\\\/\"]}]}<\/script>\n<!-- \/ Yoast SEO plugin. -->","yoast_head_json":{"title":"Padua - La Corte Hotel","description":"Entdecke Padua, eine Stadt voller Kunst und Kultur: die Basilika des Heiligen Antonius, Prato della Valle und mittelalterliches Flair.","robots":{"index":"index","follow":"follow","max-snippet":"max-snippet:-1","max-image-preview":"max-image-preview:large","max-video-preview":"max-video-preview:-1"},"canonical":"https:\/\/lacortehotel.info\/de\/umgebung\/padua\/","og_locale":"de_DE","og_type":"article","og_title":"Padua - La Corte Hotel","og_description":"Entdecke Padua, eine Stadt voller Kunst und Kultur: die Basilika des Heiligen Antonius, Prato della Valle und mittelalterliches Flair.","og_url":"https:\/\/lacortehotel.info\/de\/umgebung\/padua\/","og_site_name":"La Corte Hotel","article_publisher":"https:\/\/www.facebook.com\/pages\/Hotel-La-Corte\/120373951334581","article_modified_time":"2025-06-03T12:14:23+00:00","og_image":[{"width":2500,"height":1667,"url":"https:\/\/lacortehotel.info\/wp-content\/uploads\/2023\/05\/monumento-7.jpg","type":"image\/jpeg"}],"twitter_card":"summary_large_image","twitter_misc":{"Gesch\u00e4tzte Lesezeit":"3\u00a0Minuten"},"schema":{"@context":"https:\/\/schema.org","@graph":[{"@type":"WebPage","@id":"https:\/\/lacortehotel.info\/de\/umgebung\/padua\/","url":"https:\/\/lacortehotel.info\/de\/umgebung\/padua\/","name":"Padua - La Corte Hotel","isPartOf":{"@id":"https:\/\/lacortehotel.info\/de\/#website"},"primaryImageOfPage":{"@id":"https:\/\/lacortehotel.info\/de\/umgebung\/padua\/#primaryimage"},"image":{"@id":"https:\/\/lacortehotel.info\/de\/umgebung\/padua\/#primaryimage"},"thumbnailUrl":"https:\/\/lacortehotel.info\/wp-content\/uploads\/2023\/05\/monumento-7.jpg","datePublished":"2025-04-16T08:00:37+00:00","dateModified":"2025-06-03T12:14:23+00:00","description":"Entdecke Padua, eine Stadt voller Kunst und Kultur: die Basilika des Heiligen Antonius, Prato della Valle und mittelalterliches Flair.","breadcrumb":{"@id":"https:\/\/lacortehotel.info\/de\/umgebung\/padua\/#breadcrumb"},"inLanguage":"de","potentialAction":[{"@type":"ReadAction","target":["https:\/\/lacortehotel.info\/de\/umgebung\/padua\/"]}]},{"@type":"ImageObject","inLanguage":"de","@id":"https:\/\/lacortehotel.info\/de\/umgebung\/padua\/#primaryimage","url":"https:\/\/lacortehotel.info\/wp-content\/uploads\/2023\/05\/monumento-7.jpg","contentUrl":"https:\/\/lacortehotel.info\/wp-content\/uploads\/2023\/05\/monumento-7.jpg","width":2500,"height":1667},{"@type":"BreadcrumbList","@id":"https:\/\/lacortehotel.info\/de\/umgebung\/padua\/#breadcrumb","itemListElement":[{"@type":"ListItem","position":1,"name":"Home","item":"https:\/\/lacortehotel.info\/de\/"},{"@type":"ListItem","position":2,"name":"Umgebung","item":"https:\/\/lacortehotel.info\/de\/umgebung\/"},{"@type":"ListItem","position":3,"name":"Padua"}]},{"@type":"WebSite","@id":"https:\/\/lacortehotel.info\/de\/#website","url":"https:\/\/lacortehotel.info\/de\/","name":"Hotel La Corte","description":"Im Herzen der Poebene... Ihr zweites Zuhause!","publisher":{"@id":"https:\/\/lacortehotel.info\/de\/#organization"},"alternateName":"La Corte di Correzzola","potentialAction":[{"@type":"SearchAction","target":{"@type":"EntryPoint","urlTemplate":"https:\/\/lacortehotel.info\/de\/?s={search_term_string}"},"query-input":{"@type":"PropertyValueSpecification","valueRequired":true,"valueName":"search_term_string"}}],"inLanguage":"de"},{"@type":"Organization","@id":"https:\/\/lacortehotel.info\/de\/#organization","name":"Hotel la Corte","url":"https:\/\/lacortehotel.info\/de\/","logo":{"@type":"ImageObject","inLanguage":"de","@id":"https:\/\/lacortehotel.info\/de\/#\/schema\/logo\/image\/","url":"https:\/\/lacortehotel.info\/wp-content\/uploads\/2023\/05\/logo-sito-p-e1683800838815.png","contentUrl":"https:\/\/lacortehotel.info\/wp-content\/uploads\/2023\/05\/logo-sito-p-e1683800838815.png","width":100,"height":94,"caption":"Hotel la Corte"},"image":{"@id":"https:\/\/lacortehotel.info\/de\/#\/schema\/logo\/image\/"},"sameAs":["https:\/\/www.facebook.com\/pages\/Hotel-La-Corte\/120373951334581","https:\/\/www.instagram.com\/lacortecorrezzola\/"]}]}},"_links":{"self":[{"href":"https:\/\/lacortehotel.info\/de\/wp-json\/wp\/v2\/pages\/623","targetHints":{"allow":["GET"]}}],"collection":[{"href":"https:\/\/lacortehotel.info\/de\/wp-json\/wp\/v2\/pages"}],"about":[{"href":"https:\/\/lacortehotel.info\/de\/wp-json\/wp\/v2\/types\/page"}],"author":[{"embeddable":true,"href":"https:\/\/lacortehotel.info\/de\/wp-json\/wp\/v2\/users\/1"}],"replies":[{"embeddable":true,"href":"https:\/\/lacortehotel.info\/de\/wp-json\/wp\/v2\/comments?post=623"}],"version-history":[{"count":2,"href":"https:\/\/lacortehotel.info\/de\/wp-json\/wp\/v2\/pages\/623\/revisions"}],"predecessor-version":[{"id":1835,"href":"https:\/\/lacortehotel.info\/de\/wp-json\/wp\/v2\/pages\/623\/revisions\/1835"}],"up":[{"embeddable":true,"href":"https:\/\/lacortehotel.info\/de\/wp-json\/wp\/v2\/pages\/404"}],"wp:featuredmedia":[{"embeddable":true,"href":"https:\/\/lacortehotel.info\/de\/wp-json\/wp\/v2\/media\/167"}],"wp:attachment":[{"href":"https:\/\/lacortehotel.info\/de\/wp-json\/wp\/v2\/media?parent=623"}],"curies":[{"name":"wp","href":"https:\/\/api.w.org\/{rel}","templated":true}]}}