{"id":613,"date":"2025-04-16T08:04:49","date_gmt":"2025-04-16T08:04:49","guid":{"rendered":"https:\/\/lacortehotel.info\/beschreibung\/euganean-hills\/"},"modified":"2025-06-03T08:58:29","modified_gmt":"2025-06-03T08:58:29","slug":"euganeische-hugel","status":"publish","type":"page","link":"https:\/\/lacortehotel.info\/de\/umgebung\/euganeische-hugel\/","title":{"rendered":"Euganeische H\u00fcgel"},"content":{"rendered":"\n<p>Nur wenige Kilometer vom Hotel La Corte entfernt erstreckt sich ein au\u00dfergew\u00f6hnliches Gebiet \u2013 ideal f\u00fcr alle, die in die Natur eintauchen, historische D\u00f6rfer entdecken oder sich Momente der vollkommenen Entspannung g\u00f6nnen m\u00f6chten: die <strong><a href=\"https:\/\/www.parcocollieuganei.com\/Gindex.php\">Euganeischen H\u00fcgel<\/a><\/strong>. Diese Gruppe vulkanischen Ursprungs erhebt sich aus der venezianischen Ebene zwischen Padua und den Thermalbecken und bietet eine sanfte, harmonische Landschaft mit W\u00e4ldern, Weinbergen, Olivenhainen, Burgen, venezianischen Villen und jahrhundertealten Abteien.<\/p>\n\n\n\n<h3 class=\"wp-block-heading\">Ausfl\u00fcge in die Natur<\/h3>\n\n\n\n<p>Die <strong>Euganeischen H\u00fcgel<\/strong> sind eine wahre Naturoase \u2013 perfekt f\u00fcr Spazierg\u00e4nge, Wanderungen, Fahrradtouren und Picknicks im Freien. Zahlreiche gut ausgeschilderte Wege durchqueren bewaldete und panoramareiche Gebiete und bieten einzigartige Ausblicke auf die venezianische Landschaft. Es gibt Routen f\u00fcr jedes Niveau \u2013 von gem\u00fctlichen Spazierg\u00e4ngen bis hin zu anspruchsvolleren Touren f\u00fcr ge\u00fcbte Wanderer.<\/p>\n\n\n\n<h3 class=\"wp-block-heading\">D\u00f6rfer und Monumente<\/h3>\n\n\n\n<p>Im gr\u00fcnen Herzen der H\u00fcgel liegen <strong>historische D\u00f6rfer<\/strong> von seltener Sch\u00f6nheit, wie etwa <strong>Arqu\u00e0 Petrarca<\/strong>, der Ort, an dem der Dichter Francesco Petrarca lebte und begraben wurde. Ein Spaziergang durch die gepflasterten Gassen ist wie eine Reise in die Vergangenheit \u2013 mit mittelalterlichen Geb\u00e4uden, alten Brunnen und atemberaubenden Ausblicken.<\/p>\n\n\n\n<p>Die Region beherbergt auch zahlreiche <strong>venezianische Villen<\/strong>, <strong>mittelalterliche Burgen<\/strong> und <strong>Abteien<\/strong> wie die heute noch aktive und besuchbare <strong>Abtei von Praglia<\/strong>. Diese Orte erz\u00e4hlen die tiefe Geschichte eines Landes, das seit jeher ein Schnittpunkt von Kultur, Spiritualit\u00e4t und Kunst ist.<\/p>\n\n\n\n<h3 class=\"wp-block-heading\">Euganeische Thermen: Abano, Montegrotto und Galzignano<\/h3>\n\n\n\n<p>Im Regionalpark der Euganeischen H\u00fcgel befinden sich die ber\u00fchmten <strong><a href=\"https:\/\/www.visitabanomontegrotto.com\/de\/umgebung\/thermen\/\">Euganeischen Thermen<\/a><\/strong>, die in ganz Europa f\u00fcr die wohltuenden Eigenschaften ihres Thermalwassers und der Heilschl\u00e4mme bekannt sind.<\/p>\n\n\n\n<figure class=\"wp-block-image size-medium\"><img loading=\"lazy\" decoding=\"async\" width=\"300\" height=\"199\" src=\"https:\/\/lacortehotel.info\/wp-content\/uploads\/2023\/07\/colli-300x199.png\" alt=\"\" class=\"wp-image-457\" srcset=\"https:\/\/lacortehotel.info\/wp-content\/uploads\/2023\/07\/colli-300x199.png 300w, https:\/\/lacortehotel.info\/wp-content\/uploads\/2023\/07\/colli-768x510.png 768w, https:\/\/lacortehotel.info\/wp-content\/uploads\/2023\/07\/colli.png 831w\" sizes=\"auto, (max-width: 300px) 100vw, 300px\" \/><\/figure>\n\n\n\n<h4 class=\"wp-block-heading\"><a href=\"https:\/\/www.visitabanomontegrotto.com\/de\/about-us\/\" target=\"_blank\" rel=\"noreferrer noopener\">ABANO TERME<\/a><\/h4>\n\n\n\n<p><strong>Abano Terme<\/strong> ist heute eines der renommiertesten Thermalziele Europas. Das Zentrum wird von einer gro\u00dfen <strong>Fu\u00dfg\u00e4ngerzone<\/strong> gepr\u00e4gt, in der das ganze Jahr \u00fcber Veranstaltungen, M\u00e4rkte und kulturelle Events stattfinden. Unter den wichtigsten historischen Zeugnissen sticht der <strong>H\u00fcgel Montirone<\/strong> hervor \u2013 einer der bedeutendsten Orte des antiken Kultes der Aponus-Quellen.<\/p>\n\n\n\n<figure class=\"wp-block-image size-full is-resized\"><img loading=\"lazy\" decoding=\"async\" width=\"275\" height=\"183\" src=\"https:\/\/lacortehotel.info\/wp-content\/uploads\/2023\/07\/terme.png\" alt=\"\" class=\"wp-image-461\" style=\"width:300px\"\/><\/figure>\n\n\n\n<h4 class=\"wp-block-heading\"><a href=\"https:\/\/www.visitabanomontegrotto.com\/de\/about-us\/\" target=\"_blank\" rel=\"noreferrer noopener\">MONTEGROTTO TERME<\/a><\/h4>\n\n\n\n<p><strong>Montegrotto Terme<\/strong> ist das pulsierende Herz des Thermensystems der Euganeischen H\u00fcgel. Laut arch\u00e4ologischen Quellen befand sich hier ein <strong>antikes Seeheiligtum<\/strong>, das von den Venetern zwischen dem 8. und 3. Jahrhundert v. Chr. besucht wurde, in der Gegend zwischen dem Monte Castello und dem H\u00fcgel Montagnone. Heute ist Montegrotto sowohl f\u00fcr die Qualit\u00e4t seiner Thermalanlagen als auch f\u00fcr seinen historischen Wert gesch\u00e4tzt.<\/p>\n\n\n\n<h4 class=\"wp-block-heading\"><strong><a href=\"https:\/\/www.parcocollieuganei.com\/Gindex.php\">GALZIGNANO TERME<\/a><\/strong><\/h4>\n\n\n\n<p><strong>Galzignano<\/strong>, kleiner und in die Natur eingebettet, bietet ein intimeres Thermal-Erlebnis, umgeben von h\u00fcgeliger Landschaft \u2013 ideal f\u00fcr alle, die Ruhe und Stille suchen. Es ist ein perfektes Ziel, um Wohlbefinden mit der Erkundung der Umgebung zu verbinden.<\/p>\n\n\n\n<h3 class=\"wp-block-heading\">Butterfly Arc: das Schmetterlingshaus<\/h3>\n\n\n\n<p>Wer mit Kindern unterwegs ist \u2013 oder einfach die Natur in all ihren Formen liebt \u2013 sollte den <strong>Butterfly Arc<\/strong> in Montegrotto Terme nicht verpassen. Im <strong>Haus der Schmetterlinge<\/strong> kann man durch ein tropisches Gew\u00e4chshaus spazieren, das von hunderten bunten Schmetterlingen aus aller Welt bewohnt wird. Der Park umfasst auch den <strong>Feenwald<\/strong>, mit didaktischen Wegen und m\u00e4rchenhaften Kulissen \u2013 ideal f\u00fcr Familien.<\/p>\n\n\n\n<figure class=\"wp-block-image size-full is-resized\"><img loading=\"lazy\" decoding=\"async\" width=\"254\" height=\"163\" src=\"https:\/\/lacortehotel.info\/wp-content\/uploads\/2023\/07\/butterly-arc.png\" alt=\"\" class=\"wp-image-465\" style=\"width:300px\"\/><\/figure>\n","protected":false},"excerpt":{"rendered":"<p>Nur wenige Kilometer vom Hotel La Corte entfernt erstreckt sich ein au\u00dfergew\u00f6hnliches Gebiet \u2013 ideal f\u00fcr alle, die in die Natur eintauchen, historische D\u00f6rfer entdecken oder sich Momente der vollkommenen Entspannung g\u00f6nnen m\u00f6chten: die Euganeischen H\u00fcgel. Diese Gruppe vulkanischen Ursprungs erhebt sich aus der venezianischen Ebene zwischen Padua und den Thermalbecken und bietet eine sanfte, [&hellip;]<\/p>\n","protected":false},"author":1,"featured_media":473,"parent":404,"menu_order":0,"comment_status":"closed","ping_status":"closed","template":"templates\/lista.php","meta":{"_acf_changed":false,"inline_featured_image":false,"_joinchat":[],"footnotes":""},"class_list":["post-613","page","type-page","status-publish","has-post-thumbnail","hentry"],"acf":[],"yoast_head":"<!-- This site is optimized with the Yoast SEO plugin v26.7 - https:\/\/yoast.com\/wordpress\/plugins\/seo\/ -->\n<title>Euganeische H\u00fcgel - La Corte Hotel<\/title>\n<meta name=\"description\" content=\"Erkunde die Euganeischen H\u00fcgel: eine einzigartige Vulkanlandschaft mit D\u00f6rfern, Natur, Thermen und kulinarischen Erlebnissen in Venetien.\" \/>\n<meta name=\"robots\" content=\"index, follow, max-snippet:-1, max-image-preview:large, max-video-preview:-1\" \/>\n<link rel=\"canonical\" href=\"https:\/\/lacortehotel.info\/de\/umgebung\/euganeische-hugel\/\" \/>\n<meta property=\"og:locale\" content=\"de_DE\" \/>\n<meta property=\"og:type\" content=\"article\" \/>\n<meta property=\"og:title\" content=\"Euganeische H\u00fcgel - La Corte Hotel\" \/>\n<meta property=\"og:description\" content=\"Erkunde die Euganeischen H\u00fcgel: eine einzigartige Vulkanlandschaft mit D\u00f6rfern, Natur, Thermen und kulinarischen Erlebnissen in Venetien.\" \/>\n<meta property=\"og:url\" content=\"https:\/\/lacortehotel.info\/de\/umgebung\/euganeische-hugel\/\" \/>\n<meta property=\"og:site_name\" content=\"La Corte Hotel\" \/>\n<meta property=\"article:publisher\" content=\"https:\/\/www.facebook.com\/pages\/Hotel-La-Corte\/120373951334581\" \/>\n<meta property=\"article:modified_time\" content=\"2025-06-03T08:58:29+00:00\" \/>\n<meta property=\"og:image\" content=\"https:\/\/lacortehotel.info\/wp-content\/uploads\/2023\/07\/colli-euganei.jpg\" \/>\n\t<meta property=\"og:image:width\" content=\"2560\" \/>\n\t<meta property=\"og:image:height\" content=\"1440\" \/>\n\t<meta property=\"og:image:type\" content=\"image\/jpeg\" \/>\n<meta name=\"twitter:card\" content=\"summary_large_image\" \/>\n<meta name=\"twitter:label1\" content=\"Gesch\u00e4tzte Lesezeit\" \/>\n\t<meta name=\"twitter:data1\" content=\"4\u00a0Minuten\" \/>\n<script type=\"application\/ld+json\" class=\"yoast-schema-graph\">{\"@context\":\"https:\/\/schema.org\",\"@graph\":[{\"@type\":\"WebPage\",\"@id\":\"https:\/\/lacortehotel.info\/de\/umgebung\/euganeische-hugel\/\",\"url\":\"https:\/\/lacortehotel.info\/de\/umgebung\/euganeische-hugel\/\",\"name\":\"Euganeische H\u00fcgel - La Corte Hotel\",\"isPartOf\":{\"@id\":\"https:\/\/lacortehotel.info\/de\/#website\"},\"primaryImageOfPage\":{\"@id\":\"https:\/\/lacortehotel.info\/de\/umgebung\/euganeische-hugel\/#primaryimage\"},\"image\":{\"@id\":\"https:\/\/lacortehotel.info\/de\/umgebung\/euganeische-hugel\/#primaryimage\"},\"thumbnailUrl\":\"https:\/\/lacortehotel.info\/wp-content\/uploads\/2023\/07\/colli-euganei.jpg\",\"datePublished\":\"2025-04-16T08:04:49+00:00\",\"dateModified\":\"2025-06-03T08:58:29+00:00\",\"description\":\"Erkunde die Euganeischen H\u00fcgel: eine einzigartige Vulkanlandschaft mit D\u00f6rfern, Natur, Thermen und kulinarischen Erlebnissen in Venetien.\",\"breadcrumb\":{\"@id\":\"https:\/\/lacortehotel.info\/de\/umgebung\/euganeische-hugel\/#breadcrumb\"},\"inLanguage\":\"de\",\"potentialAction\":[{\"@type\":\"ReadAction\",\"target\":[\"https:\/\/lacortehotel.info\/de\/umgebung\/euganeische-hugel\/\"]}]},{\"@type\":\"ImageObject\",\"inLanguage\":\"de\",\"@id\":\"https:\/\/lacortehotel.info\/de\/umgebung\/euganeische-hugel\/#primaryimage\",\"url\":\"https:\/\/lacortehotel.info\/wp-content\/uploads\/2023\/07\/colli-euganei.jpg\",\"contentUrl\":\"https:\/\/lacortehotel.info\/wp-content\/uploads\/2023\/07\/colli-euganei.jpg\",\"width\":2560,\"height\":1440},{\"@type\":\"BreadcrumbList\",\"@id\":\"https:\/\/lacortehotel.info\/de\/umgebung\/euganeische-hugel\/#breadcrumb\",\"itemListElement\":[{\"@type\":\"ListItem\",\"position\":1,\"name\":\"Home\",\"item\":\"https:\/\/lacortehotel.info\/de\/\"},{\"@type\":\"ListItem\",\"position\":2,\"name\":\"Umgebung\",\"item\":\"https:\/\/lacortehotel.info\/de\/umgebung\/\"},{\"@type\":\"ListItem\",\"position\":3,\"name\":\"Euganeische H\u00fcgel\"}]},{\"@type\":\"WebSite\",\"@id\":\"https:\/\/lacortehotel.info\/de\/#website\",\"url\":\"https:\/\/lacortehotel.info\/de\/\",\"name\":\"Hotel La Corte\",\"description\":\"Im Herzen der Poebene... Ihr zweites Zuhause!\",\"publisher\":{\"@id\":\"https:\/\/lacortehotel.info\/de\/#organization\"},\"alternateName\":\"La Corte di Correzzola\",\"potentialAction\":[{\"@type\":\"SearchAction\",\"target\":{\"@type\":\"EntryPoint\",\"urlTemplate\":\"https:\/\/lacortehotel.info\/de\/?s={search_term_string}\"},\"query-input\":{\"@type\":\"PropertyValueSpecification\",\"valueRequired\":true,\"valueName\":\"search_term_string\"}}],\"inLanguage\":\"de\"},{\"@type\":\"Organization\",\"@id\":\"https:\/\/lacortehotel.info\/de\/#organization\",\"name\":\"Hotel la Corte\",\"url\":\"https:\/\/lacortehotel.info\/de\/\",\"logo\":{\"@type\":\"ImageObject\",\"inLanguage\":\"de\",\"@id\":\"https:\/\/lacortehotel.info\/de\/#\/schema\/logo\/image\/\",\"url\":\"https:\/\/lacortehotel.info\/wp-content\/uploads\/2023\/05\/logo-sito-p-e1683800838815.png\",\"contentUrl\":\"https:\/\/lacortehotel.info\/wp-content\/uploads\/2023\/05\/logo-sito-p-e1683800838815.png\",\"width\":100,\"height\":94,\"caption\":\"Hotel la Corte\"},\"image\":{\"@id\":\"https:\/\/lacortehotel.info\/de\/#\/schema\/logo\/image\/\"},\"sameAs\":[\"https:\/\/www.facebook.com\/pages\/Hotel-La-Corte\/120373951334581\",\"https:\/\/www.instagram.com\/lacortecorrezzola\/\"]}]}<\/script>\n<!-- \/ Yoast SEO plugin. -->","yoast_head_json":{"title":"Euganeische H\u00fcgel - La Corte Hotel","description":"Erkunde die Euganeischen H\u00fcgel: eine einzigartige Vulkanlandschaft mit D\u00f6rfern, Natur, Thermen und kulinarischen Erlebnissen in Venetien.","robots":{"index":"index","follow":"follow","max-snippet":"max-snippet:-1","max-image-preview":"max-image-preview:large","max-video-preview":"max-video-preview:-1"},"canonical":"https:\/\/lacortehotel.info\/de\/umgebung\/euganeische-hugel\/","og_locale":"de_DE","og_type":"article","og_title":"Euganeische H\u00fcgel - La Corte Hotel","og_description":"Erkunde die Euganeischen H\u00fcgel: eine einzigartige Vulkanlandschaft mit D\u00f6rfern, Natur, Thermen und kulinarischen Erlebnissen in Venetien.","og_url":"https:\/\/lacortehotel.info\/de\/umgebung\/euganeische-hugel\/","og_site_name":"La Corte Hotel","article_publisher":"https:\/\/www.facebook.com\/pages\/Hotel-La-Corte\/120373951334581","article_modified_time":"2025-06-03T08:58:29+00:00","og_image":[{"width":2560,"height":1440,"url":"https:\/\/lacortehotel.info\/wp-content\/uploads\/2023\/07\/colli-euganei.jpg","type":"image\/jpeg"}],"twitter_card":"summary_large_image","twitter_misc":{"Gesch\u00e4tzte Lesezeit":"4\u00a0Minuten"},"schema":{"@context":"https:\/\/schema.org","@graph":[{"@type":"WebPage","@id":"https:\/\/lacortehotel.info\/de\/umgebung\/euganeische-hugel\/","url":"https:\/\/lacortehotel.info\/de\/umgebung\/euganeische-hugel\/","name":"Euganeische H\u00fcgel - La Corte Hotel","isPartOf":{"@id":"https:\/\/lacortehotel.info\/de\/#website"},"primaryImageOfPage":{"@id":"https:\/\/lacortehotel.info\/de\/umgebung\/euganeische-hugel\/#primaryimage"},"image":{"@id":"https:\/\/lacortehotel.info\/de\/umgebung\/euganeische-hugel\/#primaryimage"},"thumbnailUrl":"https:\/\/lacortehotel.info\/wp-content\/uploads\/2023\/07\/colli-euganei.jpg","datePublished":"2025-04-16T08:04:49+00:00","dateModified":"2025-06-03T08:58:29+00:00","description":"Erkunde die Euganeischen H\u00fcgel: eine einzigartige Vulkanlandschaft mit D\u00f6rfern, Natur, Thermen und kulinarischen Erlebnissen in Venetien.","breadcrumb":{"@id":"https:\/\/lacortehotel.info\/de\/umgebung\/euganeische-hugel\/#breadcrumb"},"inLanguage":"de","potentialAction":[{"@type":"ReadAction","target":["https:\/\/lacortehotel.info\/de\/umgebung\/euganeische-hugel\/"]}]},{"@type":"ImageObject","inLanguage":"de","@id":"https:\/\/lacortehotel.info\/de\/umgebung\/euganeische-hugel\/#primaryimage","url":"https:\/\/lacortehotel.info\/wp-content\/uploads\/2023\/07\/colli-euganei.jpg","contentUrl":"https:\/\/lacortehotel.info\/wp-content\/uploads\/2023\/07\/colli-euganei.jpg","width":2560,"height":1440},{"@type":"BreadcrumbList","@id":"https:\/\/lacortehotel.info\/de\/umgebung\/euganeische-hugel\/#breadcrumb","itemListElement":[{"@type":"ListItem","position":1,"name":"Home","item":"https:\/\/lacortehotel.info\/de\/"},{"@type":"ListItem","position":2,"name":"Umgebung","item":"https:\/\/lacortehotel.info\/de\/umgebung\/"},{"@type":"ListItem","position":3,"name":"Euganeische H\u00fcgel"}]},{"@type":"WebSite","@id":"https:\/\/lacortehotel.info\/de\/#website","url":"https:\/\/lacortehotel.info\/de\/","name":"Hotel La Corte","description":"Im Herzen der Poebene... Ihr zweites Zuhause!","publisher":{"@id":"https:\/\/lacortehotel.info\/de\/#organization"},"alternateName":"La Corte di Correzzola","potentialAction":[{"@type":"SearchAction","target":{"@type":"EntryPoint","urlTemplate":"https:\/\/lacortehotel.info\/de\/?s={search_term_string}"},"query-input":{"@type":"PropertyValueSpecification","valueRequired":true,"valueName":"search_term_string"}}],"inLanguage":"de"},{"@type":"Organization","@id":"https:\/\/lacortehotel.info\/de\/#organization","name":"Hotel la Corte","url":"https:\/\/lacortehotel.info\/de\/","logo":{"@type":"ImageObject","inLanguage":"de","@id":"https:\/\/lacortehotel.info\/de\/#\/schema\/logo\/image\/","url":"https:\/\/lacortehotel.info\/wp-content\/uploads\/2023\/05\/logo-sito-p-e1683800838815.png","contentUrl":"https:\/\/lacortehotel.info\/wp-content\/uploads\/2023\/05\/logo-sito-p-e1683800838815.png","width":100,"height":94,"caption":"Hotel la Corte"},"image":{"@id":"https:\/\/lacortehotel.info\/de\/#\/schema\/logo\/image\/"},"sameAs":["https:\/\/www.facebook.com\/pages\/Hotel-La-Corte\/120373951334581","https:\/\/www.instagram.com\/lacortecorrezzola\/"]}]}},"_links":{"self":[{"href":"https:\/\/lacortehotel.info\/de\/wp-json\/wp\/v2\/pages\/613","targetHints":{"allow":["GET"]}}],"collection":[{"href":"https:\/\/lacortehotel.info\/de\/wp-json\/wp\/v2\/pages"}],"about":[{"href":"https:\/\/lacortehotel.info\/de\/wp-json\/wp\/v2\/types\/page"}],"author":[{"embeddable":true,"href":"https:\/\/lacortehotel.info\/de\/wp-json\/wp\/v2\/users\/1"}],"replies":[{"embeddable":true,"href":"https:\/\/lacortehotel.info\/de\/wp-json\/wp\/v2\/comments?post=613"}],"version-history":[{"count":2,"href":"https:\/\/lacortehotel.info\/de\/wp-json\/wp\/v2\/pages\/613\/revisions"}],"predecessor-version":[{"id":1808,"href":"https:\/\/lacortehotel.info\/de\/wp-json\/wp\/v2\/pages\/613\/revisions\/1808"}],"up":[{"embeddable":true,"href":"https:\/\/lacortehotel.info\/de\/wp-json\/wp\/v2\/pages\/404"}],"wp:featuredmedia":[{"embeddable":true,"href":"https:\/\/lacortehotel.info\/de\/wp-json\/wp\/v2\/media\/473"}],"wp:attachment":[{"href":"https:\/\/lacortehotel.info\/de\/wp-json\/wp\/v2\/media?parent=613"}],"curies":[{"name":"wp","href":"https:\/\/api.w.org\/{rel}","templated":true}]}}