{"id":601,"date":"2025-04-16T07:59:37","date_gmt":"2025-04-16T07:59:37","guid":{"rendered":"https:\/\/lacortehotel.info\/beschreibung\/citta-murate\/"},"modified":"2025-06-04T12:00:43","modified_gmt":"2025-06-04T12:00:43","slug":"mauerstadte","status":"publish","type":"page","link":"https:\/\/lacortehotel.info\/de\/umgebung\/mauerstadte\/","title":{"rendered":"Mauerst\u00e4dte"},"content":{"rendered":"\n<div class=\"wp-block-columns is-layout-flex wp-container-core-columns-is-layout-9d6595d7 wp-block-columns-is-layout-flex\">\n<div class=\"wp-block-column is-layout-flow wp-block-column-is-layout-flow\" style=\"flex-basis:50%\">\n<figure class=\"wp-block-image size-medium\"><img loading=\"lazy\" decoding=\"async\" width=\"300\" height=\"200\" src=\"https:\/\/lacortehotel.info\/wp-content\/uploads\/2023\/07\/este-300x200.jpg\" alt=\"\" class=\"wp-image-475\" srcset=\"https:\/\/lacortehotel.info\/wp-content\/uploads\/2023\/07\/este-300x200.jpg 300w, https:\/\/lacortehotel.info\/wp-content\/uploads\/2023\/07\/este-768x512.jpg 768w, https:\/\/lacortehotel.info\/wp-content\/uploads\/2023\/07\/este.jpg 800w\" sizes=\"auto, (max-width: 300px) 100vw, 300px\" \/><\/figure>\n<\/div>\n\n\n\n<div class=\"wp-block-column is-layout-flow wp-block-column-is-layout-flow\" style=\"flex-basis:50%\">\n<figure class=\"wp-block-image size-medium\"><img loading=\"lazy\" decoding=\"async\" width=\"300\" height=\"193\" src=\"https:\/\/lacortehotel.info\/wp-content\/uploads\/2023\/07\/montagnana-300x193.jpg\" alt=\"\" class=\"wp-image-479\" srcset=\"https:\/\/lacortehotel.info\/wp-content\/uploads\/2023\/07\/montagnana-300x193.jpg 300w, https:\/\/lacortehotel.info\/wp-content\/uploads\/2023\/07\/montagnana.jpg 700w\" sizes=\"auto, (max-width: 300px) 100vw, 300px\" \/><\/figure>\n<\/div>\n<\/div>\n\n\n\n<p>Das Gebiet rund um Padua bewahrt bis heute au\u00dfergew\u00f6hnliche Zeugnisse seiner <strong>mittelalterlichen Vergangenheit<\/strong>, sichtbar in den eindrucksvollen <strong>ummauerten St\u00e4dten<\/strong>, die die Provinz durchziehen. Dieses einzigartige historische und architektonische Erbe erz\u00e4hlt von Jahrhunderten voller K\u00e4mpfe, Handel, Allianzen und st\u00e4dtischem Glanz. Ein Besuch dieser St\u00e4dte bedeutet, in eine Epoche voller Burgen, T\u00fcrme, Wehrg\u00e4nge und monumentaler Tore einzutauchen.<\/p>\n\n\n\n<figure class=\"wp-block-image size-medium\"><img loading=\"lazy\" decoding=\"async\" width=\"300\" height=\"210\" src=\"https:\/\/lacortehotel.info\/wp-content\/uploads\/2023\/07\/monselice-300x210.jpg\" alt=\"\" class=\"wp-image-483\" srcset=\"https:\/\/lacortehotel.info\/wp-content\/uploads\/2023\/07\/monselice-300x210.jpg 300w, https:\/\/lacortehotel.info\/wp-content\/uploads\/2023\/07\/monselice.jpg 600w\" sizes=\"auto, (max-width: 300px) 100vw, 300px\" \/><\/figure>\n\n\n\n<h3 class=\"wp-block-heading\">Cittadella: die befestigte Stadt mit begehbarem Mauerrundgang in 15 Metern H\u00f6he<\/h3>\n\n\n\n<p><strong><a href=\"https:\/\/www.comune.cittadella.pd.it\/\">Cittadella<\/a><\/strong> ist eines der ganz wenigen Beispiele in Europa f\u00fcr eine <strong>vollst\u00e4ndig begehbare mittelalterliche Stadtmauer<\/strong>, dank eines 15 Meter hohen Wehrgangs, der das gesamte historische Zentrum umgibt. Die <strong>ellipsenf\u00f6rmige Mauer<\/strong>, perfekt erhalten, umschlie\u00dft eine lebendige und einladende Altstadt mit Pal\u00e4sten, Museen und einem atemberaubenden Blick von der <strong>Malta-Turm<\/strong>. Ein einzigartiges Erlebnis f\u00fcr Liebhaber von Milit\u00e4rgeschichte und Wehrarchitektur.<\/p>\n\n\n\n<h3 class=\"wp-block-heading\">Monselice: Burgen, Pilgerwege und Spiritualit\u00e4t<\/h3>\n\n\n\n<p>Am Fu\u00df der Euganeischen H\u00fcgel liegt <strong><a href=\"https:\/\/www.comune.monselice.padova.it\/\">Monselice<\/a><\/strong>, eine befestigte Stadt voller Charme und Spiritualit\u00e4t. Die <strong>Festung von Monselice<\/strong> dominiert die Landschaft und erz\u00e4hlt von den mittelalterlichen Machtk\u00e4mpfen in der Region. Besonders bedeutend ist das <strong>Heiligtum der Sieben Kirchen<\/strong>, ein heiliger Weg aus dem 17. Jahrhundert, der auch heute noch Pilger aus ganz Italien anzieht. Die Stadtmauer, Burgen und alten Stadttore machen Monselice zu einem idealen Ziel f\u00fcr Kultur- und Naturliebhaber.<\/p>\n\n\n\n<h3 class=\"wp-block-heading\">Este: zwischen Arch\u00e4ologie und karresischen Stadtmauern<\/h3>\n\n\n\n<p><strong><a href=\"https:\/\/www.veneto.eu\/DE\/Home\/\">Este<\/a><\/strong> ist eine Stadt mit jahrtausendealter Geschichte und beherbergt ein bedeutendes nationales arch\u00e4ologisches Museum, das die pal\u00e4ovenetischen Urspr\u00fcnge der Region beleuchtet. Ihre <strong>mittelalterlichen Stadtmauern<\/strong>, aus der Zeit der Carrara-Herrschaft, umschlie\u00dfen ein elegantes Zentrum mit der <strong>Burg der Carraresi<\/strong>, Parks, Kirchen und lebhaften Pl\u00e4tzen. Este ist auch bekannt f\u00fcr seine Keramiktradition und seine Verbindungen zu venezianischen Adelsfamilien.<\/p>\n\n\n\n<h3 class=\"wp-block-heading\">Montagnana: das am besten erhaltene Festungsjuwel Venetiens<\/h3>\n\n\n\n<p><strong><a href=\"https:\/\/www.comune.montagnana.pd.it\/Guidadettagli\">Montagnana<\/a><\/strong> gilt als eine der <strong>am besten erhaltenen ummauerten St\u00e4dte Europas<\/strong>. Ihre <strong>fast zwei Kilometer langen mittelalterlichen Stadtmauern<\/strong>, ges\u00e4umt von T\u00fcrmen und Zinnen, umschlie\u00dfen ein vollst\u00e4ndig intaktes historisches Zentrum, in dem die Zeit stehen geblieben zu sein scheint. Sehenswert sind die <strong>Rocca degli Alberi<\/strong>, das <strong>Castel San Zeno<\/strong> und der Spaziergang entlang der Mauern mit stimmungsvollen Ausblicken auf die l\u00e4ndliche Umgebung.<\/p>\n\n\n\n<h3 class=\"wp-block-heading\">Wie man die ummauerten St\u00e4dte von unserem Hotel aus besuchen kann<\/h3>\n\n\n\n<p>Vom <strong>Hotel La Corte<\/strong> aus lassen sich all diese Wunder <strong>in weniger als einer Stunde mit dem Auto<\/strong> erreichen. Sie k\u00f6nnen eine historische Reiseroute planen, die <strong>Kultur, Landschaft und Gastronomie<\/strong> vereint, und jeden Tag ein neues Ziel entdecken. Die ummauerten St\u00e4dte des Gebiets von Padua sind ideal f\u00fcr Familien, Paare und neugierige Reisende.<\/p>\n","protected":false},"excerpt":{"rendered":"<p>Das Gebiet rund um Padua bewahrt bis heute au\u00dfergew\u00f6hnliche Zeugnisse seiner mittelalterlichen Vergangenheit, sichtbar in den eindrucksvollen ummauerten St\u00e4dten, die die Provinz durchziehen. Dieses einzigartige historische und architektonische Erbe erz\u00e4hlt von Jahrhunderten voller K\u00e4mpfe, Handel, Allianzen und st\u00e4dtischem Glanz. Ein Besuch dieser St\u00e4dte bedeutet, in eine Epoche voller Burgen, T\u00fcrme, Wehrg\u00e4nge und monumentaler Tore einzutauchen. [&hellip;]<\/p>\n","protected":false},"author":1,"featured_media":490,"parent":404,"menu_order":0,"comment_status":"closed","ping_status":"closed","template":"templates\/lista.php","meta":{"_acf_changed":false,"inline_featured_image":false,"_joinchat":[],"footnotes":""},"class_list":["post-601","page","type-page","status-publish","has-post-thumbnail","hentry"],"acf":[],"yoast_head":"<!-- This site is optimized with the Yoast SEO plugin v26.7 - https:\/\/yoast.com\/wordpress\/plugins\/seo\/ -->\n<title>Mauerst\u00e4dte - La Corte Hotel<\/title>\n<meta name=\"description\" content=\"Entdecke die ummauerten St\u00e4dte rund um Padua: Cittadella, Monselice, Este und Montagnana \u2013 einzigartige Zeugen der mittelalterlichen Geschichte.\" \/>\n<meta name=\"robots\" content=\"index, follow, max-snippet:-1, max-image-preview:large, max-video-preview:-1\" \/>\n<link rel=\"canonical\" href=\"https:\/\/lacortehotel.info\/de\/umgebung\/mauerstadte\/\" \/>\n<meta property=\"og:locale\" content=\"de_DE\" \/>\n<meta property=\"og:type\" content=\"article\" \/>\n<meta property=\"og:title\" content=\"Mauerst\u00e4dte - La Corte Hotel\" \/>\n<meta property=\"og:description\" content=\"Entdecke die ummauerten St\u00e4dte rund um Padua: Cittadella, Monselice, Este und Montagnana \u2013 einzigartige Zeugen der mittelalterlichen Geschichte.\" \/>\n<meta property=\"og:url\" content=\"https:\/\/lacortehotel.info\/de\/umgebung\/mauerstadte\/\" \/>\n<meta property=\"og:site_name\" content=\"La Corte Hotel\" \/>\n<meta property=\"article:publisher\" content=\"https:\/\/www.facebook.com\/pages\/Hotel-La-Corte\/120373951334581\" \/>\n<meta property=\"article:modified_time\" content=\"2025-06-04T12:00:43+00:00\" \/>\n<meta property=\"og:image\" content=\"https:\/\/lacortehotel.info\/wp-content\/uploads\/2023\/07\/montagnana-big.jpg\" \/>\n\t<meta property=\"og:image:width\" content=\"2560\" \/>\n\t<meta property=\"og:image:height\" content=\"1440\" \/>\n\t<meta property=\"og:image:type\" content=\"image\/jpeg\" \/>\n<meta name=\"twitter:card\" content=\"summary_large_image\" \/>\n<meta name=\"twitter:label1\" content=\"Gesch\u00e4tzte Lesezeit\" \/>\n\t<meta name=\"twitter:data1\" content=\"3\u00a0Minuten\" \/>\n<script type=\"application\/ld+json\" class=\"yoast-schema-graph\">{\"@context\":\"https:\/\/schema.org\",\"@graph\":[{\"@type\":\"WebPage\",\"@id\":\"https:\/\/lacortehotel.info\/de\/umgebung\/mauerstadte\/\",\"url\":\"https:\/\/lacortehotel.info\/de\/umgebung\/mauerstadte\/\",\"name\":\"Mauerst\u00e4dte - La Corte Hotel\",\"isPartOf\":{\"@id\":\"https:\/\/lacortehotel.info\/de\/#website\"},\"primaryImageOfPage\":{\"@id\":\"https:\/\/lacortehotel.info\/de\/umgebung\/mauerstadte\/#primaryimage\"},\"image\":{\"@id\":\"https:\/\/lacortehotel.info\/de\/umgebung\/mauerstadte\/#primaryimage\"},\"thumbnailUrl\":\"https:\/\/lacortehotel.info\/wp-content\/uploads\/2023\/07\/montagnana-big.jpg\",\"datePublished\":\"2025-04-16T07:59:37+00:00\",\"dateModified\":\"2025-06-04T12:00:43+00:00\",\"description\":\"Entdecke die ummauerten St\u00e4dte rund um Padua: Cittadella, Monselice, Este und Montagnana \u2013 einzigartige Zeugen der mittelalterlichen Geschichte.\",\"breadcrumb\":{\"@id\":\"https:\/\/lacortehotel.info\/de\/umgebung\/mauerstadte\/#breadcrumb\"},\"inLanguage\":\"de\",\"potentialAction\":[{\"@type\":\"ReadAction\",\"target\":[\"https:\/\/lacortehotel.info\/de\/umgebung\/mauerstadte\/\"]}]},{\"@type\":\"ImageObject\",\"inLanguage\":\"de\",\"@id\":\"https:\/\/lacortehotel.info\/de\/umgebung\/mauerstadte\/#primaryimage\",\"url\":\"https:\/\/lacortehotel.info\/wp-content\/uploads\/2023\/07\/montagnana-big.jpg\",\"contentUrl\":\"https:\/\/lacortehotel.info\/wp-content\/uploads\/2023\/07\/montagnana-big.jpg\",\"width\":2560,\"height\":1440},{\"@type\":\"BreadcrumbList\",\"@id\":\"https:\/\/lacortehotel.info\/de\/umgebung\/mauerstadte\/#breadcrumb\",\"itemListElement\":[{\"@type\":\"ListItem\",\"position\":1,\"name\":\"Home\",\"item\":\"https:\/\/lacortehotel.info\/de\/\"},{\"@type\":\"ListItem\",\"position\":2,\"name\":\"Umgebung\",\"item\":\"https:\/\/lacortehotel.info\/de\/umgebung\/\"},{\"@type\":\"ListItem\",\"position\":3,\"name\":\"Mauerst\u00e4dte\"}]},{\"@type\":\"WebSite\",\"@id\":\"https:\/\/lacortehotel.info\/de\/#website\",\"url\":\"https:\/\/lacortehotel.info\/de\/\",\"name\":\"Hotel La Corte\",\"description\":\"Im Herzen der Poebene... Ihr zweites Zuhause!\",\"publisher\":{\"@id\":\"https:\/\/lacortehotel.info\/de\/#organization\"},\"alternateName\":\"La Corte di Correzzola\",\"potentialAction\":[{\"@type\":\"SearchAction\",\"target\":{\"@type\":\"EntryPoint\",\"urlTemplate\":\"https:\/\/lacortehotel.info\/de\/?s={search_term_string}\"},\"query-input\":{\"@type\":\"PropertyValueSpecification\",\"valueRequired\":true,\"valueName\":\"search_term_string\"}}],\"inLanguage\":\"de\"},{\"@type\":\"Organization\",\"@id\":\"https:\/\/lacortehotel.info\/de\/#organization\",\"name\":\"Hotel la Corte\",\"url\":\"https:\/\/lacortehotel.info\/de\/\",\"logo\":{\"@type\":\"ImageObject\",\"inLanguage\":\"de\",\"@id\":\"https:\/\/lacortehotel.info\/de\/#\/schema\/logo\/image\/\",\"url\":\"https:\/\/lacortehotel.info\/wp-content\/uploads\/2023\/05\/logo-sito-p-e1683800838815.png\",\"contentUrl\":\"https:\/\/lacortehotel.info\/wp-content\/uploads\/2023\/05\/logo-sito-p-e1683800838815.png\",\"width\":100,\"height\":94,\"caption\":\"Hotel la Corte\"},\"image\":{\"@id\":\"https:\/\/lacortehotel.info\/de\/#\/schema\/logo\/image\/\"},\"sameAs\":[\"https:\/\/www.facebook.com\/pages\/Hotel-La-Corte\/120373951334581\",\"https:\/\/www.instagram.com\/lacortecorrezzola\/\"]}]}<\/script>\n<!-- \/ Yoast SEO plugin. -->","yoast_head_json":{"title":"Mauerst\u00e4dte - La Corte Hotel","description":"Entdecke die ummauerten St\u00e4dte rund um Padua: Cittadella, Monselice, Este und Montagnana \u2013 einzigartige Zeugen der mittelalterlichen Geschichte.","robots":{"index":"index","follow":"follow","max-snippet":"max-snippet:-1","max-image-preview":"max-image-preview:large","max-video-preview":"max-video-preview:-1"},"canonical":"https:\/\/lacortehotel.info\/de\/umgebung\/mauerstadte\/","og_locale":"de_DE","og_type":"article","og_title":"Mauerst\u00e4dte - La Corte Hotel","og_description":"Entdecke die ummauerten St\u00e4dte rund um Padua: Cittadella, Monselice, Este und Montagnana \u2013 einzigartige Zeugen der mittelalterlichen Geschichte.","og_url":"https:\/\/lacortehotel.info\/de\/umgebung\/mauerstadte\/","og_site_name":"La Corte Hotel","article_publisher":"https:\/\/www.facebook.com\/pages\/Hotel-La-Corte\/120373951334581","article_modified_time":"2025-06-04T12:00:43+00:00","og_image":[{"width":2560,"height":1440,"url":"https:\/\/lacortehotel.info\/wp-content\/uploads\/2023\/07\/montagnana-big.jpg","type":"image\/jpeg"}],"twitter_card":"summary_large_image","twitter_misc":{"Gesch\u00e4tzte Lesezeit":"3\u00a0Minuten"},"schema":{"@context":"https:\/\/schema.org","@graph":[{"@type":"WebPage","@id":"https:\/\/lacortehotel.info\/de\/umgebung\/mauerstadte\/","url":"https:\/\/lacortehotel.info\/de\/umgebung\/mauerstadte\/","name":"Mauerst\u00e4dte - La Corte Hotel","isPartOf":{"@id":"https:\/\/lacortehotel.info\/de\/#website"},"primaryImageOfPage":{"@id":"https:\/\/lacortehotel.info\/de\/umgebung\/mauerstadte\/#primaryimage"},"image":{"@id":"https:\/\/lacortehotel.info\/de\/umgebung\/mauerstadte\/#primaryimage"},"thumbnailUrl":"https:\/\/lacortehotel.info\/wp-content\/uploads\/2023\/07\/montagnana-big.jpg","datePublished":"2025-04-16T07:59:37+00:00","dateModified":"2025-06-04T12:00:43+00:00","description":"Entdecke die ummauerten St\u00e4dte rund um Padua: Cittadella, Monselice, Este und Montagnana \u2013 einzigartige Zeugen der mittelalterlichen Geschichte.","breadcrumb":{"@id":"https:\/\/lacortehotel.info\/de\/umgebung\/mauerstadte\/#breadcrumb"},"inLanguage":"de","potentialAction":[{"@type":"ReadAction","target":["https:\/\/lacortehotel.info\/de\/umgebung\/mauerstadte\/"]}]},{"@type":"ImageObject","inLanguage":"de","@id":"https:\/\/lacortehotel.info\/de\/umgebung\/mauerstadte\/#primaryimage","url":"https:\/\/lacortehotel.info\/wp-content\/uploads\/2023\/07\/montagnana-big.jpg","contentUrl":"https:\/\/lacortehotel.info\/wp-content\/uploads\/2023\/07\/montagnana-big.jpg","width":2560,"height":1440},{"@type":"BreadcrumbList","@id":"https:\/\/lacortehotel.info\/de\/umgebung\/mauerstadte\/#breadcrumb","itemListElement":[{"@type":"ListItem","position":1,"name":"Home","item":"https:\/\/lacortehotel.info\/de\/"},{"@type":"ListItem","position":2,"name":"Umgebung","item":"https:\/\/lacortehotel.info\/de\/umgebung\/"},{"@type":"ListItem","position":3,"name":"Mauerst\u00e4dte"}]},{"@type":"WebSite","@id":"https:\/\/lacortehotel.info\/de\/#website","url":"https:\/\/lacortehotel.info\/de\/","name":"Hotel La Corte","description":"Im Herzen der Poebene... Ihr zweites Zuhause!","publisher":{"@id":"https:\/\/lacortehotel.info\/de\/#organization"},"alternateName":"La Corte di Correzzola","potentialAction":[{"@type":"SearchAction","target":{"@type":"EntryPoint","urlTemplate":"https:\/\/lacortehotel.info\/de\/?s={search_term_string}"},"query-input":{"@type":"PropertyValueSpecification","valueRequired":true,"valueName":"search_term_string"}}],"inLanguage":"de"},{"@type":"Organization","@id":"https:\/\/lacortehotel.info\/de\/#organization","name":"Hotel la Corte","url":"https:\/\/lacortehotel.info\/de\/","logo":{"@type":"ImageObject","inLanguage":"de","@id":"https:\/\/lacortehotel.info\/de\/#\/schema\/logo\/image\/","url":"https:\/\/lacortehotel.info\/wp-content\/uploads\/2023\/05\/logo-sito-p-e1683800838815.png","contentUrl":"https:\/\/lacortehotel.info\/wp-content\/uploads\/2023\/05\/logo-sito-p-e1683800838815.png","width":100,"height":94,"caption":"Hotel la Corte"},"image":{"@id":"https:\/\/lacortehotel.info\/de\/#\/schema\/logo\/image\/"},"sameAs":["https:\/\/www.facebook.com\/pages\/Hotel-La-Corte\/120373951334581","https:\/\/www.instagram.com\/lacortecorrezzola\/"]}]}},"_links":{"self":[{"href":"https:\/\/lacortehotel.info\/de\/wp-json\/wp\/v2\/pages\/601","targetHints":{"allow":["GET"]}}],"collection":[{"href":"https:\/\/lacortehotel.info\/de\/wp-json\/wp\/v2\/pages"}],"about":[{"href":"https:\/\/lacortehotel.info\/de\/wp-json\/wp\/v2\/types\/page"}],"author":[{"embeddable":true,"href":"https:\/\/lacortehotel.info\/de\/wp-json\/wp\/v2\/users\/1"}],"replies":[{"embeddable":true,"href":"https:\/\/lacortehotel.info\/de\/wp-json\/wp\/v2\/comments?post=601"}],"version-history":[{"count":4,"href":"https:\/\/lacortehotel.info\/de\/wp-json\/wp\/v2\/pages\/601\/revisions"}],"predecessor-version":[{"id":1843,"href":"https:\/\/lacortehotel.info\/de\/wp-json\/wp\/v2\/pages\/601\/revisions\/1843"}],"up":[{"embeddable":true,"href":"https:\/\/lacortehotel.info\/de\/wp-json\/wp\/v2\/pages\/404"}],"wp:featuredmedia":[{"embeddable":true,"href":"https:\/\/lacortehotel.info\/de\/wp-json\/wp\/v2\/media\/490"}],"wp:attachment":[{"href":"https:\/\/lacortehotel.info\/de\/wp-json\/wp\/v2\/media?parent=601"}],"curies":[{"name":"wp","href":"https:\/\/api.w.org\/{rel}","templated":true}]}}