{"id":580,"date":"2023-05-12T07:05:11","date_gmt":"2023-05-12T07:05:11","guid":{"rendered":"https:\/\/lacortehotel.info\/la-nostra-storia\/"},"modified":"2025-06-06T10:00:51","modified_gmt":"2025-06-06T10:00:51","slug":"unseregeschichte","status":"publish","type":"page","link":"https:\/\/lacortehotel.info\/de\/unseregeschichte\/","title":{"rendered":"Unsere Geschichte"},"content":{"rendered":"\n<p>DIE BENEKTINER ZOGEN SIE AUS DEM WASSER HERAUS<\/p>\n\n\n\n<p><strong>1129<\/strong> gab Giuditta Bonifacio ihre G\u00fcter des Hofes von Concadalbero dem Abt des Kl\u00f6sters von der heiligen Justina in Padua hin. Die <strong>M\u00f6nche<\/strong> sanierten und reorganisierten ph\u00e4nomenal dieses prek\u00e4re, weitr\u00e4umige Grundst\u00fcck im Laufe der Jahre und heutzutage ist das Resultat ein fertiles, rational angebautes Land sowie eine \u00e4u\u00dferst geordnetes Gebiet.<\/p>\n\n\n\n<p>Anfang <strong>1400<\/strong> \u00fcbertrugen die <strong>M\u00f6nche<\/strong> ihr Zentrum der Verwaltung von Concadalbero nach Correzzola. Hier in unmittelbarer N\u00e4he vom Fluss Bacchiglione, dem ber\u00fchmten \u201eSalzweg\u201c und einem essentiellen Weg zum G\u00fcterverkehr, initiierten sie den grandiosen Benediktinerhof, der als \u201eder gr\u00f6\u00dfte l\u00e4ndliche Komplex im Lombardo-Venetien\u201c vom paduanischen Historiker Andrea Gloria im 19. Jahrhundert definiert wurde. Der erste Kern <strong>wurde<\/strong> zwischen 1430-1450 <strong>gebaut<\/strong>; die letzte Erg\u00e4nzung wurde am Ende des Jahres 1500 beschlossen und am Anfang des folgenden Jahrhunderts fertiggestellt, als die Struktur mit einer Abteiwohnung und einem G\u00e4stehaus ausgestattet wurde. Es wurde au\u00dferdem beschlossen, das urspr\u00fcngliche Geb\u00e4ude zu \u00fcberhohen, indem ein anderes Stock und zwar das sogenannte Zwischengeschoss hinzugef\u00fcgt wurde. Trotz dem <strong>riesigen Ausma\u00df<\/strong> des Gro\u00dfen Hofes waren die M\u00f6nche nicht so <strong>anwesend<\/strong>: Blo\u00df zehn M\u00f6nche ungef\u00e4hr wohnten im Komplex, denn der Hof war kein religioses Zentrum, sondern, wie er oft beschrieben wurde, eine \u201egro\u00dfe Fabrik\u201c der Benediktinerordnung der heiligen Justina. Seine kommerzielle, agrarische und strategische Funktion war also vorherrschend.<\/p>\n\n\n\n<figure class=\"wp-block-image\"><img decoding=\"async\" src=\"https:\/\/lacortehotel.info\/wp-content\/uploads\/2023\/05\/1-la-storia.jpg\" alt=\"1\" class=\"wp-image-719\"\/><\/figure>\n\n\n\n<p>Die M\u00f6nche lie\u00dfen <strong>neunzig<\/strong> <strong>gemauerte Bauernh\u00e4user <\/strong>errichten, die mit Ziegeln verh\u00fcllt wurden und \u00e4u\u00dferst gem\u00fctlich waren, da in jener Zeit die Bauern daran gewohnt waren, in Heuh\u00e4user zu wohnen. Jedes Haus war einem Heiligen betitelt, dessen Bild immer im Portikus anwesend war. Die wichtigste und architektonisch originalste Anlage ist die \u201eGrande Vanezza\u201c, das zweite Zentrum nach dem Hof: Sie wurde hoch gelegen aufgebaut, um die Tierhaltung zu erleichtern und zu rationalisieren. Die m\u00f6nchischen Bauernh\u00f6fe wurden gebaut, um die Kultivierung, die Lagerung und die Bearbeitung von agrarischen Produktionen zu realisieren. Jedes Haus bestand aus dem Wohnteil, dem l\u00e4ndlichen Teil mit dem Heuschober im h\u00f6heren Schoss und einem gro\u00dfen Portikus.<\/p>\n\n\n\n<p>Die Lage dieser Geb\u00e4ude war dadurch geplant, dass die Fassade in Richtung S\u00fcden blickte. All die H\u00e4user &nbsp;&nbsp;verf\u00fcgten \u00fcber eine weite Tenne (Dialektal:&nbsp;<em>s\u00e8ese<\/em>), die die Funktion hatte, die agrarischen Produktionen zu trocknen und zu bunkern.<\/p>\n\n\n\n<figure class=\"wp-block-image\"><img decoding=\"async\" src=\"https:\/\/lacortehotel.info\/wp-content\/uploads\/2023\/05\/2-la-storia.jpg\" alt=\"2\" class=\"wp-image-720\"\/><\/figure>\n\n\n\n<p>Die wirkliche Revolution der Benediktiner in Correzzola war dennoch die Organisation des Gebiets: Sie gliederten den Besitz in f\u00fcnf \u201e<strong>Gastaldien<\/strong>\u201c auf, die den heutigen Vororten der Stadt entsprechen. \u00a0Jedes Gastaldia war einem Gastalden anvertraut, der ein Vertrauter des M\u00fcnsters war. Das Gebiet war au\u00dferdem in <strong>Besessenheiten<\/strong> gegliedert, die aus einer unbestimmten Zahl von Feldern bestanden und die den Bauern vermietet wurden. Der Schutz der W\u00e4sser war immerhin eine Konstante der Verwaltung des Gebiets. Die Leitung und Projektierung der Anlage wurden in Correzzola realisiert, w\u00e4hrend im Hof zwei M\u00f6nche, und zwar ein Zust\u00e4ndiger f\u00fcr die Aussaat und ein Superintendent des Bonifizierens, die Realisierung der Projekte dirigierten. Zum Gebiet wurde danach ein benediktinisches Stra\u00dfennetzt erg\u00e4nzt, dessen Bonifizierungskanale noch heutzutage das Territorium longitudinal durchflie\u00dfen.<\/p>\n\n\n\n<p>Im Fr\u00fchling des Jahres <strong>1797<\/strong> endete das lange benediktinische \u201eAbenteuer\u201c, da 1807 Francesco Melzi d\u2019Eril zum Herzog von Lodi von <strong>Napoleon<\/strong> ernannt wurde. Er bekam das Latifundium von Correzzola: So erhielt die lombardische Familie den Hof und das Gut, die bis zum 7. Oktober 1919 verwaltet wurde, als die Herzogin Jos\u00e9phine eine st\u00fcckweise Ver\u00e4u\u00dferung des Latifundiums den eingesessenen Bauern anfing. Sie zog danach nach Mailand um, wo sie mit 93 starb. Die Familie Melzi d\u2019Eril fuhr das benediktinische Bonifizieren des Territoriums fort, indem sie gro\u00dfartige Saugpumpen errichten lie\u00dfen. Sie beeinflussten auch den Stil des Benediktinerhofs, indem sie ihn so weit wie m\u00f6glich an die Erfordernisse einer adeligen Familie anpassten, auch wenn die\u00a0 urspr\u00fcngliche Struktur unver\u00e4ndert blieb.<\/p>\n\n\n\n<p>Heutzutage ist ein Teil des Hofs Eigentum der Stadt und der andere Teil ist Privatbesitzt.<\/p>\n\n\n\n<p><strong>1999<\/strong> wurde die <strong>Restaurierung<\/strong> des Gemeindeteils beendet: Ein Teil des Hofes wird jetzt f\u00fcr die st\u00e4dtischen Verwaltungsb\u00fcros bestimmt, w\u00e4hrend der andere Teil des Geb\u00e4udes zu einem gem\u00fctlichen B&amp;B weiterverarbeitet wurde, und zwar \u201eLA CORTE\u201c<\/p>\n\n\n\n<figure class=\"wp-block-image\"><img decoding=\"async\" src=\"https:\/\/lacortehotel.info\/wp-content\/uploads\/2023\/05\/storia-3.png\" alt=\"\" class=\"wp-image-722\"\/><\/figure>\n\n\n\n<p>Touristische Fu\u00df-, Fahrrad- und Pferdwege sind den Kunden zug\u00e4nglich, die ihnen erm\u00f6glichen, die gr\u00fcnende Landschaft\u00a0 und die verschiedenen Wasserl\u00e4ufe zu genie\u00dfen, ohne die verkehrsreichen und gef\u00e4hrlichen Stra\u00dfen begehen zu m\u00fcssen. Es ist auch m\u00f6glich, die interessantesten <strong>Benediktinerbauernh\u00f6fe<\/strong> zu bewundern: Der Besucher kann als ein Arch\u00e4ologe seinen Blick auf dieses wundersch\u00f6ne Szenario\u00a0 und die bemerkenswerte Landschaftssuggestion werfen.<\/p>\n\n\n\n<p>Der Hof ist der ideale Abfahrtsort f\u00fcr <strong>Ausfl\u00fcge<\/strong>, denn er liegt in der N\u00e4he vom Delta Po Park (Parco del Delta del Po), die Euganeischen H\u00fcgel, die Lagune von Venedig und die venezianischen Str\u00e4nde, die naturalistisch bewundernswert sind.<\/p>\n\n\n\n<p>T\u00e4gliche Ausfl\u00fcge nach den wichtigsten oder auch kleineren Kunstst\u00e4dten in unmittelbarer N\u00e4he sind auch m\u00f6glich, wie zum Beispiel <a href=\"https:\/\/lacortehotel.info\/de\/umgebung\/padua\/\">Padua<\/a>, <a href=\"https:\/\/lacortehotel.info\/de\/umgebung\/vicenza-und-verona\/vicenza-stadt-palladios-ein-juwel-aus-kunst-architektur-und-kultur\/\">Vicenza<\/a> oder auch <a href=\"https:\/\/lacortehotel.info\/de\/umgebung\/venedig-und-chioggia\/chioggia-an-einem-tag-entdecken-das-kleine-venedig-am-meer\/\">Chioggia<\/a>, <a href=\"https:\/\/lacortehotel.info\/de\/umgebung\/mauerstadte\/este-jahrtausende-alte-geschichte-zwischen-mauern-villen-und-kultur\/\">Este<\/a>, <a href=\"https:\/\/lacortehotel.info\/de\/umgebung\/mauerstadte\/montagnana-reise-ins-mittelalter-zwischen-mauern-tuermen-und-genuss\/\">Montagnana<\/a> und Arqu\u00e0 Petrarca.<\/p>\n","protected":false},"excerpt":{"rendered":"<p>DIE BENEKTINER ZOGEN SIE AUS DEM WASSER HERAUS 1129 gab Giuditta Bonifacio ihre G\u00fcter des Hofes von Concadalbero dem Abt des Kl\u00f6sters von der heiligen Justina in Padua hin. Die M\u00f6nche sanierten und reorganisierten ph\u00e4nomenal dieses prek\u00e4re, weitr\u00e4umige Grundst\u00fcck im Laufe der Jahre und heutzutage ist das Resultat ein fertiles, rational angebautes Land sowie eine [&hellip;]<\/p>\n","protected":false},"author":1,"featured_media":0,"parent":0,"menu_order":0,"comment_status":"closed","ping_status":"closed","template":"","meta":{"_acf_changed":false,"inline_featured_image":false,"_joinchat":[],"footnotes":""},"class_list":["post-580","page","type-page","status-publish","hentry"],"acf":[],"yoast_head":"<!-- This site is optimized with the Yoast SEO plugin v27.4 - https:\/\/yoast.com\/product\/yoast-seo-wordpress\/ -->\n<title>Unsere Geschichte - La Corte Hotel<\/title>\n<meta name=\"description\" content=\"Die vollst\u00e4ndige Geschichte des Benediktinerhofs von Correzzola: von den Anf\u00e4ngen des Gebiets bis zur Umwandlung in ein B&amp;B.\" \/>\n<meta name=\"robots\" content=\"index, follow, max-snippet:-1, max-image-preview:large, max-video-preview:-1\" \/>\n<link rel=\"canonical\" href=\"https:\/\/lacortehotel.info\/de\/unseregeschichte\/\" \/>\n<meta property=\"og:locale\" content=\"de_DE\" \/>\n<meta property=\"og:type\" content=\"article\" \/>\n<meta property=\"og:title\" content=\"Unsere Geschichte - La Corte Hotel\" \/>\n<meta property=\"og:description\" content=\"Die vollst\u00e4ndige Geschichte des Benediktinerhofs von Correzzola: von den Anf\u00e4ngen des Gebiets bis zur Umwandlung in ein B&amp;B.\" \/>\n<meta property=\"og:url\" content=\"https:\/\/lacortehotel.info\/de\/unseregeschichte\/\" \/>\n<meta property=\"og:site_name\" content=\"La Corte Hotel\" \/>\n<meta property=\"article:publisher\" content=\"https:\/\/www.facebook.com\/pages\/Hotel-La-Corte\/120373951334581\" \/>\n<meta property=\"article:modified_time\" content=\"2025-06-06T10:00:51+00:00\" \/>\n<meta property=\"og:image\" content=\"https:\/\/lacortehotel.info\/wp-content\/uploads\/2023\/05\/nuovo-logo-corte.png\" \/>\n\t<meta property=\"og:image:width\" content=\"361\" \/>\n\t<meta property=\"og:image:height\" content=\"371\" \/>\n\t<meta property=\"og:image:type\" content=\"image\/png\" \/>\n<meta name=\"twitter:card\" content=\"summary_large_image\" \/>\n<meta name=\"twitter:label1\" content=\"Gesch\u00e4tzte Lesezeit\" \/>\n\t<meta name=\"twitter:data1\" content=\"5\u00a0Minuten\" \/>\n<script type=\"application\/ld+json\" class=\"yoast-schema-graph\">{\"@context\":\"https:\\\/\\\/schema.org\",\"@graph\":[{\"@type\":\"WebPage\",\"@id\":\"https:\\\/\\\/lacortehotel.info\\\/de\\\/unseregeschichte\\\/\",\"url\":\"https:\\\/\\\/lacortehotel.info\\\/de\\\/unseregeschichte\\\/\",\"name\":\"Unsere Geschichte - La Corte Hotel\",\"isPartOf\":{\"@id\":\"https:\\\/\\\/lacortehotel.info\\\/de\\\/#website\"},\"primaryImageOfPage\":{\"@id\":\"https:\\\/\\\/lacortehotel.info\\\/de\\\/unseregeschichte\\\/#primaryimage\"},\"image\":{\"@id\":\"https:\\\/\\\/lacortehotel.info\\\/de\\\/unseregeschichte\\\/#primaryimage\"},\"thumbnailUrl\":\"https:\\\/\\\/lacortehotel.info\\\/wp-content\\\/uploads\\\/2023\\\/05\\\/1-la-storia.jpg\",\"datePublished\":\"2023-05-12T07:05:11+00:00\",\"dateModified\":\"2025-06-06T10:00:51+00:00\",\"description\":\"Die vollst\u00e4ndige Geschichte des Benediktinerhofs von Correzzola: von den Anf\u00e4ngen des Gebiets bis zur Umwandlung in ein B&B.\",\"breadcrumb\":{\"@id\":\"https:\\\/\\\/lacortehotel.info\\\/de\\\/unseregeschichte\\\/#breadcrumb\"},\"inLanguage\":\"de\",\"potentialAction\":[{\"@type\":\"ReadAction\",\"target\":[\"https:\\\/\\\/lacortehotel.info\\\/de\\\/unseregeschichte\\\/\"]}]},{\"@type\":\"ImageObject\",\"inLanguage\":\"de\",\"@id\":\"https:\\\/\\\/lacortehotel.info\\\/de\\\/unseregeschichte\\\/#primaryimage\",\"url\":\"https:\\\/\\\/lacortehotel.info\\\/wp-content\\\/uploads\\\/2023\\\/05\\\/1-la-storia.jpg\",\"contentUrl\":\"https:\\\/\\\/lacortehotel.info\\\/wp-content\\\/uploads\\\/2023\\\/05\\\/1-la-storia.jpg\"},{\"@type\":\"BreadcrumbList\",\"@id\":\"https:\\\/\\\/lacortehotel.info\\\/de\\\/unseregeschichte\\\/#breadcrumb\",\"itemListElement\":[{\"@type\":\"ListItem\",\"position\":1,\"name\":\"Home\",\"item\":\"https:\\\/\\\/lacortehotel.info\\\/de\\\/\"},{\"@type\":\"ListItem\",\"position\":2,\"name\":\"Unsere Geschichte\"}]},{\"@type\":\"WebSite\",\"@id\":\"https:\\\/\\\/lacortehotel.info\\\/de\\\/#website\",\"url\":\"https:\\\/\\\/lacortehotel.info\\\/de\\\/\",\"name\":\"Hotel La Corte\",\"description\":\"Im Herzen der Poebene... Ihr zweites Zuhause!\",\"publisher\":{\"@id\":\"https:\\\/\\\/lacortehotel.info\\\/de\\\/#organization\"},\"alternateName\":\"La Corte di Correzzola\",\"potentialAction\":[{\"@type\":\"SearchAction\",\"target\":{\"@type\":\"EntryPoint\",\"urlTemplate\":\"https:\\\/\\\/lacortehotel.info\\\/de\\\/?s={search_term_string}\"},\"query-input\":{\"@type\":\"PropertyValueSpecification\",\"valueRequired\":true,\"valueName\":\"search_term_string\"}}],\"inLanguage\":\"de\"},{\"@type\":\"Organization\",\"@id\":\"https:\\\/\\\/lacortehotel.info\\\/de\\\/#organization\",\"name\":\"Hotel la Corte\",\"url\":\"https:\\\/\\\/lacortehotel.info\\\/de\\\/\",\"logo\":{\"@type\":\"ImageObject\",\"inLanguage\":\"de\",\"@id\":\"https:\\\/\\\/lacortehotel.info\\\/de\\\/#\\\/schema\\\/logo\\\/image\\\/\",\"url\":\"https:\\\/\\\/lacortehotel.info\\\/wp-content\\\/uploads\\\/2023\\\/05\\\/logo-sito-p-e1683800838815.png\",\"contentUrl\":\"https:\\\/\\\/lacortehotel.info\\\/wp-content\\\/uploads\\\/2023\\\/05\\\/logo-sito-p-e1683800838815.png\",\"width\":100,\"height\":94,\"caption\":\"Hotel la Corte\"},\"image\":{\"@id\":\"https:\\\/\\\/lacortehotel.info\\\/de\\\/#\\\/schema\\\/logo\\\/image\\\/\"},\"sameAs\":[\"https:\\\/\\\/www.facebook.com\\\/pages\\\/Hotel-La-Corte\\\/120373951334581\",\"https:\\\/\\\/www.instagram.com\\\/lacortecorrezzola\\\/\"]}]}<\/script>\n<!-- \/ Yoast SEO plugin. -->","yoast_head_json":{"title":"Unsere Geschichte - La Corte Hotel","description":"Die vollst\u00e4ndige Geschichte des Benediktinerhofs von Correzzola: von den Anf\u00e4ngen des Gebiets bis zur Umwandlung in ein B&B.","robots":{"index":"index","follow":"follow","max-snippet":"max-snippet:-1","max-image-preview":"max-image-preview:large","max-video-preview":"max-video-preview:-1"},"canonical":"https:\/\/lacortehotel.info\/de\/unseregeschichte\/","og_locale":"de_DE","og_type":"article","og_title":"Unsere Geschichte - La Corte Hotel","og_description":"Die vollst\u00e4ndige Geschichte des Benediktinerhofs von Correzzola: von den Anf\u00e4ngen des Gebiets bis zur Umwandlung in ein B&B.","og_url":"https:\/\/lacortehotel.info\/de\/unseregeschichte\/","og_site_name":"La Corte Hotel","article_publisher":"https:\/\/www.facebook.com\/pages\/Hotel-La-Corte\/120373951334581","article_modified_time":"2025-06-06T10:00:51+00:00","og_image":[{"width":361,"height":371,"url":"https:\/\/lacortehotel.info\/wp-content\/uploads\/2023\/05\/nuovo-logo-corte.png","type":"image\/png"}],"twitter_card":"summary_large_image","twitter_misc":{"Gesch\u00e4tzte Lesezeit":"5\u00a0Minuten"},"schema":{"@context":"https:\/\/schema.org","@graph":[{"@type":"WebPage","@id":"https:\/\/lacortehotel.info\/de\/unseregeschichte\/","url":"https:\/\/lacortehotel.info\/de\/unseregeschichte\/","name":"Unsere Geschichte - La Corte Hotel","isPartOf":{"@id":"https:\/\/lacortehotel.info\/de\/#website"},"primaryImageOfPage":{"@id":"https:\/\/lacortehotel.info\/de\/unseregeschichte\/#primaryimage"},"image":{"@id":"https:\/\/lacortehotel.info\/de\/unseregeschichte\/#primaryimage"},"thumbnailUrl":"https:\/\/lacortehotel.info\/wp-content\/uploads\/2023\/05\/1-la-storia.jpg","datePublished":"2023-05-12T07:05:11+00:00","dateModified":"2025-06-06T10:00:51+00:00","description":"Die vollst\u00e4ndige Geschichte des Benediktinerhofs von Correzzola: von den Anf\u00e4ngen des Gebiets bis zur Umwandlung in ein B&B.","breadcrumb":{"@id":"https:\/\/lacortehotel.info\/de\/unseregeschichte\/#breadcrumb"},"inLanguage":"de","potentialAction":[{"@type":"ReadAction","target":["https:\/\/lacortehotel.info\/de\/unseregeschichte\/"]}]},{"@type":"ImageObject","inLanguage":"de","@id":"https:\/\/lacortehotel.info\/de\/unseregeschichte\/#primaryimage","url":"https:\/\/lacortehotel.info\/wp-content\/uploads\/2023\/05\/1-la-storia.jpg","contentUrl":"https:\/\/lacortehotel.info\/wp-content\/uploads\/2023\/05\/1-la-storia.jpg"},{"@type":"BreadcrumbList","@id":"https:\/\/lacortehotel.info\/de\/unseregeschichte\/#breadcrumb","itemListElement":[{"@type":"ListItem","position":1,"name":"Home","item":"https:\/\/lacortehotel.info\/de\/"},{"@type":"ListItem","position":2,"name":"Unsere Geschichte"}]},{"@type":"WebSite","@id":"https:\/\/lacortehotel.info\/de\/#website","url":"https:\/\/lacortehotel.info\/de\/","name":"Hotel La Corte","description":"Im Herzen der Poebene... Ihr zweites Zuhause!","publisher":{"@id":"https:\/\/lacortehotel.info\/de\/#organization"},"alternateName":"La Corte di Correzzola","potentialAction":[{"@type":"SearchAction","target":{"@type":"EntryPoint","urlTemplate":"https:\/\/lacortehotel.info\/de\/?s={search_term_string}"},"query-input":{"@type":"PropertyValueSpecification","valueRequired":true,"valueName":"search_term_string"}}],"inLanguage":"de"},{"@type":"Organization","@id":"https:\/\/lacortehotel.info\/de\/#organization","name":"Hotel la Corte","url":"https:\/\/lacortehotel.info\/de\/","logo":{"@type":"ImageObject","inLanguage":"de","@id":"https:\/\/lacortehotel.info\/de\/#\/schema\/logo\/image\/","url":"https:\/\/lacortehotel.info\/wp-content\/uploads\/2023\/05\/logo-sito-p-e1683800838815.png","contentUrl":"https:\/\/lacortehotel.info\/wp-content\/uploads\/2023\/05\/logo-sito-p-e1683800838815.png","width":100,"height":94,"caption":"Hotel la Corte"},"image":{"@id":"https:\/\/lacortehotel.info\/de\/#\/schema\/logo\/image\/"},"sameAs":["https:\/\/www.facebook.com\/pages\/Hotel-La-Corte\/120373951334581","https:\/\/www.instagram.com\/lacortecorrezzola\/"]}]}},"_links":{"self":[{"href":"https:\/\/lacortehotel.info\/de\/wp-json\/wp\/v2\/pages\/580","targetHints":{"allow":["GET"]}}],"collection":[{"href":"https:\/\/lacortehotel.info\/de\/wp-json\/wp\/v2\/pages"}],"about":[{"href":"https:\/\/lacortehotel.info\/de\/wp-json\/wp\/v2\/types\/page"}],"author":[{"embeddable":true,"href":"https:\/\/lacortehotel.info\/de\/wp-json\/wp\/v2\/users\/1"}],"replies":[{"embeddable":true,"href":"https:\/\/lacortehotel.info\/de\/wp-json\/wp\/v2\/comments?post=580"}],"version-history":[{"count":2,"href":"https:\/\/lacortehotel.info\/de\/wp-json\/wp\/v2\/pages\/580\/revisions"}],"predecessor-version":[{"id":2086,"href":"https:\/\/lacortehotel.info\/de\/wp-json\/wp\/v2\/pages\/580\/revisions\/2086"}],"wp:attachment":[{"href":"https:\/\/lacortehotel.info\/de\/wp-json\/wp\/v2\/media?parent=580"}],"curies":[{"name":"wp","href":"https:\/\/api.w.org\/{rel}","templated":true}]}}