{"id":549,"date":"2023-07-04T13:50:04","date_gmt":"2023-07-04T13:50:04","guid":{"rendered":"https:\/\/lacortehotel.info\/escursioni-nella-campagna-padovana\/"},"modified":"2025-04-09T07:27:34","modified_gmt":"2025-04-09T07:27:34","slug":"ausfluge-aufs-paduanische-land","status":"publish","type":"page","link":"https:\/\/lacortehotel.info\/de\/ausfluge-aufs-paduanische-land\/","title":{"rendered":"AUSFL\u00dcGE AUFS PADUANISCHE LAND"},"content":{"rendered":"\n<ul class=\"wp-block-list\">\n<li>Fahrradtouren werden f\u00fcr die Leute organisiert, die die Natur lieben und m\u00f6chten, das Land Correzzola, die benediktinischen H\u00f6fe oder die Lagune in der N\u00e4he besuchen.\u00a0<\/li>\n<\/ul>\n\n\n\n<p>\u00a0\u00a0\u00a0\u00a0\u00a0\u00a0\u00a0\u00a0\u00a0 F\u00fcr Informationen: Cristina Veronese 3297468414 \/<\/p>\n\n\n\n<hr class=\"wp-block-separator has-alpha-channel-opacity\"\/>\n\n\n\n<ul class=\"wp-block-list\">\n<li>Slow Fahrradtourismus mit einem F\u00fchrer von der nationalen Akademie vom MTB.<br>Wir werden dem langsamen Flie\u00dfen der Fl\u00fcsse durch die H\u00f6fe, D\u00f6rfer und T\u00e4ler folgen, bis wir Chioggia erreichen und seine Magie entdecken werden. Das ist ein einzigartiger Reiseplan, der Natur, Geschichte, Kunst und Kochkunst verbindet, um die Seele und den K\u00f6rper zu befriedigen.<\/li>\n<\/ul>\n\n\n\n<p>\u00a0 F\u00fcr Informationen: William Nordio 3392875881 \/\u00a0<a rel=\"noreferrer noopener\" href=\"https:\/\/www.facebook.com\/nordiowilliam\/\" target=\"_blank\">william.nordio@scuoladimtb.eu<\/a><\/p>\n\n\n\n<div class=\"wp-block-columns is-layout-flex wp-container-core-columns-is-layout-9d6595d7 wp-block-columns-is-layout-flex\">\n<div class=\"wp-block-column is-layout-flow wp-block-column-is-layout-flow\" style=\"flex-basis:50%\">\n<figure class=\"wp-block-image size-medium\"><img loading=\"lazy\" decoding=\"async\" width=\"300\" height=\"300\" src=\"https:\/\/lacortehotel.info\/wp-content\/uploads\/2023\/07\/escursioni-300x300.jpeg\" alt=\"\" class=\"wp-image-517\" srcset=\"https:\/\/lacortehotel.info\/wp-content\/uploads\/2023\/07\/escursioni-300x300.jpeg 300w, https:\/\/lacortehotel.info\/wp-content\/uploads\/2023\/07\/escursioni-1024x1024.jpeg 1024w, https:\/\/lacortehotel.info\/wp-content\/uploads\/2023\/07\/escursioni-150x150.jpeg 150w, https:\/\/lacortehotel.info\/wp-content\/uploads\/2023\/07\/escursioni-768x768.jpeg 768w, https:\/\/lacortehotel.info\/wp-content\/uploads\/2023\/07\/escursioni-1536x1536.jpeg 1536w, https:\/\/lacortehotel.info\/wp-content\/uploads\/2023\/07\/escursioni.jpeg 1564w\" sizes=\"auto, (max-width: 300px) 100vw, 300px\" \/><\/figure>\n<\/div>\n\n\n\n<div class=\"wp-block-column is-layout-flow wp-block-column-is-layout-flow\" style=\"flex-basis:50%\">\n<figure class=\"wp-block-image size-full\"><img loading=\"lazy\" decoding=\"async\" width=\"300\" height=\"200\" src=\"https:\/\/lacortehotel.info\/wp-content\/uploads\/2023\/07\/famiglia-bosco.jpg\" alt=\"\" class=\"wp-image-521\"\/><\/figure>\n<\/div>\n<\/div>\n","protected":false},"excerpt":{"rendered":"<p>\u00a0\u00a0\u00a0\u00a0\u00a0\u00a0\u00a0\u00a0\u00a0 F\u00fcr Informationen: Cristina Veronese 3297468414 \/ \u00a0 F\u00fcr Informationen: William Nordio 3392875881 \/\u00a0william.nordio@scuoladimtb.eu<\/p>\n","protected":false},"author":1,"featured_media":0,"parent":0,"menu_order":0,"comment_status":"closed","ping_status":"closed","template":"","meta":{"_acf_changed":false,"inline_featured_image":false,"_joinchat":[],"footnotes":""},"class_list":["post-549","page","type-page","status-publish","hentry"],"acf":[],"yoast_head":"<!-- This site is optimized with the Yoast SEO plugin v26.7 - https:\/\/yoast.com\/wordpress\/plugins\/seo\/ -->\n<title>AUSFL\u00dcGE AUFS PADUANISCHE LAND - La Corte Hotel<\/title>\n<meta name=\"description\" content=\"Genie\u00dfe Radtouren durch Natur, Geschichte und Kulinarik von Correzzola bis Chioggia \u2013 begleitet von MTB-Guides.\" \/>\n<meta name=\"robots\" content=\"index, follow, max-snippet:-1, max-image-preview:large, max-video-preview:-1\" \/>\n<link rel=\"canonical\" href=\"https:\/\/lacortehotel.info\/de\/ausfluge-aufs-paduanische-land\/\" \/>\n<meta property=\"og:locale\" content=\"de_DE\" \/>\n<meta property=\"og:type\" content=\"article\" \/>\n<meta property=\"og:title\" content=\"AUSFL\u00dcGE AUFS PADUANISCHE LAND - La Corte Hotel\" \/>\n<meta property=\"og:description\" content=\"Genie\u00dfe Radtouren durch Natur, Geschichte und Kulinarik von Correzzola bis Chioggia \u2013 begleitet von MTB-Guides.\" \/>\n<meta property=\"og:url\" content=\"https:\/\/lacortehotel.info\/de\/ausfluge-aufs-paduanische-land\/\" \/>\n<meta property=\"og:site_name\" content=\"La Corte Hotel\" \/>\n<meta property=\"article:publisher\" content=\"https:\/\/www.facebook.com\/pages\/Hotel-La-Corte\/120373951334581\" \/>\n<meta property=\"article:modified_time\" content=\"2025-04-09T07:27:34+00:00\" \/>\n<meta property=\"og:image\" content=\"https:\/\/lacortehotel.info\/wp-content\/uploads\/2023\/07\/escursioni.jpeg\" \/>\n\t<meta property=\"og:image:width\" content=\"1564\" \/>\n\t<meta property=\"og:image:height\" content=\"1564\" \/>\n\t<meta property=\"og:image:type\" content=\"image\/jpeg\" \/>\n<meta name=\"twitter:card\" content=\"summary_large_image\" \/>\n<meta name=\"twitter:label1\" content=\"Gesch\u00e4tzte Lesezeit\" \/>\n\t<meta name=\"twitter:data1\" content=\"1\u00a0Minute\" \/>\n<script type=\"application\/ld+json\" class=\"yoast-schema-graph\">{\"@context\":\"https:\/\/schema.org\",\"@graph\":[{\"@type\":\"WebPage\",\"@id\":\"https:\/\/lacortehotel.info\/de\/ausfluge-aufs-paduanische-land\/\",\"url\":\"https:\/\/lacortehotel.info\/de\/ausfluge-aufs-paduanische-land\/\",\"name\":\"AUSFL\u00dcGE AUFS PADUANISCHE LAND - La Corte Hotel\",\"isPartOf\":{\"@id\":\"https:\/\/lacortehotel.info\/de\/#website\"},\"primaryImageOfPage\":{\"@id\":\"https:\/\/lacortehotel.info\/de\/ausfluge-aufs-paduanische-land\/#primaryimage\"},\"image\":{\"@id\":\"https:\/\/lacortehotel.info\/de\/ausfluge-aufs-paduanische-land\/#primaryimage\"},\"thumbnailUrl\":\"https:\/\/lacortehotel.info\/wp-content\/uploads\/2023\/07\/escursioni-300x300.jpeg\",\"datePublished\":\"2023-07-04T13:50:04+00:00\",\"dateModified\":\"2025-04-09T07:27:34+00:00\",\"description\":\"Genie\u00dfe Radtouren durch Natur, Geschichte und Kulinarik von Correzzola bis Chioggia \u2013 begleitet von MTB-Guides.\",\"breadcrumb\":{\"@id\":\"https:\/\/lacortehotel.info\/de\/ausfluge-aufs-paduanische-land\/#breadcrumb\"},\"inLanguage\":\"de\",\"potentialAction\":[{\"@type\":\"ReadAction\",\"target\":[\"https:\/\/lacortehotel.info\/de\/ausfluge-aufs-paduanische-land\/\"]}]},{\"@type\":\"ImageObject\",\"inLanguage\":\"de\",\"@id\":\"https:\/\/lacortehotel.info\/de\/ausfluge-aufs-paduanische-land\/#primaryimage\",\"url\":\"https:\/\/lacortehotel.info\/wp-content\/uploads\/2023\/07\/escursioni-300x300.jpeg\",\"contentUrl\":\"https:\/\/lacortehotel.info\/wp-content\/uploads\/2023\/07\/escursioni-300x300.jpeg\"},{\"@type\":\"BreadcrumbList\",\"@id\":\"https:\/\/lacortehotel.info\/de\/ausfluge-aufs-paduanische-land\/#breadcrumb\",\"itemListElement\":[{\"@type\":\"ListItem\",\"position\":1,\"name\":\"Home\",\"item\":\"https:\/\/lacortehotel.info\/de\/\"},{\"@type\":\"ListItem\",\"position\":2,\"name\":\"AUSFL\u00dcGE AUFS PADUANISCHE LAND\"}]},{\"@type\":\"WebSite\",\"@id\":\"https:\/\/lacortehotel.info\/de\/#website\",\"url\":\"https:\/\/lacortehotel.info\/de\/\",\"name\":\"Hotel La Corte\",\"description\":\"Im Herzen der Poebene... Ihr zweites Zuhause!\",\"publisher\":{\"@id\":\"https:\/\/lacortehotel.info\/de\/#organization\"},\"alternateName\":\"La Corte di Correzzola\",\"potentialAction\":[{\"@type\":\"SearchAction\",\"target\":{\"@type\":\"EntryPoint\",\"urlTemplate\":\"https:\/\/lacortehotel.info\/de\/?s={search_term_string}\"},\"query-input\":{\"@type\":\"PropertyValueSpecification\",\"valueRequired\":true,\"valueName\":\"search_term_string\"}}],\"inLanguage\":\"de\"},{\"@type\":\"Organization\",\"@id\":\"https:\/\/lacortehotel.info\/de\/#organization\",\"name\":\"Hotel la Corte\",\"url\":\"https:\/\/lacortehotel.info\/de\/\",\"logo\":{\"@type\":\"ImageObject\",\"inLanguage\":\"de\",\"@id\":\"https:\/\/lacortehotel.info\/de\/#\/schema\/logo\/image\/\",\"url\":\"https:\/\/lacortehotel.info\/wp-content\/uploads\/2023\/05\/logo-sito-p-e1683800838815.png\",\"contentUrl\":\"https:\/\/lacortehotel.info\/wp-content\/uploads\/2023\/05\/logo-sito-p-e1683800838815.png\",\"width\":100,\"height\":94,\"caption\":\"Hotel la Corte\"},\"image\":{\"@id\":\"https:\/\/lacortehotel.info\/de\/#\/schema\/logo\/image\/\"},\"sameAs\":[\"https:\/\/www.facebook.com\/pages\/Hotel-La-Corte\/120373951334581\",\"https:\/\/www.instagram.com\/lacortecorrezzola\/\"]}]}<\/script>\n<!-- \/ Yoast SEO plugin. -->","yoast_head_json":{"title":"AUSFL\u00dcGE AUFS PADUANISCHE LAND - La Corte Hotel","description":"Genie\u00dfe Radtouren durch Natur, Geschichte und Kulinarik von Correzzola bis Chioggia \u2013 begleitet von MTB-Guides.","robots":{"index":"index","follow":"follow","max-snippet":"max-snippet:-1","max-image-preview":"max-image-preview:large","max-video-preview":"max-video-preview:-1"},"canonical":"https:\/\/lacortehotel.info\/de\/ausfluge-aufs-paduanische-land\/","og_locale":"de_DE","og_type":"article","og_title":"AUSFL\u00dcGE AUFS PADUANISCHE LAND - La Corte Hotel","og_description":"Genie\u00dfe Radtouren durch Natur, Geschichte und Kulinarik von Correzzola bis Chioggia \u2013 begleitet von MTB-Guides.","og_url":"https:\/\/lacortehotel.info\/de\/ausfluge-aufs-paduanische-land\/","og_site_name":"La Corte Hotel","article_publisher":"https:\/\/www.facebook.com\/pages\/Hotel-La-Corte\/120373951334581","article_modified_time":"2025-04-09T07:27:34+00:00","og_image":[{"width":1564,"height":1564,"url":"https:\/\/lacortehotel.info\/wp-content\/uploads\/2023\/07\/escursioni.jpeg","type":"image\/jpeg"}],"twitter_card":"summary_large_image","twitter_misc":{"Gesch\u00e4tzte Lesezeit":"1\u00a0Minute"},"schema":{"@context":"https:\/\/schema.org","@graph":[{"@type":"WebPage","@id":"https:\/\/lacortehotel.info\/de\/ausfluge-aufs-paduanische-land\/","url":"https:\/\/lacortehotel.info\/de\/ausfluge-aufs-paduanische-land\/","name":"AUSFL\u00dcGE AUFS PADUANISCHE LAND - La Corte Hotel","isPartOf":{"@id":"https:\/\/lacortehotel.info\/de\/#website"},"primaryImageOfPage":{"@id":"https:\/\/lacortehotel.info\/de\/ausfluge-aufs-paduanische-land\/#primaryimage"},"image":{"@id":"https:\/\/lacortehotel.info\/de\/ausfluge-aufs-paduanische-land\/#primaryimage"},"thumbnailUrl":"https:\/\/lacortehotel.info\/wp-content\/uploads\/2023\/07\/escursioni-300x300.jpeg","datePublished":"2023-07-04T13:50:04+00:00","dateModified":"2025-04-09T07:27:34+00:00","description":"Genie\u00dfe Radtouren durch Natur, Geschichte und Kulinarik von Correzzola bis Chioggia \u2013 begleitet von MTB-Guides.","breadcrumb":{"@id":"https:\/\/lacortehotel.info\/de\/ausfluge-aufs-paduanische-land\/#breadcrumb"},"inLanguage":"de","potentialAction":[{"@type":"ReadAction","target":["https:\/\/lacortehotel.info\/de\/ausfluge-aufs-paduanische-land\/"]}]},{"@type":"ImageObject","inLanguage":"de","@id":"https:\/\/lacortehotel.info\/de\/ausfluge-aufs-paduanische-land\/#primaryimage","url":"https:\/\/lacortehotel.info\/wp-content\/uploads\/2023\/07\/escursioni-300x300.jpeg","contentUrl":"https:\/\/lacortehotel.info\/wp-content\/uploads\/2023\/07\/escursioni-300x300.jpeg"},{"@type":"BreadcrumbList","@id":"https:\/\/lacortehotel.info\/de\/ausfluge-aufs-paduanische-land\/#breadcrumb","itemListElement":[{"@type":"ListItem","position":1,"name":"Home","item":"https:\/\/lacortehotel.info\/de\/"},{"@type":"ListItem","position":2,"name":"AUSFL\u00dcGE AUFS PADUANISCHE LAND"}]},{"@type":"WebSite","@id":"https:\/\/lacortehotel.info\/de\/#website","url":"https:\/\/lacortehotel.info\/de\/","name":"Hotel La Corte","description":"Im Herzen der Poebene... Ihr zweites Zuhause!","publisher":{"@id":"https:\/\/lacortehotel.info\/de\/#organization"},"alternateName":"La Corte di Correzzola","potentialAction":[{"@type":"SearchAction","target":{"@type":"EntryPoint","urlTemplate":"https:\/\/lacortehotel.info\/de\/?s={search_term_string}"},"query-input":{"@type":"PropertyValueSpecification","valueRequired":true,"valueName":"search_term_string"}}],"inLanguage":"de"},{"@type":"Organization","@id":"https:\/\/lacortehotel.info\/de\/#organization","name":"Hotel la Corte","url":"https:\/\/lacortehotel.info\/de\/","logo":{"@type":"ImageObject","inLanguage":"de","@id":"https:\/\/lacortehotel.info\/de\/#\/schema\/logo\/image\/","url":"https:\/\/lacortehotel.info\/wp-content\/uploads\/2023\/05\/logo-sito-p-e1683800838815.png","contentUrl":"https:\/\/lacortehotel.info\/wp-content\/uploads\/2023\/05\/logo-sito-p-e1683800838815.png","width":100,"height":94,"caption":"Hotel la Corte"},"image":{"@id":"https:\/\/lacortehotel.info\/de\/#\/schema\/logo\/image\/"},"sameAs":["https:\/\/www.facebook.com\/pages\/Hotel-La-Corte\/120373951334581","https:\/\/www.instagram.com\/lacortecorrezzola\/"]}]}},"_links":{"self":[{"href":"https:\/\/lacortehotel.info\/de\/wp-json\/wp\/v2\/pages\/549","targetHints":{"allow":["GET"]}}],"collection":[{"href":"https:\/\/lacortehotel.info\/de\/wp-json\/wp\/v2\/pages"}],"about":[{"href":"https:\/\/lacortehotel.info\/de\/wp-json\/wp\/v2\/types\/page"}],"author":[{"embeddable":true,"href":"https:\/\/lacortehotel.info\/de\/wp-json\/wp\/v2\/users\/1"}],"replies":[{"embeddable":true,"href":"https:\/\/lacortehotel.info\/de\/wp-json\/wp\/v2\/comments?post=549"}],"version-history":[{"count":1,"href":"https:\/\/lacortehotel.info\/de\/wp-json\/wp\/v2\/pages\/549\/revisions"}],"predecessor-version":[{"id":551,"href":"https:\/\/lacortehotel.info\/de\/wp-json\/wp\/v2\/pages\/549\/revisions\/551"}],"wp:attachment":[{"href":"https:\/\/lacortehotel.info\/de\/wp-json\/wp\/v2\/media?parent=549"}],"curies":[{"name":"wp","href":"https:\/\/api.w.org\/{rel}","templated":true}]}}