{"id":404,"date":"2023-05-12T12:41:37","date_gmt":"2023-05-12T12:41:37","guid":{"rendered":"https:\/\/lacortehotel.info\/territorio\/"},"modified":"2025-04-15T12:36:05","modified_gmt":"2025-04-15T12:36:05","slug":"umgebung","status":"publish","type":"page","link":"https:\/\/lacortehotel.info\/de\/umgebung\/","title":{"rendered":"Umgebung"},"content":{"rendered":"\n<p>Inmitten einer einzigartigen Naturlandschaft, an den Ufern des Bacchiglione.<\/p>\n\n\n\n<p>Bequem zu den wichtigsten Stra\u00dfen der Provinz von Padua, eignet sich wie \u201cZuhause\u201d f\u00fcr diejenigen, die in seiner Freizei, er wollte das Gebiet zu erkunden: vielleicht von der Spitze eines der vielen Banken, die hiesige Landschaft zeichnen!<\/p>\n\n\n\n<p>SEHENSW\u00dcRDIGKEITEN:<\/p>\n\n\n\n<ul class=\"wp-block-list\">\n<li><a href=\"http:\/\/www.lacortehotel.info\/de\/padua\/\">PADUA<\/a><\/li>\n\n\n\n<li><a href=\"http:\/\/www.lacortehotel.info\/de\/venedig-und-chioggia\/\">VENEDIG und CHIOGGIA<\/a><\/li>\n\n\n\n<li><a href=\"http:\/\/www.lacortehotel.info\/de\/sottomarina-isola-verde-und-rosolina-strande\/\">SOTTOMARINA, ISOLA VERDE und ROSOLINA<\/a><\/li>\n\n\n\n<li><a href=\"http:\/\/www.lacortehotel.info\/de\/euganeische-hugel\/\">EUGANEISCHE H\u00dcGEL<\/a><\/li>\n\n\n\n<li><a href=\"http:\/\/www.lacortehotel.info\/de\/mauerstadte\/\">MAUERST\u00c4DTE<\/a><\/li>\n\n\n\n<li><a href=\"http:\/\/villevenetetour.com\/en\/venetian-villas\" target=\"_blank\" rel=\"noreferrer noopener\">VILLE VENETE<\/a><\/li>\n\n\n\n<li><a href=\"http:\/\/www.lacortehotel.info\/de\/vicenza-und-verona\/\">VICENZA und VERONA<\/a><\/li>\n<\/ul>\n\n\n\n<p>Ausfl\u00fcge: auf dem&nbsp;<a href=\"http:\/\/www.lacortehotel.info\/de\/ausfluge-aufs-paduanische-land\/\">Lande<\/a>&nbsp;und in den&nbsp;<a href=\"http:\/\/www.lacortehotel.info\/de\/tourist-pakete\/\">Euganeischen H\u00fcgeln<\/a>.<\/p>\n","protected":false},"excerpt":{"rendered":"<p>Inmitten einer einzigartigen Naturlandschaft, an den Ufern des Bacchiglione. Bequem zu den wichtigsten Stra\u00dfen der Provinz von Padua, eignet sich wie \u201cZuhause\u201d f\u00fcr diejenigen, die in seiner Freizei, er wollte das Gebiet zu erkunden: vielleicht von der Spitze eines der vielen Banken, die hiesige Landschaft zeichnen! SEHENSW\u00dcRDIGKEITEN: Ausfl\u00fcge: auf dem&nbsp;Lande&nbsp;und in den&nbsp;Euganeischen H\u00fcgeln.<\/p>\n","protected":false},"author":1,"featured_media":345,"parent":0,"menu_order":0,"comment_status":"closed","ping_status":"closed","template":"templates\/lista.php","meta":{"_acf_changed":false,"inline_featured_image":false,"_joinchat":[],"footnotes":""},"class_list":["post-404","page","type-page","status-publish","has-post-thumbnail","hentry"],"acf":[],"yoast_head":"<!-- This site is optimized with the Yoast SEO plugin v26.7 - https:\/\/yoast.com\/wordpress\/plugins\/seo\/ -->\n<title>Umgebung - La Corte Hotel<\/title>\n<meta name=\"description\" content=\"Inmitten einer einzigartigen Naturlandschaft, an den Ufern des Bacchiglione.Bequem zu den wichtigsten Stra\u00dfen der Provinz von Padua, eignet sich wie \u201cZuhause\u201d f\u00fcr diejenigen\" \/>\n<meta name=\"robots\" content=\"index, follow, max-snippet:-1, max-image-preview:large, max-video-preview:-1\" \/>\n<link rel=\"canonical\" href=\"https:\/\/lacortehotel.info\/de\/umgebung\/\" \/>\n<meta property=\"og:locale\" content=\"de_DE\" \/>\n<meta property=\"og:type\" content=\"article\" \/>\n<meta property=\"og:title\" content=\"Umgebung - La Corte Hotel\" \/>\n<meta property=\"og:description\" content=\"Inmitten einer einzigartigen Naturlandschaft, an den Ufern des Bacchiglione.Bequem zu den wichtigsten Stra\u00dfen der Provinz von Padua, eignet sich wie \u201cZuhause\u201d f\u00fcr diejenigen\" \/>\n<meta property=\"og:url\" content=\"https:\/\/lacortehotel.info\/de\/umgebung\/\" \/>\n<meta property=\"og:site_name\" content=\"La Corte Hotel\" \/>\n<meta property=\"article:publisher\" content=\"https:\/\/www.facebook.com\/pages\/Hotel-La-Corte\/120373951334581\" \/>\n<meta property=\"article:modified_time\" content=\"2025-04-15T12:36:05+00:00\" \/>\n<meta property=\"og:image\" content=\"https:\/\/lacortehotel.info\/wp-content\/uploads\/2023\/05\/La-corte-bacchiglione.jpg\" \/>\n\t<meta property=\"og:image:width\" content=\"2560\" \/>\n\t<meta property=\"og:image:height\" content=\"1440\" \/>\n\t<meta property=\"og:image:type\" content=\"image\/jpeg\" \/>\n<meta name=\"twitter:card\" content=\"summary_large_image\" \/>\n<meta name=\"twitter:label1\" content=\"Gesch\u00e4tzte Lesezeit\" \/>\n\t<meta name=\"twitter:data1\" content=\"1\u00a0Minute\" \/>\n<script type=\"application\/ld+json\" class=\"yoast-schema-graph\">{\"@context\":\"https:\/\/schema.org\",\"@graph\":[{\"@type\":\"WebPage\",\"@id\":\"https:\/\/lacortehotel.info\/de\/umgebung\/\",\"url\":\"https:\/\/lacortehotel.info\/de\/umgebung\/\",\"name\":\"Umgebung - La Corte Hotel\",\"isPartOf\":{\"@id\":\"https:\/\/lacortehotel.info\/de\/#website\"},\"primaryImageOfPage\":{\"@id\":\"https:\/\/lacortehotel.info\/de\/umgebung\/#primaryimage\"},\"image\":{\"@id\":\"https:\/\/lacortehotel.info\/de\/umgebung\/#primaryimage\"},\"thumbnailUrl\":\"https:\/\/lacortehotel.info\/wp-content\/uploads\/2023\/05\/La-corte-bacchiglione.jpg\",\"datePublished\":\"2023-05-12T12:41:37+00:00\",\"dateModified\":\"2025-04-15T12:36:05+00:00\",\"description\":\"Inmitten einer einzigartigen Naturlandschaft, an den Ufern des Bacchiglione.Bequem zu den wichtigsten Stra\u00dfen der Provinz von Padua, eignet sich wie \u201cZuhause\u201d f\u00fcr diejenigen\",\"breadcrumb\":{\"@id\":\"https:\/\/lacortehotel.info\/de\/umgebung\/#breadcrumb\"},\"inLanguage\":\"de\",\"potentialAction\":[{\"@type\":\"ReadAction\",\"target\":[\"https:\/\/lacortehotel.info\/de\/umgebung\/\"]}]},{\"@type\":\"ImageObject\",\"inLanguage\":\"de\",\"@id\":\"https:\/\/lacortehotel.info\/de\/umgebung\/#primaryimage\",\"url\":\"https:\/\/lacortehotel.info\/wp-content\/uploads\/2023\/05\/La-corte-bacchiglione.jpg\",\"contentUrl\":\"https:\/\/lacortehotel.info\/wp-content\/uploads\/2023\/05\/La-corte-bacchiglione.jpg\",\"width\":2560,\"height\":1440},{\"@type\":\"BreadcrumbList\",\"@id\":\"https:\/\/lacortehotel.info\/de\/umgebung\/#breadcrumb\",\"itemListElement\":[{\"@type\":\"ListItem\",\"position\":1,\"name\":\"Home\",\"item\":\"https:\/\/lacortehotel.info\/de\/\"},{\"@type\":\"ListItem\",\"position\":2,\"name\":\"Umgebung\"}]},{\"@type\":\"WebSite\",\"@id\":\"https:\/\/lacortehotel.info\/de\/#website\",\"url\":\"https:\/\/lacortehotel.info\/de\/\",\"name\":\"Hotel La Corte\",\"description\":\"Im Herzen der Poebene... Ihr zweites Zuhause!\",\"publisher\":{\"@id\":\"https:\/\/lacortehotel.info\/de\/#organization\"},\"alternateName\":\"La Corte di Correzzola\",\"potentialAction\":[{\"@type\":\"SearchAction\",\"target\":{\"@type\":\"EntryPoint\",\"urlTemplate\":\"https:\/\/lacortehotel.info\/de\/?s={search_term_string}\"},\"query-input\":{\"@type\":\"PropertyValueSpecification\",\"valueRequired\":true,\"valueName\":\"search_term_string\"}}],\"inLanguage\":\"de\"},{\"@type\":\"Organization\",\"@id\":\"https:\/\/lacortehotel.info\/de\/#organization\",\"name\":\"Hotel la Corte\",\"url\":\"https:\/\/lacortehotel.info\/de\/\",\"logo\":{\"@type\":\"ImageObject\",\"inLanguage\":\"de\",\"@id\":\"https:\/\/lacortehotel.info\/de\/#\/schema\/logo\/image\/\",\"url\":\"https:\/\/lacortehotel.info\/wp-content\/uploads\/2023\/05\/logo-sito-p-e1683800838815.png\",\"contentUrl\":\"https:\/\/lacortehotel.info\/wp-content\/uploads\/2023\/05\/logo-sito-p-e1683800838815.png\",\"width\":100,\"height\":94,\"caption\":\"Hotel la Corte\"},\"image\":{\"@id\":\"https:\/\/lacortehotel.info\/de\/#\/schema\/logo\/image\/\"},\"sameAs\":[\"https:\/\/www.facebook.com\/pages\/Hotel-La-Corte\/120373951334581\",\"https:\/\/www.instagram.com\/lacortecorrezzola\/\"]}]}<\/script>\n<!-- \/ Yoast SEO plugin. -->","yoast_head_json":{"title":"Umgebung - La Corte Hotel","description":"Inmitten einer einzigartigen Naturlandschaft, an den Ufern des Bacchiglione.Bequem zu den wichtigsten Stra\u00dfen der Provinz von Padua, eignet sich wie \u201cZuhause\u201d f\u00fcr diejenigen","robots":{"index":"index","follow":"follow","max-snippet":"max-snippet:-1","max-image-preview":"max-image-preview:large","max-video-preview":"max-video-preview:-1"},"canonical":"https:\/\/lacortehotel.info\/de\/umgebung\/","og_locale":"de_DE","og_type":"article","og_title":"Umgebung - La Corte Hotel","og_description":"Inmitten einer einzigartigen Naturlandschaft, an den Ufern des Bacchiglione.Bequem zu den wichtigsten Stra\u00dfen der Provinz von Padua, eignet sich wie \u201cZuhause\u201d f\u00fcr diejenigen","og_url":"https:\/\/lacortehotel.info\/de\/umgebung\/","og_site_name":"La Corte Hotel","article_publisher":"https:\/\/www.facebook.com\/pages\/Hotel-La-Corte\/120373951334581","article_modified_time":"2025-04-15T12:36:05+00:00","og_image":[{"width":2560,"height":1440,"url":"https:\/\/lacortehotel.info\/wp-content\/uploads\/2023\/05\/La-corte-bacchiglione.jpg","type":"image\/jpeg"}],"twitter_card":"summary_large_image","twitter_misc":{"Gesch\u00e4tzte Lesezeit":"1\u00a0Minute"},"schema":{"@context":"https:\/\/schema.org","@graph":[{"@type":"WebPage","@id":"https:\/\/lacortehotel.info\/de\/umgebung\/","url":"https:\/\/lacortehotel.info\/de\/umgebung\/","name":"Umgebung - La Corte Hotel","isPartOf":{"@id":"https:\/\/lacortehotel.info\/de\/#website"},"primaryImageOfPage":{"@id":"https:\/\/lacortehotel.info\/de\/umgebung\/#primaryimage"},"image":{"@id":"https:\/\/lacortehotel.info\/de\/umgebung\/#primaryimage"},"thumbnailUrl":"https:\/\/lacortehotel.info\/wp-content\/uploads\/2023\/05\/La-corte-bacchiglione.jpg","datePublished":"2023-05-12T12:41:37+00:00","dateModified":"2025-04-15T12:36:05+00:00","description":"Inmitten einer einzigartigen Naturlandschaft, an den Ufern des Bacchiglione.Bequem zu den wichtigsten Stra\u00dfen der Provinz von Padua, eignet sich wie \u201cZuhause\u201d f\u00fcr diejenigen","breadcrumb":{"@id":"https:\/\/lacortehotel.info\/de\/umgebung\/#breadcrumb"},"inLanguage":"de","potentialAction":[{"@type":"ReadAction","target":["https:\/\/lacortehotel.info\/de\/umgebung\/"]}]},{"@type":"ImageObject","inLanguage":"de","@id":"https:\/\/lacortehotel.info\/de\/umgebung\/#primaryimage","url":"https:\/\/lacortehotel.info\/wp-content\/uploads\/2023\/05\/La-corte-bacchiglione.jpg","contentUrl":"https:\/\/lacortehotel.info\/wp-content\/uploads\/2023\/05\/La-corte-bacchiglione.jpg","width":2560,"height":1440},{"@type":"BreadcrumbList","@id":"https:\/\/lacortehotel.info\/de\/umgebung\/#breadcrumb","itemListElement":[{"@type":"ListItem","position":1,"name":"Home","item":"https:\/\/lacortehotel.info\/de\/"},{"@type":"ListItem","position":2,"name":"Umgebung"}]},{"@type":"WebSite","@id":"https:\/\/lacortehotel.info\/de\/#website","url":"https:\/\/lacortehotel.info\/de\/","name":"Hotel La Corte","description":"Im Herzen der Poebene... Ihr zweites Zuhause!","publisher":{"@id":"https:\/\/lacortehotel.info\/de\/#organization"},"alternateName":"La Corte di Correzzola","potentialAction":[{"@type":"SearchAction","target":{"@type":"EntryPoint","urlTemplate":"https:\/\/lacortehotel.info\/de\/?s={search_term_string}"},"query-input":{"@type":"PropertyValueSpecification","valueRequired":true,"valueName":"search_term_string"}}],"inLanguage":"de"},{"@type":"Organization","@id":"https:\/\/lacortehotel.info\/de\/#organization","name":"Hotel la Corte","url":"https:\/\/lacortehotel.info\/de\/","logo":{"@type":"ImageObject","inLanguage":"de","@id":"https:\/\/lacortehotel.info\/de\/#\/schema\/logo\/image\/","url":"https:\/\/lacortehotel.info\/wp-content\/uploads\/2023\/05\/logo-sito-p-e1683800838815.png","contentUrl":"https:\/\/lacortehotel.info\/wp-content\/uploads\/2023\/05\/logo-sito-p-e1683800838815.png","width":100,"height":94,"caption":"Hotel la Corte"},"image":{"@id":"https:\/\/lacortehotel.info\/de\/#\/schema\/logo\/image\/"},"sameAs":["https:\/\/www.facebook.com\/pages\/Hotel-La-Corte\/120373951334581","https:\/\/www.instagram.com\/lacortecorrezzola\/"]}]}},"_links":{"self":[{"href":"https:\/\/lacortehotel.info\/de\/wp-json\/wp\/v2\/pages\/404","targetHints":{"allow":["GET"]}}],"collection":[{"href":"https:\/\/lacortehotel.info\/de\/wp-json\/wp\/v2\/pages"}],"about":[{"href":"https:\/\/lacortehotel.info\/de\/wp-json\/wp\/v2\/types\/page"}],"author":[{"embeddable":true,"href":"https:\/\/lacortehotel.info\/de\/wp-json\/wp\/v2\/users\/1"}],"replies":[{"embeddable":true,"href":"https:\/\/lacortehotel.info\/de\/wp-json\/wp\/v2\/comments?post=404"}],"version-history":[{"count":3,"href":"https:\/\/lacortehotel.info\/de\/wp-json\/wp\/v2\/pages\/404\/revisions"}],"predecessor-version":[{"id":1558,"href":"https:\/\/lacortehotel.info\/de\/wp-json\/wp\/v2\/pages\/404\/revisions\/1558"}],"wp:featuredmedia":[{"embeddable":true,"href":"https:\/\/lacortehotel.info\/de\/wp-json\/wp\/v2\/media\/345"}],"wp:attachment":[{"href":"https:\/\/lacortehotel.info\/de\/wp-json\/wp\/v2\/media?parent=404"}],"curies":[{"name":"wp","href":"https:\/\/api.w.org\/{rel}","templated":true}]}}