{"id":1001,"date":"2025-04-09T12:46:13","date_gmt":"2025-04-09T12:46:13","guid":{"rendered":"https:\/\/lacortehotel.info\/cerimonia-di-primavera-azteca\/"},"modified":"2025-04-15T12:25:48","modified_gmt":"2025-04-15T12:25:48","slug":"aztekische-fruehlingszeremonie","status":"publish","type":"page","link":"https:\/\/lacortehotel.info\/de\/umgebung\/aztekische-fruehlingszeremonie\/","title":{"rendered":"So nehmen Sie an der Aztekischen Fr\u00fchlingszeremonie teil \u2013 und wo Sie in Correzzola \u00fcbernachten k\u00f6nnen"},"content":{"rendered":"\n<p><strong>Aztekische Fr\u00fchlingszeremonie in Correzzola<\/strong>:<strong> ein einzigartiges spirituelles Erlebnis in Europa \u2013 nur wenige Schritte vom Hotel La Corte entfernt<\/strong><\/p>\n\n\n\n<p>Jedes Jahr, zwischen dem <strong>19. und 23. M\u00e4rz<\/strong>, findet in Correzzola ein au\u00dfergew\u00f6hnliches und seltenes Ereignis in Europa statt: die <strong>Fr\u00fchlingszeremonie der aztekischen Chichimeca-Tanzgemeinschaft<\/strong>. Es handelt sich um ein <strong>uraltes Ritual<\/strong> zur Feier der Tagundnachtgleiche mit T\u00e4nzen, Trommeln, Blumen und Ges\u00e4ngen \u2013 in einer Atmosph\u00e4re voller Energie und Spiritualit\u00e4t.<\/p>\n\n\n\n<p>Die Veranstaltung findet in der <strong><em>Corte Benedettina<\/em> in Correzzola<\/strong> statt \u2013 ein historisch bedeutender und symboltr\u00e4chtiger Ort, der sich ideal f\u00fcr rituelle Praktiken im Einklang mit der Natur und dem Neubeginn eignet. Wer teilnehmen oder einfach nur zuschauen m\u00f6chte, findet im <strong>Hotel La Corte<\/strong> die bequemste und authentischste Unterkunft: Es liegt <strong>nur wenige Schritte vom Veranstaltungsort entfernt<\/strong>.<\/p>\n\n\n\n<h3 class=\"wp-block-heading\">Was ist die Aztekische Fr\u00fchlingszeremonie?<\/h3>\n\n\n\n<p>Es handelt sich um eine uralte Feier aus der <strong>chichimekisch-aztekischen Tradition<\/strong>, bei der die Teilnehmenden in traditioneller Kleidung und bunten Federgew\u00e4ndern im Kreis tanzen und im Rhythmus der <strong>rituellen Trommeln<\/strong> eine kollektive Energie erzeugen.<\/p>\n\n\n\n<p>Im Mittelpunkt der Zeremonie stehen:<\/p>\n\n\n\n<ul class=\"wp-block-list\">\n<li><strong>Der Kreistanz<\/strong>, gemeinsam mit rituellen Bewegungen ausgef\u00fchrt<\/li>\n\n\n\n<li><strong>Das Blumen- und Speiseopfer<\/strong>, als Zeichen des Dankes an die Erde<\/li>\n\n\n\n<li><strong>Ges\u00e4nge in der Sprache Nahuatl<\/strong>, die das Ritual mit den spirituellen Wurzeln Alt-Mexikos verbinden<\/li>\n\n\n\n<li><strong>Das gemeinsame Teilen von Speisen<\/strong>, als geselliger und symbolischer Moment<\/li>\n<\/ul>\n\n\n\n<p>Die <strong>Atmosph\u00e4re<\/strong> ist <strong>offen<\/strong> und <strong>einladend<\/strong>: Man muss kein Experte sein oder zur Kultur geh\u00f6ren, um teilzunehmen oder zuzuschauen. Es ist ein Erlebnis, das das Herz und die Sensibilit\u00e4t derjenigen anspricht, die <strong>Authentizit\u00e4t<\/strong>, <strong>Verbindung zur Natur<\/strong> und zu <strong>den Wurzeln der Menschheit <\/strong>suchen.<\/p>\n\n\n\n<h3 class=\"wp-block-heading\">Warum im Hotel La Corte \u00fcbernachten?<\/h3>\n\n\n\n<p>Das <strong>Hotel La Corte<\/strong>, direkt neben der <em>Corte Benedettina<\/em> gelegen, bietet Ihnen die M\u00f6glichkeit:<\/p>\n\n\n\n<ul class=\"wp-block-list\">\n<li><strong>Die Zeremonie zu Fu\u00df zu erreichen<\/strong>, ohne auf Verkehrsmittel angewiesen zu sein<\/li>\n\n\n\n<li><strong>In ruhiger, naturnaher Umgebung zu \u00fcbernachten<\/strong><\/li>\n\n\n\n<li><strong>In einfachen, gepflegten <a href=\"https:\/\/lacortehotel.info\/de\/zimmer\/\">Zimmern<\/a> zu entspannen<\/strong>, auch f\u00fcr kleine Gruppen oder Praktizierende geeignet<\/li>\n\n\n\n<li><strong>Ein Fr\u00fchst\u00fcck f\u00fcr alle Bed\u00fcrfnisse zu genie\u00dfen<\/strong>, mit Optionen f\u00fcr Z\u00f6liakie-Betroffene und Laktoseintolerante<\/li>\n\n\n\n<li><strong>Ihren Hund mitzubringen<\/strong>, mit Teppich und Napf im Zimmer<\/li>\n\n\n\n<li><strong>Kostenlos zu parken<\/strong>, dank reservierter Stellpl\u00e4tze<\/li>\n<\/ul>\n\n\n\n<p>Das Hotel wird oft von Teilnehmenden spiritueller Veranstaltungen, ganzheitlicher Kurse und R\u00fcckzugsseminaren gew\u00e4hlt. Die Lage und die ruhige Atmosph\u00e4re eignen sich ideal f\u00fcr Momente der Stille, des Austauschs und der inneren Einkehr.<\/p>\n\n\n\n<h3 class=\"wp-block-heading\">Aztekische Fr\u00fchlingszeremonie: ein heiliges Ritual zwischen Tradition und Harmonie<\/h3>\n\n\n\n<p>Die Fr\u00fchlingszeremonie ist eine seltene Gelegenheit, sich mit der spirituellen Welt der <strong>Azteken<\/strong> zu <strong>verbinden<\/strong> und einen <strong>kollektiven Moment der Erneuerung<\/strong> zu erleben. Ob als Zuschauer, aktiver Teilnehmerin oder Begleiter*in \u2013 dieses Erlebnis hinterl\u00e4sst einen bleibenden Eindruck.<\/p>\n\n\n\n<h3 class=\"wp-block-heading\">Teilnahme und Unterkunft<\/h3>\n\n\n\n<p>Der Eintritt ist frei, doch das Interesse ist gro\u00df: <strong>Reservieren Sie fr\u00fchzeitig<\/strong>, um eine nahe und bequeme Unterkunft zu sichern.<\/p>\n\n\n\n<p><strong><a href=\"https:\/\/lacortehotel.info\/de\/\">Buchen Sie jetzt Ihren Aufenthalt im Hotel La Corte zur Aztekischen Fr\u00fchlingszeremonie<\/a>.<\/strong><br>Nur <strong>2 Gehminuten von der <em>Corte Benedettina<\/em><\/strong> entfernt, dem Veranstaltungsort.<br>Die Zeremonie findet zwischen dem 19. und 23. M\u00e4rz statt \u2013 <strong>wir freuen uns auf Sie<\/strong>!<\/p>\n","protected":false},"excerpt":{"rendered":"<p>Aztekische Fr\u00fchlingszeremonie in Correzzola: ein einzigartiges spirituelles Erlebnis in Europa \u2013 nur wenige Schritte vom Hotel La Corte entfernt Jedes Jahr, zwischen dem 19. und 23. M\u00e4rz, findet in Correzzola ein au\u00dfergew\u00f6hnliches und seltenes Ereignis in Europa statt: die Fr\u00fchlingszeremonie der aztekischen Chichimeca-Tanzgemeinschaft. Es handelt sich um ein uraltes Ritual zur Feier der Tagundnachtgleiche mit [&hellip;]<\/p>\n","protected":false},"author":2,"featured_media":998,"parent":404,"menu_order":0,"comment_status":"closed","ping_status":"closed","template":"templates\/lista-figlio.php","meta":{"_acf_changed":false,"inline_featured_image":false,"_joinchat":[],"footnotes":""},"class_list":["post-1001","page","type-page","status-publish","has-post-thumbnail","hentry"],"acf":[],"yoast_head":"<!-- This site is optimized with the Yoast SEO plugin v26.7 - https:\/\/yoast.com\/wordpress\/plugins\/seo\/ -->\n<title>Die Aztekische Fr\u00fchlingszeremonie und wo in Correzzola \u00fcbernachten<\/title>\n<meta name=\"description\" content=\"Erleben Sie die Aztekische Fr\u00fchlingszeremonie \u2013 Tanz, Trommeln und Spiritualit\u00e4t. Hotel La Corte liegt direkt am Veranstaltungsort!\" \/>\n<meta name=\"robots\" content=\"index, follow, max-snippet:-1, max-image-preview:large, max-video-preview:-1\" \/>\n<link rel=\"canonical\" href=\"https:\/\/lacortehotel.info\/de\/umgebung\/aztekische-fruehlingszeremonie\/\" \/>\n<meta property=\"og:locale\" content=\"de_DE\" \/>\n<meta property=\"og:type\" content=\"article\" \/>\n<meta property=\"og:title\" content=\"Die Aztekische Fr\u00fchlingszeremonie und wo in Correzzola \u00fcbernachten\" \/>\n<meta property=\"og:description\" content=\"Erleben Sie die Aztekische Fr\u00fchlingszeremonie \u2013 Tanz, Trommeln und Spiritualit\u00e4t. Hotel La Corte liegt direkt am Veranstaltungsort!\" \/>\n<meta property=\"og:url\" content=\"https:\/\/lacortehotel.info\/de\/umgebung\/aztekische-fruehlingszeremonie\/\" \/>\n<meta property=\"og:site_name\" content=\"La Corte Hotel\" \/>\n<meta property=\"article:publisher\" content=\"https:\/\/www.facebook.com\/pages\/Hotel-La-Corte\/120373951334581\" \/>\n<meta property=\"article:modified_time\" content=\"2025-04-15T12:25:48+00:00\" \/>\n<meta property=\"og:image\" content=\"https:\/\/lacortehotel.info\/wp-content\/uploads\/2025\/04\/Azteco-1920x840-1.webp\" \/>\n\t<meta property=\"og:image:width\" content=\"1920\" \/>\n\t<meta property=\"og:image:height\" content=\"839\" \/>\n\t<meta property=\"og:image:type\" content=\"image\/webp\" \/>\n<meta name=\"twitter:card\" content=\"summary_large_image\" \/>\n<meta name=\"twitter:label1\" content=\"Gesch\u00e4tzte Lesezeit\" \/>\n\t<meta name=\"twitter:data1\" content=\"3\u00a0Minuten\" \/>\n<script type=\"application\/ld+json\" class=\"yoast-schema-graph\">{\"@context\":\"https:\/\/schema.org\",\"@graph\":[{\"@type\":\"WebPage\",\"@id\":\"https:\/\/lacortehotel.info\/de\/umgebung\/aztekische-fruehlingszeremonie\/\",\"url\":\"https:\/\/lacortehotel.info\/de\/umgebung\/aztekische-fruehlingszeremonie\/\",\"name\":\"Die Aztekische Fr\u00fchlingszeremonie und wo in Correzzola \u00fcbernachten\",\"isPartOf\":{\"@id\":\"https:\/\/lacortehotel.info\/de\/#website\"},\"primaryImageOfPage\":{\"@id\":\"https:\/\/lacortehotel.info\/de\/umgebung\/aztekische-fruehlingszeremonie\/#primaryimage\"},\"image\":{\"@id\":\"https:\/\/lacortehotel.info\/de\/umgebung\/aztekische-fruehlingszeremonie\/#primaryimage\"},\"thumbnailUrl\":\"https:\/\/lacortehotel.info\/wp-content\/uploads\/2025\/04\/Azteco-1920x840-1.webp\",\"datePublished\":\"2025-04-09T12:46:13+00:00\",\"dateModified\":\"2025-04-15T12:25:48+00:00\",\"description\":\"Erleben Sie die Aztekische Fr\u00fchlingszeremonie \u2013 Tanz, Trommeln und Spiritualit\u00e4t. Hotel La Corte liegt direkt am Veranstaltungsort!\",\"breadcrumb\":{\"@id\":\"https:\/\/lacortehotel.info\/de\/umgebung\/aztekische-fruehlingszeremonie\/#breadcrumb\"},\"inLanguage\":\"de\",\"potentialAction\":[{\"@type\":\"ReadAction\",\"target\":[\"https:\/\/lacortehotel.info\/de\/umgebung\/aztekische-fruehlingszeremonie\/\"]}]},{\"@type\":\"ImageObject\",\"inLanguage\":\"de\",\"@id\":\"https:\/\/lacortehotel.info\/de\/umgebung\/aztekische-fruehlingszeremonie\/#primaryimage\",\"url\":\"https:\/\/lacortehotel.info\/wp-content\/uploads\/2025\/04\/Azteco-1920x840-1.webp\",\"contentUrl\":\"https:\/\/lacortehotel.info\/wp-content\/uploads\/2025\/04\/Azteco-1920x840-1.webp\",\"width\":1920,\"height\":839,\"caption\":\"Aztekische Fr\u00fchlingszeremonie\"},{\"@type\":\"BreadcrumbList\",\"@id\":\"https:\/\/lacortehotel.info\/de\/umgebung\/aztekische-fruehlingszeremonie\/#breadcrumb\",\"itemListElement\":[{\"@type\":\"ListItem\",\"position\":1,\"name\":\"Home\",\"item\":\"https:\/\/lacortehotel.info\/de\/\"},{\"@type\":\"ListItem\",\"position\":2,\"name\":\"So nehmen Sie an der Aztekischen Fr\u00fchlingszeremonie teil \u2013 und wo Sie in Correzzola \u00fcbernachten k\u00f6nnen\"}]},{\"@type\":\"WebSite\",\"@id\":\"https:\/\/lacortehotel.info\/de\/#website\",\"url\":\"https:\/\/lacortehotel.info\/de\/\",\"name\":\"Hotel La Corte\",\"description\":\"Im Herzen der Poebene... Ihr zweites Zuhause!\",\"publisher\":{\"@id\":\"https:\/\/lacortehotel.info\/de\/#organization\"},\"alternateName\":\"La Corte di Correzzola\",\"potentialAction\":[{\"@type\":\"SearchAction\",\"target\":{\"@type\":\"EntryPoint\",\"urlTemplate\":\"https:\/\/lacortehotel.info\/de\/?s={search_term_string}\"},\"query-input\":{\"@type\":\"PropertyValueSpecification\",\"valueRequired\":true,\"valueName\":\"search_term_string\"}}],\"inLanguage\":\"de\"},{\"@type\":\"Organization\",\"@id\":\"https:\/\/lacortehotel.info\/de\/#organization\",\"name\":\"Hotel la Corte\",\"url\":\"https:\/\/lacortehotel.info\/de\/\",\"logo\":{\"@type\":\"ImageObject\",\"inLanguage\":\"de\",\"@id\":\"https:\/\/lacortehotel.info\/de\/#\/schema\/logo\/image\/\",\"url\":\"https:\/\/lacortehotel.info\/wp-content\/uploads\/2023\/05\/logo-sito-p-e1683800838815.png\",\"contentUrl\":\"https:\/\/lacortehotel.info\/wp-content\/uploads\/2023\/05\/logo-sito-p-e1683800838815.png\",\"width\":100,\"height\":94,\"caption\":\"Hotel la Corte\"},\"image\":{\"@id\":\"https:\/\/lacortehotel.info\/de\/#\/schema\/logo\/image\/\"},\"sameAs\":[\"https:\/\/www.facebook.com\/pages\/Hotel-La-Corte\/120373951334581\",\"https:\/\/www.instagram.com\/lacortecorrezzola\/\"]}]}<\/script>\n<!-- \/ Yoast SEO plugin. -->","yoast_head_json":{"title":"Die Aztekische Fr\u00fchlingszeremonie und wo in Correzzola \u00fcbernachten","description":"Erleben Sie die Aztekische Fr\u00fchlingszeremonie \u2013 Tanz, Trommeln und Spiritualit\u00e4t. Hotel La Corte liegt direkt am Veranstaltungsort!","robots":{"index":"index","follow":"follow","max-snippet":"max-snippet:-1","max-image-preview":"max-image-preview:large","max-video-preview":"max-video-preview:-1"},"canonical":"https:\/\/lacortehotel.info\/de\/umgebung\/aztekische-fruehlingszeremonie\/","og_locale":"de_DE","og_type":"article","og_title":"Die Aztekische Fr\u00fchlingszeremonie und wo in Correzzola \u00fcbernachten","og_description":"Erleben Sie die Aztekische Fr\u00fchlingszeremonie \u2013 Tanz, Trommeln und Spiritualit\u00e4t. Hotel La Corte liegt direkt am Veranstaltungsort!","og_url":"https:\/\/lacortehotel.info\/de\/umgebung\/aztekische-fruehlingszeremonie\/","og_site_name":"La Corte Hotel","article_publisher":"https:\/\/www.facebook.com\/pages\/Hotel-La-Corte\/120373951334581","article_modified_time":"2025-04-15T12:25:48+00:00","og_image":[{"width":1920,"height":839,"url":"https:\/\/lacortehotel.info\/wp-content\/uploads\/2025\/04\/Azteco-1920x840-1.webp","type":"image\/webp"}],"twitter_card":"summary_large_image","twitter_misc":{"Gesch\u00e4tzte Lesezeit":"3\u00a0Minuten"},"schema":{"@context":"https:\/\/schema.org","@graph":[{"@type":"WebPage","@id":"https:\/\/lacortehotel.info\/de\/umgebung\/aztekische-fruehlingszeremonie\/","url":"https:\/\/lacortehotel.info\/de\/umgebung\/aztekische-fruehlingszeremonie\/","name":"Die Aztekische Fr\u00fchlingszeremonie und wo in Correzzola \u00fcbernachten","isPartOf":{"@id":"https:\/\/lacortehotel.info\/de\/#website"},"primaryImageOfPage":{"@id":"https:\/\/lacortehotel.info\/de\/umgebung\/aztekische-fruehlingszeremonie\/#primaryimage"},"image":{"@id":"https:\/\/lacortehotel.info\/de\/umgebung\/aztekische-fruehlingszeremonie\/#primaryimage"},"thumbnailUrl":"https:\/\/lacortehotel.info\/wp-content\/uploads\/2025\/04\/Azteco-1920x840-1.webp","datePublished":"2025-04-09T12:46:13+00:00","dateModified":"2025-04-15T12:25:48+00:00","description":"Erleben Sie die Aztekische Fr\u00fchlingszeremonie \u2013 Tanz, Trommeln und Spiritualit\u00e4t. Hotel La Corte liegt direkt am Veranstaltungsort!","breadcrumb":{"@id":"https:\/\/lacortehotel.info\/de\/umgebung\/aztekische-fruehlingszeremonie\/#breadcrumb"},"inLanguage":"de","potentialAction":[{"@type":"ReadAction","target":["https:\/\/lacortehotel.info\/de\/umgebung\/aztekische-fruehlingszeremonie\/"]}]},{"@type":"ImageObject","inLanguage":"de","@id":"https:\/\/lacortehotel.info\/de\/umgebung\/aztekische-fruehlingszeremonie\/#primaryimage","url":"https:\/\/lacortehotel.info\/wp-content\/uploads\/2025\/04\/Azteco-1920x840-1.webp","contentUrl":"https:\/\/lacortehotel.info\/wp-content\/uploads\/2025\/04\/Azteco-1920x840-1.webp","width":1920,"height":839,"caption":"Aztekische Fr\u00fchlingszeremonie"},{"@type":"BreadcrumbList","@id":"https:\/\/lacortehotel.info\/de\/umgebung\/aztekische-fruehlingszeremonie\/#breadcrumb","itemListElement":[{"@type":"ListItem","position":1,"name":"Home","item":"https:\/\/lacortehotel.info\/de\/"},{"@type":"ListItem","position":2,"name":"So nehmen Sie an der Aztekischen Fr\u00fchlingszeremonie teil \u2013 und wo Sie in Correzzola \u00fcbernachten k\u00f6nnen"}]},{"@type":"WebSite","@id":"https:\/\/lacortehotel.info\/de\/#website","url":"https:\/\/lacortehotel.info\/de\/","name":"Hotel La Corte","description":"Im Herzen der Poebene... Ihr zweites Zuhause!","publisher":{"@id":"https:\/\/lacortehotel.info\/de\/#organization"},"alternateName":"La Corte di Correzzola","potentialAction":[{"@type":"SearchAction","target":{"@type":"EntryPoint","urlTemplate":"https:\/\/lacortehotel.info\/de\/?s={search_term_string}"},"query-input":{"@type":"PropertyValueSpecification","valueRequired":true,"valueName":"search_term_string"}}],"inLanguage":"de"},{"@type":"Organization","@id":"https:\/\/lacortehotel.info\/de\/#organization","name":"Hotel la Corte","url":"https:\/\/lacortehotel.info\/de\/","logo":{"@type":"ImageObject","inLanguage":"de","@id":"https:\/\/lacortehotel.info\/de\/#\/schema\/logo\/image\/","url":"https:\/\/lacortehotel.info\/wp-content\/uploads\/2023\/05\/logo-sito-p-e1683800838815.png","contentUrl":"https:\/\/lacortehotel.info\/wp-content\/uploads\/2023\/05\/logo-sito-p-e1683800838815.png","width":100,"height":94,"caption":"Hotel la Corte"},"image":{"@id":"https:\/\/lacortehotel.info\/de\/#\/schema\/logo\/image\/"},"sameAs":["https:\/\/www.facebook.com\/pages\/Hotel-La-Corte\/120373951334581","https:\/\/www.instagram.com\/lacortecorrezzola\/"]}]}},"_links":{"self":[{"href":"https:\/\/lacortehotel.info\/de\/wp-json\/wp\/v2\/pages\/1001","targetHints":{"allow":["GET"]}}],"collection":[{"href":"https:\/\/lacortehotel.info\/de\/wp-json\/wp\/v2\/pages"}],"about":[{"href":"https:\/\/lacortehotel.info\/de\/wp-json\/wp\/v2\/types\/page"}],"author":[{"embeddable":true,"href":"https:\/\/lacortehotel.info\/de\/wp-json\/wp\/v2\/users\/2"}],"replies":[{"embeddable":true,"href":"https:\/\/lacortehotel.info\/de\/wp-json\/wp\/v2\/comments?post=1001"}],"version-history":[{"count":6,"href":"https:\/\/lacortehotel.info\/de\/wp-json\/wp\/v2\/pages\/1001\/revisions"}],"predecessor-version":[{"id":1550,"href":"https:\/\/lacortehotel.info\/de\/wp-json\/wp\/v2\/pages\/1001\/revisions\/1550"}],"up":[{"embeddable":true,"href":"https:\/\/lacortehotel.info\/de\/wp-json\/wp\/v2\/pages\/404"}],"wp:featuredmedia":[{"embeddable":true,"href":"https:\/\/lacortehotel.info\/de\/wp-json\/wp\/v2\/media\/998"}],"wp:attachment":[{"href":"https:\/\/lacortehotel.info\/de\/wp-json\/wp\/v2\/media?parent=1001"}],"curies":[{"name":"wp","href":"https:\/\/api.w.org\/{rel}","templated":true}]}}