{"id":999,"date":"2025-04-09T12:46:13","date_gmt":"2025-04-09T12:46:13","guid":{"rendered":"https:\/\/lacortehotel.info\/cerimonia-di-primavera-azteca\/"},"modified":"2025-04-15T12:26:08","modified_gmt":"2025-04-15T12:26:08","slug":"aztecka-jarni-ceremonie","status":"publish","type":"page","link":"https:\/\/lacortehotel.info\/cs\/okoli\/aztecka-jarni-ceremonie\/","title":{"rendered":"Jak se z\u00fa\u010dastnit Azt\u00e9ck\u00e9 Jarn\u00ed Ceremonie a kde se ubytovat v Correzzole"},"content":{"rendered":"\n<p><strong>Jak se z\u00fa\u010dastnit Azt\u00e9ck\u00e9 Jarn\u00ed Ceremonie a kde se ubytovat v Correzzole: Jedine\u010dn\u00fd duchovn\u00ed z\u00e1\u017eitek v Evrop\u011b \u2013 jen p\u00e1r krok\u016f od hotelu La Corte<\/strong><\/p>\n\n\n\n<p>Ka\u017ed\u00fd rok, mezi <strong>19. a 23. b\u0159eznem<\/strong>, host\u00ed m\u011bsto Correzzola v\u00fdjime\u010dnou a v Evrop\u011b ojedin\u011blou ud\u00e1lost: <strong>Jarn\u00ed ceremonii tane\u010dn\u00ed komunity Azt\u00e9k\u016f Chichimec\u016f<\/strong>. Jedn\u00e1 se o starobyl\u00fd ritu\u00e1l oslavuj\u00edc\u00ed jarn\u00ed rovnodennost tancem, bubny, kv\u011btinami a zp\u011bvy \u2013 v atmosf\u00e9\u0159e pln\u00e9 energie a duchovna.<\/p>\n\n\n\n<p>Akce se kon\u00e1 v <strong>benediktinsk\u00e9m dvo\u0159e <em>Corte Benedettina<\/em> v Correzzole<\/strong>, historicky i symbolicky v\u00fdznamn\u00e9m m\u00edst\u011b, kter\u00e9 ide\u00e1ln\u011b spojuje duchovn\u00ed ritu\u00e1ly s p\u0159\u00edrodou a obnovou. Pokud se chcete z\u00fa\u010dastnit nebo pouze p\u0159ihl\u00ed\u017eet tomuto kulturn\u00edmu a duchovn\u00edmu setk\u00e1n\u00ed, <strong>hotel La Corte<\/strong> je nejpohodln\u011bj\u0161\u00ed a nejautenti\u010dt\u011bj\u0161\u00ed volbou \u2013 nach\u00e1z\u00ed se <strong>jen p\u00e1r krok\u016f od m\u00edsta kon\u00e1n\u00ed<\/strong>.<\/p>\n\n\n\n<h3 class=\"wp-block-heading\">Co je Azt\u00e9ck\u00e1 Jarn\u00ed Ceremonie?<\/h3>\n\n\n\n<p>Jedn\u00e1 se o d\u00e1vnou oslavu p\u0159ed\u00e1vanou z <strong>chichimecko-azt\u00e9ck\u00e9 tradice<\/strong>, p\u0159i kter\u00e9 \u00fa\u010dastn\u00edci ve slavnostn\u00edch kroj\u00edch a pestr\u00fdch pe\u0159\u00ed\u010dk\u00e1ch tan\u010d\u00ed v kruhu v rytmu <strong>ritu\u00e1ln\u00edch bubn\u016f<\/strong> a vytv\u00e1\u0159ej\u00ed spole\u010dnou vlnu energie.<\/p>\n\n\n\n<p>Hlavn\u00edmi prvky ceremonie jsou:<\/p>\n\n\n\n<ul class=\"wp-block-list\">\n<li><strong>Kruhov\u00fd tanec<\/strong>, prov\u00e1d\u011bn\u00fd skupinou pomoc\u00ed ritu\u00e1ln\u00edch pohyb\u016f<\/li>\n\n\n\n<li><strong>Ob\u011btov\u00e1n\u00ed kv\u011btin a j\u00eddla<\/strong> jako projev vd\u011b\u010dnosti Zemi<\/li>\n\n\n\n<li><strong>Zp\u011bvy v jazyce nahuatl<\/strong>, kter\u00e9 ritu\u00e1l propojuj\u00ed s duchovn\u00edmi ko\u0159eny star\u00e9ho Mexika<\/li>\n\n\n\n<li><strong>Sd\u00edlen\u00ed j\u00eddla<\/strong>, symbolick\u00fd a spole\u010densk\u00fd okam\u017eik<\/li>\n<\/ul>\n\n\n\n<p>Atmosf\u00e9ra je otev\u0159en\u00e1 a p\u0159\u00edv\u011btiv\u00e1: pro \u00fa\u010dast ani pozorov\u00e1n\u00ed nen\u00ed pot\u0159eba \u017e\u00e1dn\u00e9 speci\u00e1ln\u00ed znalosti ani kulturn\u00ed z\u00e1zem\u00ed. Jde o ud\u00e1lost, kter\u00e1 oslovuje srdce a citlivost t\u011bch, kdo hledaj\u00ed autenticitu, spojen\u00ed s p\u0159\u00edrodou a ko\u0159eny lidstva.<\/p>\n\n\n\n<h3 class=\"wp-block-heading\">Pro\u010d se ubytovat v hotelu La Corte<\/h3>\n\n\n\n<p>Hotel <strong>La Corte<\/strong>, kter\u00fd se nach\u00e1z\u00ed hned vedle <em>Corte Benedettina<\/em>, v\u00e1m umo\u017en\u00ed:<\/p>\n\n\n\n<ul class=\"wp-block-list\">\n<li><strong>Doj\u00edt na ceremonii p\u011b\u0161ky<\/strong>, bez nutnosti dopravy<\/li>\n\n\n\n<li><strong>Ubytovat se na klidn\u00e9m m\u00edst\u011b uprost\u0159ed p\u0159\u00edrody<\/strong><\/li>\n\n\n\n<li><strong>Odpo\u010dinout si v jednoduch\u00fdch, ale pe\u010dliv\u011b upraven\u00fdch <a href=\"https:\/\/lacortehotel.info\/cs\/pokoje\/\">pokoj\u00edch<\/a><\/strong>, vhodn\u00fdch i pro mal\u00e9 skupiny nebo praktikuj\u00edc\u00ed<\/li>\n\n\n\n<li><strong>Vychutnat si sn\u00eddani vhodnou pro v\u0161echny<\/strong>, v\u010detn\u011b mo\u017enost\u00ed pro celiaky a osoby s intoleranc\u00ed lakt\u00f3zy<\/li>\n\n\n\n<li><strong>P\u0159ijet se psem<\/strong>, v pokoji bude p\u0159ipraven kobere\u010dek a miska<\/li>\n\n\n\n<li><strong>Vyu\u017e\u00edt bezplatn\u00e9 parkovi\u0161t\u011b<\/strong>, bez starost\u00ed s parkov\u00e1n\u00edm<\/li>\n<\/ul>\n\n\n\n<p>Hotel je \u010dasto volen \u00fa\u010dastn\u00edky duchovn\u00edch akc\u00ed, holistick\u00fdch kurz\u016f a pobyt\u016f: jeho poloha a diskr\u00e9tn\u00ed atmosf\u00e9ra ho \u010din\u00ed ide\u00e1ln\u00edm m\u00edstem pro chv\u00edle zti\u0161en\u00ed, sd\u00edlen\u00ed a vnit\u0159n\u00edho spojen\u00ed.<\/p>\n\n\n\n<h3 class=\"wp-block-heading\">Jak se z\u00fa\u010dastnit Azt\u00e9ck\u00e9 Jarn\u00ed Ceremonie a kde se ubytovat v Correzzole: Posv\u00e1tn\u00fd ritu\u00e1l mezi tradic\u00ed a harmoni\u00ed<\/h3>\n\n\n\n<p>Jarn\u00ed ceremonie je vz\u00e1cnou p\u0159\u00edle\u017eitost\u00ed propojit se s duchovn\u00edm sv\u011btem <strong>Azt\u00e9k\u016f<\/strong> a za\u017e\u00edt spole\u010dn\u00fd moment obnovy. A\u0165 u\u017e se rozhodnete pouze sledovat, aktivn\u011b se zapojit nebo doprov\u00e1zet n\u011bkoho jin\u00e9ho, jde o z\u00e1\u017eitek, kter\u00fd zanech\u00e1 hlubok\u00fd dojem.<\/p>\n\n\n\n<h3 class=\"wp-block-heading\">Jak se z\u00fa\u010dastnit a kde se ubytovat<\/h3>\n\n\n\n<p>Vstup je zdarma, ale z\u00e1jem b\u00fdv\u00e1 velk\u00fd: <strong>doporu\u010dujeme rezervaci ubytov\u00e1n\u00ed p\u0159edem<\/strong>, abyste m\u011bli pohodl\u00ed i bl\u00edzkost k m\u00edstu kon\u00e1n\u00ed.<\/p>\n\n\n\n<p><strong><a href=\"https:\/\/lacortehotel.info\/cs\/\">Rezervujte si pobyt v hotelu La Corte b\u011bhem Azt\u00e9ck\u00e9 Jarn\u00ed Ceremonie je\u0161t\u011b dnes<\/a>.<\/strong><br>Jsme jen <strong>2 minuty ch\u016fze<\/strong> od <em>Corte Benedettina<\/em>, kde se akce kon\u00e1.<br>T\u011b\u0161\u00edme se na v\u00e1s mezi 19. a 23. <strong>b\u0159eznem<\/strong>!<\/p>\n","protected":false},"excerpt":{"rendered":"<p>Jak se z\u00fa\u010dastnit Azt\u00e9ck\u00e9 Jarn\u00ed Ceremonie a kde se ubytovat v Correzzole: Jedine\u010dn\u00fd duchovn\u00ed z\u00e1\u017eitek v Evrop\u011b \u2013 jen p\u00e1r krok\u016f od hotelu La Corte Ka\u017ed\u00fd rok, mezi 19. a 23. b\u0159eznem, host\u00ed m\u011bsto Correzzola v\u00fdjime\u010dnou a v Evrop\u011b ojedin\u011blou ud\u00e1lost: Jarn\u00ed ceremonii tane\u010dn\u00ed komunity Azt\u00e9k\u016f Chichimec\u016f. Jedn\u00e1 se o starobyl\u00fd ritu\u00e1l oslavuj\u00edc\u00ed jarn\u00ed rovnodennost [&hellip;]<\/p>\n","protected":false},"author":2,"featured_media":996,"parent":596,"menu_order":0,"comment_status":"closed","ping_status":"closed","template":"templates\/lista-figlio.php","meta":{"_acf_changed":false,"inline_featured_image":false,"_joinchat":[],"footnotes":""},"class_list":["post-999","page","type-page","status-publish","has-post-thumbnail","hentry"],"acf":[],"yoast_head":"<!-- This site is optimized with the Yoast SEO plugin v26.7 - https:\/\/yoast.com\/wordpress\/plugins\/seo\/ -->\n<title>Jak se z\u00fa\u010dastnit Azt\u00e9ck\u00e9 Jarn\u00ed Ceremonie v Correzzole<\/title>\n<meta name=\"description\" content=\"Azt\u00e9ck\u00e9 Jarn\u00ed Ceremonie: tanec, bubny a spiritualita. Hotel La Corte je hned vedle m\u00edsta kon\u00e1n\u00ed. Rezervujte nyn\u00ed.\" \/>\n<meta name=\"robots\" content=\"index, follow, max-snippet:-1, max-image-preview:large, max-video-preview:-1\" \/>\n<link rel=\"canonical\" href=\"https:\/\/lacortehotel.info\/cs\/okoli\/aztecka-jarni-ceremonie\/\" \/>\n<meta property=\"og:locale\" content=\"cs_CZ\" \/>\n<meta property=\"og:type\" content=\"article\" \/>\n<meta property=\"og:title\" content=\"Jak se z\u00fa\u010dastnit Azt\u00e9ck\u00e9 Jarn\u00ed Ceremonie v Correzzole\" \/>\n<meta property=\"og:description\" content=\"Azt\u00e9ck\u00e9 Jarn\u00ed Ceremonie: tanec, bubny a spiritualita. Hotel La Corte je hned vedle m\u00edsta kon\u00e1n\u00ed. Rezervujte nyn\u00ed.\" \/>\n<meta property=\"og:url\" content=\"https:\/\/lacortehotel.info\/cs\/okoli\/aztecka-jarni-ceremonie\/\" \/>\n<meta property=\"og:site_name\" content=\"La Corte Hotel\" \/>\n<meta property=\"article:publisher\" content=\"https:\/\/www.facebook.com\/pages\/Hotel-La-Corte\/120373951334581\" \/>\n<meta property=\"article:modified_time\" content=\"2025-04-15T12:26:08+00:00\" \/>\n<meta property=\"og:image\" content=\"https:\/\/lacortehotel.info\/wp-content\/uploads\/2025\/04\/Azteco-1920x840-1.webp\" \/>\n\t<meta property=\"og:image:width\" content=\"1920\" \/>\n\t<meta property=\"og:image:height\" content=\"839\" \/>\n\t<meta property=\"og:image:type\" content=\"image\/webp\" \/>\n<meta name=\"twitter:card\" content=\"summary_large_image\" \/>\n<meta name=\"twitter:label1\" content=\"Odhadovan\u00e1 doba \u010dten\u00ed\" \/>\n\t<meta name=\"twitter:data1\" content=\"3 minuty\" \/>\n<script type=\"application\/ld+json\" class=\"yoast-schema-graph\">{\"@context\":\"https:\/\/schema.org\",\"@graph\":[{\"@type\":\"WebPage\",\"@id\":\"https:\/\/lacortehotel.info\/cs\/okoli\/aztecka-jarni-ceremonie\/\",\"url\":\"https:\/\/lacortehotel.info\/cs\/okoli\/aztecka-jarni-ceremonie\/\",\"name\":\"Jak se z\u00fa\u010dastnit Azt\u00e9ck\u00e9 Jarn\u00ed Ceremonie v Correzzole\",\"isPartOf\":{\"@id\":\"https:\/\/lacortehotel.info\/cs\/#website\"},\"primaryImageOfPage\":{\"@id\":\"https:\/\/lacortehotel.info\/cs\/okoli\/aztecka-jarni-ceremonie\/#primaryimage\"},\"image\":{\"@id\":\"https:\/\/lacortehotel.info\/cs\/okoli\/aztecka-jarni-ceremonie\/#primaryimage\"},\"thumbnailUrl\":\"https:\/\/lacortehotel.info\/wp-content\/uploads\/2025\/04\/Azteco-1920x840-1.webp\",\"datePublished\":\"2025-04-09T12:46:13+00:00\",\"dateModified\":\"2025-04-15T12:26:08+00:00\",\"description\":\"Azt\u00e9ck\u00e9 Jarn\u00ed Ceremonie: tanec, bubny a spiritualita. Hotel La Corte je hned vedle m\u00edsta kon\u00e1n\u00ed. Rezervujte nyn\u00ed.\",\"breadcrumb\":{\"@id\":\"https:\/\/lacortehotel.info\/cs\/okoli\/aztecka-jarni-ceremonie\/#breadcrumb\"},\"inLanguage\":\"cs\",\"potentialAction\":[{\"@type\":\"ReadAction\",\"target\":[\"https:\/\/lacortehotel.info\/cs\/okoli\/aztecka-jarni-ceremonie\/\"]}]},{\"@type\":\"ImageObject\",\"inLanguage\":\"cs\",\"@id\":\"https:\/\/lacortehotel.info\/cs\/okoli\/aztecka-jarni-ceremonie\/#primaryimage\",\"url\":\"https:\/\/lacortehotel.info\/wp-content\/uploads\/2025\/04\/Azteco-1920x840-1.webp\",\"contentUrl\":\"https:\/\/lacortehotel.info\/wp-content\/uploads\/2025\/04\/Azteco-1920x840-1.webp\",\"width\":1920,\"height\":839,\"caption\":\"Azt\u00e9ck\u00e1 Jarn\u00ed Ceremonie\"},{\"@type\":\"BreadcrumbList\",\"@id\":\"https:\/\/lacortehotel.info\/cs\/okoli\/aztecka-jarni-ceremonie\/#breadcrumb\",\"itemListElement\":[{\"@type\":\"ListItem\",\"position\":1,\"name\":\"Home\",\"item\":\"https:\/\/lacortehotel.info\/cs\/\"},{\"@type\":\"ListItem\",\"position\":2,\"name\":\"Jak se z\u00fa\u010dastnit Azt\u00e9ck\u00e9 Jarn\u00ed Ceremonie a kde se ubytovat v Correzzole\"}]},{\"@type\":\"WebSite\",\"@id\":\"https:\/\/lacortehotel.info\/cs\/#website\",\"url\":\"https:\/\/lacortehotel.info\/cs\/\",\"name\":\"Hotel La Corte\",\"description\":\"V srdci P\u00e1dsk\u00e9 n\u00ed\u017einy... v\u00e1\u0161 druh\u00fd domov!\",\"publisher\":{\"@id\":\"https:\/\/lacortehotel.info\/cs\/#organization\"},\"alternateName\":\"La Corte di Correzzola\",\"potentialAction\":[{\"@type\":\"SearchAction\",\"target\":{\"@type\":\"EntryPoint\",\"urlTemplate\":\"https:\/\/lacortehotel.info\/cs\/?s={search_term_string}\"},\"query-input\":{\"@type\":\"PropertyValueSpecification\",\"valueRequired\":true,\"valueName\":\"search_term_string\"}}],\"inLanguage\":\"cs\"},{\"@type\":\"Organization\",\"@id\":\"https:\/\/lacortehotel.info\/cs\/#organization\",\"name\":\"Hotel la Corte\",\"url\":\"https:\/\/lacortehotel.info\/cs\/\",\"logo\":{\"@type\":\"ImageObject\",\"inLanguage\":\"cs\",\"@id\":\"https:\/\/lacortehotel.info\/cs\/#\/schema\/logo\/image\/\",\"url\":\"https:\/\/lacortehotel.info\/wp-content\/uploads\/2023\/05\/logo-sito-p-e1683800838815.png\",\"contentUrl\":\"https:\/\/lacortehotel.info\/wp-content\/uploads\/2023\/05\/logo-sito-p-e1683800838815.png\",\"width\":100,\"height\":94,\"caption\":\"Hotel la Corte\"},\"image\":{\"@id\":\"https:\/\/lacortehotel.info\/cs\/#\/schema\/logo\/image\/\"},\"sameAs\":[\"https:\/\/www.facebook.com\/pages\/Hotel-La-Corte\/120373951334581\",\"https:\/\/www.instagram.com\/lacortecorrezzola\/\"]}]}<\/script>\n<!-- \/ Yoast SEO plugin. -->","yoast_head_json":{"title":"Jak se z\u00fa\u010dastnit Azt\u00e9ck\u00e9 Jarn\u00ed Ceremonie v Correzzole","description":"Azt\u00e9ck\u00e9 Jarn\u00ed Ceremonie: tanec, bubny a spiritualita. Hotel La Corte je hned vedle m\u00edsta kon\u00e1n\u00ed. Rezervujte nyn\u00ed.","robots":{"index":"index","follow":"follow","max-snippet":"max-snippet:-1","max-image-preview":"max-image-preview:large","max-video-preview":"max-video-preview:-1"},"canonical":"https:\/\/lacortehotel.info\/cs\/okoli\/aztecka-jarni-ceremonie\/","og_locale":"cs_CZ","og_type":"article","og_title":"Jak se z\u00fa\u010dastnit Azt\u00e9ck\u00e9 Jarn\u00ed Ceremonie v Correzzole","og_description":"Azt\u00e9ck\u00e9 Jarn\u00ed Ceremonie: tanec, bubny a spiritualita. Hotel La Corte je hned vedle m\u00edsta kon\u00e1n\u00ed. Rezervujte nyn\u00ed.","og_url":"https:\/\/lacortehotel.info\/cs\/okoli\/aztecka-jarni-ceremonie\/","og_site_name":"La Corte Hotel","article_publisher":"https:\/\/www.facebook.com\/pages\/Hotel-La-Corte\/120373951334581","article_modified_time":"2025-04-15T12:26:08+00:00","og_image":[{"width":1920,"height":839,"url":"https:\/\/lacortehotel.info\/wp-content\/uploads\/2025\/04\/Azteco-1920x840-1.webp","type":"image\/webp"}],"twitter_card":"summary_large_image","twitter_misc":{"Odhadovan\u00e1 doba \u010dten\u00ed":"3 minuty"},"schema":{"@context":"https:\/\/schema.org","@graph":[{"@type":"WebPage","@id":"https:\/\/lacortehotel.info\/cs\/okoli\/aztecka-jarni-ceremonie\/","url":"https:\/\/lacortehotel.info\/cs\/okoli\/aztecka-jarni-ceremonie\/","name":"Jak se z\u00fa\u010dastnit Azt\u00e9ck\u00e9 Jarn\u00ed Ceremonie v Correzzole","isPartOf":{"@id":"https:\/\/lacortehotel.info\/cs\/#website"},"primaryImageOfPage":{"@id":"https:\/\/lacortehotel.info\/cs\/okoli\/aztecka-jarni-ceremonie\/#primaryimage"},"image":{"@id":"https:\/\/lacortehotel.info\/cs\/okoli\/aztecka-jarni-ceremonie\/#primaryimage"},"thumbnailUrl":"https:\/\/lacortehotel.info\/wp-content\/uploads\/2025\/04\/Azteco-1920x840-1.webp","datePublished":"2025-04-09T12:46:13+00:00","dateModified":"2025-04-15T12:26:08+00:00","description":"Azt\u00e9ck\u00e9 Jarn\u00ed Ceremonie: tanec, bubny a spiritualita. Hotel La Corte je hned vedle m\u00edsta kon\u00e1n\u00ed. Rezervujte nyn\u00ed.","breadcrumb":{"@id":"https:\/\/lacortehotel.info\/cs\/okoli\/aztecka-jarni-ceremonie\/#breadcrumb"},"inLanguage":"cs","potentialAction":[{"@type":"ReadAction","target":["https:\/\/lacortehotel.info\/cs\/okoli\/aztecka-jarni-ceremonie\/"]}]},{"@type":"ImageObject","inLanguage":"cs","@id":"https:\/\/lacortehotel.info\/cs\/okoli\/aztecka-jarni-ceremonie\/#primaryimage","url":"https:\/\/lacortehotel.info\/wp-content\/uploads\/2025\/04\/Azteco-1920x840-1.webp","contentUrl":"https:\/\/lacortehotel.info\/wp-content\/uploads\/2025\/04\/Azteco-1920x840-1.webp","width":1920,"height":839,"caption":"Azt\u00e9ck\u00e1 Jarn\u00ed Ceremonie"},{"@type":"BreadcrumbList","@id":"https:\/\/lacortehotel.info\/cs\/okoli\/aztecka-jarni-ceremonie\/#breadcrumb","itemListElement":[{"@type":"ListItem","position":1,"name":"Home","item":"https:\/\/lacortehotel.info\/cs\/"},{"@type":"ListItem","position":2,"name":"Jak se z\u00fa\u010dastnit Azt\u00e9ck\u00e9 Jarn\u00ed Ceremonie a kde se ubytovat v Correzzole"}]},{"@type":"WebSite","@id":"https:\/\/lacortehotel.info\/cs\/#website","url":"https:\/\/lacortehotel.info\/cs\/","name":"Hotel La Corte","description":"V srdci P\u00e1dsk\u00e9 n\u00ed\u017einy... v\u00e1\u0161 druh\u00fd domov!","publisher":{"@id":"https:\/\/lacortehotel.info\/cs\/#organization"},"alternateName":"La Corte di Correzzola","potentialAction":[{"@type":"SearchAction","target":{"@type":"EntryPoint","urlTemplate":"https:\/\/lacortehotel.info\/cs\/?s={search_term_string}"},"query-input":{"@type":"PropertyValueSpecification","valueRequired":true,"valueName":"search_term_string"}}],"inLanguage":"cs"},{"@type":"Organization","@id":"https:\/\/lacortehotel.info\/cs\/#organization","name":"Hotel la Corte","url":"https:\/\/lacortehotel.info\/cs\/","logo":{"@type":"ImageObject","inLanguage":"cs","@id":"https:\/\/lacortehotel.info\/cs\/#\/schema\/logo\/image\/","url":"https:\/\/lacortehotel.info\/wp-content\/uploads\/2023\/05\/logo-sito-p-e1683800838815.png","contentUrl":"https:\/\/lacortehotel.info\/wp-content\/uploads\/2023\/05\/logo-sito-p-e1683800838815.png","width":100,"height":94,"caption":"Hotel la Corte"},"image":{"@id":"https:\/\/lacortehotel.info\/cs\/#\/schema\/logo\/image\/"},"sameAs":["https:\/\/www.facebook.com\/pages\/Hotel-La-Corte\/120373951334581","https:\/\/www.instagram.com\/lacortecorrezzola\/"]}]}},"_links":{"self":[{"href":"https:\/\/lacortehotel.info\/cs\/wp-json\/wp\/v2\/pages\/999","targetHints":{"allow":["GET"]}}],"collection":[{"href":"https:\/\/lacortehotel.info\/cs\/wp-json\/wp\/v2\/pages"}],"about":[{"href":"https:\/\/lacortehotel.info\/cs\/wp-json\/wp\/v2\/types\/page"}],"author":[{"embeddable":true,"href":"https:\/\/lacortehotel.info\/cs\/wp-json\/wp\/v2\/users\/2"}],"replies":[{"embeddable":true,"href":"https:\/\/lacortehotel.info\/cs\/wp-json\/wp\/v2\/comments?post=999"}],"version-history":[{"count":7,"href":"https:\/\/lacortehotel.info\/cs\/wp-json\/wp\/v2\/pages\/999\/revisions"}],"predecessor-version":[{"id":1551,"href":"https:\/\/lacortehotel.info\/cs\/wp-json\/wp\/v2\/pages\/999\/revisions\/1551"}],"up":[{"embeddable":true,"href":"https:\/\/lacortehotel.info\/cs\/wp-json\/wp\/v2\/pages\/596"}],"wp:featuredmedia":[{"embeddable":true,"href":"https:\/\/lacortehotel.info\/cs\/wp-json\/wp\/v2\/media\/996"}],"wp:attachment":[{"href":"https:\/\/lacortehotel.info\/cs\/wp-json\/wp\/v2\/media?parent=999"}],"curies":[{"name":"wp","href":"https:\/\/api.w.org\/{rel}","templated":true}]}}