{"id":935,"date":"2025-04-09T10:44:03","date_gmt":"2025-04-09T10:44:03","guid":{"rendered":"https:\/\/lacortehotel.info\/?page_id=935"},"modified":"2025-04-15T12:23:15","modified_gmt":"2025-04-15T12:23:15","slug":"marciliana-v-correzzole","status":"publish","type":"page","link":"https:\/\/lacortehotel.info\/cs\/okoli\/marciliana-v-correzzole\/","title":{"rendered":"Kde se ubytovat b\u011bhem Marciliana v Correzzole"},"content":{"rendered":"\n<p><strong>Za\u017eijte nejp\u016fsobiv\u011bj\u0161\u00ed st\u0159edov\u011bkou slavnost v Ben\u00e1tsku, jen p\u00e1r krok\u016f od hotelu La Corte<\/strong><\/p>\n\n\n\n<p>Ka\u017ed\u00fd rok, <strong>posledn\u00ed v\u00edkend v \u010dervenci<\/strong>, se mal\u00e9 m\u011bsto Correzzola prom\u011bn\u00ed ve st\u0159edov\u011bkou vesnici plnou dam, ryt\u00ed\u0159\u016f, kejkl\u00ed\u0159\u016f a obchodn\u00edk\u016f. V tomto obdob\u00ed se kon\u00e1 <strong><em>Marciliana<\/em><\/strong>, jedna z nej\u00fachvatn\u011bj\u0161\u00edch historick\u00fdch rekonstrukc\u00ed v Ben\u00e1tsku. Pokud se chcete t\u00e9to ud\u00e1losti z\u00fa\u010dastnit bez stresu, <strong>Hotel La Corte<\/strong> je ide\u00e1ln\u00ed volbou \u2013 nach\u00e1z\u00ed se jen p\u00e1r krok\u016f od <strong><em>Corte Benedettina<\/em><\/strong>, kde slavnost prob\u00edh\u00e1.<\/p>\n\n\n\n<h3 class=\"wp-block-heading\">Co je Marciliana v Correzzole?<\/h3>\n\n\n\n<p><em>Marciliana<\/em> je <strong>st\u0159edov\u011bk\u00e1 slavnost<\/strong>, kter\u00e1 o\u017eivuje ben\u00e1tskou historii 15. stolet\u00ed v malebn\u00e9m prost\u0159ed\u00ed Correzzolsk\u00e9ho benediktinsk\u00e9ho dvora. Od pozdn\u00edho odpoledne a\u017e do noci o\u017e\u00edvaj\u00ed dvory a zahrady postavami v kost\u00fdmech, zvuky, v\u016fn\u011bmi a chut\u011bmi d\u00e1vn\u00fdch \u010das\u016f.<\/p>\n\n\n\n<p>B\u011bhem akce m\u016f\u017eete za\u017e\u00edt:<\/p>\n\n\n\n<ul class=\"wp-block-list\">\n<li><strong>Kejkl\u00ed\u0159sk\u00e1 a oh\u0148ov\u00e1 vystoupen\u00ed<\/strong><\/li>\n\n\n\n<li><strong>Souboje ryt\u00ed\u0159\u016f v brn\u011bn\u00ed<\/strong><\/li>\n\n\n\n<li><strong>Uk\u00e1zky star\u00fdch \u0159emesel<\/strong>, jako je kov\u00e1\u0159stv\u00ed nebo tkalcovstv\u00ed<\/li>\n\n\n\n<li><strong>St\u0159edov\u011bk\u00e9 kr\u010dmy<\/strong>, kde ochutn\u00e1te tradi\u010dn\u00ed pokrmy, grilovan\u00e9 maso a ko\u0159en\u011bn\u00e9 n\u00e1poje<\/li>\n\n\n\n<li><strong>St\u00e1nky s ru\u010dn\u011b vyr\u00e1b\u011bn\u00fdm zbo\u017e\u00edm a st\u0159edov\u011bk\u00fdmi p\u0159edm\u011bty<\/strong><\/li>\n\n\n\n<li><strong>P\u0159\u00edb\u011bhy a legendy<\/strong> o \u201estrighe\u201c (\u010darod\u011bjnic\u00edch) a lidov\u00fdch pov\u011bstech z oblasti Ben\u00e1tska<\/li>\n<\/ul>\n\n\n\n<p>Je to pohlcuj\u00edc\u00ed z\u00e1\u017eitek, kter\u00fd okouzl\u00ed dosp\u011bl\u00e9 i d\u011bti, milovn\u00edky historie i zv\u00eddav\u00e9 n\u00e1v\u0161t\u011bvn\u00edky.<\/p>\n\n\n\n<h3 class=\"wp-block-heading\">Pro\u010d se ubytovat v hotelu La Corte<\/h3>\n\n\n\n<p>Hotel <strong>La Corte<\/strong>, kter\u00fd se nach\u00e1z\u00ed vedle <em>Corte Benedettina<\/em>, v\u00e1m umo\u017en\u00ed:<\/p>\n\n\n\n<ul class=\"wp-block-list\">\n<li><strong>Doj\u00edt na akci p\u011b\u0161ky<\/strong>, bez starost\u00ed s dopravou a parkov\u00e1n\u00edm<\/li>\n\n\n\n<li><strong>Ubytovat se v klidn\u00e9m prost\u0159ed\u00ed<\/strong>, mezi venkovem a centrem m\u011bste\u010dka<\/li>\n\n\n\n<li><strong>Odpo\u010dinout si na zahrad\u011b<\/strong>, ide\u00e1ln\u00ed po slavnostn\u00edm ve\u010deru<\/li>\n\n\n\n<li><strong>Za\u010d\u00edt den bohatou sn\u00eddan\u00ed<\/strong>, v\u010detn\u011b mo\u017enost\u00ed pro celiaky a osoby s intoleranc\u00ed na lakt\u00f3zu<\/li>\n\n\n\n<li><strong>P\u0159ijet se sv\u00fdm psem<\/strong>, v pokoji je p\u0159ipraven\u00fd kobere\u010dek a miska<\/li>\n\n\n\n<li><strong>Vyu\u017e\u00edt bezplatn\u00e9 parkovi\u0161t\u011b<\/strong>, a nechat auto po cel\u00fd v\u00edkend st\u00e1t<\/li>\n<\/ul>\n\n\n\n<p>Nab\u00edz\u00edme tak\u00e9 <strong>rodinn\u00e9 pokoje<\/strong> a <strong>prostory pro men\u0161\u00ed skupiny<\/strong>, ide\u00e1ln\u00ed pro spole\u010dn\u00e9 pro\u017eit\u00ed kouzla t\u00e9to ud\u00e1losti.<\/p>\n\n\n\n<h3 class=\"wp-block-heading\">Marciliana v Correzzole: jedine\u010dn\u00fd z\u00e1\u017eitek z historie a tradice<\/h3>\n\n\n\n<p><em>Marciliana<\/em> nen\u00ed jen slavnost \u2013 je to cesta \u010dasem, p\u0159\u00edle\u017eitost ke sd\u00edlen\u00ed a znovuobjeven\u00ed m\u00edstn\u00edch ko\u0159en\u016f. \u00da\u010dast znamen\u00e1 pono\u0159it se do zvuk\u016f, chut\u00ed a p\u0159\u00edb\u011bh\u016f d\u00e1vn\u00fdch \u010das\u016f v autentick\u00e9m a p\u016fsobiv\u00e9m prost\u0159ed\u00ed.<\/p>\n\n\n\n<h3 class=\"wp-block-heading\">Jak se z\u00fa\u010dastnit a kde rezervovat<\/h3>\n\n\n\n<p>Vstup na Marcilianu je zdarma, ale n\u00e1v\u0161t\u011bvnost je v\u017edy vysok\u00e1: <strong>rezervujte si ubytov\u00e1n\u00ed v\u010das<\/strong>, abyste o tento v\u00fdjime\u010dn\u00fd z\u00e1\u017eitek nep\u0159i\u0161li.<\/p>\n\n\n\n<p><strong><a href=\"https:\/\/lacortehotel.info\/cs\/\">Rezervujte si pobyt v hotelu La Corte na Marcilianu 2025 je\u0161t\u011b dnes<\/a>.<\/strong><br>Nach\u00e1z\u00edme se jen <strong>2 minuty ch\u016fze<\/strong> od <em>Corte Benedettina<\/em>, p\u0159\u00edmo v centru d\u011bn\u00ed.<br>Dal\u0161\u00ed ro\u010dn\u00edk se uskute\u010dn\u00ed posledn\u00ed v\u00edkend v \u010dervenci \u2013 <strong>t\u011b\u0161\u00edme se na v\u00e1s<\/strong>!<\/p>\n","protected":false},"excerpt":{"rendered":"<p>Za\u017eijte nejp\u016fsobiv\u011bj\u0161\u00ed st\u0159edov\u011bkou slavnost v Ben\u00e1tsku, jen p\u00e1r krok\u016f od hotelu La Corte Ka\u017ed\u00fd rok, posledn\u00ed v\u00edkend v \u010dervenci, se mal\u00e9 m\u011bsto Correzzola prom\u011bn\u00ed ve st\u0159edov\u011bkou vesnici plnou dam, ryt\u00ed\u0159\u016f, kejkl\u00ed\u0159\u016f a obchodn\u00edk\u016f. V tomto obdob\u00ed se kon\u00e1 Marciliana, jedna z nej\u00fachvatn\u011bj\u0161\u00edch historick\u00fdch rekonstrukc\u00ed v Ben\u00e1tsku. Pokud se chcete t\u00e9to ud\u00e1losti z\u00fa\u010dastnit bez stresu, Hotel [&hellip;]<\/p>\n","protected":false},"author":2,"featured_media":1709,"parent":596,"menu_order":0,"comment_status":"closed","ping_status":"closed","template":"templates\/lista-figlio.php","meta":{"_acf_changed":false,"inline_featured_image":false,"_joinchat":[],"footnotes":""},"class_list":["post-935","page","type-page","status-publish","has-post-thumbnail","hentry"],"acf":[],"yoast_head":"<!-- This site is optimized with the Yoast SEO plugin v26.7 - https:\/\/yoast.com\/wordpress\/plugins\/seo\/ -->\n<title>Kde se ubytovat b\u011bhem Marciliana v Correzzole - La Corte Hotel<\/title>\n<meta name=\"description\" content=\"Z\u00fa\u010dastn\u011bte se Marciliana v Correzzole \u2013 jedine\u010dn\u00e9 st\u0159edov\u011bk\u00e9 slavnosti. Hotel La Corte je jen p\u00e1r krok\u016f od Corte Benedettina. Rezervujte nyn\u00ed.\" \/>\n<meta name=\"robots\" content=\"index, follow, max-snippet:-1, max-image-preview:large, max-video-preview:-1\" \/>\n<link rel=\"canonical\" href=\"https:\/\/lacortehotel.info\/cs\/okoli\/marciliana-v-correzzole\/\" \/>\n<meta property=\"og:locale\" content=\"cs_CZ\" \/>\n<meta property=\"og:type\" content=\"article\" \/>\n<meta property=\"og:title\" content=\"Kde se ubytovat b\u011bhem Marciliana v Correzzole - La Corte Hotel\" \/>\n<meta property=\"og:description\" content=\"Z\u00fa\u010dastn\u011bte se Marciliana v Correzzole \u2013 jedine\u010dn\u00e9 st\u0159edov\u011bk\u00e9 slavnosti. Hotel La Corte je jen p\u00e1r krok\u016f od Corte Benedettina. Rezervujte nyn\u00ed.\" \/>\n<meta property=\"og:url\" content=\"https:\/\/lacortehotel.info\/cs\/okoli\/marciliana-v-correzzole\/\" \/>\n<meta property=\"og:site_name\" content=\"La Corte Hotel\" \/>\n<meta property=\"article:publisher\" content=\"https:\/\/www.facebook.com\/pages\/Hotel-La-Corte\/120373951334581\" \/>\n<meta property=\"article:modified_time\" content=\"2025-04-15T12:23:15+00:00\" \/>\n<meta property=\"og:image\" content=\"https:\/\/lacortehotel.info\/wp-content\/uploads\/2025\/04\/Schermata-2025-04-09-alle-12.18.44-1.webp\" \/>\n\t<meta property=\"og:image:width\" content=\"1920\" \/>\n\t<meta property=\"og:image:height\" content=\"840\" \/>\n\t<meta property=\"og:image:type\" content=\"image\/webp\" \/>\n<meta name=\"twitter:card\" content=\"summary_large_image\" \/>\n<meta name=\"twitter:label1\" content=\"Odhadovan\u00e1 doba \u010dten\u00ed\" \/>\n\t<meta name=\"twitter:data1\" content=\"3 minuty\" \/>\n<script type=\"application\/ld+json\" class=\"yoast-schema-graph\">{\"@context\":\"https:\/\/schema.org\",\"@graph\":[{\"@type\":\"WebPage\",\"@id\":\"https:\/\/lacortehotel.info\/cs\/okoli\/marciliana-v-correzzole\/\",\"url\":\"https:\/\/lacortehotel.info\/cs\/okoli\/marciliana-v-correzzole\/\",\"name\":\"Kde se ubytovat b\u011bhem Marciliana v Correzzole - La Corte Hotel\",\"isPartOf\":{\"@id\":\"https:\/\/lacortehotel.info\/cs\/#website\"},\"primaryImageOfPage\":{\"@id\":\"https:\/\/lacortehotel.info\/cs\/okoli\/marciliana-v-correzzole\/#primaryimage\"},\"image\":{\"@id\":\"https:\/\/lacortehotel.info\/cs\/okoli\/marciliana-v-correzzole\/#primaryimage\"},\"thumbnailUrl\":\"https:\/\/lacortehotel.info\/wp-content\/uploads\/2025\/04\/corezzola.webp\",\"datePublished\":\"2025-04-09T10:44:03+00:00\",\"dateModified\":\"2025-04-15T12:23:15+00:00\",\"description\":\"Z\u00fa\u010dastn\u011bte se Marciliana v Correzzole \u2013 jedine\u010dn\u00e9 st\u0159edov\u011bk\u00e9 slavnosti. Hotel La Corte je jen p\u00e1r krok\u016f od Corte Benedettina. Rezervujte nyn\u00ed.\",\"breadcrumb\":{\"@id\":\"https:\/\/lacortehotel.info\/cs\/okoli\/marciliana-v-correzzole\/#breadcrumb\"},\"inLanguage\":\"cs\",\"potentialAction\":[{\"@type\":\"ReadAction\",\"target\":[\"https:\/\/lacortehotel.info\/cs\/okoli\/marciliana-v-correzzole\/\"]}]},{\"@type\":\"ImageObject\",\"inLanguage\":\"cs\",\"@id\":\"https:\/\/lacortehotel.info\/cs\/okoli\/marciliana-v-correzzole\/#primaryimage\",\"url\":\"https:\/\/lacortehotel.info\/wp-content\/uploads\/2025\/04\/corezzola.webp\",\"contentUrl\":\"https:\/\/lacortehotel.info\/wp-content\/uploads\/2025\/04\/corezzola.webp\",\"width\":2560,\"height\":1440},{\"@type\":\"BreadcrumbList\",\"@id\":\"https:\/\/lacortehotel.info\/cs\/okoli\/marciliana-v-correzzole\/#breadcrumb\",\"itemListElement\":[{\"@type\":\"ListItem\",\"position\":1,\"name\":\"Home\",\"item\":\"https:\/\/lacortehotel.info\/cs\/\"},{\"@type\":\"ListItem\",\"position\":2,\"name\":\"Kde se ubytovat b\u011bhem Marciliana v Correzzole\"}]},{\"@type\":\"WebSite\",\"@id\":\"https:\/\/lacortehotel.info\/cs\/#website\",\"url\":\"https:\/\/lacortehotel.info\/cs\/\",\"name\":\"Hotel La Corte\",\"description\":\"V srdci P\u00e1dsk\u00e9 n\u00ed\u017einy... v\u00e1\u0161 druh\u00fd domov!\",\"publisher\":{\"@id\":\"https:\/\/lacortehotel.info\/cs\/#organization\"},\"alternateName\":\"La Corte di Correzzola\",\"potentialAction\":[{\"@type\":\"SearchAction\",\"target\":{\"@type\":\"EntryPoint\",\"urlTemplate\":\"https:\/\/lacortehotel.info\/cs\/?s={search_term_string}\"},\"query-input\":{\"@type\":\"PropertyValueSpecification\",\"valueRequired\":true,\"valueName\":\"search_term_string\"}}],\"inLanguage\":\"cs\"},{\"@type\":\"Organization\",\"@id\":\"https:\/\/lacortehotel.info\/cs\/#organization\",\"name\":\"Hotel la Corte\",\"url\":\"https:\/\/lacortehotel.info\/cs\/\",\"logo\":{\"@type\":\"ImageObject\",\"inLanguage\":\"cs\",\"@id\":\"https:\/\/lacortehotel.info\/cs\/#\/schema\/logo\/image\/\",\"url\":\"https:\/\/lacortehotel.info\/wp-content\/uploads\/2023\/05\/logo-sito-p-e1683800838815.png\",\"contentUrl\":\"https:\/\/lacortehotel.info\/wp-content\/uploads\/2023\/05\/logo-sito-p-e1683800838815.png\",\"width\":100,\"height\":94,\"caption\":\"Hotel la Corte\"},\"image\":{\"@id\":\"https:\/\/lacortehotel.info\/cs\/#\/schema\/logo\/image\/\"},\"sameAs\":[\"https:\/\/www.facebook.com\/pages\/Hotel-La-Corte\/120373951334581\",\"https:\/\/www.instagram.com\/lacortecorrezzola\/\"]}]}<\/script>\n<!-- \/ Yoast SEO plugin. -->","yoast_head_json":{"title":"Kde se ubytovat b\u011bhem Marciliana v Correzzole - La Corte Hotel","description":"Z\u00fa\u010dastn\u011bte se Marciliana v Correzzole \u2013 jedine\u010dn\u00e9 st\u0159edov\u011bk\u00e9 slavnosti. Hotel La Corte je jen p\u00e1r krok\u016f od Corte Benedettina. Rezervujte nyn\u00ed.","robots":{"index":"index","follow":"follow","max-snippet":"max-snippet:-1","max-image-preview":"max-image-preview:large","max-video-preview":"max-video-preview:-1"},"canonical":"https:\/\/lacortehotel.info\/cs\/okoli\/marciliana-v-correzzole\/","og_locale":"cs_CZ","og_type":"article","og_title":"Kde se ubytovat b\u011bhem Marciliana v Correzzole - La Corte Hotel","og_description":"Z\u00fa\u010dastn\u011bte se Marciliana v Correzzole \u2013 jedine\u010dn\u00e9 st\u0159edov\u011bk\u00e9 slavnosti. Hotel La Corte je jen p\u00e1r krok\u016f od Corte Benedettina. Rezervujte nyn\u00ed.","og_url":"https:\/\/lacortehotel.info\/cs\/okoli\/marciliana-v-correzzole\/","og_site_name":"La Corte Hotel","article_publisher":"https:\/\/www.facebook.com\/pages\/Hotel-La-Corte\/120373951334581","article_modified_time":"2025-04-15T12:23:15+00:00","og_image":[{"width":1920,"height":840,"url":"https:\/\/lacortehotel.info\/wp-content\/uploads\/2025\/04\/Schermata-2025-04-09-alle-12.18.44-1.webp","type":"image\/webp"}],"twitter_card":"summary_large_image","twitter_misc":{"Odhadovan\u00e1 doba \u010dten\u00ed":"3 minuty"},"schema":{"@context":"https:\/\/schema.org","@graph":[{"@type":"WebPage","@id":"https:\/\/lacortehotel.info\/cs\/okoli\/marciliana-v-correzzole\/","url":"https:\/\/lacortehotel.info\/cs\/okoli\/marciliana-v-correzzole\/","name":"Kde se ubytovat b\u011bhem Marciliana v Correzzole - La Corte Hotel","isPartOf":{"@id":"https:\/\/lacortehotel.info\/cs\/#website"},"primaryImageOfPage":{"@id":"https:\/\/lacortehotel.info\/cs\/okoli\/marciliana-v-correzzole\/#primaryimage"},"image":{"@id":"https:\/\/lacortehotel.info\/cs\/okoli\/marciliana-v-correzzole\/#primaryimage"},"thumbnailUrl":"https:\/\/lacortehotel.info\/wp-content\/uploads\/2025\/04\/corezzola.webp","datePublished":"2025-04-09T10:44:03+00:00","dateModified":"2025-04-15T12:23:15+00:00","description":"Z\u00fa\u010dastn\u011bte se Marciliana v Correzzole \u2013 jedine\u010dn\u00e9 st\u0159edov\u011bk\u00e9 slavnosti. Hotel La Corte je jen p\u00e1r krok\u016f od Corte Benedettina. Rezervujte nyn\u00ed.","breadcrumb":{"@id":"https:\/\/lacortehotel.info\/cs\/okoli\/marciliana-v-correzzole\/#breadcrumb"},"inLanguage":"cs","potentialAction":[{"@type":"ReadAction","target":["https:\/\/lacortehotel.info\/cs\/okoli\/marciliana-v-correzzole\/"]}]},{"@type":"ImageObject","inLanguage":"cs","@id":"https:\/\/lacortehotel.info\/cs\/okoli\/marciliana-v-correzzole\/#primaryimage","url":"https:\/\/lacortehotel.info\/wp-content\/uploads\/2025\/04\/corezzola.webp","contentUrl":"https:\/\/lacortehotel.info\/wp-content\/uploads\/2025\/04\/corezzola.webp","width":2560,"height":1440},{"@type":"BreadcrumbList","@id":"https:\/\/lacortehotel.info\/cs\/okoli\/marciliana-v-correzzole\/#breadcrumb","itemListElement":[{"@type":"ListItem","position":1,"name":"Home","item":"https:\/\/lacortehotel.info\/cs\/"},{"@type":"ListItem","position":2,"name":"Kde se ubytovat b\u011bhem Marciliana v Correzzole"}]},{"@type":"WebSite","@id":"https:\/\/lacortehotel.info\/cs\/#website","url":"https:\/\/lacortehotel.info\/cs\/","name":"Hotel La Corte","description":"V srdci P\u00e1dsk\u00e9 n\u00ed\u017einy... v\u00e1\u0161 druh\u00fd domov!","publisher":{"@id":"https:\/\/lacortehotel.info\/cs\/#organization"},"alternateName":"La Corte di Correzzola","potentialAction":[{"@type":"SearchAction","target":{"@type":"EntryPoint","urlTemplate":"https:\/\/lacortehotel.info\/cs\/?s={search_term_string}"},"query-input":{"@type":"PropertyValueSpecification","valueRequired":true,"valueName":"search_term_string"}}],"inLanguage":"cs"},{"@type":"Organization","@id":"https:\/\/lacortehotel.info\/cs\/#organization","name":"Hotel la Corte","url":"https:\/\/lacortehotel.info\/cs\/","logo":{"@type":"ImageObject","inLanguage":"cs","@id":"https:\/\/lacortehotel.info\/cs\/#\/schema\/logo\/image\/","url":"https:\/\/lacortehotel.info\/wp-content\/uploads\/2023\/05\/logo-sito-p-e1683800838815.png","contentUrl":"https:\/\/lacortehotel.info\/wp-content\/uploads\/2023\/05\/logo-sito-p-e1683800838815.png","width":100,"height":94,"caption":"Hotel la Corte"},"image":{"@id":"https:\/\/lacortehotel.info\/cs\/#\/schema\/logo\/image\/"},"sameAs":["https:\/\/www.facebook.com\/pages\/Hotel-La-Corte\/120373951334581","https:\/\/www.instagram.com\/lacortecorrezzola\/"]}]}},"_links":{"self":[{"href":"https:\/\/lacortehotel.info\/cs\/wp-json\/wp\/v2\/pages\/935","targetHints":{"allow":["GET"]}}],"collection":[{"href":"https:\/\/lacortehotel.info\/cs\/wp-json\/wp\/v2\/pages"}],"about":[{"href":"https:\/\/lacortehotel.info\/cs\/wp-json\/wp\/v2\/types\/page"}],"author":[{"embeddable":true,"href":"https:\/\/lacortehotel.info\/cs\/wp-json\/wp\/v2\/users\/2"}],"replies":[{"embeddable":true,"href":"https:\/\/lacortehotel.info\/cs\/wp-json\/wp\/v2\/comments?post=935"}],"version-history":[{"count":11,"href":"https:\/\/lacortehotel.info\/cs\/wp-json\/wp\/v2\/pages\/935\/revisions"}],"predecessor-version":[{"id":1024,"href":"https:\/\/lacortehotel.info\/cs\/wp-json\/wp\/v2\/pages\/935\/revisions\/1024"}],"up":[{"embeddable":true,"href":"https:\/\/lacortehotel.info\/cs\/wp-json\/wp\/v2\/pages\/596"}],"wp:featuredmedia":[{"embeddable":true,"href":"https:\/\/lacortehotel.info\/cs\/wp-json\/wp\/v2\/media\/1709"}],"wp:attachment":[{"href":"https:\/\/lacortehotel.info\/cs\/wp-json\/wp\/v2\/media?parent=935"}],"curies":[{"name":"wp","href":"https:\/\/api.w.org\/{rel}","templated":true}]}}