{"id":656,"date":"2025-04-16T08:01:59","date_gmt":"2025-04-16T08:01:59","guid":{"rendered":"https:\/\/lacortehotel.info\/territorio\/vicenza-und-verona\/"},"modified":"2025-06-03T10:57:27","modified_gmt":"2025-06-03T10:57:27","slug":"vicenza-a-verona","status":"publish","type":"page","link":"https:\/\/lacortehotel.info\/cs\/okoli\/vicenza-a-verona\/","title":{"rendered":"Vicenza a Verony"},"content":{"rendered":"\n<p>B\u011bhem pobytu v <strong>Hotelu La Corte<\/strong> m\u016f\u017eete snadno nav\u0161t\u00edvit dv\u011b z nejp\u016fsobiv\u011bj\u0161\u00edch m\u011bst oblasti Ben\u00e1tska: <strong>Vicenzu<\/strong>, zapsanou na seznamu sv\u011btov\u00e9ho d\u011bdictv\u00ed UNESCO a spojenou s g\u00e9niem Andrey Palladia, a <strong>Veronu<\/strong>, romantick\u00e9 m\u011bsto Romea a Julie. Dv\u011b nepostradateln\u00e9 destinace, ide\u00e1ln\u00ed pro jednodenn\u00ed v\u00fdlet pln\u00fd kultury, architektury a emoc\u00ed.<\/p>\n\n\n\n<figure class=\"wp-block-image size-full\"><img loading=\"lazy\" decoding=\"async\" width=\"275\" height=\"183\" src=\"https:\/\/lacortehotel.info\/wp-content\/uploads\/2023\/07\/vicenza.jpg\" alt=\"\" class=\"wp-image-494\"\/><\/figure>\n\n\n\n<p>M\u011bsto Palladio\u00a0<a href=\"http:\/\/www.vitourism.it\/\" target=\"_blank\" rel=\"noreferrer noopener\">Vicenza<\/a><\/p>\n\n\n\n<p><strong><a href=\"http:\/\/www.vitourism.it\/\">Vicenza<\/a><\/strong> je skvost renesan\u010dn\u00edho um\u011bn\u00ed, zn\u00e1m\u00e1 po cel\u00e9m sv\u011bt\u011b jako <strong>m\u011bsto Palladia<\/strong>, jednoho z nejv\u00fdznamn\u011bj\u0161\u00edch architekt\u016f historie. Proch\u00e1zka jej\u00edm historick\u00fdm centrem, kter\u00e9 je <strong>zaps\u00e1no na seznamu sv\u011btov\u00e9ho d\u011bdictv\u00ed UNESCO<\/strong>, v\u00e1s zavede k elegantn\u00edm <strong>pal\u00e1c\u016fm<\/strong>, n\u00e1dhern\u00fdm <strong>vil\u00e1m<\/strong> a skute\u010dn\u00fdm mistrovsk\u00fdm d\u00edl\u016fm, jako jsou:<\/p>\n\n\n\n<ul class=\"wp-block-list\">\n<li><strong>Teatro Olimpico<\/strong>, nejstar\u0161\u00ed kryt\u00e9 kamenn\u00e9 divadlo na sv\u011bt\u011b;<\/li>\n\n\n\n<li><strong>Palazzo Chiericati<\/strong>, dnes s\u00eddlo m\u011bstsk\u00e9 obrazov\u00e9 galerie;<\/li>\n\n\n\n<li>Slavn\u00e1 <strong>Villa La Rotonda<\/strong>, dokonal\u00e9 spojen\u00ed architektury a krajiny.<\/li>\n<\/ul>\n\n\n\n<p>V okoln\u00ed krajin\u011b uchov\u00e1v\u00e1 Vicenza mnoho dal\u0161\u00edch <strong>palladi\u00e1nsk\u00fdch vil<\/strong>, z nich\u017e mnoh\u00e9 jsou p\u0159\u00edstupn\u00e9 ve\u0159ejnosti a ukazuj\u00ed hlubok\u00e9 propojen\u00ed mezi um\u011bn\u00edm a venkovskou krajinou Ben\u00e1tska.<\/p>\n\n\n\n<p>Vicenza je tak\u00e9 \u017eiv\u00e9 a p\u0159\u00edv\u011btiv\u00e9 m\u011bsto s elegantn\u00edmi n\u00e1m\u011bst\u00edmi, historick\u00fdmi kav\u00e1rnami a muzei pln\u00fdmi poklad\u016f.<\/p>\n\n\n\n<figure class=\"wp-block-image size-full\"><img loading=\"lazy\" decoding=\"async\" width=\"310\" height=\"163\" src=\"https:\/\/lacortehotel.info\/wp-content\/uploads\/2023\/07\/verona.jpg\" alt=\"\" class=\"wp-image-498\" srcset=\"https:\/\/lacortehotel.info\/wp-content\/uploads\/2023\/07\/verona.jpg 310w, https:\/\/lacortehotel.info\/wp-content\/uploads\/2023\/07\/verona-300x158.jpg 300w\" sizes=\"auto, (max-width: 310px) 100vw, 310px\" \/><\/figure>\n\n\n\n<p>Verona: m\u011bsto l\u00e1sky<\/p>\n\n\n\n<p><strong>Verona<\/strong> je jedn\u00edm z nejromanti\u010dt\u011bj\u0161\u00edch m\u011bst v It\u00e1lii, nesmrteln\u011b proslaven\u00e1 <strong>Williamem Shakespearem<\/strong>, kter\u00fd pr\u00e1v\u011b zde um\u00edstil nejzn\u00e1m\u011bj\u0161\u00ed milostn\u00fd p\u0159\u00edb\u011bh v\u0161ech dob: <strong>Romeo a Julie<\/strong>.<\/p>\n\n\n\n<p>P\u0159i proch\u00e1zce historick\u00fdm centrem, mezi \u0159\u00edmsk\u00fdmi pam\u00e1tkami, st\u0159edov\u011bk\u00fdmi pal\u00e1ci a malebn\u00fdmi uli\u010dkami, m\u016f\u017eete nav\u0161t\u00edvit:<\/p>\n\n\n\n<ul class=\"wp-block-list\">\n<li><strong>D\u016fm Julie<\/strong>, se slavn\u00fdm balkonem;<\/li>\n\n\n\n<li><strong>Hrob Julie<\/strong>, ukryt\u00fd v tichu star\u00e9ho kl\u00e1\u0161tera;<\/li>\n\n\n\n<li><strong>D\u016fm Romea<\/strong>, nach\u00e1zej\u00edc\u00ed se v jedn\u00e9 z nejstar\u0161\u00edch \u010d\u00e1st\u00ed m\u011bsta.<\/li>\n<\/ul>\n\n\n\n<p>Ale Verona nab\u00edz\u00ed mnohem v\u00edce: impozantn\u00ed <strong>Ar\u00e9nu<\/strong>, kter\u00e1 ka\u017ed\u00e9 l\u00e9to host\u00ed koncerty a opern\u00ed p\u0159edstaven\u00ed pod \u0161ir\u00fdm nebem; <strong>Piazza delle Erbe<\/strong>, pulzuj\u00edc\u00ed srdce m\u011bsta; a <strong>hrad Castelvecchio<\/strong> s opevn\u011bn\u00fdm mostem.<\/p>\n\n\n\n<h3 class=\"wp-block-heading\">P\u0159\u00edroda a z\u00e1bava v okol\u00ed<\/h3>\n\n\n\n<p>Pokud cestujete s rodinou nebo chcete kombinovat um\u011bn\u00ed a kulturu s trochou z\u00e1bavy, najdete v okol\u00ed Verony dv\u011b nevynechateln\u00e9 atrakce:<\/p>\n\n\n\n<ul class=\"wp-block-list\">\n<li><strong>Parco Natura Viva<\/strong>, modern\u00ed zoologickou zahradu a centrum pro ochranu fauny \u2013 ide\u00e1ln\u00ed pro den str\u00e1ven\u00fd mezi zv\u00ed\u0159aty a p\u0159\u00edrodou;<\/li>\n\n\n\n<li><strong>Gardaland<\/strong>, nejzn\u00e1m\u011bj\u0161\u00ed z\u00e1bavn\u00ed park v It\u00e1lii, kter\u00fd se nach\u00e1z\u00ed na b\u0159ehu Gardsk\u00e9ho jezera a nab\u00edz\u00ed horsk\u00e9 dr\u00e1hy, p\u0159edstaven\u00ed a tematick\u00e9 z\u00f3ny pro v\u0161echny v\u011bkov\u00e9 kategorie.<\/li>\n<\/ul>\n\n\n\n<p><a rel=\"noreferrer noopener\" href=\"http:\/\/www.parconaturaviva.it\/\" target=\"_blank\">Parco Natura Viva<\/a><\/p>\n\n\n\n<figure class=\"wp-block-image size-full\"><img loading=\"lazy\" decoding=\"async\" width=\"275\" height=\"183\" src=\"https:\/\/lacortehotel.info\/wp-content\/uploads\/2023\/07\/parco.jpg\" alt=\"\" class=\"wp-image-502\"\/><\/figure>\n\n\n\n<p><a rel=\"noreferrer noopener\" href=\"https:\/\/www.gardaland.it\/\" target=\"_blank\">Parco Divertimenti Gardaland<\/a><\/p>\n\n\n\n<figure class=\"wp-block-image size-full\"><img loading=\"lazy\" decoding=\"async\" width=\"300\" height=\"187\" src=\"https:\/\/lacortehotel.info\/wp-content\/uploads\/2023\/07\/gardaland-300x187-1.jpg\" alt=\"\" class=\"wp-image-506\"\/><\/figure>\n","protected":false},"excerpt":{"rendered":"<p>B\u011bhem pobytu v Hotelu La Corte m\u016f\u017eete snadno nav\u0161t\u00edvit dv\u011b z nejp\u016fsobiv\u011bj\u0161\u00edch m\u011bst oblasti Ben\u00e1tska: Vicenzu, zapsanou na seznamu sv\u011btov\u00e9ho d\u011bdictv\u00ed UNESCO a spojenou s g\u00e9niem Andrey Palladia, a Veronu, romantick\u00e9 m\u011bsto Romea a Julie. Dv\u011b nepostradateln\u00e9 destinace, ide\u00e1ln\u00ed pro jednodenn\u00ed v\u00fdlet pln\u00fd kultury, architektury a emoc\u00ed. M\u011bsto Palladio\u00a0Vicenza Vicenza je skvost renesan\u010dn\u00edho um\u011bn\u00ed, zn\u00e1m\u00e1 [&hellip;]<\/p>\n","protected":false},"author":1,"featured_media":512,"parent":596,"menu_order":0,"comment_status":"closed","ping_status":"closed","template":"templates\/lista.php","meta":{"_acf_changed":false,"inline_featured_image":false,"_joinchat":[],"footnotes":""},"class_list":["post-656","page","type-page","status-publish","has-post-thumbnail","hentry"],"acf":[],"yoast_head":"<!-- This site is optimized with the Yoast SEO plugin v26.7 - https:\/\/yoast.com\/wordpress\/plugins\/seo\/ -->\n<title>Vicenza a Verony - La Corte Hotel<\/title>\n<meta name=\"description\" content=\"Vicenza a Verona: m\u011bsta um\u011bn\u00ed a historie s palladiovsk\u00fdmi pal\u00e1ci a slavnou ar\u00e9nou. Objevte romantiku i jedine\u010dnou architekturu.\" \/>\n<meta name=\"robots\" content=\"index, follow, max-snippet:-1, max-image-preview:large, max-video-preview:-1\" \/>\n<link rel=\"canonical\" href=\"https:\/\/lacortehotel.info\/cs\/okoli\/vicenza-a-verona\/\" \/>\n<meta property=\"og:locale\" content=\"cs_CZ\" \/>\n<meta property=\"og:type\" content=\"article\" \/>\n<meta property=\"og:title\" content=\"Vicenza a Verony - La Corte Hotel\" \/>\n<meta property=\"og:description\" content=\"Vicenza a Verona: m\u011bsta um\u011bn\u00ed a historie s palladiovsk\u00fdmi pal\u00e1ci a slavnou ar\u00e9nou. Objevte romantiku i jedine\u010dnou architekturu.\" \/>\n<meta property=\"og:url\" content=\"https:\/\/lacortehotel.info\/cs\/okoli\/vicenza-a-verona\/\" \/>\n<meta property=\"og:site_name\" content=\"La Corte Hotel\" \/>\n<meta property=\"article:publisher\" content=\"https:\/\/www.facebook.com\/pages\/Hotel-La-Corte\/120373951334581\" \/>\n<meta property=\"article:modified_time\" content=\"2025-06-03T10:57:27+00:00\" \/>\n<meta property=\"og:image\" content=\"https:\/\/lacortehotel.info\/wp-content\/uploads\/2023\/07\/verona-big.jpg\" \/>\n\t<meta property=\"og:image:width\" content=\"2560\" \/>\n\t<meta property=\"og:image:height\" content=\"1440\" \/>\n\t<meta property=\"og:image:type\" content=\"image\/jpeg\" \/>\n<meta name=\"twitter:card\" content=\"summary_large_image\" \/>\n<meta name=\"twitter:label1\" content=\"Odhadovan\u00e1 doba \u010dten\u00ed\" \/>\n\t<meta name=\"twitter:data1\" content=\"3 minuty\" \/>\n<script type=\"application\/ld+json\" class=\"yoast-schema-graph\">{\"@context\":\"https:\/\/schema.org\",\"@graph\":[{\"@type\":\"WebPage\",\"@id\":\"https:\/\/lacortehotel.info\/cs\/okoli\/vicenza-a-verona\/\",\"url\":\"https:\/\/lacortehotel.info\/cs\/okoli\/vicenza-a-verona\/\",\"name\":\"Vicenza a Verony - La Corte Hotel\",\"isPartOf\":{\"@id\":\"https:\/\/lacortehotel.info\/cs\/#website\"},\"primaryImageOfPage\":{\"@id\":\"https:\/\/lacortehotel.info\/cs\/okoli\/vicenza-a-verona\/#primaryimage\"},\"image\":{\"@id\":\"https:\/\/lacortehotel.info\/cs\/okoli\/vicenza-a-verona\/#primaryimage\"},\"thumbnailUrl\":\"https:\/\/lacortehotel.info\/wp-content\/uploads\/2023\/07\/verona-big.jpg\",\"datePublished\":\"2025-04-16T08:01:59+00:00\",\"dateModified\":\"2025-06-03T10:57:27+00:00\",\"description\":\"Vicenza a Verona: m\u011bsta um\u011bn\u00ed a historie s palladiovsk\u00fdmi pal\u00e1ci a slavnou ar\u00e9nou. Objevte romantiku i jedine\u010dnou architekturu.\",\"breadcrumb\":{\"@id\":\"https:\/\/lacortehotel.info\/cs\/okoli\/vicenza-a-verona\/#breadcrumb\"},\"inLanguage\":\"cs\",\"potentialAction\":[{\"@type\":\"ReadAction\",\"target\":[\"https:\/\/lacortehotel.info\/cs\/okoli\/vicenza-a-verona\/\"]}]},{\"@type\":\"ImageObject\",\"inLanguage\":\"cs\",\"@id\":\"https:\/\/lacortehotel.info\/cs\/okoli\/vicenza-a-verona\/#primaryimage\",\"url\":\"https:\/\/lacortehotel.info\/wp-content\/uploads\/2023\/07\/verona-big.jpg\",\"contentUrl\":\"https:\/\/lacortehotel.info\/wp-content\/uploads\/2023\/07\/verona-big.jpg\",\"width\":2560,\"height\":1440},{\"@type\":\"BreadcrumbList\",\"@id\":\"https:\/\/lacortehotel.info\/cs\/okoli\/vicenza-a-verona\/#breadcrumb\",\"itemListElement\":[{\"@type\":\"ListItem\",\"position\":1,\"name\":\"Home\",\"item\":\"https:\/\/lacortehotel.info\/cs\/\"},{\"@type\":\"ListItem\",\"position\":2,\"name\":\"Okol\u00ed\",\"item\":\"https:\/\/lacortehotel.info\/cs\/okoli\/\"},{\"@type\":\"ListItem\",\"position\":3,\"name\":\"Vicenza a Verony\"}]},{\"@type\":\"WebSite\",\"@id\":\"https:\/\/lacortehotel.info\/cs\/#website\",\"url\":\"https:\/\/lacortehotel.info\/cs\/\",\"name\":\"Hotel La Corte\",\"description\":\"V srdci P\u00e1dsk\u00e9 n\u00ed\u017einy... v\u00e1\u0161 druh\u00fd domov!\",\"publisher\":{\"@id\":\"https:\/\/lacortehotel.info\/cs\/#organization\"},\"alternateName\":\"La Corte di Correzzola\",\"potentialAction\":[{\"@type\":\"SearchAction\",\"target\":{\"@type\":\"EntryPoint\",\"urlTemplate\":\"https:\/\/lacortehotel.info\/cs\/?s={search_term_string}\"},\"query-input\":{\"@type\":\"PropertyValueSpecification\",\"valueRequired\":true,\"valueName\":\"search_term_string\"}}],\"inLanguage\":\"cs\"},{\"@type\":\"Organization\",\"@id\":\"https:\/\/lacortehotel.info\/cs\/#organization\",\"name\":\"Hotel la Corte\",\"url\":\"https:\/\/lacortehotel.info\/cs\/\",\"logo\":{\"@type\":\"ImageObject\",\"inLanguage\":\"cs\",\"@id\":\"https:\/\/lacortehotel.info\/cs\/#\/schema\/logo\/image\/\",\"url\":\"https:\/\/lacortehotel.info\/wp-content\/uploads\/2023\/05\/logo-sito-p-e1683800838815.png\",\"contentUrl\":\"https:\/\/lacortehotel.info\/wp-content\/uploads\/2023\/05\/logo-sito-p-e1683800838815.png\",\"width\":100,\"height\":94,\"caption\":\"Hotel la Corte\"},\"image\":{\"@id\":\"https:\/\/lacortehotel.info\/cs\/#\/schema\/logo\/image\/\"},\"sameAs\":[\"https:\/\/www.facebook.com\/pages\/Hotel-La-Corte\/120373951334581\",\"https:\/\/www.instagram.com\/lacortecorrezzola\/\"]}]}<\/script>\n<!-- \/ Yoast SEO plugin. -->","yoast_head_json":{"title":"Vicenza a Verony - La Corte Hotel","description":"Vicenza a Verona: m\u011bsta um\u011bn\u00ed a historie s palladiovsk\u00fdmi pal\u00e1ci a slavnou ar\u00e9nou. Objevte romantiku i jedine\u010dnou architekturu.","robots":{"index":"index","follow":"follow","max-snippet":"max-snippet:-1","max-image-preview":"max-image-preview:large","max-video-preview":"max-video-preview:-1"},"canonical":"https:\/\/lacortehotel.info\/cs\/okoli\/vicenza-a-verona\/","og_locale":"cs_CZ","og_type":"article","og_title":"Vicenza a Verony - La Corte Hotel","og_description":"Vicenza a Verona: m\u011bsta um\u011bn\u00ed a historie s palladiovsk\u00fdmi pal\u00e1ci a slavnou ar\u00e9nou. Objevte romantiku i jedine\u010dnou architekturu.","og_url":"https:\/\/lacortehotel.info\/cs\/okoli\/vicenza-a-verona\/","og_site_name":"La Corte Hotel","article_publisher":"https:\/\/www.facebook.com\/pages\/Hotel-La-Corte\/120373951334581","article_modified_time":"2025-06-03T10:57:27+00:00","og_image":[{"width":2560,"height":1440,"url":"https:\/\/lacortehotel.info\/wp-content\/uploads\/2023\/07\/verona-big.jpg","type":"image\/jpeg"}],"twitter_card":"summary_large_image","twitter_misc":{"Odhadovan\u00e1 doba \u010dten\u00ed":"3 minuty"},"schema":{"@context":"https:\/\/schema.org","@graph":[{"@type":"WebPage","@id":"https:\/\/lacortehotel.info\/cs\/okoli\/vicenza-a-verona\/","url":"https:\/\/lacortehotel.info\/cs\/okoli\/vicenza-a-verona\/","name":"Vicenza a Verony - La Corte Hotel","isPartOf":{"@id":"https:\/\/lacortehotel.info\/cs\/#website"},"primaryImageOfPage":{"@id":"https:\/\/lacortehotel.info\/cs\/okoli\/vicenza-a-verona\/#primaryimage"},"image":{"@id":"https:\/\/lacortehotel.info\/cs\/okoli\/vicenza-a-verona\/#primaryimage"},"thumbnailUrl":"https:\/\/lacortehotel.info\/wp-content\/uploads\/2023\/07\/verona-big.jpg","datePublished":"2025-04-16T08:01:59+00:00","dateModified":"2025-06-03T10:57:27+00:00","description":"Vicenza a Verona: m\u011bsta um\u011bn\u00ed a historie s palladiovsk\u00fdmi pal\u00e1ci a slavnou ar\u00e9nou. Objevte romantiku i jedine\u010dnou architekturu.","breadcrumb":{"@id":"https:\/\/lacortehotel.info\/cs\/okoli\/vicenza-a-verona\/#breadcrumb"},"inLanguage":"cs","potentialAction":[{"@type":"ReadAction","target":["https:\/\/lacortehotel.info\/cs\/okoli\/vicenza-a-verona\/"]}]},{"@type":"ImageObject","inLanguage":"cs","@id":"https:\/\/lacortehotel.info\/cs\/okoli\/vicenza-a-verona\/#primaryimage","url":"https:\/\/lacortehotel.info\/wp-content\/uploads\/2023\/07\/verona-big.jpg","contentUrl":"https:\/\/lacortehotel.info\/wp-content\/uploads\/2023\/07\/verona-big.jpg","width":2560,"height":1440},{"@type":"BreadcrumbList","@id":"https:\/\/lacortehotel.info\/cs\/okoli\/vicenza-a-verona\/#breadcrumb","itemListElement":[{"@type":"ListItem","position":1,"name":"Home","item":"https:\/\/lacortehotel.info\/cs\/"},{"@type":"ListItem","position":2,"name":"Okol\u00ed","item":"https:\/\/lacortehotel.info\/cs\/okoli\/"},{"@type":"ListItem","position":3,"name":"Vicenza a Verony"}]},{"@type":"WebSite","@id":"https:\/\/lacortehotel.info\/cs\/#website","url":"https:\/\/lacortehotel.info\/cs\/","name":"Hotel La Corte","description":"V srdci P\u00e1dsk\u00e9 n\u00ed\u017einy... v\u00e1\u0161 druh\u00fd domov!","publisher":{"@id":"https:\/\/lacortehotel.info\/cs\/#organization"},"alternateName":"La Corte di Correzzola","potentialAction":[{"@type":"SearchAction","target":{"@type":"EntryPoint","urlTemplate":"https:\/\/lacortehotel.info\/cs\/?s={search_term_string}"},"query-input":{"@type":"PropertyValueSpecification","valueRequired":true,"valueName":"search_term_string"}}],"inLanguage":"cs"},{"@type":"Organization","@id":"https:\/\/lacortehotel.info\/cs\/#organization","name":"Hotel la Corte","url":"https:\/\/lacortehotel.info\/cs\/","logo":{"@type":"ImageObject","inLanguage":"cs","@id":"https:\/\/lacortehotel.info\/cs\/#\/schema\/logo\/image\/","url":"https:\/\/lacortehotel.info\/wp-content\/uploads\/2023\/05\/logo-sito-p-e1683800838815.png","contentUrl":"https:\/\/lacortehotel.info\/wp-content\/uploads\/2023\/05\/logo-sito-p-e1683800838815.png","width":100,"height":94,"caption":"Hotel la Corte"},"image":{"@id":"https:\/\/lacortehotel.info\/cs\/#\/schema\/logo\/image\/"},"sameAs":["https:\/\/www.facebook.com\/pages\/Hotel-La-Corte\/120373951334581","https:\/\/www.instagram.com\/lacortecorrezzola\/"]}]}},"_links":{"self":[{"href":"https:\/\/lacortehotel.info\/cs\/wp-json\/wp\/v2\/pages\/656","targetHints":{"allow":["GET"]}}],"collection":[{"href":"https:\/\/lacortehotel.info\/cs\/wp-json\/wp\/v2\/pages"}],"about":[{"href":"https:\/\/lacortehotel.info\/cs\/wp-json\/wp\/v2\/types\/page"}],"author":[{"embeddable":true,"href":"https:\/\/lacortehotel.info\/cs\/wp-json\/wp\/v2\/users\/1"}],"replies":[{"embeddable":true,"href":"https:\/\/lacortehotel.info\/cs\/wp-json\/wp\/v2\/comments?post=656"}],"version-history":[{"count":2,"href":"https:\/\/lacortehotel.info\/cs\/wp-json\/wp\/v2\/pages\/656\/revisions"}],"predecessor-version":[{"id":1829,"href":"https:\/\/lacortehotel.info\/cs\/wp-json\/wp\/v2\/pages\/656\/revisions\/1829"}],"up":[{"embeddable":true,"href":"https:\/\/lacortehotel.info\/cs\/wp-json\/wp\/v2\/pages\/596"}],"wp:featuredmedia":[{"embeddable":true,"href":"https:\/\/lacortehotel.info\/cs\/wp-json\/wp\/v2\/media\/512"}],"wp:attachment":[{"href":"https:\/\/lacortehotel.info\/cs\/wp-json\/wp\/v2\/media?parent=656"}],"curies":[{"name":"wp","href":"https:\/\/api.w.org\/{rel}","templated":true}]}}