{"id":647,"date":"2025-04-16T08:05:22","date_gmt":"2025-04-16T08:05:22","guid":{"rendered":"https:\/\/lacortehotel.info\/territorio\/venedig-und-chioggia\/"},"modified":"2025-06-03T08:41:32","modified_gmt":"2025-06-03T08:41:32","slug":"benatky-a-chioggia","status":"publish","type":"page","link":"https:\/\/lacortehotel.info\/cs\/okoli\/benatky-a-chioggia\/","title":{"rendered":"Ben\u00e1tky a Chioggia"},"content":{"rendered":"\n<p>M\u00e9n\u011b ne\u017e hodinu od na\u0161eho hotelu se nach\u00e1zej\u00ed dv\u011b v\u00fdjime\u010dn\u00e1 m\u011bsta, kter\u00e1 rozhodn\u011b stoj\u00ed za n\u00e1v\u0161t\u011bvu: <strong>Ben\u00e1tky<\/strong>, celosv\u011btov\u011b proslul\u00e9 svou jedine\u010dnost\u00ed, a <strong>Chioggia<\/strong>, okouzluj\u00edc\u00ed ryb\u00e1\u0159sk\u00e9 m\u011bste\u010dko bohat\u00e9 na historii a tradice.<\/p>\n\n\n\n<h3 class=\"wp-block-heading\">Ben\u00e1tky, mistrovsk\u00e9 d\u00edlo na vod\u011b<\/h3>\n\n\n\n<p><strong>Ben\u00e1tky<\/strong> jsou nad\u010dasov\u00fdm m\u00edstem, m\u011bstem, kter\u00e9 jako by se vzn\u00e1\u0161elo na vod\u00e1ch laguny, kde ka\u017ed\u00e1 uli\u010dka, ka\u017ed\u00fd kan\u00e1l a ka\u017ed\u00fd most vypr\u00e1v\u00ed stalet\u00fd p\u0159\u00edb\u011bh. Jejich vyt\u0159\u00edben\u00e1 architektura a sugestivn\u00ed atmosf\u00e9ra z nich \u010din\u00ed jedno z nejromanti\u010dt\u011bj\u0161\u00edch a nej\u00fachvatn\u011bj\u0161\u00edch m\u00edst v It\u00e1lii.<\/p>\n\n\n\n<p>P\u0159i n\u00e1v\u0161t\u011bv\u011b m\u011bsta byste nem\u011bli minout:<\/p>\n\n\n\n<ul class=\"wp-block-list\">\n<li><strong>N\u00e1m\u011bst\u00ed sv. Marka<\/strong>, srdce Ben\u00e1tek, dominovan\u00e9 n\u00e1dhernou <strong>bazilikou sv. Marka<\/strong>, mistrovsk\u00fdm d\u00edlem rom\u00e1nsko-byzantsk\u00e9ho um\u011bn\u00ed;<\/li>\n\n\n\n<li><strong><a href=\"https:\/\/muve.vivaticket.it\/en\/event\/musei-p-san-marco-ducale\/155153\">D\u00f3\u017eec\u00ed pal\u00e1c<\/a><\/strong>, b\u00fdval\u00e9 s\u00eddlo d\u00f3\u017eete a symbol moci a sl\u00e1vy Ben\u00e1tsk\u00e9 republiky;<\/li>\n\n\n\n<li>Slavn\u00fd <strong>Most vzdech\u016f<\/strong>, kter\u00fd spojuje pal\u00e1c s b\u00fdval\u00fdm v\u011bzen\u00edm;<\/li>\n\n\n\n<li><strong>Velk\u00fd kan\u00e1l (Canal Grande)<\/strong>, po kter\u00e9m pluj\u00ed vaporetta a gondoly, lemovan\u00fd historick\u00fdmi pal\u00e1ci s bohatou v\u00fdzdobou;<\/li>\n\n\n\n<li>\u017divou \u010dtvr\u0165 <strong>Rialto<\/strong> se slavn\u00fdm mostem a tradi\u010dn\u00edm trhem.<\/li>\n<\/ul>\n\n\n\n<p>Z mnoha ostrov\u016f laguny doporu\u010dujeme nav\u0161t\u00edvit:<\/p>\n\n\n\n<ul class=\"wp-block-list\">\n<li><strong>Murano<\/strong>, sv\u011btov\u011b proslul\u00e9 starobyl\u00fdm um\u011bn\u00edm fouk\u00e1n\u00ed skla;<\/li>\n\n\n\n<li><strong>Burano<\/strong>, zn\u00e1m\u00e9 sv\u00fdmi pestrobarevn\u00fdmi domky a krajk\u00e1\u0159skou tradic\u00ed;<\/li>\n\n\n\n<li><strong>Torcello<\/strong>, jedno z nejstar\u0161\u00edch os\u00eddlen\u00ed v lagun\u011b, kde st\u00e1le panuje tich\u00e1 a duchovn\u00ed atmosf\u00e9ra.<\/li>\n<\/ul>\n\n\n\n<h3 class=\"wp-block-heading\">Ud\u00e1losti, kter\u00e9 o\u017eivuj\u00ed Ben\u00e1tky po cel\u00fd rok<\/h3>\n\n\n\n<p>Krom\u011b architektonick\u00e9ho a p\u0159\u00edrodn\u00edho kouzla jsou Ben\u00e1tky i \u017eiv\u00fdm kulturn\u00edm centrem. Mezi nejv\u00fdznamn\u011bj\u0161\u00ed ud\u00e1losti pat\u0159\u00ed:<\/p>\n\n\n\n<ul class=\"wp-block-list\">\n<li><strong><a href=\"https:\/\/www.labiennale.org\/en\">Ben\u00e1tsk\u00e9 bien\u00e1le<\/a><\/strong>, jeden z nejd\u016fle\u017eit\u011bj\u0161\u00edch festival\u016f sou\u010dasn\u00e9ho um\u011bn\u00ed na sv\u011bt\u011b;<\/li>\n\n\n\n<li>Opern\u00ed a symfonick\u00e1 sez\u00f3na v <strong>divadle La Fenice<\/strong>, skute\u010dn\u00e9m chr\u00e1mu hudby a kultury;<\/li>\n\n\n\n<li>P\u016fsobiv\u00e1 <strong>Historick\u00e1 regata<\/strong>, p\u0159i kter\u00e9 tradi\u010dn\u00ed lod\u011b defiluj\u00ed po Canal Grande;<\/li>\n\n\n\n<li><strong>Sv\u00e1tek Vykupitele (Festa del Redentore)<\/strong> s oh\u0148ostrojem nad lagunou;<\/li>\n\n\n\n<li>N\u00e1dhern\u00fd <strong>Ben\u00e1tsk\u00fd karneval<\/strong>, slavn\u00fd sv\u00fdmi elegantn\u00edmi maskami a kouzelnou atmosf\u00e9rou.<\/li>\n<\/ul>\n\n\n\n<h3 class=\"wp-block-heading\">Chioggia, mal\u00e9 Ben\u00e1tky<\/h3>\n\n\n\n<p>Na jihu laguny le\u017e\u00ed <strong>Chioggia<\/strong>, p\u0159ekvapiv\u00e9 m\u011bsto s jedine\u010dnou urbanistickou strukturou: historick\u00e9 centrum je protk\u00e1no kan\u00e1ly a spojeno mnoha mosty, co\u017e mu vyslou\u017eilo p\u0159ezd\u00edvku \u201emal\u00e9 Ben\u00e1tky\u201c. Je to autentick\u00e9 m\u011bsto, hluboce spjat\u00e9 s mo\u0159em a ryb\u00e1\u0159sk\u00fdmi tradicemi, s jedn\u00edm z <a href=\"https:\/\/www.chioggiapesca.com\/\">nejzn\u00e1m\u011bj\u0161\u00edch ryb\u00edch trh\u016f<\/a> v Ben\u00e1tsku a mnoha skv\u011bl\u00fdmi restauracemi s \u010derstv\u00fdmi rybami.<\/p>\n\n\n\n<p>Proch\u00e1zka po Chioggii nab\u00edz\u00ed intimn\u011bj\u0161\u00ed a opravdov\u011bj\u0161\u00ed tv\u00e1\u0159 laguny \u2013 s klidn\u00fdmi uli\u010dkami, historick\u00fdmi budovami a dechberouc\u00edmi z\u00e1pady slunce nad mo\u0159em.<\/p>\n\n\n\n<h3 class=\"wp-block-heading\">Jak se dostat do Ben\u00e1tek z na\u0161eho hotelu<\/h3>\n\n\n\n<p>D\u00edky strategick\u00e9 poloze <strong>hotelu La Corte<\/strong> je cesta do Ben\u00e1tek snadn\u00e1 a flexibiln\u00ed:<\/p>\n\n\n\n<p><strong>Autem do Fusiny<\/strong>, odkud pokra\u010dujete <strong>lod\u00ed p\u0159\u00edmo do Ben\u00e1tek<\/strong>;<\/p>\n\n\n\n<p><strong>Autem na nejbli\u017e\u0161\u00ed vlakov\u00e9 n\u00e1dra\u017e\u00ed<\/strong> a odtud <strong>vlakem p\u0159\u00edmo do historick\u00e9ho centra<\/strong> (Venezia Santa Lucia);<\/p>\n\n\n\n<p>Nebo si m\u016f\u017eete <strong>objednat celodenn\u00ed v\u00fdlet na ostrovy laguny<\/strong>.<\/p>\n\n\n\n<figure class=\"wp-block-image size-full\"><img loading=\"lazy\" decoding=\"async\" width=\"300\" height=\"232\" src=\"https:\/\/lacortehotel.info\/wp-content\/uploads\/2023\/07\/chioggia-1.jpg\" alt=\"\" class=\"wp-image-639\"\/><\/figure>\n","protected":false},"excerpt":{"rendered":"<p>M\u00e9n\u011b ne\u017e hodinu od na\u0161eho hotelu se nach\u00e1zej\u00ed dv\u011b v\u00fdjime\u010dn\u00e1 m\u011bsta, kter\u00e1 rozhodn\u011b stoj\u00ed za n\u00e1v\u0161t\u011bvu: Ben\u00e1tky, celosv\u011btov\u011b proslul\u00e9 svou jedine\u010dnost\u00ed, a Chioggia, okouzluj\u00edc\u00ed ryb\u00e1\u0159sk\u00e9 m\u011bste\u010dko bohat\u00e9 na historii a tradice. Ben\u00e1tky, mistrovsk\u00e9 d\u00edlo na vod\u011b Ben\u00e1tky jsou nad\u010dasov\u00fdm m\u00edstem, m\u011bstem, kter\u00e9 jako by se vzn\u00e1\u0161elo na vod\u00e1ch laguny, kde ka\u017ed\u00e1 uli\u010dka, ka\u017ed\u00fd kan\u00e1l a [&hellip;]<\/p>\n","protected":false},"author":1,"featured_media":434,"parent":596,"menu_order":0,"comment_status":"closed","ping_status":"closed","template":"templates\/lista.php","meta":{"_acf_changed":false,"inline_featured_image":false,"_joinchat":[],"footnotes":""},"class_list":["post-647","page","type-page","status-publish","has-post-thumbnail","hentry"],"acf":[],"yoast_head":"<!-- This site is optimized with the Yoast SEO plugin v26.7 - https:\/\/yoast.com\/wordpress\/plugins\/seo\/ -->\n<title>Ben\u00e1tky a Chioggia - La Corte Hotel<\/title>\n<meta name=\"description\" content=\"Ben\u00e1tky a Chioggia: klenoty laguny pln\u00e9 um\u011bn\u00ed, kan\u00e1l\u016f a tradic. Objevte romantiku, historii a pravou atmosf\u00e9ru p\u0159\u00edmo\u0159sk\u00e9ho \u017eivota.\" \/>\n<meta name=\"robots\" content=\"index, follow, max-snippet:-1, max-image-preview:large, max-video-preview:-1\" \/>\n<link rel=\"canonical\" href=\"https:\/\/lacortehotel.info\/cs\/okoli\/benatky-a-chioggia\/\" \/>\n<meta property=\"og:locale\" content=\"cs_CZ\" \/>\n<meta property=\"og:type\" content=\"article\" \/>\n<meta property=\"og:title\" content=\"Ben\u00e1tky a Chioggia - La Corte Hotel\" \/>\n<meta property=\"og:description\" content=\"Ben\u00e1tky a Chioggia: klenoty laguny pln\u00e9 um\u011bn\u00ed, kan\u00e1l\u016f a tradic. Objevte romantiku, historii a pravou atmosf\u00e9ru p\u0159\u00edmo\u0159sk\u00e9ho \u017eivota.\" \/>\n<meta property=\"og:url\" content=\"https:\/\/lacortehotel.info\/cs\/okoli\/benatky-a-chioggia\/\" \/>\n<meta property=\"og:site_name\" content=\"La Corte Hotel\" \/>\n<meta property=\"article:publisher\" content=\"https:\/\/www.facebook.com\/pages\/Hotel-La-Corte\/120373951334581\" \/>\n<meta property=\"article:modified_time\" content=\"2025-06-03T08:41:32+00:00\" \/>\n<meta property=\"og:image\" content=\"https:\/\/lacortehotel.info\/wp-content\/uploads\/2023\/07\/Venezia-territorio.jpg\" \/>\n\t<meta property=\"og:image:width\" content=\"2560\" \/>\n\t<meta property=\"og:image:height\" content=\"1440\" \/>\n\t<meta property=\"og:image:type\" content=\"image\/jpeg\" \/>\n<meta name=\"twitter:card\" content=\"summary_large_image\" \/>\n<meta name=\"twitter:label1\" content=\"Odhadovan\u00e1 doba \u010dten\u00ed\" \/>\n\t<meta name=\"twitter:data1\" content=\"3 minuty\" \/>\n<script type=\"application\/ld+json\" class=\"yoast-schema-graph\">{\"@context\":\"https:\/\/schema.org\",\"@graph\":[{\"@type\":\"WebPage\",\"@id\":\"https:\/\/lacortehotel.info\/cs\/okoli\/benatky-a-chioggia\/\",\"url\":\"https:\/\/lacortehotel.info\/cs\/okoli\/benatky-a-chioggia\/\",\"name\":\"Ben\u00e1tky a Chioggia - La Corte Hotel\",\"isPartOf\":{\"@id\":\"https:\/\/lacortehotel.info\/cs\/#website\"},\"primaryImageOfPage\":{\"@id\":\"https:\/\/lacortehotel.info\/cs\/okoli\/benatky-a-chioggia\/#primaryimage\"},\"image\":{\"@id\":\"https:\/\/lacortehotel.info\/cs\/okoli\/benatky-a-chioggia\/#primaryimage\"},\"thumbnailUrl\":\"https:\/\/lacortehotel.info\/wp-content\/uploads\/2023\/07\/Venezia-territorio.jpg\",\"datePublished\":\"2025-04-16T08:05:22+00:00\",\"dateModified\":\"2025-06-03T08:41:32+00:00\",\"description\":\"Ben\u00e1tky a Chioggia: klenoty laguny pln\u00e9 um\u011bn\u00ed, kan\u00e1l\u016f a tradic. Objevte romantiku, historii a pravou atmosf\u00e9ru p\u0159\u00edmo\u0159sk\u00e9ho \u017eivota.\",\"breadcrumb\":{\"@id\":\"https:\/\/lacortehotel.info\/cs\/okoli\/benatky-a-chioggia\/#breadcrumb\"},\"inLanguage\":\"cs\",\"potentialAction\":[{\"@type\":\"ReadAction\",\"target\":[\"https:\/\/lacortehotel.info\/cs\/okoli\/benatky-a-chioggia\/\"]}]},{\"@type\":\"ImageObject\",\"inLanguage\":\"cs\",\"@id\":\"https:\/\/lacortehotel.info\/cs\/okoli\/benatky-a-chioggia\/#primaryimage\",\"url\":\"https:\/\/lacortehotel.info\/wp-content\/uploads\/2023\/07\/Venezia-territorio.jpg\",\"contentUrl\":\"https:\/\/lacortehotel.info\/wp-content\/uploads\/2023\/07\/Venezia-territorio.jpg\",\"width\":2560,\"height\":1440},{\"@type\":\"BreadcrumbList\",\"@id\":\"https:\/\/lacortehotel.info\/cs\/okoli\/benatky-a-chioggia\/#breadcrumb\",\"itemListElement\":[{\"@type\":\"ListItem\",\"position\":1,\"name\":\"Home\",\"item\":\"https:\/\/lacortehotel.info\/cs\/\"},{\"@type\":\"ListItem\",\"position\":2,\"name\":\"Okol\u00ed\",\"item\":\"https:\/\/lacortehotel.info\/cs\/okoli\/\"},{\"@type\":\"ListItem\",\"position\":3,\"name\":\"Ben\u00e1tky a Chioggia\"}]},{\"@type\":\"WebSite\",\"@id\":\"https:\/\/lacortehotel.info\/cs\/#website\",\"url\":\"https:\/\/lacortehotel.info\/cs\/\",\"name\":\"Hotel La Corte\",\"description\":\"V srdci P\u00e1dsk\u00e9 n\u00ed\u017einy... v\u00e1\u0161 druh\u00fd domov!\",\"publisher\":{\"@id\":\"https:\/\/lacortehotel.info\/cs\/#organization\"},\"alternateName\":\"La Corte di Correzzola\",\"potentialAction\":[{\"@type\":\"SearchAction\",\"target\":{\"@type\":\"EntryPoint\",\"urlTemplate\":\"https:\/\/lacortehotel.info\/cs\/?s={search_term_string}\"},\"query-input\":{\"@type\":\"PropertyValueSpecification\",\"valueRequired\":true,\"valueName\":\"search_term_string\"}}],\"inLanguage\":\"cs\"},{\"@type\":\"Organization\",\"@id\":\"https:\/\/lacortehotel.info\/cs\/#organization\",\"name\":\"Hotel la Corte\",\"url\":\"https:\/\/lacortehotel.info\/cs\/\",\"logo\":{\"@type\":\"ImageObject\",\"inLanguage\":\"cs\",\"@id\":\"https:\/\/lacortehotel.info\/cs\/#\/schema\/logo\/image\/\",\"url\":\"https:\/\/lacortehotel.info\/wp-content\/uploads\/2023\/05\/logo-sito-p-e1683800838815.png\",\"contentUrl\":\"https:\/\/lacortehotel.info\/wp-content\/uploads\/2023\/05\/logo-sito-p-e1683800838815.png\",\"width\":100,\"height\":94,\"caption\":\"Hotel la Corte\"},\"image\":{\"@id\":\"https:\/\/lacortehotel.info\/cs\/#\/schema\/logo\/image\/\"},\"sameAs\":[\"https:\/\/www.facebook.com\/pages\/Hotel-La-Corte\/120373951334581\",\"https:\/\/www.instagram.com\/lacortecorrezzola\/\"]}]}<\/script>\n<!-- \/ Yoast SEO plugin. -->","yoast_head_json":{"title":"Ben\u00e1tky a Chioggia - La Corte Hotel","description":"Ben\u00e1tky a Chioggia: klenoty laguny pln\u00e9 um\u011bn\u00ed, kan\u00e1l\u016f a tradic. Objevte romantiku, historii a pravou atmosf\u00e9ru p\u0159\u00edmo\u0159sk\u00e9ho \u017eivota.","robots":{"index":"index","follow":"follow","max-snippet":"max-snippet:-1","max-image-preview":"max-image-preview:large","max-video-preview":"max-video-preview:-1"},"canonical":"https:\/\/lacortehotel.info\/cs\/okoli\/benatky-a-chioggia\/","og_locale":"cs_CZ","og_type":"article","og_title":"Ben\u00e1tky a Chioggia - La Corte Hotel","og_description":"Ben\u00e1tky a Chioggia: klenoty laguny pln\u00e9 um\u011bn\u00ed, kan\u00e1l\u016f a tradic. Objevte romantiku, historii a pravou atmosf\u00e9ru p\u0159\u00edmo\u0159sk\u00e9ho \u017eivota.","og_url":"https:\/\/lacortehotel.info\/cs\/okoli\/benatky-a-chioggia\/","og_site_name":"La Corte Hotel","article_publisher":"https:\/\/www.facebook.com\/pages\/Hotel-La-Corte\/120373951334581","article_modified_time":"2025-06-03T08:41:32+00:00","og_image":[{"width":2560,"height":1440,"url":"https:\/\/lacortehotel.info\/wp-content\/uploads\/2023\/07\/Venezia-territorio.jpg","type":"image\/jpeg"}],"twitter_card":"summary_large_image","twitter_misc":{"Odhadovan\u00e1 doba \u010dten\u00ed":"3 minuty"},"schema":{"@context":"https:\/\/schema.org","@graph":[{"@type":"WebPage","@id":"https:\/\/lacortehotel.info\/cs\/okoli\/benatky-a-chioggia\/","url":"https:\/\/lacortehotel.info\/cs\/okoli\/benatky-a-chioggia\/","name":"Ben\u00e1tky a Chioggia - La Corte Hotel","isPartOf":{"@id":"https:\/\/lacortehotel.info\/cs\/#website"},"primaryImageOfPage":{"@id":"https:\/\/lacortehotel.info\/cs\/okoli\/benatky-a-chioggia\/#primaryimage"},"image":{"@id":"https:\/\/lacortehotel.info\/cs\/okoli\/benatky-a-chioggia\/#primaryimage"},"thumbnailUrl":"https:\/\/lacortehotel.info\/wp-content\/uploads\/2023\/07\/Venezia-territorio.jpg","datePublished":"2025-04-16T08:05:22+00:00","dateModified":"2025-06-03T08:41:32+00:00","description":"Ben\u00e1tky a Chioggia: klenoty laguny pln\u00e9 um\u011bn\u00ed, kan\u00e1l\u016f a tradic. Objevte romantiku, historii a pravou atmosf\u00e9ru p\u0159\u00edmo\u0159sk\u00e9ho \u017eivota.","breadcrumb":{"@id":"https:\/\/lacortehotel.info\/cs\/okoli\/benatky-a-chioggia\/#breadcrumb"},"inLanguage":"cs","potentialAction":[{"@type":"ReadAction","target":["https:\/\/lacortehotel.info\/cs\/okoli\/benatky-a-chioggia\/"]}]},{"@type":"ImageObject","inLanguage":"cs","@id":"https:\/\/lacortehotel.info\/cs\/okoli\/benatky-a-chioggia\/#primaryimage","url":"https:\/\/lacortehotel.info\/wp-content\/uploads\/2023\/07\/Venezia-territorio.jpg","contentUrl":"https:\/\/lacortehotel.info\/wp-content\/uploads\/2023\/07\/Venezia-territorio.jpg","width":2560,"height":1440},{"@type":"BreadcrumbList","@id":"https:\/\/lacortehotel.info\/cs\/okoli\/benatky-a-chioggia\/#breadcrumb","itemListElement":[{"@type":"ListItem","position":1,"name":"Home","item":"https:\/\/lacortehotel.info\/cs\/"},{"@type":"ListItem","position":2,"name":"Okol\u00ed","item":"https:\/\/lacortehotel.info\/cs\/okoli\/"},{"@type":"ListItem","position":3,"name":"Ben\u00e1tky a Chioggia"}]},{"@type":"WebSite","@id":"https:\/\/lacortehotel.info\/cs\/#website","url":"https:\/\/lacortehotel.info\/cs\/","name":"Hotel La Corte","description":"V srdci P\u00e1dsk\u00e9 n\u00ed\u017einy... v\u00e1\u0161 druh\u00fd domov!","publisher":{"@id":"https:\/\/lacortehotel.info\/cs\/#organization"},"alternateName":"La Corte di Correzzola","potentialAction":[{"@type":"SearchAction","target":{"@type":"EntryPoint","urlTemplate":"https:\/\/lacortehotel.info\/cs\/?s={search_term_string}"},"query-input":{"@type":"PropertyValueSpecification","valueRequired":true,"valueName":"search_term_string"}}],"inLanguage":"cs"},{"@type":"Organization","@id":"https:\/\/lacortehotel.info\/cs\/#organization","name":"Hotel la Corte","url":"https:\/\/lacortehotel.info\/cs\/","logo":{"@type":"ImageObject","inLanguage":"cs","@id":"https:\/\/lacortehotel.info\/cs\/#\/schema\/logo\/image\/","url":"https:\/\/lacortehotel.info\/wp-content\/uploads\/2023\/05\/logo-sito-p-e1683800838815.png","contentUrl":"https:\/\/lacortehotel.info\/wp-content\/uploads\/2023\/05\/logo-sito-p-e1683800838815.png","width":100,"height":94,"caption":"Hotel la Corte"},"image":{"@id":"https:\/\/lacortehotel.info\/cs\/#\/schema\/logo\/image\/"},"sameAs":["https:\/\/www.facebook.com\/pages\/Hotel-La-Corte\/120373951334581","https:\/\/www.instagram.com\/lacortecorrezzola\/"]}]}},"_links":{"self":[{"href":"https:\/\/lacortehotel.info\/cs\/wp-json\/wp\/v2\/pages\/647","targetHints":{"allow":["GET"]}}],"collection":[{"href":"https:\/\/lacortehotel.info\/cs\/wp-json\/wp\/v2\/pages"}],"about":[{"href":"https:\/\/lacortehotel.info\/cs\/wp-json\/wp\/v2\/types\/page"}],"author":[{"embeddable":true,"href":"https:\/\/lacortehotel.info\/cs\/wp-json\/wp\/v2\/users\/1"}],"replies":[{"embeddable":true,"href":"https:\/\/lacortehotel.info\/cs\/wp-json\/wp\/v2\/comments?post=647"}],"version-history":[{"count":2,"href":"https:\/\/lacortehotel.info\/cs\/wp-json\/wp\/v2\/pages\/647\/revisions"}],"predecessor-version":[{"id":1800,"href":"https:\/\/lacortehotel.info\/cs\/wp-json\/wp\/v2\/pages\/647\/revisions\/1800"}],"up":[{"embeddable":true,"href":"https:\/\/lacortehotel.info\/cs\/wp-json\/wp\/v2\/pages\/596"}],"wp:featuredmedia":[{"embeddable":true,"href":"https:\/\/lacortehotel.info\/cs\/wp-json\/wp\/v2\/media\/434"}],"wp:attachment":[{"href":"https:\/\/lacortehotel.info\/cs\/wp-json\/wp\/v2\/media?parent=647"}],"curies":[{"name":"wp","href":"https:\/\/api.w.org\/{rel}","templated":true}]}}