{"id":634,"date":"2025-04-16T08:02:48","date_gmt":"2025-04-16T08:02:48","guid":{"rendered":"https:\/\/lacortehotel.info\/territorio\/sottomarina-isola-verde-und-rosolina-strande\/"},"modified":"2025-06-03T10:45:21","modified_gmt":"2025-06-03T10:45:21","slug":"sottomarina-isola-verde-a-rosolina-plaze","status":"publish","type":"page","link":"https:\/\/lacortehotel.info\/cs\/okoli\/sottomarina-isola-verde-a-rosolina-plaze\/","title":{"rendered":"Sottomarina, Isola Verde a Rosolina (pl\u00e1\u017ee)"},"content":{"rendered":"\n<h3 class=\"wp-block-heading\">Sottomarina<\/h3>\n\n\n\n<p><strong><a href=\"http:\/\/www.sottomarina.net\/\">Sottomarina<\/a><\/strong> je hlavn\u00ed pl\u00e1\u017e\u00ed Chioggie, zn\u00e1m\u00e1 sv\u00fdm \u0161irok\u00fdm p\u00eds\u010dit\u00fdm pob\u0159e\u017e\u00edm, kvalitn\u00edmi pl\u00e1\u017eov\u00fdmi slu\u017ebami a mnoha mo\u017enostmi pro rodiny i sportovce. Pozvoln\u00fd vstup do mo\u0159e je ide\u00e1ln\u00ed pro d\u011bti, zat\u00edmco bary, restaurace a ve\u010dern\u00ed program d\u011blaj\u00ed z tohoto m\u00edsta \u017eivou destinaci i po setm\u011bn\u00ed.<\/p>\n\n\n\n<p>V Sottomarin\u011b si m\u016f\u017eete u\u017e\u00edt vodn\u00ed sporty, p\u016fj\u010dit si kolo nebo si prost\u011b odpo\u010dinout pod slune\u010dn\u00edkem. Je to jedna z nejobl\u00edben\u011bj\u0161\u00edch pl\u00e1\u017e\u00ed pro pohodov\u00fd den u mo\u0159e a z na\u0161eho hotelu se sem dostanete snadno <strong>autem nebo p\u0159\u00edm\u00fdm autobusem<\/strong>.<\/p>\n\n\n\n<figure class=\"wp-block-image size-full\"><img loading=\"lazy\" decoding=\"async\" width=\"390\" height=\"250\" src=\"https:\/\/lacortehotel.info\/wp-content\/uploads\/2023\/07\/spiaggia-1.jpg\" alt=\"\" class=\"wp-image-439\" srcset=\"https:\/\/lacortehotel.info\/wp-content\/uploads\/2023\/07\/spiaggia-1.jpg 390w, https:\/\/lacortehotel.info\/wp-content\/uploads\/2023\/07\/spiaggia-1-300x192.jpg 300w\" sizes=\"auto, (max-width: 390px) 100vw, 390px\" \/><\/figure>\n\n\n\n<h3 class=\"wp-block-heading\">Isola Verde<\/h3>\n\n\n\n<p><strong>Isola Verde<\/strong>, jak n\u00e1zev napov\u00edd\u00e1, je m\u00edsto obklopen\u00e9 zelen\u00ed, kan\u00e1ly a zem\u011bd\u011blskou krajinou, kde dominuje p\u0159\u00edroda. Pl\u00e1\u017ee jsou zde m\u00e9n\u011b frekventovan\u00e9 ne\u017e v turistick\u00fdch letovisc\u00edch a nab\u00edzej\u00ed klidnou a autentickou atmosf\u00e9ru.<\/p>\n\n\n\n<p>Ide\u00e1ln\u00ed pro ty, kte\u0159\u00ed hledaj\u00ed <strong>klid a kontakt s p\u0159\u00edrodou<\/strong>, je Isola Verde obl\u00edben\u00e1 tak\u00e9 mezi milovn\u00edky pozorov\u00e1n\u00ed pt\u00e1k\u016f a cestovateli v obytn\u00fdch vozech. Pob\u0159e\u017e\u00ed je \u0161irok\u00e9 a p\u00eds\u010dit\u00e9, ide\u00e1ln\u00ed pro dlouh\u00e9 proch\u00e1zky pod\u00e9l mo\u0159e nebo \u010dten\u00ed knihy na slunci.<\/p>\n\n\n\n<h3 class=\"wp-block-heading\">Rosolina<\/h3>\n\n\n\n<p><strong><a href=\"http:\/\/www.venetograndeguerra.it\/dove-andare-dettaglio?path=\/DoveAndare\/Mare\/Rosolina&amp;lang=it\">Rosolina<\/a> Mare<\/strong> je \u00fazk\u00fd pruh p\u00edsku dlouh\u00fd dev\u011bt kilometr\u016f, rozkl\u00e1daj\u00edc\u00ed se mezi Jadersk\u00fdm mo\u0159em a lagunami <strong>delty P\u00e1du<\/strong>. Krajina se zde neust\u00e1le m\u011bn\u00ed a spojuje prvky mo\u0159sk\u00e9ho, \u0159\u00ed\u010dn\u00edho i lagunov\u00e9ho prost\u0159ed\u00ed.<\/p>\n\n\n\n<p>Krom\u011b klasick\u00e9ho dne na pl\u00e1\u017ei nab\u00edz\u00ed Rosolina Mare spoustu mo\u017enost\u00ed pro <strong>p\u0159\u00edrodn\u00ed v\u00fdlety<\/strong>, cyklistiku i kulturn\u00ed n\u00e1v\u0161t\u011bvy okol\u00ed. Mezi nejzaj\u00edmav\u011bj\u0161\u00ed m\u00edsta pat\u0159\u00ed <strong>Pob\u0159e\u017en\u00ed botanick\u00e1 zahrada v Porto Caleri<\/strong>, chr\u00e1n\u011bn\u00e1 oblast s dunami, borov\u00fdmi h\u00e1ji, lesy a v\u00edce ne\u017e 220 druhy p\u016fvodn\u00edch rostlin.<\/p>\n\n\n\n<p>Nau\u010dn\u00e1 stezka s d\u0159ev\u011bn\u00fdmi chodn\u00edky a cestami v zeleni nab\u00edz\u00ed skute\u010dn\u00e9 pono\u0159en\u00ed do biodiverzity delty \u2013 ide\u00e1ln\u00ed pro rodiny, \u0161koln\u00ed skupiny i milovn\u00edky p\u0159\u00edrody.tenk\u00fd prou\u017eek p\u00edsku, kter\u00fd se rozprost\u00edr\u00e1 dev\u011bt kilometr\u016f mezi Jadersk\u00fdm mo\u0159em a severn\u00edmi lagunami\u00a0<a href=\"http:\/\/www.parcodeltapo.it\/\" target=\"_blank\" rel=\"noreferrer noopener\">delty \u0159eky P\u00e1d<\/a>, m\u00e1 pl\u00e1\u017e Rosolina Mare zvl\u00e1\u0161tn\u00ed vlastnosti jak mo\u0159sk\u00e9ho prost\u0159ed\u00ed, tak i \u0159eky. Tam jsou tak\u00e9 \u010detn\u00e9 v\u00fdchoz\u00ed body pro objevov\u00e1n\u00ed fascinuj\u00edc\u00ed p\u0159\u00edrodn\u00ed a historick\u00e9 kr\u00e1sy, kter\u00e9 obklopuj\u00ed Rosolina Mare, jako je nap\u0159\u00edklad\u00a0<a href=\"http:\/\/www.parcodeltapo.org\/index.php\/it\/musei-e-strutture\/90-vivere-il-delta\/188-il-giardino-botanico-di-porto-caleri.html\" target=\"_blank\" rel=\"noreferrer noopener\">Botanick\u00e1 pob\u0159e\u017en\u00ed zahrada Porto Caleri<\/a>.<\/p>\n\n\n\n<div class=\"wp-block-columns is-layout-flex wp-container-core-columns-is-layout-9d6595d7 wp-block-columns-is-layout-flex\">\n<div class=\"wp-block-column is-layout-flow wp-block-column-is-layout-flow\" style=\"flex-basis:50%\">\n<figure class=\"wp-block-image size-medium\"><img loading=\"lazy\" decoding=\"async\" width=\"300\" height=\"182\" src=\"https:\/\/lacortehotel.info\/wp-content\/uploads\/2023\/07\/porto-caleri-300x182.jpg\" alt=\"\" class=\"wp-image-443\" srcset=\"https:\/\/lacortehotel.info\/wp-content\/uploads\/2023\/07\/porto-caleri-300x182.jpg 300w, https:\/\/lacortehotel.info\/wp-content\/uploads\/2023\/07\/porto-caleri.jpg 450w\" sizes=\"auto, (max-width: 300px) 100vw, 300px\" \/><\/figure>\n<\/div>\n\n\n\n<div class=\"wp-block-column is-layout-flow wp-block-column-is-layout-flow\" style=\"flex-basis:50%\">\n<figure class=\"wp-block-image size-full is-resized\"><img loading=\"lazy\" decoding=\"async\" width=\"272\" height=\"185\" src=\"https:\/\/lacortehotel.info\/wp-content\/uploads\/2023\/07\/delta.jpg\" alt=\"\" class=\"wp-image-447\" style=\"width:272px;height:185px\"\/><\/figure>\n<\/div>\n<\/div>\n\n\n\n<p>Jak se dostat na pl\u00e1\u017ee z Hotelu La Corte<\/p>\n\n\n\n<p>D\u00edky v\u00fdhodn\u00e9 poloze hotelu je cesta na pl\u00e1\u017ee snadn\u00e1:<\/p>\n\n\n\n<p><strong>Isola Verde a Rosolina Mare<\/strong>: snadno dostupn\u00e9 <strong>autem<\/strong>, ide\u00e1ln\u00ed pro ty, kte\u0159\u00ed cht\u011bj\u00ed spojit pobyt u mo\u0159e s p\u0159\u00edrodou a relaxac\u00ed.<\/p>\n\n\n\n<p><strong>Sottomarina<\/strong>: <strong>p\u0159\u00edm\u00fdm autobusem nebo autem<\/strong>, ide\u00e1ln\u00ed pro pohodln\u00fd jednodenn\u00ed v\u00fdlet;<\/p>\n","protected":false},"excerpt":{"rendered":"<p>Sottomarina Sottomarina je hlavn\u00ed pl\u00e1\u017e\u00ed Chioggie, zn\u00e1m\u00e1 sv\u00fdm \u0161irok\u00fdm p\u00eds\u010dit\u00fdm pob\u0159e\u017e\u00edm, kvalitn\u00edmi pl\u00e1\u017eov\u00fdmi slu\u017ebami a mnoha mo\u017enostmi pro rodiny i sportovce. Pozvoln\u00fd vstup do mo\u0159e je ide\u00e1ln\u00ed pro d\u011bti, zat\u00edmco bary, restaurace a ve\u010dern\u00ed program d\u011blaj\u00ed z tohoto m\u00edsta \u017eivou destinaci i po setm\u011bn\u00ed. V Sottomarin\u011b si m\u016f\u017eete u\u017e\u00edt vodn\u00ed sporty, p\u016fj\u010dit si kolo nebo [&hellip;]<\/p>\n","protected":false},"author":1,"featured_media":452,"parent":596,"menu_order":0,"comment_status":"closed","ping_status":"closed","template":"templates\/lista.php","meta":{"_acf_changed":false,"inline_featured_image":false,"_joinchat":[],"footnotes":""},"class_list":["post-634","page","type-page","status-publish","has-post-thumbnail","hentry"],"acf":[],"yoast_head":"<!-- This site is optimized with the Yoast SEO plugin v26.7 - https:\/\/yoast.com\/wordpress\/plugins\/seo\/ -->\n<title>Sottomarina, Isola Verde a Rosolina (pl\u00e1\u017ee) - La Corte Hotel<\/title>\n<meta name=\"description\" content=\"Pl\u00e1\u017ee, p\u0159\u00edroda a odpo\u010dinek v Sottomarin\u011b, Isola Verde a Rosolin\u011b \u2013 ide\u00e1ln\u00ed m\u00edsta pro rodiny na pob\u0159e\u017e\u00ed Ben\u00e1tska.\" \/>\n<meta name=\"robots\" content=\"index, follow, max-snippet:-1, max-image-preview:large, max-video-preview:-1\" \/>\n<link rel=\"canonical\" href=\"https:\/\/lacortehotel.info\/cs\/okoli\/sottomarina-isola-verde-a-rosolina-plaze\/\" \/>\n<meta property=\"og:locale\" content=\"cs_CZ\" \/>\n<meta property=\"og:type\" content=\"article\" \/>\n<meta property=\"og:title\" content=\"Sottomarina, Isola Verde a Rosolina (pl\u00e1\u017ee) - La Corte Hotel\" \/>\n<meta property=\"og:description\" content=\"Pl\u00e1\u017ee, p\u0159\u00edroda a odpo\u010dinek v Sottomarin\u011b, Isola Verde a Rosolin\u011b \u2013 ide\u00e1ln\u00ed m\u00edsta pro rodiny na pob\u0159e\u017e\u00ed Ben\u00e1tska.\" \/>\n<meta property=\"og:url\" content=\"https:\/\/lacortehotel.info\/cs\/okoli\/sottomarina-isola-verde-a-rosolina-plaze\/\" \/>\n<meta property=\"og:site_name\" content=\"La Corte Hotel\" \/>\n<meta property=\"article:publisher\" content=\"https:\/\/www.facebook.com\/pages\/Hotel-La-Corte\/120373951334581\" \/>\n<meta property=\"article:modified_time\" content=\"2025-06-03T10:45:21+00:00\" \/>\n<meta property=\"og:image\" content=\"https:\/\/lacortehotel.info\/wp-content\/uploads\/2023\/07\/spiaggie-sottomarina.jpg\" \/>\n\t<meta property=\"og:image:width\" content=\"2560\" \/>\n\t<meta property=\"og:image:height\" content=\"1440\" \/>\n\t<meta property=\"og:image:type\" content=\"image\/jpeg\" \/>\n<meta name=\"twitter:card\" content=\"summary_large_image\" \/>\n<meta name=\"twitter:label1\" content=\"Odhadovan\u00e1 doba \u010dten\u00ed\" \/>\n\t<meta name=\"twitter:data1\" content=\"3 minuty\" \/>\n<script type=\"application\/ld+json\" class=\"yoast-schema-graph\">{\"@context\":\"https:\/\/schema.org\",\"@graph\":[{\"@type\":\"WebPage\",\"@id\":\"https:\/\/lacortehotel.info\/cs\/okoli\/sottomarina-isola-verde-a-rosolina-plaze\/\",\"url\":\"https:\/\/lacortehotel.info\/cs\/okoli\/sottomarina-isola-verde-a-rosolina-plaze\/\",\"name\":\"Sottomarina, Isola Verde a Rosolina (pl\u00e1\u017ee) - La Corte Hotel\",\"isPartOf\":{\"@id\":\"https:\/\/lacortehotel.info\/cs\/#website\"},\"primaryImageOfPage\":{\"@id\":\"https:\/\/lacortehotel.info\/cs\/okoli\/sottomarina-isola-verde-a-rosolina-plaze\/#primaryimage\"},\"image\":{\"@id\":\"https:\/\/lacortehotel.info\/cs\/okoli\/sottomarina-isola-verde-a-rosolina-plaze\/#primaryimage\"},\"thumbnailUrl\":\"https:\/\/lacortehotel.info\/wp-content\/uploads\/2023\/07\/spiaggie-sottomarina.jpg\",\"datePublished\":\"2025-04-16T08:02:48+00:00\",\"dateModified\":\"2025-06-03T10:45:21+00:00\",\"description\":\"Pl\u00e1\u017ee, p\u0159\u00edroda a odpo\u010dinek v Sottomarin\u011b, Isola Verde a Rosolin\u011b \u2013 ide\u00e1ln\u00ed m\u00edsta pro rodiny na pob\u0159e\u017e\u00ed Ben\u00e1tska.\",\"breadcrumb\":{\"@id\":\"https:\/\/lacortehotel.info\/cs\/okoli\/sottomarina-isola-verde-a-rosolina-plaze\/#breadcrumb\"},\"inLanguage\":\"cs\",\"potentialAction\":[{\"@type\":\"ReadAction\",\"target\":[\"https:\/\/lacortehotel.info\/cs\/okoli\/sottomarina-isola-verde-a-rosolina-plaze\/\"]}]},{\"@type\":\"ImageObject\",\"inLanguage\":\"cs\",\"@id\":\"https:\/\/lacortehotel.info\/cs\/okoli\/sottomarina-isola-verde-a-rosolina-plaze\/#primaryimage\",\"url\":\"https:\/\/lacortehotel.info\/wp-content\/uploads\/2023\/07\/spiaggie-sottomarina.jpg\",\"contentUrl\":\"https:\/\/lacortehotel.info\/wp-content\/uploads\/2023\/07\/spiaggie-sottomarina.jpg\",\"width\":2560,\"height\":1440},{\"@type\":\"BreadcrumbList\",\"@id\":\"https:\/\/lacortehotel.info\/cs\/okoli\/sottomarina-isola-verde-a-rosolina-plaze\/#breadcrumb\",\"itemListElement\":[{\"@type\":\"ListItem\",\"position\":1,\"name\":\"Home\",\"item\":\"https:\/\/lacortehotel.info\/cs\/\"},{\"@type\":\"ListItem\",\"position\":2,\"name\":\"Okol\u00ed\",\"item\":\"https:\/\/lacortehotel.info\/cs\/okoli\/\"},{\"@type\":\"ListItem\",\"position\":3,\"name\":\"Sottomarina, Isola Verde a Rosolina (pl\u00e1\u017ee)\"}]},{\"@type\":\"WebSite\",\"@id\":\"https:\/\/lacortehotel.info\/cs\/#website\",\"url\":\"https:\/\/lacortehotel.info\/cs\/\",\"name\":\"Hotel La Corte\",\"description\":\"V srdci P\u00e1dsk\u00e9 n\u00ed\u017einy... v\u00e1\u0161 druh\u00fd domov!\",\"publisher\":{\"@id\":\"https:\/\/lacortehotel.info\/cs\/#organization\"},\"alternateName\":\"La Corte di Correzzola\",\"potentialAction\":[{\"@type\":\"SearchAction\",\"target\":{\"@type\":\"EntryPoint\",\"urlTemplate\":\"https:\/\/lacortehotel.info\/cs\/?s={search_term_string}\"},\"query-input\":{\"@type\":\"PropertyValueSpecification\",\"valueRequired\":true,\"valueName\":\"search_term_string\"}}],\"inLanguage\":\"cs\"},{\"@type\":\"Organization\",\"@id\":\"https:\/\/lacortehotel.info\/cs\/#organization\",\"name\":\"Hotel la Corte\",\"url\":\"https:\/\/lacortehotel.info\/cs\/\",\"logo\":{\"@type\":\"ImageObject\",\"inLanguage\":\"cs\",\"@id\":\"https:\/\/lacortehotel.info\/cs\/#\/schema\/logo\/image\/\",\"url\":\"https:\/\/lacortehotel.info\/wp-content\/uploads\/2023\/05\/logo-sito-p-e1683800838815.png\",\"contentUrl\":\"https:\/\/lacortehotel.info\/wp-content\/uploads\/2023\/05\/logo-sito-p-e1683800838815.png\",\"width\":100,\"height\":94,\"caption\":\"Hotel la Corte\"},\"image\":{\"@id\":\"https:\/\/lacortehotel.info\/cs\/#\/schema\/logo\/image\/\"},\"sameAs\":[\"https:\/\/www.facebook.com\/pages\/Hotel-La-Corte\/120373951334581\",\"https:\/\/www.instagram.com\/lacortecorrezzola\/\"]}]}<\/script>\n<!-- \/ Yoast SEO plugin. -->","yoast_head_json":{"title":"Sottomarina, Isola Verde a Rosolina (pl\u00e1\u017ee) - La Corte Hotel","description":"Pl\u00e1\u017ee, p\u0159\u00edroda a odpo\u010dinek v Sottomarin\u011b, Isola Verde a Rosolin\u011b \u2013 ide\u00e1ln\u00ed m\u00edsta pro rodiny na pob\u0159e\u017e\u00ed Ben\u00e1tska.","robots":{"index":"index","follow":"follow","max-snippet":"max-snippet:-1","max-image-preview":"max-image-preview:large","max-video-preview":"max-video-preview:-1"},"canonical":"https:\/\/lacortehotel.info\/cs\/okoli\/sottomarina-isola-verde-a-rosolina-plaze\/","og_locale":"cs_CZ","og_type":"article","og_title":"Sottomarina, Isola Verde a Rosolina (pl\u00e1\u017ee) - La Corte Hotel","og_description":"Pl\u00e1\u017ee, p\u0159\u00edroda a odpo\u010dinek v Sottomarin\u011b, Isola Verde a Rosolin\u011b \u2013 ide\u00e1ln\u00ed m\u00edsta pro rodiny na pob\u0159e\u017e\u00ed Ben\u00e1tska.","og_url":"https:\/\/lacortehotel.info\/cs\/okoli\/sottomarina-isola-verde-a-rosolina-plaze\/","og_site_name":"La Corte Hotel","article_publisher":"https:\/\/www.facebook.com\/pages\/Hotel-La-Corte\/120373951334581","article_modified_time":"2025-06-03T10:45:21+00:00","og_image":[{"width":2560,"height":1440,"url":"https:\/\/lacortehotel.info\/wp-content\/uploads\/2023\/07\/spiaggie-sottomarina.jpg","type":"image\/jpeg"}],"twitter_card":"summary_large_image","twitter_misc":{"Odhadovan\u00e1 doba \u010dten\u00ed":"3 minuty"},"schema":{"@context":"https:\/\/schema.org","@graph":[{"@type":"WebPage","@id":"https:\/\/lacortehotel.info\/cs\/okoli\/sottomarina-isola-verde-a-rosolina-plaze\/","url":"https:\/\/lacortehotel.info\/cs\/okoli\/sottomarina-isola-verde-a-rosolina-plaze\/","name":"Sottomarina, Isola Verde a Rosolina (pl\u00e1\u017ee) - La Corte Hotel","isPartOf":{"@id":"https:\/\/lacortehotel.info\/cs\/#website"},"primaryImageOfPage":{"@id":"https:\/\/lacortehotel.info\/cs\/okoli\/sottomarina-isola-verde-a-rosolina-plaze\/#primaryimage"},"image":{"@id":"https:\/\/lacortehotel.info\/cs\/okoli\/sottomarina-isola-verde-a-rosolina-plaze\/#primaryimage"},"thumbnailUrl":"https:\/\/lacortehotel.info\/wp-content\/uploads\/2023\/07\/spiaggie-sottomarina.jpg","datePublished":"2025-04-16T08:02:48+00:00","dateModified":"2025-06-03T10:45:21+00:00","description":"Pl\u00e1\u017ee, p\u0159\u00edroda a odpo\u010dinek v Sottomarin\u011b, Isola Verde a Rosolin\u011b \u2013 ide\u00e1ln\u00ed m\u00edsta pro rodiny na pob\u0159e\u017e\u00ed Ben\u00e1tska.","breadcrumb":{"@id":"https:\/\/lacortehotel.info\/cs\/okoli\/sottomarina-isola-verde-a-rosolina-plaze\/#breadcrumb"},"inLanguage":"cs","potentialAction":[{"@type":"ReadAction","target":["https:\/\/lacortehotel.info\/cs\/okoli\/sottomarina-isola-verde-a-rosolina-plaze\/"]}]},{"@type":"ImageObject","inLanguage":"cs","@id":"https:\/\/lacortehotel.info\/cs\/okoli\/sottomarina-isola-verde-a-rosolina-plaze\/#primaryimage","url":"https:\/\/lacortehotel.info\/wp-content\/uploads\/2023\/07\/spiaggie-sottomarina.jpg","contentUrl":"https:\/\/lacortehotel.info\/wp-content\/uploads\/2023\/07\/spiaggie-sottomarina.jpg","width":2560,"height":1440},{"@type":"BreadcrumbList","@id":"https:\/\/lacortehotel.info\/cs\/okoli\/sottomarina-isola-verde-a-rosolina-plaze\/#breadcrumb","itemListElement":[{"@type":"ListItem","position":1,"name":"Home","item":"https:\/\/lacortehotel.info\/cs\/"},{"@type":"ListItem","position":2,"name":"Okol\u00ed","item":"https:\/\/lacortehotel.info\/cs\/okoli\/"},{"@type":"ListItem","position":3,"name":"Sottomarina, Isola Verde a Rosolina (pl\u00e1\u017ee)"}]},{"@type":"WebSite","@id":"https:\/\/lacortehotel.info\/cs\/#website","url":"https:\/\/lacortehotel.info\/cs\/","name":"Hotel La Corte","description":"V srdci P\u00e1dsk\u00e9 n\u00ed\u017einy... v\u00e1\u0161 druh\u00fd domov!","publisher":{"@id":"https:\/\/lacortehotel.info\/cs\/#organization"},"alternateName":"La Corte di Correzzola","potentialAction":[{"@type":"SearchAction","target":{"@type":"EntryPoint","urlTemplate":"https:\/\/lacortehotel.info\/cs\/?s={search_term_string}"},"query-input":{"@type":"PropertyValueSpecification","valueRequired":true,"valueName":"search_term_string"}}],"inLanguage":"cs"},{"@type":"Organization","@id":"https:\/\/lacortehotel.info\/cs\/#organization","name":"Hotel la Corte","url":"https:\/\/lacortehotel.info\/cs\/","logo":{"@type":"ImageObject","inLanguage":"cs","@id":"https:\/\/lacortehotel.info\/cs\/#\/schema\/logo\/image\/","url":"https:\/\/lacortehotel.info\/wp-content\/uploads\/2023\/05\/logo-sito-p-e1683800838815.png","contentUrl":"https:\/\/lacortehotel.info\/wp-content\/uploads\/2023\/05\/logo-sito-p-e1683800838815.png","width":100,"height":94,"caption":"Hotel la Corte"},"image":{"@id":"https:\/\/lacortehotel.info\/cs\/#\/schema\/logo\/image\/"},"sameAs":["https:\/\/www.facebook.com\/pages\/Hotel-La-Corte\/120373951334581","https:\/\/www.instagram.com\/lacortecorrezzola\/"]}]}},"_links":{"self":[{"href":"https:\/\/lacortehotel.info\/cs\/wp-json\/wp\/v2\/pages\/634","targetHints":{"allow":["GET"]}}],"collection":[{"href":"https:\/\/lacortehotel.info\/cs\/wp-json\/wp\/v2\/pages"}],"about":[{"href":"https:\/\/lacortehotel.info\/cs\/wp-json\/wp\/v2\/types\/page"}],"author":[{"embeddable":true,"href":"https:\/\/lacortehotel.info\/cs\/wp-json\/wp\/v2\/users\/1"}],"replies":[{"embeddable":true,"href":"https:\/\/lacortehotel.info\/cs\/wp-json\/wp\/v2\/comments?post=634"}],"version-history":[{"count":2,"href":"https:\/\/lacortehotel.info\/cs\/wp-json\/wp\/v2\/pages\/634\/revisions"}],"predecessor-version":[{"id":1821,"href":"https:\/\/lacortehotel.info\/cs\/wp-json\/wp\/v2\/pages\/634\/revisions\/1821"}],"up":[{"embeddable":true,"href":"https:\/\/lacortehotel.info\/cs\/wp-json\/wp\/v2\/pages\/596"}],"wp:featuredmedia":[{"embeddable":true,"href":"https:\/\/lacortehotel.info\/cs\/wp-json\/wp\/v2\/media\/452"}],"wp:attachment":[{"href":"https:\/\/lacortehotel.info\/cs\/wp-json\/wp\/v2\/media?parent=634"}],"curies":[{"name":"wp","href":"https:\/\/api.w.org\/{rel}","templated":true}]}}