{"id":625,"date":"2025-04-16T08:00:37","date_gmt":"2025-04-16T08:00:37","guid":{"rendered":"https:\/\/lacortehotel.info\/territorio\/padua\/"},"modified":"2025-06-03T12:15:52","modified_gmt":"2025-06-03T12:15:52","slug":"padova","status":"publish","type":"page","link":"https:\/\/lacortehotel.info\/cs\/okoli\/padova\/","title":{"rendered":"Padova"},"content":{"rendered":"\n<p><strong>Padova<\/strong> je jedn\u00edm z nejp\u016fsobiv\u011bj\u0161\u00edch m\u011bst Ben\u00e1tska, bohat\u00e1 na kulturu, spiritualitu a inovace. M\u016f\u017ee se pochlubit <strong>v\u00edce ne\u017e t\u0159emi tis\u00edci lety historie<\/strong>, kter\u00e1 se odr\u00e1\u017e\u00ed v mimo\u0159\u00e1dn\u00e9m um\u011bleck\u00e9m a pam\u00e1tkov\u00e9m d\u011bdictv\u00ed. P\u0159i proch\u00e1zce jej\u00edmi n\u00e1m\u011bst\u00edmi, bazilikami, zahradami a historick\u00fdmi \u010dtvrt\u011bmi uc\u00edt\u00edte autentickou atmosf\u00e9ru spojuj\u00edc\u00ed tradici a modernu.<\/p>\n\n\n\n<h3 class=\"wp-block-heading\">Co nav\u0161t\u00edvit v Padov\u011b<\/h3>\n\n\n\n<p>Padova je m\u011bsto na lidsk\u00e9m m\u011b\u0159\u00edtku, ide\u00e1ln\u00ed k objevov\u00e1n\u00ed p\u011b\u0161ky nebo na kole. Zde jsou n\u011bkter\u00e1 z m\u00edst, kter\u00e1 byste si p\u0159i n\u00e1v\u0161t\u011bv\u011b nem\u011bli nechat uj\u00edt:<\/p>\n\n\n\n<h4 class=\"wp-block-heading\">Bazilika sv. Anton\u00edna a bazilika Santa Giustina<\/h4>\n\n\n\n<p><strong><a href=\"https:\/\/www.santantonio.org\/en\">Bazilika sv. Anton\u00edna<\/a><\/strong>, poutn\u00ed m\u00edsto zn\u00e1m\u00e9 po cel\u00e9m sv\u011bt\u011b, uchov\u00e1v\u00e1 ostatky <strong>svat\u00e9ho Anton\u00edna Padu\u00e1nsk\u00e9ho<\/strong> a je skute\u010dnou pokladnic\u00ed gotick\u00e9ho a renesan\u010dn\u00edho um\u011bn\u00ed. Nedaleko se nach\u00e1z\u00ed majest\u00e1tn\u00ed <strong>bazilika Santa Giustina<\/strong>, kter\u00e1 se otev\u00edr\u00e1 na Prato della Valle.<\/p>\n\n\n\n<h4 class=\"wp-block-heading\">Prato della Valle a historick\u00e1 n\u00e1m\u011bst\u00ed<\/h4>\n\n\n\n<p><strong>Prato della Valle<\/strong> je jedno z nejv\u011bt\u0161\u00edch n\u00e1m\u011bst\u00ed v Evrop\u011b: rozlehl\u00fd eliptick\u00fd prostor obklopen\u00fd sochami, kan\u00e1ly a stromy \u2013 ide\u00e1ln\u00ed pro proch\u00e1zku nebo piknik. Odtud se snadno dostanete na dal\u0161\u00ed slavn\u00e1 <strong>padovsk\u00e1 n\u00e1m\u011bst\u00ed<\/strong>: Piazza delle Erbe, Piazza della Frutta a Piazza dei Signori, pln\u00e1 trh\u016f, kav\u00e1ren a ka\u017edodenn\u00edho \u017eivota m\u011bsta.<\/p>\n\n\n\n<h4 class=\"wp-block-heading\">Botanick\u00e1 zahrada a Galileo Galilei<\/h4>\n\n\n\n<p><strong><a href=\"https:\/\/ortobotanico1545.it\/en\/\">Botanick\u00e1 zahrada v Padov\u011b<\/a><\/strong>, nejstar\u0161\u00ed na sv\u011bt\u011b (1545), je uzn\u00e1na jako <strong>sv\u011btov\u00e9 d\u011bdictv\u00ed UNESCO<\/strong>. <strong>Galileo Galilei<\/strong> zde studoval a 18 let vyu\u010doval matematiku na Padovsk\u00e9 univerzit\u011b. Jeho jm\u00e9no je se m\u011bstem st\u00e1le \u00fazce spojeno, kter\u00e9 mu v\u011bnovalo muzea, v\u00fdstavy i nau\u010dn\u00e9 stezky.<\/p>\n\n\n\n<h4 class=\"wp-block-heading\">\u017didovsk\u00e1 \u010dtvr\u0165<\/h4>\n\n\n\n<p><strong>\u017didovsk\u00e9 ghetto v Padov\u011b<\/strong>, s \u00fazk\u00fdmi uli\u010dkami a historick\u00fdmi obchody, je jednou z nejmalebn\u011bj\u0161\u00edch oblast\u00ed m\u011bsta. Nab\u00edz\u00ed p\u0159\u00edle\u017eitost poznat historii padovsk\u00e9 \u017eidovsk\u00e9 komunity \u2013 od starobyl\u00fdch synagog po st\u00e1le \u017eiv\u00e9 tradice.<\/p>\n\n\n\n<h4 class=\"wp-block-heading\">Piove di Sacco<\/h4>\n\n\n\n<p>Nedaleko Padovy se nach\u00e1z\u00ed <strong>Piove di Sacco<\/strong>, m\u011bsto st\u0159edov\u011bk\u00e9ho p\u016fvodu s \u017eiv\u00fdm historick\u00fdm centrem, t\u00fddenn\u00edmi trhy a zaj\u00edmav\u00fdmi kulturn\u00edmi trasami. Je to skv\u011bl\u00fd v\u00fdchoz\u00ed bod pro objevov\u00e1n\u00ed autenti\u010dt\u011bj\u0161\u00ed \u010d\u00e1sti padovsk\u00e9ho venkova.<\/p>\n\n\n\n<h3 class=\"wp-block-heading\">Jak se dostat do Padovy z na\u0161eho hotelu<\/h3>\n\n\n\n<p>Do Padovy se dostanete asi za <strong>40 minut autem<\/strong> nebo <strong>pohodln\u011b autobusem<\/strong>, d\u00edky \u010dast\u00e9mu spojen\u00ed s centrem m\u011bsta. Pokud si zvol\u00edte <strong>Hotel La Corte<\/strong> jako svou z\u00e1kladnu, u\u017eijete si klid a zele\u0148 okol\u00ed \u2013 ani\u017e byste se museli vzd\u00e1t mo\u017enosti nav\u0161t\u00edvit jedno z nejv\u00fdznamn\u011bj\u0161\u00edch um\u011bleck\u00fdch m\u011bst It\u00e1lie.<\/p>\n","protected":false},"excerpt":{"rendered":"<p>Padova je jedn\u00edm z nejp\u016fsobiv\u011bj\u0161\u00edch m\u011bst Ben\u00e1tska, bohat\u00e1 na kulturu, spiritualitu a inovace. M\u016f\u017ee se pochlubit v\u00edce ne\u017e t\u0159emi tis\u00edci lety historie, kter\u00e1 se odr\u00e1\u017e\u00ed v mimo\u0159\u00e1dn\u00e9m um\u011bleck\u00e9m a pam\u00e1tkov\u00e9m d\u011bdictv\u00ed. P\u0159i proch\u00e1zce jej\u00edmi n\u00e1m\u011bst\u00edmi, bazilikami, zahradami a historick\u00fdmi \u010dtvrt\u011bmi uc\u00edt\u00edte autentickou atmosf\u00e9ru spojuj\u00edc\u00ed tradici a modernu. Co nav\u0161t\u00edvit v Padov\u011b Padova je m\u011bsto na [&hellip;]<\/p>\n","protected":false},"author":1,"featured_media":165,"parent":596,"menu_order":0,"comment_status":"closed","ping_status":"closed","template":"templates\/lista-figlio.php","meta":{"_acf_changed":false,"inline_featured_image":false,"_joinchat":[],"footnotes":""},"class_list":["post-625","page","type-page","status-publish","has-post-thumbnail","hentry"],"acf":[],"yoast_head":"<!-- This site is optimized with the Yoast SEO plugin v26.7 - https:\/\/yoast.com\/wordpress\/plugins\/seo\/ -->\n<title>Padova - La Corte Hotel<\/title>\n<meta name=\"description\" content=\"Poznejte Padova, m\u011bsto um\u011bn\u00ed a kultury: bazilika sv. Anton\u00edna, Prato della Valle a st\u0159edov\u011bk\u00e1 atmosf\u00e9ra v srdci Ben\u00e1tska.\" \/>\n<meta name=\"robots\" content=\"index, follow, max-snippet:-1, max-image-preview:large, max-video-preview:-1\" \/>\n<link rel=\"canonical\" href=\"https:\/\/lacortehotel.info\/cs\/okoli\/padova\/\" \/>\n<meta property=\"og:locale\" content=\"cs_CZ\" \/>\n<meta property=\"og:type\" content=\"article\" \/>\n<meta property=\"og:title\" content=\"Padova - La Corte Hotel\" \/>\n<meta property=\"og:description\" content=\"Poznejte Padova, m\u011bsto um\u011bn\u00ed a kultury: bazilika sv. Anton\u00edna, Prato della Valle a st\u0159edov\u011bk\u00e1 atmosf\u00e9ra v srdci Ben\u00e1tska.\" \/>\n<meta property=\"og:url\" content=\"https:\/\/lacortehotel.info\/cs\/okoli\/padova\/\" \/>\n<meta property=\"og:site_name\" content=\"La Corte Hotel\" \/>\n<meta property=\"article:publisher\" content=\"https:\/\/www.facebook.com\/pages\/Hotel-La-Corte\/120373951334581\" \/>\n<meta property=\"article:modified_time\" content=\"2025-06-03T12:15:52+00:00\" \/>\n<meta property=\"og:image\" content=\"https:\/\/lacortehotel.info\/wp-content\/uploads\/2023\/05\/monumento-7.jpg\" \/>\n\t<meta property=\"og:image:width\" content=\"2500\" \/>\n\t<meta property=\"og:image:height\" content=\"1667\" \/>\n\t<meta property=\"og:image:type\" content=\"image\/jpeg\" \/>\n<meta name=\"twitter:card\" content=\"summary_large_image\" \/>\n<meta name=\"twitter:label1\" content=\"Odhadovan\u00e1 doba \u010dten\u00ed\" \/>\n\t<meta name=\"twitter:data1\" content=\"3 minuty\" \/>\n<script type=\"application\/ld+json\" class=\"yoast-schema-graph\">{\"@context\":\"https:\/\/schema.org\",\"@graph\":[{\"@type\":\"WebPage\",\"@id\":\"https:\/\/lacortehotel.info\/cs\/okoli\/padova\/\",\"url\":\"https:\/\/lacortehotel.info\/cs\/okoli\/padova\/\",\"name\":\"Padova - La Corte Hotel\",\"isPartOf\":{\"@id\":\"https:\/\/lacortehotel.info\/cs\/#website\"},\"primaryImageOfPage\":{\"@id\":\"https:\/\/lacortehotel.info\/cs\/okoli\/padova\/#primaryimage\"},\"image\":{\"@id\":\"https:\/\/lacortehotel.info\/cs\/okoli\/padova\/#primaryimage\"},\"thumbnailUrl\":\"https:\/\/lacortehotel.info\/wp-content\/uploads\/2023\/05\/monumento-7.jpg\",\"datePublished\":\"2025-04-16T08:00:37+00:00\",\"dateModified\":\"2025-06-03T12:15:52+00:00\",\"description\":\"Poznejte Padova, m\u011bsto um\u011bn\u00ed a kultury: bazilika sv. Anton\u00edna, Prato della Valle a st\u0159edov\u011bk\u00e1 atmosf\u00e9ra v srdci Ben\u00e1tska.\",\"breadcrumb\":{\"@id\":\"https:\/\/lacortehotel.info\/cs\/okoli\/padova\/#breadcrumb\"},\"inLanguage\":\"cs\",\"potentialAction\":[{\"@type\":\"ReadAction\",\"target\":[\"https:\/\/lacortehotel.info\/cs\/okoli\/padova\/\"]}]},{\"@type\":\"ImageObject\",\"inLanguage\":\"cs\",\"@id\":\"https:\/\/lacortehotel.info\/cs\/okoli\/padova\/#primaryimage\",\"url\":\"https:\/\/lacortehotel.info\/wp-content\/uploads\/2023\/05\/monumento-7.jpg\",\"contentUrl\":\"https:\/\/lacortehotel.info\/wp-content\/uploads\/2023\/05\/monumento-7.jpg\",\"width\":2500,\"height\":1667},{\"@type\":\"BreadcrumbList\",\"@id\":\"https:\/\/lacortehotel.info\/cs\/okoli\/padova\/#breadcrumb\",\"itemListElement\":[{\"@type\":\"ListItem\",\"position\":1,\"name\":\"Home\",\"item\":\"https:\/\/lacortehotel.info\/cs\/\"},{\"@type\":\"ListItem\",\"position\":2,\"name\":\"Okol\u00ed\",\"item\":\"https:\/\/lacortehotel.info\/cs\/okoli\/\"},{\"@type\":\"ListItem\",\"position\":3,\"name\":\"Padova\"}]},{\"@type\":\"WebSite\",\"@id\":\"https:\/\/lacortehotel.info\/cs\/#website\",\"url\":\"https:\/\/lacortehotel.info\/cs\/\",\"name\":\"Hotel La Corte\",\"description\":\"V srdci P\u00e1dsk\u00e9 n\u00ed\u017einy... v\u00e1\u0161 druh\u00fd domov!\",\"publisher\":{\"@id\":\"https:\/\/lacortehotel.info\/cs\/#organization\"},\"alternateName\":\"La Corte di Correzzola\",\"potentialAction\":[{\"@type\":\"SearchAction\",\"target\":{\"@type\":\"EntryPoint\",\"urlTemplate\":\"https:\/\/lacortehotel.info\/cs\/?s={search_term_string}\"},\"query-input\":{\"@type\":\"PropertyValueSpecification\",\"valueRequired\":true,\"valueName\":\"search_term_string\"}}],\"inLanguage\":\"cs\"},{\"@type\":\"Organization\",\"@id\":\"https:\/\/lacortehotel.info\/cs\/#organization\",\"name\":\"Hotel la Corte\",\"url\":\"https:\/\/lacortehotel.info\/cs\/\",\"logo\":{\"@type\":\"ImageObject\",\"inLanguage\":\"cs\",\"@id\":\"https:\/\/lacortehotel.info\/cs\/#\/schema\/logo\/image\/\",\"url\":\"https:\/\/lacortehotel.info\/wp-content\/uploads\/2023\/05\/logo-sito-p-e1683800838815.png\",\"contentUrl\":\"https:\/\/lacortehotel.info\/wp-content\/uploads\/2023\/05\/logo-sito-p-e1683800838815.png\",\"width\":100,\"height\":94,\"caption\":\"Hotel la Corte\"},\"image\":{\"@id\":\"https:\/\/lacortehotel.info\/cs\/#\/schema\/logo\/image\/\"},\"sameAs\":[\"https:\/\/www.facebook.com\/pages\/Hotel-La-Corte\/120373951334581\",\"https:\/\/www.instagram.com\/lacortecorrezzola\/\"]}]}<\/script>\n<!-- \/ Yoast SEO plugin. -->","yoast_head_json":{"title":"Padova - La Corte Hotel","description":"Poznejte Padova, m\u011bsto um\u011bn\u00ed a kultury: bazilika sv. Anton\u00edna, Prato della Valle a st\u0159edov\u011bk\u00e1 atmosf\u00e9ra v srdci Ben\u00e1tska.","robots":{"index":"index","follow":"follow","max-snippet":"max-snippet:-1","max-image-preview":"max-image-preview:large","max-video-preview":"max-video-preview:-1"},"canonical":"https:\/\/lacortehotel.info\/cs\/okoli\/padova\/","og_locale":"cs_CZ","og_type":"article","og_title":"Padova - La Corte Hotel","og_description":"Poznejte Padova, m\u011bsto um\u011bn\u00ed a kultury: bazilika sv. Anton\u00edna, Prato della Valle a st\u0159edov\u011bk\u00e1 atmosf\u00e9ra v srdci Ben\u00e1tska.","og_url":"https:\/\/lacortehotel.info\/cs\/okoli\/padova\/","og_site_name":"La Corte Hotel","article_publisher":"https:\/\/www.facebook.com\/pages\/Hotel-La-Corte\/120373951334581","article_modified_time":"2025-06-03T12:15:52+00:00","og_image":[{"width":2500,"height":1667,"url":"https:\/\/lacortehotel.info\/wp-content\/uploads\/2023\/05\/monumento-7.jpg","type":"image\/jpeg"}],"twitter_card":"summary_large_image","twitter_misc":{"Odhadovan\u00e1 doba \u010dten\u00ed":"3 minuty"},"schema":{"@context":"https:\/\/schema.org","@graph":[{"@type":"WebPage","@id":"https:\/\/lacortehotel.info\/cs\/okoli\/padova\/","url":"https:\/\/lacortehotel.info\/cs\/okoli\/padova\/","name":"Padova - La Corte Hotel","isPartOf":{"@id":"https:\/\/lacortehotel.info\/cs\/#website"},"primaryImageOfPage":{"@id":"https:\/\/lacortehotel.info\/cs\/okoli\/padova\/#primaryimage"},"image":{"@id":"https:\/\/lacortehotel.info\/cs\/okoli\/padova\/#primaryimage"},"thumbnailUrl":"https:\/\/lacortehotel.info\/wp-content\/uploads\/2023\/05\/monumento-7.jpg","datePublished":"2025-04-16T08:00:37+00:00","dateModified":"2025-06-03T12:15:52+00:00","description":"Poznejte Padova, m\u011bsto um\u011bn\u00ed a kultury: bazilika sv. Anton\u00edna, Prato della Valle a st\u0159edov\u011bk\u00e1 atmosf\u00e9ra v srdci Ben\u00e1tska.","breadcrumb":{"@id":"https:\/\/lacortehotel.info\/cs\/okoli\/padova\/#breadcrumb"},"inLanguage":"cs","potentialAction":[{"@type":"ReadAction","target":["https:\/\/lacortehotel.info\/cs\/okoli\/padova\/"]}]},{"@type":"ImageObject","inLanguage":"cs","@id":"https:\/\/lacortehotel.info\/cs\/okoli\/padova\/#primaryimage","url":"https:\/\/lacortehotel.info\/wp-content\/uploads\/2023\/05\/monumento-7.jpg","contentUrl":"https:\/\/lacortehotel.info\/wp-content\/uploads\/2023\/05\/monumento-7.jpg","width":2500,"height":1667},{"@type":"BreadcrumbList","@id":"https:\/\/lacortehotel.info\/cs\/okoli\/padova\/#breadcrumb","itemListElement":[{"@type":"ListItem","position":1,"name":"Home","item":"https:\/\/lacortehotel.info\/cs\/"},{"@type":"ListItem","position":2,"name":"Okol\u00ed","item":"https:\/\/lacortehotel.info\/cs\/okoli\/"},{"@type":"ListItem","position":3,"name":"Padova"}]},{"@type":"WebSite","@id":"https:\/\/lacortehotel.info\/cs\/#website","url":"https:\/\/lacortehotel.info\/cs\/","name":"Hotel La Corte","description":"V srdci P\u00e1dsk\u00e9 n\u00ed\u017einy... v\u00e1\u0161 druh\u00fd domov!","publisher":{"@id":"https:\/\/lacortehotel.info\/cs\/#organization"},"alternateName":"La Corte di Correzzola","potentialAction":[{"@type":"SearchAction","target":{"@type":"EntryPoint","urlTemplate":"https:\/\/lacortehotel.info\/cs\/?s={search_term_string}"},"query-input":{"@type":"PropertyValueSpecification","valueRequired":true,"valueName":"search_term_string"}}],"inLanguage":"cs"},{"@type":"Organization","@id":"https:\/\/lacortehotel.info\/cs\/#organization","name":"Hotel la Corte","url":"https:\/\/lacortehotel.info\/cs\/","logo":{"@type":"ImageObject","inLanguage":"cs","@id":"https:\/\/lacortehotel.info\/cs\/#\/schema\/logo\/image\/","url":"https:\/\/lacortehotel.info\/wp-content\/uploads\/2023\/05\/logo-sito-p-e1683800838815.png","contentUrl":"https:\/\/lacortehotel.info\/wp-content\/uploads\/2023\/05\/logo-sito-p-e1683800838815.png","width":100,"height":94,"caption":"Hotel la Corte"},"image":{"@id":"https:\/\/lacortehotel.info\/cs\/#\/schema\/logo\/image\/"},"sameAs":["https:\/\/www.facebook.com\/pages\/Hotel-La-Corte\/120373951334581","https:\/\/www.instagram.com\/lacortecorrezzola\/"]}]}},"_links":{"self":[{"href":"https:\/\/lacortehotel.info\/cs\/wp-json\/wp\/v2\/pages\/625","targetHints":{"allow":["GET"]}}],"collection":[{"href":"https:\/\/lacortehotel.info\/cs\/wp-json\/wp\/v2\/pages"}],"about":[{"href":"https:\/\/lacortehotel.info\/cs\/wp-json\/wp\/v2\/types\/page"}],"author":[{"embeddable":true,"href":"https:\/\/lacortehotel.info\/cs\/wp-json\/wp\/v2\/users\/1"}],"replies":[{"embeddable":true,"href":"https:\/\/lacortehotel.info\/cs\/wp-json\/wp\/v2\/comments?post=625"}],"version-history":[{"count":2,"href":"https:\/\/lacortehotel.info\/cs\/wp-json\/wp\/v2\/pages\/625\/revisions"}],"predecessor-version":[{"id":1837,"href":"https:\/\/lacortehotel.info\/cs\/wp-json\/wp\/v2\/pages\/625\/revisions\/1837"}],"up":[{"embeddable":true,"href":"https:\/\/lacortehotel.info\/cs\/wp-json\/wp\/v2\/pages\/596"}],"wp:featuredmedia":[{"embeddable":true,"href":"https:\/\/lacortehotel.info\/cs\/wp-json\/wp\/v2\/media\/165"}],"wp:attachment":[{"href":"https:\/\/lacortehotel.info\/cs\/wp-json\/wp\/v2\/media?parent=625"}],"curies":[{"name":"wp","href":"https:\/\/api.w.org\/{rel}","templated":true}]}}