{"id":616,"date":"2025-04-16T08:04:49","date_gmt":"2025-04-16T08:04:49","guid":{"rendered":"https:\/\/lacortehotel.info\/territorio\/euganeische-hugel\/"},"modified":"2025-06-03T09:01:45","modified_gmt":"2025-06-03T09:01:45","slug":"colli-euganei","status":"publish","type":"page","link":"https:\/\/lacortehotel.info\/cs\/okoli\/colli-euganei\/","title":{"rendered":"Colli Euganei"},"content":{"rendered":"\n<p>Jen n\u011bkolik kilometr\u016f od hotelu La Corte se rozprost\u00edr\u00e1 v\u00fdjime\u010dn\u00e1 oblast, ide\u00e1ln\u00ed pro ty, kte\u0159\u00ed se cht\u011bj\u00ed pono\u0159it do p\u0159\u00edrody, objevit historick\u00e9 vesnice nebo si dop\u0159\u00e1t chv\u00edle naprost\u00e9 relaxace: <strong><a href=\"https:\/\/www.parcocollieuganei.com\/Eindex.php\">Euganesk\u00e9 vrchy<\/a><\/strong>. Tato skupina vulkanick\u00e9ho p\u016fvodu vystupuje z ben\u00e1tsk\u00e9 n\u00ed\u017einy mezi Padovou a term\u00e1ln\u00edmi l\u00e1zn\u011bmi a nab\u00edz\u00ed jemnou a harmonickou krajinu plnou les\u016f, vinic, olivov\u00fdch h\u00e1j\u016f, hrad\u016f, ben\u00e1tsk\u00fdch vil a stalet\u00fdch kl\u00e1\u0161ter\u016f.<\/p>\n\n\n\n<h3 class=\"wp-block-heading\">V\u00fdpravy do p\u0159\u00edrody<\/h3>\n\n\n\n<p><strong>Euganesk\u00e9 vrchy<\/strong> jsou opravdovou p\u0159\u00edrodn\u00ed o\u00e1zou \u2013 ide\u00e1ln\u00ed pro proch\u00e1zky, turistiku, j\u00edzdu na kole a pikniky na \u010derstv\u00e9m vzduchu. \u0158ada dob\u0159e zna\u010den\u00fdch stezek proch\u00e1z\u00ed zalesn\u011bn\u00fdmi a panoramatick\u00fdmi oblastmi a nab\u00edz\u00ed jedine\u010dn\u00e9 v\u00fdhledy na ben\u00e1tsk\u00fd venkov. Najdete zde trasy pro ka\u017ed\u00e9ho \u2013 od klidn\u00fdch proch\u00e1zek a\u017e po n\u00e1ro\u010dn\u011bj\u0161\u00ed v\u00fdstupy pro zku\u0161en\u00e9 turisty.<\/p>\n\n\n\n<h3 class=\"wp-block-heading\">Vesni\u010dky a pam\u00e1tky<\/h3>\n\n\n\n<p>V zelen\u00e9m objet\u00ed vrch\u016f se nach\u00e1zej\u00ed <strong>historick\u00e9 vesnice<\/strong> neoby\u010dejn\u00e9 kr\u00e1sy, jako nap\u0159\u00edklad <strong>Arqu\u00e0 Petrarca<\/strong>, kde \u017eil a byl poh\u0159ben b\u00e1sn\u00edk Francesco Petrarca. Proch\u00e1zka po dl\u00e1\u017ed\u011bn\u00fdch uli\u010dk\u00e1ch je jako cesta zp\u011bt v \u010dase \u2013 mezi st\u0159edov\u011bk\u00fdmi stavbami, starobyl\u00fdmi ka\u0161nami a dechberouc\u00edmi v\u00fdhledy.<\/p>\n\n\n\n<p>Oblast je tak\u00e9 domovem mnoha <strong>ben\u00e1tsk\u00fdch vil<\/strong>, <strong>st\u0159edov\u011bk\u00fdch hrad\u016f<\/strong> a <strong>kl\u00e1\u0161ter\u016f<\/strong>, jako je nap\u0159\u00edklad dodnes aktivn\u00ed a p\u0159\u00edstupn\u00e9 <strong>opatstv\u00ed Praglia<\/strong>. Tato m\u00edsta vypr\u00e1v\u011bj\u00ed hlubokou historii kraje, kter\u00fd byl v\u017edy k\u0159i\u017eovatkou kultury, duchovna a um\u011bn\u00ed.<\/p>\n\n\n\n<h3 class=\"wp-block-heading\">Euganejsk\u00e9 term\u00e1ln\u00ed l\u00e1zn\u011b: Abano, Montegrotto a Galzignano<\/h3>\n\n\n\n<p>V r\u00e1mci Region\u00e1ln\u00edho parku Euganesk\u00fdch vrch\u016f se nach\u00e1zej\u00ed slavn\u00e9 <strong><a href=\"https:\/\/www.visitabanomontegrotto.com\/en\/region\/thermae\/\">Euganejsk\u00e9 term\u00e1ln\u00ed<\/a> l\u00e1zn\u011b<\/strong>, proslul\u00e9 po cel\u00e9 Evrop\u011b d\u00edky blahod\u00e1rn\u00fdm vlastnostem sv\u00fdch term\u00e1ln\u00edch vod a l\u00e9\u010div\u00e9ho bahna.<\/p>\n\n\n\n<figure class=\"wp-block-image size-medium\"><img loading=\"lazy\" decoding=\"async\" width=\"300\" height=\"199\" src=\"https:\/\/lacortehotel.info\/wp-content\/uploads\/2023\/07\/colli-300x199.png\" alt=\"\" class=\"wp-image-457\" srcset=\"https:\/\/lacortehotel.info\/wp-content\/uploads\/2023\/07\/colli-300x199.png 300w, https:\/\/lacortehotel.info\/wp-content\/uploads\/2023\/07\/colli-768x510.png 768w, https:\/\/lacortehotel.info\/wp-content\/uploads\/2023\/07\/colli.png 831w\" sizes=\"auto, (max-width: 300px) 100vw, 300px\" \/><\/figure>\n\n\n\n<h4 class=\"wp-block-heading\"><a href=\"https:\/\/www.visitabanomontegrotto.com\/chi-siamo\/\" target=\"_blank\" rel=\"noreferrer noopener\">ABANO TERME<\/a><br><\/h4>\n\n\n\n<p><strong>Abano Terme<\/strong> je dnes jedn\u00edm z nejrenomovan\u011bj\u0161\u00edch l\u00e1ze\u0148sk\u00fdch st\u0159edisek v Evrop\u011b. Centrum m\u011bsta tvo\u0159\u00ed rozs\u00e1hl\u00e1 <strong>p\u011b\u0161\u00ed z\u00f3na<\/strong>, kde se po cel\u00fd rok konaj\u00ed akce, trhy a kulturn\u00ed ud\u00e1losti. Mezi nejv\u00fdznamn\u011bj\u0161\u00ed historick\u00e9 pam\u00e1tky pat\u0159\u00ed <strong>kopec Montirone<\/strong>, jedno z hlavn\u00edch m\u00edst starov\u011bk\u00e9ho kultu vod boha Apona.<\/p>\n\n\n\n<figure class=\"wp-block-image size-full is-resized\"><img loading=\"lazy\" decoding=\"async\" width=\"275\" height=\"183\" src=\"https:\/\/lacortehotel.info\/wp-content\/uploads\/2023\/07\/terme.png\" alt=\"\" class=\"wp-image-461\" style=\"width:300px\"\/><\/figure>\n\n\n\n<p><a href=\"https:\/\/www.visitabanomontegrotto.com\/chi-siamo\/\" target=\"_blank\" rel=\"noreferrer noopener\">MONTEGROTTO TERME<\/a><br><strong>Montegrotto Terme<\/strong> je pulzuj\u00edc\u00edm srdcem term\u00e1ln\u00ed soustavy Euganesk\u00fdch vrch\u016f. Podle archeologick\u00fdch pramen\u016f se zde nach\u00e1zela <strong>starov\u011bk\u00e1 jezern\u00ed svatyn\u011b<\/strong>, kterou nav\u0161t\u011bvovali anti\u010dt\u00ed Venetov\u00e9 mezi 8. a 3. stolet\u00edm p\u0159. n. l., v oblasti mezi horou Monte Castello a kopcem Montagnone. Dnes je Montegrotto cen\u011bno jak pro kvalitu sv\u00fdch term\u00e1ln\u00edch za\u0159\u00edzen\u00ed, tak pro historick\u00fd v\u00fdznam cel\u00e9ho \u00fazem\u00ed.<\/p>\n\n\n\n<h4 class=\"wp-block-heading\"><a href=\"https:\/\/www.parcocollieuganei.com\/Eindex.php\"><strong>GALZIGNANO TERME<\/strong><\/a><\/h4>\n\n\n\n<p><strong>Galzignano<\/strong>, men\u0161\u00ed a pono\u0159en\u00e9 do p\u0159\u00edrody, nab\u00edz\u00ed intimn\u011bj\u0161\u00ed l\u00e1ze\u0148sk\u00fd z\u00e1\u017eitek, obklopen\u00fd kopcovitou krajinou \u2013 ide\u00e1ln\u00ed pro ty, kte\u0159\u00ed hledaj\u00ed klid a ticho. Je to perfektn\u00ed destinace pro spojen\u00ed pohody s objevov\u00e1n\u00edm m\u00edstn\u00ed krajiny.<\/p>\n\n\n\n<h3 class=\"wp-block-heading\">Butterfly Arc: d\u016fm mot\u00fdl\u016f<\/h3>\n\n\n\n<p>Pro ty, kte\u0159\u00ed cestuj\u00ed s d\u011btmi \u2013 nebo prost\u011b miluj\u00ed p\u0159\u00edrodu ve v\u0161ech jej\u00edch podob\u00e1ch \u2013 je nevynechatelnou zast\u00e1vkou <strong>Butterfly Arc<\/strong> v Montegrotto Terme. V tomto <strong>Dom\u011b mot\u00fdl\u016f<\/strong> se m\u016f\u017eete proch\u00e1zet tropick\u00fdm sklen\u00edkem ob\u00fdvan\u00fdm stovkami barevn\u00fdch mot\u00fdl\u016f z cel\u00e9ho sv\u011bta. Park zahrnuje tak\u00e9 <strong>Les v\u00edl<\/strong>, s nau\u010dn\u00fdmi stezkami a poh\u00e1dkov\u00fdmi kulisami \u2013 ide\u00e1ln\u00ed pro rodiny.<\/p>\n\n\n\n<figure class=\"wp-block-image size-full is-resized\"><img loading=\"lazy\" decoding=\"async\" width=\"254\" height=\"163\" src=\"https:\/\/lacortehotel.info\/wp-content\/uploads\/2023\/07\/butterly-arc.png\" alt=\"\" class=\"wp-image-465\" style=\"width:300px\"\/><\/figure>\n","protected":false},"excerpt":{"rendered":"<p>Jen n\u011bkolik kilometr\u016f od hotelu La Corte se rozprost\u00edr\u00e1 v\u00fdjime\u010dn\u00e1 oblast, ide\u00e1ln\u00ed pro ty, kte\u0159\u00ed se cht\u011bj\u00ed pono\u0159it do p\u0159\u00edrody, objevit historick\u00e9 vesnice nebo si dop\u0159\u00e1t chv\u00edle naprost\u00e9 relaxace: Euganesk\u00e9 vrchy. Tato skupina vulkanick\u00e9ho p\u016fvodu vystupuje z ben\u00e1tsk\u00e9 n\u00ed\u017einy mezi Padovou a term\u00e1ln\u00edmi l\u00e1zn\u011bmi a nab\u00edz\u00ed jemnou a harmonickou krajinu plnou les\u016f, vinic, olivov\u00fdch h\u00e1j\u016f, [&hellip;]<\/p>\n","protected":false},"author":1,"featured_media":471,"parent":596,"menu_order":0,"comment_status":"closed","ping_status":"closed","template":"templates\/lista.php","meta":{"_acf_changed":false,"inline_featured_image":false,"_joinchat":[],"footnotes":""},"class_list":["post-616","page","type-page","status-publish","has-post-thumbnail","hentry"],"acf":[],"yoast_head":"<!-- This site is optimized with the Yoast SEO plugin v26.7 - https:\/\/yoast.com\/wordpress\/plugins\/seo\/ -->\n<title>Colli Euganei - La Corte Hotel<\/title>\n<meta name=\"description\" content=\"Objevte Euganejsk\u00e9 vrchy: jedine\u010dn\u00e1 sope\u010dn\u00e1 krajina s vesni\u010dkami, p\u0159\u00edrodou, l\u00e1zn\u011bmi a chut\u011bmi uprost\u0159ed regionu Ben\u00e1tsko.\" \/>\n<meta name=\"robots\" content=\"index, follow, max-snippet:-1, max-image-preview:large, max-video-preview:-1\" \/>\n<link rel=\"canonical\" href=\"https:\/\/lacortehotel.info\/cs\/okoli\/colli-euganei\/\" \/>\n<meta property=\"og:locale\" content=\"cs_CZ\" \/>\n<meta property=\"og:type\" content=\"article\" \/>\n<meta property=\"og:title\" content=\"Colli Euganei - La Corte Hotel\" \/>\n<meta property=\"og:description\" content=\"Objevte Euganejsk\u00e9 vrchy: jedine\u010dn\u00e1 sope\u010dn\u00e1 krajina s vesni\u010dkami, p\u0159\u00edrodou, l\u00e1zn\u011bmi a chut\u011bmi uprost\u0159ed regionu Ben\u00e1tsko.\" \/>\n<meta property=\"og:url\" content=\"https:\/\/lacortehotel.info\/cs\/okoli\/colli-euganei\/\" \/>\n<meta property=\"og:site_name\" content=\"La Corte Hotel\" \/>\n<meta property=\"article:publisher\" content=\"https:\/\/www.facebook.com\/pages\/Hotel-La-Corte\/120373951334581\" \/>\n<meta property=\"article:modified_time\" content=\"2025-06-03T09:01:45+00:00\" \/>\n<meta property=\"og:image\" content=\"https:\/\/lacortehotel.info\/wp-content\/uploads\/2023\/07\/colli-euganei.jpg\" \/>\n\t<meta property=\"og:image:width\" content=\"2560\" \/>\n\t<meta property=\"og:image:height\" content=\"1440\" \/>\n\t<meta property=\"og:image:type\" content=\"image\/jpeg\" \/>\n<meta name=\"twitter:card\" content=\"summary_large_image\" \/>\n<meta name=\"twitter:label1\" content=\"Odhadovan\u00e1 doba \u010dten\u00ed\" \/>\n\t<meta name=\"twitter:data1\" content=\"4 minuty\" \/>\n<script type=\"application\/ld+json\" class=\"yoast-schema-graph\">{\"@context\":\"https:\/\/schema.org\",\"@graph\":[{\"@type\":\"WebPage\",\"@id\":\"https:\/\/lacortehotel.info\/cs\/okoli\/colli-euganei\/\",\"url\":\"https:\/\/lacortehotel.info\/cs\/okoli\/colli-euganei\/\",\"name\":\"Colli Euganei - La Corte Hotel\",\"isPartOf\":{\"@id\":\"https:\/\/lacortehotel.info\/cs\/#website\"},\"primaryImageOfPage\":{\"@id\":\"https:\/\/lacortehotel.info\/cs\/okoli\/colli-euganei\/#primaryimage\"},\"image\":{\"@id\":\"https:\/\/lacortehotel.info\/cs\/okoli\/colli-euganei\/#primaryimage\"},\"thumbnailUrl\":\"https:\/\/lacortehotel.info\/wp-content\/uploads\/2023\/07\/colli-euganei.jpg\",\"datePublished\":\"2025-04-16T08:04:49+00:00\",\"dateModified\":\"2025-06-03T09:01:45+00:00\",\"description\":\"Objevte Euganejsk\u00e9 vrchy: jedine\u010dn\u00e1 sope\u010dn\u00e1 krajina s vesni\u010dkami, p\u0159\u00edrodou, l\u00e1zn\u011bmi a chut\u011bmi uprost\u0159ed regionu Ben\u00e1tsko.\",\"breadcrumb\":{\"@id\":\"https:\/\/lacortehotel.info\/cs\/okoli\/colli-euganei\/#breadcrumb\"},\"inLanguage\":\"cs\",\"potentialAction\":[{\"@type\":\"ReadAction\",\"target\":[\"https:\/\/lacortehotel.info\/cs\/okoli\/colli-euganei\/\"]}]},{\"@type\":\"ImageObject\",\"inLanguage\":\"cs\",\"@id\":\"https:\/\/lacortehotel.info\/cs\/okoli\/colli-euganei\/#primaryimage\",\"url\":\"https:\/\/lacortehotel.info\/wp-content\/uploads\/2023\/07\/colli-euganei.jpg\",\"contentUrl\":\"https:\/\/lacortehotel.info\/wp-content\/uploads\/2023\/07\/colli-euganei.jpg\",\"width\":2560,\"height\":1440},{\"@type\":\"BreadcrumbList\",\"@id\":\"https:\/\/lacortehotel.info\/cs\/okoli\/colli-euganei\/#breadcrumb\",\"itemListElement\":[{\"@type\":\"ListItem\",\"position\":1,\"name\":\"Home\",\"item\":\"https:\/\/lacortehotel.info\/cs\/\"},{\"@type\":\"ListItem\",\"position\":2,\"name\":\"Okol\u00ed\",\"item\":\"https:\/\/lacortehotel.info\/cs\/okoli\/\"},{\"@type\":\"ListItem\",\"position\":3,\"name\":\"Colli Euganei\"}]},{\"@type\":\"WebSite\",\"@id\":\"https:\/\/lacortehotel.info\/cs\/#website\",\"url\":\"https:\/\/lacortehotel.info\/cs\/\",\"name\":\"Hotel La Corte\",\"description\":\"V srdci P\u00e1dsk\u00e9 n\u00ed\u017einy... v\u00e1\u0161 druh\u00fd domov!\",\"publisher\":{\"@id\":\"https:\/\/lacortehotel.info\/cs\/#organization\"},\"alternateName\":\"La Corte di Correzzola\",\"potentialAction\":[{\"@type\":\"SearchAction\",\"target\":{\"@type\":\"EntryPoint\",\"urlTemplate\":\"https:\/\/lacortehotel.info\/cs\/?s={search_term_string}\"},\"query-input\":{\"@type\":\"PropertyValueSpecification\",\"valueRequired\":true,\"valueName\":\"search_term_string\"}}],\"inLanguage\":\"cs\"},{\"@type\":\"Organization\",\"@id\":\"https:\/\/lacortehotel.info\/cs\/#organization\",\"name\":\"Hotel la Corte\",\"url\":\"https:\/\/lacortehotel.info\/cs\/\",\"logo\":{\"@type\":\"ImageObject\",\"inLanguage\":\"cs\",\"@id\":\"https:\/\/lacortehotel.info\/cs\/#\/schema\/logo\/image\/\",\"url\":\"https:\/\/lacortehotel.info\/wp-content\/uploads\/2023\/05\/logo-sito-p-e1683800838815.png\",\"contentUrl\":\"https:\/\/lacortehotel.info\/wp-content\/uploads\/2023\/05\/logo-sito-p-e1683800838815.png\",\"width\":100,\"height\":94,\"caption\":\"Hotel la Corte\"},\"image\":{\"@id\":\"https:\/\/lacortehotel.info\/cs\/#\/schema\/logo\/image\/\"},\"sameAs\":[\"https:\/\/www.facebook.com\/pages\/Hotel-La-Corte\/120373951334581\",\"https:\/\/www.instagram.com\/lacortecorrezzola\/\"]}]}<\/script>\n<!-- \/ Yoast SEO plugin. -->","yoast_head_json":{"title":"Colli Euganei - La Corte Hotel","description":"Objevte Euganejsk\u00e9 vrchy: jedine\u010dn\u00e1 sope\u010dn\u00e1 krajina s vesni\u010dkami, p\u0159\u00edrodou, l\u00e1zn\u011bmi a chut\u011bmi uprost\u0159ed regionu Ben\u00e1tsko.","robots":{"index":"index","follow":"follow","max-snippet":"max-snippet:-1","max-image-preview":"max-image-preview:large","max-video-preview":"max-video-preview:-1"},"canonical":"https:\/\/lacortehotel.info\/cs\/okoli\/colli-euganei\/","og_locale":"cs_CZ","og_type":"article","og_title":"Colli Euganei - La Corte Hotel","og_description":"Objevte Euganejsk\u00e9 vrchy: jedine\u010dn\u00e1 sope\u010dn\u00e1 krajina s vesni\u010dkami, p\u0159\u00edrodou, l\u00e1zn\u011bmi a chut\u011bmi uprost\u0159ed regionu Ben\u00e1tsko.","og_url":"https:\/\/lacortehotel.info\/cs\/okoli\/colli-euganei\/","og_site_name":"La Corte Hotel","article_publisher":"https:\/\/www.facebook.com\/pages\/Hotel-La-Corte\/120373951334581","article_modified_time":"2025-06-03T09:01:45+00:00","og_image":[{"width":2560,"height":1440,"url":"https:\/\/lacortehotel.info\/wp-content\/uploads\/2023\/07\/colli-euganei.jpg","type":"image\/jpeg"}],"twitter_card":"summary_large_image","twitter_misc":{"Odhadovan\u00e1 doba \u010dten\u00ed":"4 minuty"},"schema":{"@context":"https:\/\/schema.org","@graph":[{"@type":"WebPage","@id":"https:\/\/lacortehotel.info\/cs\/okoli\/colli-euganei\/","url":"https:\/\/lacortehotel.info\/cs\/okoli\/colli-euganei\/","name":"Colli Euganei - La Corte Hotel","isPartOf":{"@id":"https:\/\/lacortehotel.info\/cs\/#website"},"primaryImageOfPage":{"@id":"https:\/\/lacortehotel.info\/cs\/okoli\/colli-euganei\/#primaryimage"},"image":{"@id":"https:\/\/lacortehotel.info\/cs\/okoli\/colli-euganei\/#primaryimage"},"thumbnailUrl":"https:\/\/lacortehotel.info\/wp-content\/uploads\/2023\/07\/colli-euganei.jpg","datePublished":"2025-04-16T08:04:49+00:00","dateModified":"2025-06-03T09:01:45+00:00","description":"Objevte Euganejsk\u00e9 vrchy: jedine\u010dn\u00e1 sope\u010dn\u00e1 krajina s vesni\u010dkami, p\u0159\u00edrodou, l\u00e1zn\u011bmi a chut\u011bmi uprost\u0159ed regionu Ben\u00e1tsko.","breadcrumb":{"@id":"https:\/\/lacortehotel.info\/cs\/okoli\/colli-euganei\/#breadcrumb"},"inLanguage":"cs","potentialAction":[{"@type":"ReadAction","target":["https:\/\/lacortehotel.info\/cs\/okoli\/colli-euganei\/"]}]},{"@type":"ImageObject","inLanguage":"cs","@id":"https:\/\/lacortehotel.info\/cs\/okoli\/colli-euganei\/#primaryimage","url":"https:\/\/lacortehotel.info\/wp-content\/uploads\/2023\/07\/colli-euganei.jpg","contentUrl":"https:\/\/lacortehotel.info\/wp-content\/uploads\/2023\/07\/colli-euganei.jpg","width":2560,"height":1440},{"@type":"BreadcrumbList","@id":"https:\/\/lacortehotel.info\/cs\/okoli\/colli-euganei\/#breadcrumb","itemListElement":[{"@type":"ListItem","position":1,"name":"Home","item":"https:\/\/lacortehotel.info\/cs\/"},{"@type":"ListItem","position":2,"name":"Okol\u00ed","item":"https:\/\/lacortehotel.info\/cs\/okoli\/"},{"@type":"ListItem","position":3,"name":"Colli Euganei"}]},{"@type":"WebSite","@id":"https:\/\/lacortehotel.info\/cs\/#website","url":"https:\/\/lacortehotel.info\/cs\/","name":"Hotel La Corte","description":"V srdci P\u00e1dsk\u00e9 n\u00ed\u017einy... v\u00e1\u0161 druh\u00fd domov!","publisher":{"@id":"https:\/\/lacortehotel.info\/cs\/#organization"},"alternateName":"La Corte di Correzzola","potentialAction":[{"@type":"SearchAction","target":{"@type":"EntryPoint","urlTemplate":"https:\/\/lacortehotel.info\/cs\/?s={search_term_string}"},"query-input":{"@type":"PropertyValueSpecification","valueRequired":true,"valueName":"search_term_string"}}],"inLanguage":"cs"},{"@type":"Organization","@id":"https:\/\/lacortehotel.info\/cs\/#organization","name":"Hotel la Corte","url":"https:\/\/lacortehotel.info\/cs\/","logo":{"@type":"ImageObject","inLanguage":"cs","@id":"https:\/\/lacortehotel.info\/cs\/#\/schema\/logo\/image\/","url":"https:\/\/lacortehotel.info\/wp-content\/uploads\/2023\/05\/logo-sito-p-e1683800838815.png","contentUrl":"https:\/\/lacortehotel.info\/wp-content\/uploads\/2023\/05\/logo-sito-p-e1683800838815.png","width":100,"height":94,"caption":"Hotel la Corte"},"image":{"@id":"https:\/\/lacortehotel.info\/cs\/#\/schema\/logo\/image\/"},"sameAs":["https:\/\/www.facebook.com\/pages\/Hotel-La-Corte\/120373951334581","https:\/\/www.instagram.com\/lacortecorrezzola\/"]}]}},"_links":{"self":[{"href":"https:\/\/lacortehotel.info\/cs\/wp-json\/wp\/v2\/pages\/616","targetHints":{"allow":["GET"]}}],"collection":[{"href":"https:\/\/lacortehotel.info\/cs\/wp-json\/wp\/v2\/pages"}],"about":[{"href":"https:\/\/lacortehotel.info\/cs\/wp-json\/wp\/v2\/types\/page"}],"author":[{"embeddable":true,"href":"https:\/\/lacortehotel.info\/cs\/wp-json\/wp\/v2\/users\/1"}],"replies":[{"embeddable":true,"href":"https:\/\/lacortehotel.info\/cs\/wp-json\/wp\/v2\/comments?post=616"}],"version-history":[{"count":2,"href":"https:\/\/lacortehotel.info\/cs\/wp-json\/wp\/v2\/pages\/616\/revisions"}],"predecessor-version":[{"id":1810,"href":"https:\/\/lacortehotel.info\/cs\/wp-json\/wp\/v2\/pages\/616\/revisions\/1810"}],"up":[{"embeddable":true,"href":"https:\/\/lacortehotel.info\/cs\/wp-json\/wp\/v2\/pages\/596"}],"wp:featuredmedia":[{"embeddable":true,"href":"https:\/\/lacortehotel.info\/cs\/wp-json\/wp\/v2\/media\/471"}],"wp:attachment":[{"href":"https:\/\/lacortehotel.info\/cs\/wp-json\/wp\/v2\/media?parent=616"}],"curies":[{"name":"wp","href":"https:\/\/api.w.org\/{rel}","templated":true}]}}