{"id":608,"date":"2025-04-16T07:59:37","date_gmt":"2025-04-16T07:59:37","guid":{"rendered":"https:\/\/lacortehotel.info\/territorio\/citta-murate\/"},"modified":"2025-06-04T12:06:23","modified_gmt":"2025-06-04T12:06:23","slug":"opevnena-mesta","status":"publish","type":"page","link":"https:\/\/lacortehotel.info\/cs\/okoli\/opevnena-mesta\/","title":{"rendered":"Opevn\u011bn\u00e1 m\u011bsta"},"content":{"rendered":"\n<div class=\"wp-block-columns is-layout-flex wp-container-core-columns-is-layout-9d6595d7 wp-block-columns-is-layout-flex\">\n<div class=\"wp-block-column is-layout-flow wp-block-column-is-layout-flow\" style=\"flex-basis:50%\">\n<figure class=\"wp-block-image size-medium\"><img loading=\"lazy\" decoding=\"async\" width=\"300\" height=\"200\" src=\"https:\/\/lacortehotel.info\/wp-content\/uploads\/2023\/07\/este-300x200.jpg\" alt=\"\" class=\"wp-image-475\" srcset=\"https:\/\/lacortehotel.info\/wp-content\/uploads\/2023\/07\/este-300x200.jpg 300w, https:\/\/lacortehotel.info\/wp-content\/uploads\/2023\/07\/este-768x512.jpg 768w, https:\/\/lacortehotel.info\/wp-content\/uploads\/2023\/07\/este.jpg 800w\" sizes=\"auto, (max-width: 300px) 100vw, 300px\" \/><\/figure>\n<\/div>\n\n\n\n<div class=\"wp-block-column is-layout-flow wp-block-column-is-layout-flow\" style=\"flex-basis:50%\">\n<figure class=\"wp-block-image size-medium\"><img loading=\"lazy\" decoding=\"async\" width=\"300\" height=\"193\" src=\"https:\/\/lacortehotel.info\/wp-content\/uploads\/2023\/07\/montagnana-300x193.jpg\" alt=\"\" class=\"wp-image-479\" srcset=\"https:\/\/lacortehotel.info\/wp-content\/uploads\/2023\/07\/montagnana-300x193.jpg 300w, https:\/\/lacortehotel.info\/wp-content\/uploads\/2023\/07\/montagnana.jpg 700w\" sizes=\"auto, (max-width: 300px) 100vw, 300px\" \/><\/figure>\n<\/div>\n<\/div>\n\n\n\n<p>O siln\u00e9 strategick\u00e1 roli, kterou hraje padu\u00e1nsk\u00e9 \u00fazem\u00ed ve st\u0159edov\u011bku, sv\u011bd\u010d\u00ed \u010detn\u00e1 opevn\u011bn\u00e1 m\u011bsta, kter\u00e1 st\u00e1le existuj\u00ed :&nbsp;&nbsp;<a href=\"http:\/\/www.visitcittadella.it\/#pll_switcher\" target=\"_blank\" rel=\"noreferrer noopener\">Cittadella<\/a>&nbsp;,&nbsp;<a href=\"http:\/\/www.monseliceturismo.it\/\" target=\"_blank\" rel=\"noreferrer noopener\">Monselice<\/a>&nbsp;,&nbsp;<a href=\"http:\/\/www.estedavivere.it\/it\/#\" target=\"_blank\" rel=\"noreferrer noopener\">Este<\/a>&nbsp;a&nbsp;<a href=\"https:\/\/www.visitmontagnana.it\/\" target=\"_blank\" rel=\"noreferrer noopener\">Montagnana<\/a>&nbsp;s jedine\u010dnou charakteristikou.<\/p>\n\n\n\n<figure class=\"wp-block-image size-medium\"><img loading=\"lazy\" decoding=\"async\" width=\"300\" height=\"210\" src=\"https:\/\/lacortehotel.info\/wp-content\/uploads\/2023\/07\/monselice-300x210.jpg\" alt=\"\" class=\"wp-image-483\" srcset=\"https:\/\/lacortehotel.info\/wp-content\/uploads\/2023\/07\/monselice-300x210.jpg 300w, https:\/\/lacortehotel.info\/wp-content\/uploads\/2023\/07\/monselice.jpg 600w\" sizes=\"auto, (max-width: 300px) 100vw, 300px\" \/><\/figure>\n\n\n\n<h3 class=\"wp-block-heading\">Cittadella: opevn\u011bn\u00e9 m\u011bsto s ochozem ve v\u00fd\u0161ce 15 metr\u016f<\/h3>\n\n\n\n<p><strong><a href=\"https:\/\/www.comune.cittadella.pd.it\/\">Cittadella<\/a><\/strong> je jedn\u00edm z m\u00e1la m\u011bst v Evrop\u011b, kde se dochoval <strong>pln\u011b p\u0159\u00edstupn\u00fd st\u0159edov\u011bk\u00fd ochoz<\/strong>, po kter\u00e9m se lze proj\u00edt v <strong>15metrov\u00e9 v\u00fd\u0161ce<\/strong> kolem cel\u00e9ho historick\u00e9ho j\u00e1dra. Jej\u00ed <strong>eliptick\u00e9 hradby<\/strong>, dokonale zachovan\u00e9, obklopuj\u00ed \u017eiv\u00e9 a pohostinn\u00e9 m\u011bsto s pal\u00e1ci, muzei a dechberouc\u00edm v\u00fdhledem z <strong>v\u011b\u017ee Torre di Malta<\/strong>. Jedine\u010dn\u00fd z\u00e1\u017eitek pro milovn\u00edky vojensk\u00e9 historie a obrann\u00e9 architektury.<\/p>\n\n\n\n<h3 class=\"wp-block-heading\">Monselice: hrady, poutn\u00ed stezky a spiritualita<\/h3>\n\n\n\n<p>Na \u00fapat\u00ed Euganesk\u00fdch vrch\u016f se nach\u00e1z\u00ed <strong><a href=\"https:\/\/www.comune.monselice.padova.it\/\">Monselice<\/a><\/strong>, opevn\u011bn\u00e9 m\u011bsto pln\u00e9 kouzla a duchovn\u00ed atmosf\u00e9ry. <strong>Pevnost Monselice<\/strong> dominuje krajin\u011b a p\u0159ipom\u00edn\u00e1 st\u0159edov\u011bk\u00e9 boje o kontrolu nad \u00fazem\u00edm. Zvl\u00e1\u0161tn\u00ed pozornost si zaslou\u017e\u00ed <strong>Svatyn\u011b sedmi kostel\u016f<\/strong>, posv\u00e1tn\u00e1 stezka ze 17. stolet\u00ed, kter\u00e1 dodnes p\u0159itahuje poutn\u00edky z cel\u00e9ho It\u00e1lie. Hradby, hrady a starobyl\u00e9 m\u011bstsk\u00e9 br\u00e1ny d\u011blaj\u00ed z Monselice ide\u00e1ln\u00ed zast\u00e1vku pro milovn\u00edky kultury a krajinn\u00e9 kr\u00e1sy.<\/p>\n\n\n\n<h3 class=\"wp-block-heading\">Este: mezi archeologi\u00ed a hradbami z dob Carraresi<\/h3>\n\n\n\n<p><strong><a href=\"https:\/\/www.veneto.eu\/EN\/Home\/\">Este<\/a><\/strong> je m\u011bsto s tis\u00edciletou histori\u00ed, kter\u00e9 je domovem v\u00fdznamn\u00e9ho n\u00e1rodn\u00edho archeologick\u00e9ho muzea, p\u0159edstavuj\u00edc\u00edho p\u016fvodn\u00ed paleovenetsk\u00e9 os\u00eddlen\u00ed oblasti. Jeho <strong>st\u0159edov\u011bk\u00e9 hradby<\/strong>, poch\u00e1zej\u00edc\u00ed z obdob\u00ed vl\u00e1dy rodu Carraresi, obklopuj\u00ed elegantn\u00ed centrum s <strong>kararsk\u00fdm hradem<\/strong>, parky, kostely a \u017eiv\u00fdmi n\u00e1m\u011bst\u00edmi. Este je tak\u00e9 proslul\u00e9 svou keramikou a historick\u00fdmi vazbami na ben\u00e1tskou \u0161lechtu.<\/p>\n\n\n\n<h3 class=\"wp-block-heading\">Montagnana: nejzachovalej\u0161\u00ed opevn\u011bn\u00fd skvost v Ben\u00e1tsku<\/h3>\n\n\n\n<p><strong><a href=\"https:\/\/www.comune.montagnana.pd.it\/Guidadettagli\">Montagnana<\/a><\/strong> je pova\u017eov\u00e1na za jedno z <strong>nejl\u00e9pe zachovan\u00fdch opevn\u011bn\u00fdch m\u011bst v Evrop\u011b<\/strong>. Jej\u00ed <strong>t\u00e9m\u011b\u0159 dvoukilometrov\u00e9 st\u0159edov\u011bk\u00e9 hradby<\/strong>, lemovan\u00e9 v\u011b\u017eemi a cimbu\u0159\u00edm, obklopuj\u00ed dokonale dochovan\u00e9 historick\u00e9 centrum, ve kter\u00e9m se zd\u00e1, \u017ee se zastavil \u010das. Nenechte si uj\u00edt <strong>Rocca degli Alberi<\/strong>, <strong>hrad Castel San Zeno<\/strong> a proch\u00e1zku po hradb\u00e1ch, odkud se otev\u00edraj\u00ed kouzeln\u00e9 v\u00fdhledy na venkovskou krajinu.<\/p>\n\n\n\n<h3 class=\"wp-block-heading\">Jak nav\u0161t\u00edvit opevn\u011bn\u00e1 m\u011bsta z na\u0161eho hotelu<\/h3>\n\n\n\n<p>Z <strong>hotelu La Corte<\/strong> se ke v\u0161em t\u011bmto skvost\u016fm dostanete <strong>za m\u00e9n\u011b ne\u017e hodinu autem<\/strong>. M\u016f\u017eete si napl\u00e1novat historickou trasu spojuj\u00edc\u00ed <strong>kulturu, krajinu a gastronomii<\/strong>, a ka\u017ed\u00fd den objevovat nov\u00e9 m\u00edsto. Opevn\u011bn\u00e1 m\u011bsta oblasti Padovy jsou ide\u00e1ln\u00ed pro rodiny, p\u00e1ry i zv\u00eddav\u00e9 cestovatele.<\/p>\n","protected":false},"excerpt":{"rendered":"<p>O siln\u00e9 strategick\u00e1 roli, kterou hraje padu\u00e1nsk\u00e9 \u00fazem\u00ed ve st\u0159edov\u011bku, sv\u011bd\u010d\u00ed \u010detn\u00e1 opevn\u011bn\u00e1 m\u011bsta, kter\u00e1 st\u00e1le existuj\u00ed :&nbsp;&nbsp;Cittadella&nbsp;,&nbsp;Monselice&nbsp;,&nbsp;Este&nbsp;a&nbsp;Montagnana&nbsp;s jedine\u010dnou charakteristikou. Cittadella: opevn\u011bn\u00e9 m\u011bsto s ochozem ve v\u00fd\u0161ce 15 metr\u016f Cittadella je jedn\u00edm z m\u00e1la m\u011bst v Evrop\u011b, kde se dochoval pln\u011b p\u0159\u00edstupn\u00fd st\u0159edov\u011bk\u00fd ochoz, po kter\u00e9m se lze proj\u00edt v 15metrov\u00e9 v\u00fd\u0161ce kolem cel\u00e9ho historick\u00e9ho [&hellip;]<\/p>\n","protected":false},"author":1,"featured_media":488,"parent":596,"menu_order":0,"comment_status":"closed","ping_status":"closed","template":"templates\/lista.php","meta":{"_acf_changed":false,"inline_featured_image":false,"_joinchat":[],"footnotes":""},"class_list":["post-608","page","type-page","status-publish","has-post-thumbnail","hentry"],"acf":[],"yoast_head":"<!-- This site is optimized with the Yoast SEO plugin v26.7 - https:\/\/yoast.com\/wordpress\/plugins\/seo\/ -->\n<title>Opevn\u011bn\u00e1 m\u011bsta - La Corte Hotel<\/title>\n<meta name=\"description\" content=\"Objevte opevn\u011bn\u00e1 m\u011bsta v oblasti Padovy: Cittadella, Monselice, Este a Montagnana \u2013 jedine\u010dn\u00e9 pam\u00e1tky st\u0159edov\u011bk\u00e9 historie a strategie.\" \/>\n<meta name=\"robots\" content=\"index, follow, max-snippet:-1, max-image-preview:large, max-video-preview:-1\" \/>\n<link rel=\"canonical\" href=\"https:\/\/lacortehotel.info\/cs\/okoli\/opevnena-mesta\/\" \/>\n<meta property=\"og:locale\" content=\"cs_CZ\" \/>\n<meta property=\"og:type\" content=\"article\" \/>\n<meta property=\"og:title\" content=\"Opevn\u011bn\u00e1 m\u011bsta - La Corte Hotel\" \/>\n<meta property=\"og:description\" content=\"Objevte opevn\u011bn\u00e1 m\u011bsta v oblasti Padovy: Cittadella, Monselice, Este a Montagnana \u2013 jedine\u010dn\u00e9 pam\u00e1tky st\u0159edov\u011bk\u00e9 historie a strategie.\" \/>\n<meta property=\"og:url\" content=\"https:\/\/lacortehotel.info\/cs\/okoli\/opevnena-mesta\/\" \/>\n<meta property=\"og:site_name\" content=\"La Corte Hotel\" \/>\n<meta property=\"article:publisher\" content=\"https:\/\/www.facebook.com\/pages\/Hotel-La-Corte\/120373951334581\" \/>\n<meta property=\"article:modified_time\" content=\"2025-06-04T12:06:23+00:00\" \/>\n<meta property=\"og:image\" content=\"https:\/\/lacortehotel.info\/wp-content\/uploads\/2023\/07\/montagnana-big.jpg\" \/>\n\t<meta property=\"og:image:width\" content=\"2560\" \/>\n\t<meta property=\"og:image:height\" content=\"1440\" \/>\n\t<meta property=\"og:image:type\" content=\"image\/jpeg\" \/>\n<meta name=\"twitter:card\" content=\"summary_large_image\" \/>\n<meta name=\"twitter:label1\" content=\"Odhadovan\u00e1 doba \u010dten\u00ed\" \/>\n\t<meta name=\"twitter:data1\" content=\"3 minuty\" \/>\n<script type=\"application\/ld+json\" class=\"yoast-schema-graph\">{\"@context\":\"https:\/\/schema.org\",\"@graph\":[{\"@type\":\"WebPage\",\"@id\":\"https:\/\/lacortehotel.info\/cs\/okoli\/opevnena-mesta\/\",\"url\":\"https:\/\/lacortehotel.info\/cs\/okoli\/opevnena-mesta\/\",\"name\":\"Opevn\u011bn\u00e1 m\u011bsta - La Corte Hotel\",\"isPartOf\":{\"@id\":\"https:\/\/lacortehotel.info\/cs\/#website\"},\"primaryImageOfPage\":{\"@id\":\"https:\/\/lacortehotel.info\/cs\/okoli\/opevnena-mesta\/#primaryimage\"},\"image\":{\"@id\":\"https:\/\/lacortehotel.info\/cs\/okoli\/opevnena-mesta\/#primaryimage\"},\"thumbnailUrl\":\"https:\/\/lacortehotel.info\/wp-content\/uploads\/2023\/07\/montagnana-big.jpg\",\"datePublished\":\"2025-04-16T07:59:37+00:00\",\"dateModified\":\"2025-06-04T12:06:23+00:00\",\"description\":\"Objevte opevn\u011bn\u00e1 m\u011bsta v oblasti Padovy: Cittadella, Monselice, Este a Montagnana \u2013 jedine\u010dn\u00e9 pam\u00e1tky st\u0159edov\u011bk\u00e9 historie a strategie.\",\"breadcrumb\":{\"@id\":\"https:\/\/lacortehotel.info\/cs\/okoli\/opevnena-mesta\/#breadcrumb\"},\"inLanguage\":\"cs\",\"potentialAction\":[{\"@type\":\"ReadAction\",\"target\":[\"https:\/\/lacortehotel.info\/cs\/okoli\/opevnena-mesta\/\"]}]},{\"@type\":\"ImageObject\",\"inLanguage\":\"cs\",\"@id\":\"https:\/\/lacortehotel.info\/cs\/okoli\/opevnena-mesta\/#primaryimage\",\"url\":\"https:\/\/lacortehotel.info\/wp-content\/uploads\/2023\/07\/montagnana-big.jpg\",\"contentUrl\":\"https:\/\/lacortehotel.info\/wp-content\/uploads\/2023\/07\/montagnana-big.jpg\",\"width\":2560,\"height\":1440},{\"@type\":\"BreadcrumbList\",\"@id\":\"https:\/\/lacortehotel.info\/cs\/okoli\/opevnena-mesta\/#breadcrumb\",\"itemListElement\":[{\"@type\":\"ListItem\",\"position\":1,\"name\":\"Home\",\"item\":\"https:\/\/lacortehotel.info\/cs\/\"},{\"@type\":\"ListItem\",\"position\":2,\"name\":\"Okol\u00ed\",\"item\":\"https:\/\/lacortehotel.info\/cs\/okoli\/\"},{\"@type\":\"ListItem\",\"position\":3,\"name\":\"Opevn\u011bn\u00e1 m\u011bsta\"}]},{\"@type\":\"WebSite\",\"@id\":\"https:\/\/lacortehotel.info\/cs\/#website\",\"url\":\"https:\/\/lacortehotel.info\/cs\/\",\"name\":\"Hotel La Corte\",\"description\":\"V srdci P\u00e1dsk\u00e9 n\u00ed\u017einy... v\u00e1\u0161 druh\u00fd domov!\",\"publisher\":{\"@id\":\"https:\/\/lacortehotel.info\/cs\/#organization\"},\"alternateName\":\"La Corte di Correzzola\",\"potentialAction\":[{\"@type\":\"SearchAction\",\"target\":{\"@type\":\"EntryPoint\",\"urlTemplate\":\"https:\/\/lacortehotel.info\/cs\/?s={search_term_string}\"},\"query-input\":{\"@type\":\"PropertyValueSpecification\",\"valueRequired\":true,\"valueName\":\"search_term_string\"}}],\"inLanguage\":\"cs\"},{\"@type\":\"Organization\",\"@id\":\"https:\/\/lacortehotel.info\/cs\/#organization\",\"name\":\"Hotel la Corte\",\"url\":\"https:\/\/lacortehotel.info\/cs\/\",\"logo\":{\"@type\":\"ImageObject\",\"inLanguage\":\"cs\",\"@id\":\"https:\/\/lacortehotel.info\/cs\/#\/schema\/logo\/image\/\",\"url\":\"https:\/\/lacortehotel.info\/wp-content\/uploads\/2023\/05\/logo-sito-p-e1683800838815.png\",\"contentUrl\":\"https:\/\/lacortehotel.info\/wp-content\/uploads\/2023\/05\/logo-sito-p-e1683800838815.png\",\"width\":100,\"height\":94,\"caption\":\"Hotel la Corte\"},\"image\":{\"@id\":\"https:\/\/lacortehotel.info\/cs\/#\/schema\/logo\/image\/\"},\"sameAs\":[\"https:\/\/www.facebook.com\/pages\/Hotel-La-Corte\/120373951334581\",\"https:\/\/www.instagram.com\/lacortecorrezzola\/\"]}]}<\/script>\n<!-- \/ Yoast SEO plugin. -->","yoast_head_json":{"title":"Opevn\u011bn\u00e1 m\u011bsta - La Corte Hotel","description":"Objevte opevn\u011bn\u00e1 m\u011bsta v oblasti Padovy: Cittadella, Monselice, Este a Montagnana \u2013 jedine\u010dn\u00e9 pam\u00e1tky st\u0159edov\u011bk\u00e9 historie a strategie.","robots":{"index":"index","follow":"follow","max-snippet":"max-snippet:-1","max-image-preview":"max-image-preview:large","max-video-preview":"max-video-preview:-1"},"canonical":"https:\/\/lacortehotel.info\/cs\/okoli\/opevnena-mesta\/","og_locale":"cs_CZ","og_type":"article","og_title":"Opevn\u011bn\u00e1 m\u011bsta - La Corte Hotel","og_description":"Objevte opevn\u011bn\u00e1 m\u011bsta v oblasti Padovy: Cittadella, Monselice, Este a Montagnana \u2013 jedine\u010dn\u00e9 pam\u00e1tky st\u0159edov\u011bk\u00e9 historie a strategie.","og_url":"https:\/\/lacortehotel.info\/cs\/okoli\/opevnena-mesta\/","og_site_name":"La Corte Hotel","article_publisher":"https:\/\/www.facebook.com\/pages\/Hotel-La-Corte\/120373951334581","article_modified_time":"2025-06-04T12:06:23+00:00","og_image":[{"width":2560,"height":1440,"url":"https:\/\/lacortehotel.info\/wp-content\/uploads\/2023\/07\/montagnana-big.jpg","type":"image\/jpeg"}],"twitter_card":"summary_large_image","twitter_misc":{"Odhadovan\u00e1 doba \u010dten\u00ed":"3 minuty"},"schema":{"@context":"https:\/\/schema.org","@graph":[{"@type":"WebPage","@id":"https:\/\/lacortehotel.info\/cs\/okoli\/opevnena-mesta\/","url":"https:\/\/lacortehotel.info\/cs\/okoli\/opevnena-mesta\/","name":"Opevn\u011bn\u00e1 m\u011bsta - La Corte Hotel","isPartOf":{"@id":"https:\/\/lacortehotel.info\/cs\/#website"},"primaryImageOfPage":{"@id":"https:\/\/lacortehotel.info\/cs\/okoli\/opevnena-mesta\/#primaryimage"},"image":{"@id":"https:\/\/lacortehotel.info\/cs\/okoli\/opevnena-mesta\/#primaryimage"},"thumbnailUrl":"https:\/\/lacortehotel.info\/wp-content\/uploads\/2023\/07\/montagnana-big.jpg","datePublished":"2025-04-16T07:59:37+00:00","dateModified":"2025-06-04T12:06:23+00:00","description":"Objevte opevn\u011bn\u00e1 m\u011bsta v oblasti Padovy: Cittadella, Monselice, Este a Montagnana \u2013 jedine\u010dn\u00e9 pam\u00e1tky st\u0159edov\u011bk\u00e9 historie a strategie.","breadcrumb":{"@id":"https:\/\/lacortehotel.info\/cs\/okoli\/opevnena-mesta\/#breadcrumb"},"inLanguage":"cs","potentialAction":[{"@type":"ReadAction","target":["https:\/\/lacortehotel.info\/cs\/okoli\/opevnena-mesta\/"]}]},{"@type":"ImageObject","inLanguage":"cs","@id":"https:\/\/lacortehotel.info\/cs\/okoli\/opevnena-mesta\/#primaryimage","url":"https:\/\/lacortehotel.info\/wp-content\/uploads\/2023\/07\/montagnana-big.jpg","contentUrl":"https:\/\/lacortehotel.info\/wp-content\/uploads\/2023\/07\/montagnana-big.jpg","width":2560,"height":1440},{"@type":"BreadcrumbList","@id":"https:\/\/lacortehotel.info\/cs\/okoli\/opevnena-mesta\/#breadcrumb","itemListElement":[{"@type":"ListItem","position":1,"name":"Home","item":"https:\/\/lacortehotel.info\/cs\/"},{"@type":"ListItem","position":2,"name":"Okol\u00ed","item":"https:\/\/lacortehotel.info\/cs\/okoli\/"},{"@type":"ListItem","position":3,"name":"Opevn\u011bn\u00e1 m\u011bsta"}]},{"@type":"WebSite","@id":"https:\/\/lacortehotel.info\/cs\/#website","url":"https:\/\/lacortehotel.info\/cs\/","name":"Hotel La Corte","description":"V srdci P\u00e1dsk\u00e9 n\u00ed\u017einy... v\u00e1\u0161 druh\u00fd domov!","publisher":{"@id":"https:\/\/lacortehotel.info\/cs\/#organization"},"alternateName":"La Corte di Correzzola","potentialAction":[{"@type":"SearchAction","target":{"@type":"EntryPoint","urlTemplate":"https:\/\/lacortehotel.info\/cs\/?s={search_term_string}"},"query-input":{"@type":"PropertyValueSpecification","valueRequired":true,"valueName":"search_term_string"}}],"inLanguage":"cs"},{"@type":"Organization","@id":"https:\/\/lacortehotel.info\/cs\/#organization","name":"Hotel la Corte","url":"https:\/\/lacortehotel.info\/cs\/","logo":{"@type":"ImageObject","inLanguage":"cs","@id":"https:\/\/lacortehotel.info\/cs\/#\/schema\/logo\/image\/","url":"https:\/\/lacortehotel.info\/wp-content\/uploads\/2023\/05\/logo-sito-p-e1683800838815.png","contentUrl":"https:\/\/lacortehotel.info\/wp-content\/uploads\/2023\/05\/logo-sito-p-e1683800838815.png","width":100,"height":94,"caption":"Hotel la Corte"},"image":{"@id":"https:\/\/lacortehotel.info\/cs\/#\/schema\/logo\/image\/"},"sameAs":["https:\/\/www.facebook.com\/pages\/Hotel-La-Corte\/120373951334581","https:\/\/www.instagram.com\/lacortecorrezzola\/"]}]}},"_links":{"self":[{"href":"https:\/\/lacortehotel.info\/cs\/wp-json\/wp\/v2\/pages\/608","targetHints":{"allow":["GET"]}}],"collection":[{"href":"https:\/\/lacortehotel.info\/cs\/wp-json\/wp\/v2\/pages"}],"about":[{"href":"https:\/\/lacortehotel.info\/cs\/wp-json\/wp\/v2\/types\/page"}],"author":[{"embeddable":true,"href":"https:\/\/lacortehotel.info\/cs\/wp-json\/wp\/v2\/users\/1"}],"replies":[{"embeddable":true,"href":"https:\/\/lacortehotel.info\/cs\/wp-json\/wp\/v2\/comments?post=608"}],"version-history":[{"count":3,"href":"https:\/\/lacortehotel.info\/cs\/wp-json\/wp\/v2\/pages\/608\/revisions"}],"predecessor-version":[{"id":1845,"href":"https:\/\/lacortehotel.info\/cs\/wp-json\/wp\/v2\/pages\/608\/revisions\/1845"}],"up":[{"embeddable":true,"href":"https:\/\/lacortehotel.info\/cs\/wp-json\/wp\/v2\/pages\/596"}],"wp:featuredmedia":[{"embeddable":true,"href":"https:\/\/lacortehotel.info\/cs\/wp-json\/wp\/v2\/media\/488"}],"wp:attachment":[{"href":"https:\/\/lacortehotel.info\/cs\/wp-json\/wp\/v2\/media?parent=608"}],"curies":[{"name":"wp","href":"https:\/\/api.w.org\/{rel}","templated":true}]}}