{"id":583,"date":"2023-05-12T07:05:11","date_gmt":"2023-05-12T07:05:11","guid":{"rendered":"https:\/\/lacortehotel.info\/unseregeschichte\/"},"modified":"2025-06-06T10:02:10","modified_gmt":"2025-06-06T10:02:10","slug":"nase-historie","status":"publish","type":"page","link":"https:\/\/lacortehotel.info\/cs\/nase-historie\/","title":{"rendered":"Na\u0161e historie"},"content":{"rendered":"\n<p>BENEDIKT\u00ddNI VY\u0160LI Z VOD<\/p>\n\n\n\n<p>Bylo to v roce <strong>1129<\/strong> kdy\u017e Giuditto Sanbonifacio p\u0159evedl sv\u00e9 majetky kl\u00e1\u0161tera Concadalbero opatovi kl\u00e1\u0161tera Santa Maria Giustina v Padov\u011b: V t\u00e9to nejist\u00e9 a rozs\u00e1hl\u00e9 zemi mni\u0161i zah\u00e1jili neuv\u011b\u0159itelnou tis\u00edciletou rekultiva\u010dn\u00ed pr\u00e1ci spolu s pe\u010dliv\u011b pl\u00e1novan\u00fdm \u00fazemn\u00edm \u0159\u00edzen\u00edm, t\u00edm vytvo\u0159ili racion\u00e1ln\u011b kultivovanou, dob\u0159e organizovanou a \u00farodnou p\u016fdu.<\/p>\n\n\n\n<p>Na po\u010d\u00e1tku let 1400 mni\u0161i p\u0159esunuli centrum zpr\u00e1vy z Concadalbera do <strong>Correzzoly<\/strong>. Zde, v zadn\u00ed \u010d\u00e1sti ohybu \u0159eky Bacchiglione, d\u016fle\u017eit\u00e9 vodn\u00ed cesty pro p\u0159epravu zbo\u017e\u00ed naz\u00fdvan\u00e9 tak\u00e9 \u201cVia del Sale\u201d \u201cSoln\u00e1 cesta\u201d, mnichov\u00e9 postavili majest\u00e1tn\u00ed benediktinsk\u00fd kl\u00e1\u0161ter, kter\u00fd popsal padu\u00e1nsk\u00fd historik Andrea Gloria jako \u201cNejv\u011bt\u0161\u00ed venkovsk\u00fd komplex v Lombardii a Venetu \u201c. Samotn\u00e9 j\u00e1dro kl\u00e1\u0161tera bylo postaveno v letech 1430 a\u017e 1450, p\u0159i\u010dem\u017e posledn\u00ed podstatn\u00fd dopln\u011bk k budov\u011b byl pl\u00e1nov\u00e1n v obdob\u00ed od konce roku 1500 do prvn\u00edch let n\u00e1sleduj\u00edc\u00edho stolet\u00ed, a to v d\u016fsledku rozhodnut\u00ed opat\u0159it dv\u016fr opatsk\u00fdm domem a hostincem, D\u00e1le bylo tak\u00e9 rozhodnuto, \u017ee budova by m\u011bla b\u00fdt zv\u00fd\u0161ena o podla\u017e\u00ed (celkov\u011b na t\u0159i podla\u017e\u00ed), \u010d\u00edm\u017e by vznikla \u00farove\u0148 nazvan\u00e1 \u201cmezanin\u201d. Navzdory obrovsk\u00e9mu rozm\u011bru kl\u00e1\u0161tera byl po\u010det mnich\u016f v\u017edy n\u00edzk\u00fd: v komplexu jich \u017eilo v pr\u016fm\u011bru jen deset, jeliko\u017e dv\u016fr nebyl n\u00e1bo\u017eensk\u00fdm centrem, ale byla to \u201cVelk\u00e1 tov\u00e1rna Benediktinsk\u00e9ho \u0158\u00e1du Svat\u00e9 Giustiny \u201c, jak n\u011bkdo popsal, tak jeho obchodn\u00ed, zem\u011bd\u011blsk\u00e9 a strategick\u00e9 funkce p\u0159eva\u017eovaly nad n\u00e1bo\u017eensk\u00fdmi.<\/p>\n\n\n\n<figure class=\"wp-block-image\"><img decoding=\"async\" src=\"https:\/\/lacortehotel.info\/wp-content\/uploads\/2023\/05\/1-la-storia.jpg\" alt=\"1\" class=\"wp-image-719\"\/><\/figure>\n\n\n\n<p>Mni\u0161i postavili devades\u00e1t zd\u011bn\u00fdch statk\u016f, kter\u00e9 byly pokryt\u00e9 ta\u0161kami a velmi pohodln\u00e9, proto\u017ee v t\u00e9 dob\u011b byli roln\u00edci zvykl\u00ed \u017e\u00edt ve slam\u011bn\u00fdch chatr\u010d\u00edch. V\u0161echny statky byly pojmenov\u00e1ny po svat\u00fdch, a ti tak\u00e9 byli vyobrazeni na fresk\u00e1ch na port\u00e1le statku. Mezi t\u011bmito budovami nejd\u016fle\u017eit\u011bj\u0161\u00ed, a dokonce z architektonick\u00e9ho hlediska i nejorigin\u00e1ln\u011bj\u0161\u00ed byla jist\u011b \u201cGrande Vanezza\u201d, druh\u00e9 nejd\u016fle\u017eit\u011bj\u0161\u00ed centrum po kl\u00e1\u0161te\u0159e, bylo postaveno na vyv\u00fd\u0161en\u00e9m m\u00edst\u011b tak, aby usnad\u0148ovalo racion\u00e1ln\u00ed chov zv\u00ed\u0159at. Mni\u0161sk\u00e9 farmy byly postaveny s c\u00edlem uspokojit ve\u0161ker\u00e9 zem\u011bd\u011blsk\u00e9 pot\u0159eby p\u0159i skladov\u00e1n\u00ed a zpracov\u00e1n\u00ed plodin: Ka\u017ed\u00fd statek se sest\u00e1val z obytn\u00e9 \u010d\u00e1sti, \u010d\u00e1sti s rustik\u00e1ln\u00ed stodolou naho\u0159e a velk\u00e9 verandy.<\/p>\n\n\n\n<p>Poloha t\u011bchto staveb byla navr\u017eena s fas\u00e1dou sm\u011b\u0159uj\u00edc\u00ed na jih a v\u0161echny domy m\u011bly velk\u00fd prostor pro ml\u00e1cen\u00ed obil\u00ed zvan\u00e9 \u201cS\u00e8ese\u201d, kter\u00e9 slou\u017eilo k ukl\u00e1d\u00e1n\u00ed a su\u0161en\u00ed zem\u011bd\u011blsk\u00fdch produkt\u016f.<\/p>\n\n\n\n<figure class=\"wp-block-image\"><img decoding=\"async\" src=\"https:\/\/lacortehotel.info\/wp-content\/uploads\/2023\/05\/2-la-storia.jpg\" alt=\"2\" class=\"wp-image-720\"\/><\/figure>\n\n\n\n<p>Ale skute\u010dn\u00e1 revoluce u benedikt\u00fdn\u016f v Correzzole byla organizace \u00fazem\u00ed: Rozd\u011blili velk\u00fd majetek do p\u011bti \u201cgastaldi\u00ed\u201d, kter\u00e9 odpov\u00eddaj\u00ed sou\u010dasn\u00fdm \u010d\u00e1stem obce. Ka\u017ed\u00e1 gastaldia byl sv\u011b\u0159ena Gastaldovi, kter\u00fd byl d\u016fv\u011bryhodn\u00fdm \u010dlov\u011bkem kl\u00e1\u0161tera. \u00dazem\u00ed bylo d\u00e1le rozd\u011bleno na majetek, kter\u00fd sest\u00e1val z p\u0159edem neur\u010den\u00e9ho po\u010dtu pol\u00ed, a ta byla pronajata zem\u011bd\u011blc\u016fm kte\u0159\u00ed \u017eili v r\u016fzn\u00fdch farm\u00e1ch. V\u017edy bylo pe\u010dliv\u011b prov\u00e1d\u011bno \u00fazemn\u00ed hospoda\u0159en\u00ed s vodn\u00edmi syst\u00e9my: To m\u011bli na starosti dva mni\u0161i, jeden byl zodpov\u011bdn\u00fd za set\u00ed a sklize\u0148 a druh\u00fd za rekultivaci p\u016fdy, pl\u00e1noval a dohl\u00ed\u017eel na pr\u00e1ci. Na \u00fazem\u00ed bylo instalov\u00e1n benediktinsk\u00fd silni\u010dn\u00ed syst\u00e9m, dopln\u011bn\u00fd rekultiva\u010dn\u00edmi kan\u00e1ly, kter\u00e9 pokr\u00fdvaj\u00ed oblast pod\u00e9l silnic.<\/p>\n\n\n\n<p>Na ja\u0159e roku 1797 Napoleon ukon\u010d\u00ed, v Correzzole dlouh\u00e9 benedikt\u00ednsk\u00fdch \u201edobrodru\u017estv\u00ed\u201c ten pozd\u011bji v roce 1807&nbsp; jmenoval Francesca Melzi, v\u00e9vodou di Lodi a dal mu Correzzolu s rozs\u00e1hl\u00fdmi majetky: Kl\u00e1\u0161ter a jeho rozs\u00e1hl\u00e9 pozemky se pak staly majetkem rodiny Lombard\u016f, kter\u00e9 se da\u0159ilo do 7. \u0159\u00edjna 1919, kdy v\u00e9vodkyn\u011b Jos\u00e9phine za\u010dala postupn\u011b prod\u00e1vat velk\u00e9 \u010d\u00e1sti pozemk\u016f zaveden\u00fdm farm\u00e1\u0159\u016fm, aby mohla odej\u00edt do Mil\u00e1na, kde zem\u0159ela v roce 1923 ve v\u011bku 93 let. Melzi d\u2019Eril pokra\u010doval v pr\u00e1ci zapo\u010dat\u00e9 Benedikt\u00fdny na rekultivaci \u00fazem\u00ed, a zah\u00e1jil v\u00fdstavbu hlavn\u00edho odvodn\u011bn\u00ed, tak\u00e9 ovlivnil styl benediktinsk\u00e9ho kl\u00e1\u0161tera a p\u0159izp\u016fsobil jej co nejv\u00edce pot\u0159eb\u00e1m \u0161lechtick\u00e9 rodiny, i kdy\u017e p\u016fvodn\u00ed struktura stavby z\u016fstala nezm\u011bn\u011bna.<\/p>\n\n\n\n<p>V sou\u010dasn\u00e9 dob\u011b je \u010d\u00e1st kl\u00e1\u0161tera ve vlastnictv\u00ed obce, zat\u00edmco zb\u00fdvaj\u00edc\u00ed \u010d\u00e1st je soukrom\u00fdm majetkem.<\/p>\n\n\n\n<p>V roce 1999, byla dokon\u010dena rekonstrukce m\u011bstsk\u00e9 \u010d\u00e1sti: Jedno k\u0159\u00eddlo kl\u00e1\u0161tera je vyu\u017e\u00edv\u00e1no spr\u00e1vn\u00edmi \u00fa\u0159ady obce, zat\u00edmco druh\u00e9 k\u0159\u00eddlo budovy je p\u0159em\u011bn\u011bno na \u00fatuln\u00fd hotel: \u201dLA CORTE\u201d<\/p>\n\n\n\n<figure class=\"wp-block-image\"><img decoding=\"async\" src=\"https:\/\/lacortehotel.info\/wp-content\/uploads\/2023\/05\/storia-3.png\" alt=\"\" class=\"wp-image-722\"\/><\/figure>\n\n\n\n<p>Jsou zde k dispozici turistick\u00e9 trasy pro p\u011b\u0161\u00ed, na kole nebo na kon\u00edch, kter\u00e9 nab\u00edzej\u00ed p\u0159\u00edle\u017eitost u\u017e\u00edt si zelenou krajinu a r\u016fzn\u00e9 vodn\u00ed cesty, s v\u00fdjimkou t\u00e9m\u011b\u0159 \u00fapln\u011b p\u0159epln\u011bn\u00fdch a nebezpe\u010dn\u00fdch silnic a s mo\u017enost\u00ed obdivovat zaj\u00edmav\u00e9 benediktinsk\u00e9 farmy: Co\u017e je jedine\u010dn\u00e1 p\u0159\u00edle\u017eitost obdivovat krajinu, kter\u00e1 st\u00e1le p\u0159ipom\u00edn\u00e1 venkovsk\u00e9 tradice.<\/p>\n\n\n\n<p>D\u00edky bl\u00edzkosti p\u0159\u00edrodn\u00edch lokalit, jako jsou park Delta del PO\u2019 (delty \u0159eky P\u00e1d), park Colli Euganei, Ben\u00e1tsk\u00e9 laguny a Ben\u00e1tsk\u00e9 pob\u0159e\u017e\u00ed, je tak\u00e9 kl\u00e1\u0161ter ide\u00e1ln\u00edm v\u00fdchoz\u00edm bodem pro v\u00fdlety.<\/p>\n\n\n\n<p>D\u00e1le jsou mo\u017en\u00e9 denn\u00ed v\u00fdlety za um\u011bn\u00edm do velk\u00fdch nebo men\u0161\u00edch m\u011bst v bezprost\u0159edn\u00edm okol\u00ed, jako jsou <a href=\"https:\/\/lacortehotel.info\/cs\/okoli\/padova\/\">Padova<\/a>, <a href=\"https:\/\/lacortehotel.info\/cs\/okoli\/vicenza-a-verona\/vicenza-mesto-palladia-klenot-umeni-architektury-a-kultury\/\">Vicenza<\/a> nebo <a href=\"https:\/\/lacortehotel.info\/cs\/okoli\/benatky-a-chioggia\/objevte-chioggia-za-jeden-den-male-benatky-u-more\/\">Chioggia<\/a>, <a href=\"https:\/\/lacortehotel.info\/cs\/okoli\/opevnena-mesta\/este-tisicileta-historie-mezi-hradbami-vilami-a-kulturou\/\">Este<\/a>, <a href=\"https:\/\/lacortehotel.info\/cs\/okoli\/opevnena-mesta\/montagnana-cesta-do-stredoveku-mezi-hradbami-vezemi-a-chutemi\/\">Montagnana<\/a> a Arqu\u00e0 Petrarca.<\/p>\n","protected":false},"excerpt":{"rendered":"<p>BENEDIKT\u00ddNI VY\u0160LI Z VOD Bylo to v roce 1129 kdy\u017e Giuditto Sanbonifacio p\u0159evedl sv\u00e9 majetky kl\u00e1\u0161tera Concadalbero opatovi kl\u00e1\u0161tera Santa Maria Giustina v Padov\u011b: V t\u00e9to nejist\u00e9 a rozs\u00e1hl\u00e9 zemi mni\u0161i zah\u00e1jili neuv\u011b\u0159itelnou tis\u00edciletou rekultiva\u010dn\u00ed pr\u00e1ci spolu s pe\u010dliv\u011b pl\u00e1novan\u00fdm \u00fazemn\u00edm \u0159\u00edzen\u00edm, t\u00edm vytvo\u0159ili racion\u00e1ln\u011b kultivovanou, dob\u0159e organizovanou a \u00farodnou p\u016fdu. Na po\u010d\u00e1tku let 1400 [&hellip;]<\/p>\n","protected":false},"author":1,"featured_media":0,"parent":0,"menu_order":0,"comment_status":"closed","ping_status":"closed","template":"","meta":{"_acf_changed":false,"inline_featured_image":false,"_joinchat":[],"footnotes":""},"class_list":["post-583","page","type-page","status-publish","hentry"],"acf":[],"yoast_head":"<!-- This site is optimized with the Yoast SEO plugin v26.7 - https:\/\/yoast.com\/wordpress\/plugins\/seo\/ -->\n<title>Na\u0161e historie - La Corte Hotel<\/title>\n<meta name=\"description\" content=\"\u00dapln\u00e1 historie Benediktinsk\u00e9ho dvora v Correzzole: od po\u010d\u00e1tk\u016f tohoto \u00fazem\u00ed a\u017e po jeho prom\u011bnu v ubytov\u00e1n\u00ed typu B&amp;B.\" \/>\n<meta name=\"robots\" content=\"index, follow, max-snippet:-1, max-image-preview:large, max-video-preview:-1\" \/>\n<link rel=\"canonical\" href=\"https:\/\/lacortehotel.info\/cs\/nase-historie\/\" \/>\n<meta property=\"og:locale\" content=\"cs_CZ\" \/>\n<meta property=\"og:type\" content=\"article\" \/>\n<meta property=\"og:title\" content=\"Na\u0161e historie - La Corte Hotel\" \/>\n<meta property=\"og:description\" content=\"\u00dapln\u00e1 historie Benediktinsk\u00e9ho dvora v Correzzole: od po\u010d\u00e1tk\u016f tohoto \u00fazem\u00ed a\u017e po jeho prom\u011bnu v ubytov\u00e1n\u00ed typu B&amp;B.\" \/>\n<meta property=\"og:url\" content=\"https:\/\/lacortehotel.info\/cs\/nase-historie\/\" \/>\n<meta property=\"og:site_name\" content=\"La Corte Hotel\" \/>\n<meta property=\"article:publisher\" content=\"https:\/\/www.facebook.com\/pages\/Hotel-La-Corte\/120373951334581\" \/>\n<meta property=\"article:modified_time\" content=\"2025-06-06T10:02:10+00:00\" \/>\n<meta property=\"og:image\" content=\"https:\/\/lacortehotel.info\/wp-content\/uploads\/2023\/05\/nuovo-logo-corte.png\" \/>\n\t<meta property=\"og:image:width\" content=\"361\" \/>\n\t<meta property=\"og:image:height\" content=\"371\" \/>\n\t<meta property=\"og:image:type\" content=\"image\/png\" \/>\n<meta name=\"twitter:card\" content=\"summary_large_image\" \/>\n<meta name=\"twitter:label1\" content=\"Odhadovan\u00e1 doba \u010dten\u00ed\" \/>\n\t<meta name=\"twitter:data1\" content=\"5 minut\" \/>\n<script type=\"application\/ld+json\" class=\"yoast-schema-graph\">{\"@context\":\"https:\/\/schema.org\",\"@graph\":[{\"@type\":\"WebPage\",\"@id\":\"https:\/\/lacortehotel.info\/cs\/nase-historie\/\",\"url\":\"https:\/\/lacortehotel.info\/cs\/nase-historie\/\",\"name\":\"Na\u0161e historie - La Corte Hotel\",\"isPartOf\":{\"@id\":\"https:\/\/lacortehotel.info\/cs\/#website\"},\"primaryImageOfPage\":{\"@id\":\"https:\/\/lacortehotel.info\/cs\/nase-historie\/#primaryimage\"},\"image\":{\"@id\":\"https:\/\/lacortehotel.info\/cs\/nase-historie\/#primaryimage\"},\"thumbnailUrl\":\"https:\/\/lacortehotel.info\/wp-content\/uploads\/2023\/05\/1-la-storia.jpg\",\"datePublished\":\"2023-05-12T07:05:11+00:00\",\"dateModified\":\"2025-06-06T10:02:10+00:00\",\"description\":\"\u00dapln\u00e1 historie Benediktinsk\u00e9ho dvora v Correzzole: od po\u010d\u00e1tk\u016f tohoto \u00fazem\u00ed a\u017e po jeho prom\u011bnu v ubytov\u00e1n\u00ed typu B&B.\",\"breadcrumb\":{\"@id\":\"https:\/\/lacortehotel.info\/cs\/nase-historie\/#breadcrumb\"},\"inLanguage\":\"cs\",\"potentialAction\":[{\"@type\":\"ReadAction\",\"target\":[\"https:\/\/lacortehotel.info\/cs\/nase-historie\/\"]}]},{\"@type\":\"ImageObject\",\"inLanguage\":\"cs\",\"@id\":\"https:\/\/lacortehotel.info\/cs\/nase-historie\/#primaryimage\",\"url\":\"https:\/\/lacortehotel.info\/wp-content\/uploads\/2023\/05\/1-la-storia.jpg\",\"contentUrl\":\"https:\/\/lacortehotel.info\/wp-content\/uploads\/2023\/05\/1-la-storia.jpg\"},{\"@type\":\"BreadcrumbList\",\"@id\":\"https:\/\/lacortehotel.info\/cs\/nase-historie\/#breadcrumb\",\"itemListElement\":[{\"@type\":\"ListItem\",\"position\":1,\"name\":\"Home\",\"item\":\"https:\/\/lacortehotel.info\/cs\/\"},{\"@type\":\"ListItem\",\"position\":2,\"name\":\"Na\u0161e historie\"}]},{\"@type\":\"WebSite\",\"@id\":\"https:\/\/lacortehotel.info\/cs\/#website\",\"url\":\"https:\/\/lacortehotel.info\/cs\/\",\"name\":\"Hotel La Corte\",\"description\":\"V srdci P\u00e1dsk\u00e9 n\u00ed\u017einy... v\u00e1\u0161 druh\u00fd domov!\",\"publisher\":{\"@id\":\"https:\/\/lacortehotel.info\/cs\/#organization\"},\"alternateName\":\"La Corte di Correzzola\",\"potentialAction\":[{\"@type\":\"SearchAction\",\"target\":{\"@type\":\"EntryPoint\",\"urlTemplate\":\"https:\/\/lacortehotel.info\/cs\/?s={search_term_string}\"},\"query-input\":{\"@type\":\"PropertyValueSpecification\",\"valueRequired\":true,\"valueName\":\"search_term_string\"}}],\"inLanguage\":\"cs\"},{\"@type\":\"Organization\",\"@id\":\"https:\/\/lacortehotel.info\/cs\/#organization\",\"name\":\"Hotel la Corte\",\"url\":\"https:\/\/lacortehotel.info\/cs\/\",\"logo\":{\"@type\":\"ImageObject\",\"inLanguage\":\"cs\",\"@id\":\"https:\/\/lacortehotel.info\/cs\/#\/schema\/logo\/image\/\",\"url\":\"https:\/\/lacortehotel.info\/wp-content\/uploads\/2023\/05\/logo-sito-p-e1683800838815.png\",\"contentUrl\":\"https:\/\/lacortehotel.info\/wp-content\/uploads\/2023\/05\/logo-sito-p-e1683800838815.png\",\"width\":100,\"height\":94,\"caption\":\"Hotel la Corte\"},\"image\":{\"@id\":\"https:\/\/lacortehotel.info\/cs\/#\/schema\/logo\/image\/\"},\"sameAs\":[\"https:\/\/www.facebook.com\/pages\/Hotel-La-Corte\/120373951334581\",\"https:\/\/www.instagram.com\/lacortecorrezzola\/\"]}]}<\/script>\n<!-- \/ Yoast SEO plugin. -->","yoast_head_json":{"title":"Na\u0161e historie - La Corte Hotel","description":"\u00dapln\u00e1 historie Benediktinsk\u00e9ho dvora v Correzzole: od po\u010d\u00e1tk\u016f tohoto \u00fazem\u00ed a\u017e po jeho prom\u011bnu v ubytov\u00e1n\u00ed typu B&B.","robots":{"index":"index","follow":"follow","max-snippet":"max-snippet:-1","max-image-preview":"max-image-preview:large","max-video-preview":"max-video-preview:-1"},"canonical":"https:\/\/lacortehotel.info\/cs\/nase-historie\/","og_locale":"cs_CZ","og_type":"article","og_title":"Na\u0161e historie - La Corte Hotel","og_description":"\u00dapln\u00e1 historie Benediktinsk\u00e9ho dvora v Correzzole: od po\u010d\u00e1tk\u016f tohoto \u00fazem\u00ed a\u017e po jeho prom\u011bnu v ubytov\u00e1n\u00ed typu B&B.","og_url":"https:\/\/lacortehotel.info\/cs\/nase-historie\/","og_site_name":"La Corte Hotel","article_publisher":"https:\/\/www.facebook.com\/pages\/Hotel-La-Corte\/120373951334581","article_modified_time":"2025-06-06T10:02:10+00:00","og_image":[{"width":361,"height":371,"url":"https:\/\/lacortehotel.info\/wp-content\/uploads\/2023\/05\/nuovo-logo-corte.png","type":"image\/png"}],"twitter_card":"summary_large_image","twitter_misc":{"Odhadovan\u00e1 doba \u010dten\u00ed":"5 minut"},"schema":{"@context":"https:\/\/schema.org","@graph":[{"@type":"WebPage","@id":"https:\/\/lacortehotel.info\/cs\/nase-historie\/","url":"https:\/\/lacortehotel.info\/cs\/nase-historie\/","name":"Na\u0161e historie - La Corte Hotel","isPartOf":{"@id":"https:\/\/lacortehotel.info\/cs\/#website"},"primaryImageOfPage":{"@id":"https:\/\/lacortehotel.info\/cs\/nase-historie\/#primaryimage"},"image":{"@id":"https:\/\/lacortehotel.info\/cs\/nase-historie\/#primaryimage"},"thumbnailUrl":"https:\/\/lacortehotel.info\/wp-content\/uploads\/2023\/05\/1-la-storia.jpg","datePublished":"2023-05-12T07:05:11+00:00","dateModified":"2025-06-06T10:02:10+00:00","description":"\u00dapln\u00e1 historie Benediktinsk\u00e9ho dvora v Correzzole: od po\u010d\u00e1tk\u016f tohoto \u00fazem\u00ed a\u017e po jeho prom\u011bnu v ubytov\u00e1n\u00ed typu B&B.","breadcrumb":{"@id":"https:\/\/lacortehotel.info\/cs\/nase-historie\/#breadcrumb"},"inLanguage":"cs","potentialAction":[{"@type":"ReadAction","target":["https:\/\/lacortehotel.info\/cs\/nase-historie\/"]}]},{"@type":"ImageObject","inLanguage":"cs","@id":"https:\/\/lacortehotel.info\/cs\/nase-historie\/#primaryimage","url":"https:\/\/lacortehotel.info\/wp-content\/uploads\/2023\/05\/1-la-storia.jpg","contentUrl":"https:\/\/lacortehotel.info\/wp-content\/uploads\/2023\/05\/1-la-storia.jpg"},{"@type":"BreadcrumbList","@id":"https:\/\/lacortehotel.info\/cs\/nase-historie\/#breadcrumb","itemListElement":[{"@type":"ListItem","position":1,"name":"Home","item":"https:\/\/lacortehotel.info\/cs\/"},{"@type":"ListItem","position":2,"name":"Na\u0161e historie"}]},{"@type":"WebSite","@id":"https:\/\/lacortehotel.info\/cs\/#website","url":"https:\/\/lacortehotel.info\/cs\/","name":"Hotel La Corte","description":"V srdci P\u00e1dsk\u00e9 n\u00ed\u017einy... v\u00e1\u0161 druh\u00fd domov!","publisher":{"@id":"https:\/\/lacortehotel.info\/cs\/#organization"},"alternateName":"La Corte di Correzzola","potentialAction":[{"@type":"SearchAction","target":{"@type":"EntryPoint","urlTemplate":"https:\/\/lacortehotel.info\/cs\/?s={search_term_string}"},"query-input":{"@type":"PropertyValueSpecification","valueRequired":true,"valueName":"search_term_string"}}],"inLanguage":"cs"},{"@type":"Organization","@id":"https:\/\/lacortehotel.info\/cs\/#organization","name":"Hotel la Corte","url":"https:\/\/lacortehotel.info\/cs\/","logo":{"@type":"ImageObject","inLanguage":"cs","@id":"https:\/\/lacortehotel.info\/cs\/#\/schema\/logo\/image\/","url":"https:\/\/lacortehotel.info\/wp-content\/uploads\/2023\/05\/logo-sito-p-e1683800838815.png","contentUrl":"https:\/\/lacortehotel.info\/wp-content\/uploads\/2023\/05\/logo-sito-p-e1683800838815.png","width":100,"height":94,"caption":"Hotel la Corte"},"image":{"@id":"https:\/\/lacortehotel.info\/cs\/#\/schema\/logo\/image\/"},"sameAs":["https:\/\/www.facebook.com\/pages\/Hotel-La-Corte\/120373951334581","https:\/\/www.instagram.com\/lacortecorrezzola\/"]}]}},"_links":{"self":[{"href":"https:\/\/lacortehotel.info\/cs\/wp-json\/wp\/v2\/pages\/583","targetHints":{"allow":["GET"]}}],"collection":[{"href":"https:\/\/lacortehotel.info\/cs\/wp-json\/wp\/v2\/pages"}],"about":[{"href":"https:\/\/lacortehotel.info\/cs\/wp-json\/wp\/v2\/types\/page"}],"author":[{"embeddable":true,"href":"https:\/\/lacortehotel.info\/cs\/wp-json\/wp\/v2\/users\/1"}],"replies":[{"embeddable":true,"href":"https:\/\/lacortehotel.info\/cs\/wp-json\/wp\/v2\/comments?post=583"}],"version-history":[{"count":2,"href":"https:\/\/lacortehotel.info\/cs\/wp-json\/wp\/v2\/pages\/583\/revisions"}],"predecessor-version":[{"id":2088,"href":"https:\/\/lacortehotel.info\/cs\/wp-json\/wp\/v2\/pages\/583\/revisions\/2088"}],"wp:attachment":[{"href":"https:\/\/lacortehotel.info\/cs\/wp-json\/wp\/v2\/media?parent=583"}],"curies":[{"name":"wp","href":"https:\/\/api.w.org\/{rel}","templated":true}]}}