{"id":552,"date":"2023-07-04T13:50:04","date_gmt":"2023-07-04T13:50:04","guid":{"rendered":"https:\/\/lacortehotel.info\/escursioni-nella-campagna-padovana\/"},"modified":"2025-04-09T07:28:07","modified_gmt":"2025-04-09T07:28:07","slug":"vylety-v-krajine-padua","status":"publish","type":"page","link":"https:\/\/lacortehotel.info\/cs\/vylety-v-krajine-padua\/","title":{"rendered":"V\u00fdlety v krajin\u011b Padua"},"content":{"rendered":"\n<ul class=\"wp-block-list\">\n<li>Cyklistick\u00e9 trasy jsou organizov\u00e1ny pro ty, kte\u0159\u00ed miluj\u00ed p\u0159\u00edrodu a r\u00e1di nav\u0161t\u011bvuj\u00ed krajinu Correzzoly s benediktinsk\u00fdmi kl\u00e1\u0161tery nebo nedalekou lagunou.<\/li>\n<\/ul>\n\n\n\n<p>\u00a0\u00a0\u00a0\u00a0\u00a0\u00a0\u00a0\u00a0\u00a0 Informace: Cristina Veronese 3297468414 \/<\/p>\n\n\n\n<hr class=\"wp-block-separator has-alpha-channel-opacity\"\/>\n\n\n\n<ul class=\"wp-block-list\">\n<li>Pomal\u00e1 cykloturistika doprov\u00e1zen\u00e1 pr\u016fvodcem n\u00e1rodn\u00ed akademie MTB. Po klidn\u00fdch toc\u00edch \u0159ek p\u0159es mal\u00e1 m\u011bsta a \u00fadol\u00ed k Chioggii a jeho kouzlu. Unik\u00e1tn\u00ed itiner\u00e1\u0159, kde se spojuj\u00ed p\u0159\u00edroda, historie, um\u011bn\u00ed a kuchyn\u011b a uspokoj\u00ed du\u0161i i t\u011blo.<\/li>\n<\/ul>\n\n\n\n<p>Informace: William Nordio 3392875881 \/&nbsp;&nbsp;<a href=\"https:\/\/www.facebook.com\/nordiowilliam\/\" target=\"_blank\" rel=\"noreferrer noopener\">william.nordio@scuoladimtb.eu<\/a><\/p>\n\n\n\n<div class=\"wp-block-columns is-layout-flex wp-container-core-columns-is-layout-9d6595d7 wp-block-columns-is-layout-flex\">\n<div class=\"wp-block-column is-layout-flow wp-block-column-is-layout-flow\" style=\"flex-basis:50%\">\n<figure class=\"wp-block-image size-medium\"><img loading=\"lazy\" decoding=\"async\" width=\"300\" height=\"300\" src=\"https:\/\/lacortehotel.info\/wp-content\/uploads\/2023\/07\/escursioni-300x300.jpeg\" alt=\"\" class=\"wp-image-517\" srcset=\"https:\/\/lacortehotel.info\/wp-content\/uploads\/2023\/07\/escursioni-300x300.jpeg 300w, https:\/\/lacortehotel.info\/wp-content\/uploads\/2023\/07\/escursioni-1024x1024.jpeg 1024w, https:\/\/lacortehotel.info\/wp-content\/uploads\/2023\/07\/escursioni-150x150.jpeg 150w, https:\/\/lacortehotel.info\/wp-content\/uploads\/2023\/07\/escursioni-768x768.jpeg 768w, https:\/\/lacortehotel.info\/wp-content\/uploads\/2023\/07\/escursioni-1536x1536.jpeg 1536w, https:\/\/lacortehotel.info\/wp-content\/uploads\/2023\/07\/escursioni.jpeg 1564w\" sizes=\"auto, (max-width: 300px) 100vw, 300px\" \/><\/figure>\n<\/div>\n\n\n\n<div class=\"wp-block-column is-layout-flow wp-block-column-is-layout-flow\" style=\"flex-basis:50%\">\n<figure class=\"wp-block-image size-full\"><img loading=\"lazy\" decoding=\"async\" width=\"300\" height=\"200\" src=\"https:\/\/lacortehotel.info\/wp-content\/uploads\/2023\/07\/famiglia-bosco.jpg\" alt=\"\" class=\"wp-image-521\"\/><\/figure>\n<\/div>\n<\/div>\n","protected":false},"excerpt":{"rendered":"<p>\u00a0\u00a0\u00a0\u00a0\u00a0\u00a0\u00a0\u00a0\u00a0 Informace: Cristina Veronese 3297468414 \/ Informace: William Nordio 3392875881 \/&nbsp;&nbsp;william.nordio@scuoladimtb.eu<\/p>\n","protected":false},"author":1,"featured_media":0,"parent":0,"menu_order":0,"comment_status":"closed","ping_status":"closed","template":"","meta":{"_acf_changed":false,"inline_featured_image":false,"_joinchat":[],"footnotes":""},"class_list":["post-552","page","type-page","status-publish","hentry"],"acf":[],"yoast_head":"<!-- This site is optimized with the Yoast SEO plugin v26.7 - https:\/\/yoast.com\/wordpress\/plugins\/seo\/ -->\n<title>V\u00fdlety v krajin\u011b Padua - La Corte Hotel<\/title>\n<meta name=\"description\" content=\"Poznejte p\u0159\u00edrodu, historii a chut\u011b na cyklotrase z Correzzoly do Chioggie s pr\u016fvodcem z MTB akademie.\" \/>\n<meta name=\"robots\" content=\"index, follow, max-snippet:-1, max-image-preview:large, max-video-preview:-1\" \/>\n<link rel=\"canonical\" href=\"https:\/\/lacortehotel.info\/cs\/vylety-v-krajine-padua\/\" \/>\n<meta property=\"og:locale\" content=\"cs_CZ\" \/>\n<meta property=\"og:type\" content=\"article\" \/>\n<meta property=\"og:title\" content=\"V\u00fdlety v krajin\u011b Padua - La Corte Hotel\" \/>\n<meta property=\"og:description\" content=\"Poznejte p\u0159\u00edrodu, historii a chut\u011b na cyklotrase z Correzzoly do Chioggie s pr\u016fvodcem z MTB akademie.\" \/>\n<meta property=\"og:url\" content=\"https:\/\/lacortehotel.info\/cs\/vylety-v-krajine-padua\/\" \/>\n<meta property=\"og:site_name\" content=\"La Corte Hotel\" \/>\n<meta property=\"article:publisher\" content=\"https:\/\/www.facebook.com\/pages\/Hotel-La-Corte\/120373951334581\" \/>\n<meta property=\"article:modified_time\" content=\"2025-04-09T07:28:07+00:00\" \/>\n<meta property=\"og:image\" content=\"https:\/\/lacortehotel.info\/wp-content\/uploads\/2023\/07\/escursioni.jpeg\" \/>\n\t<meta property=\"og:image:width\" content=\"1564\" \/>\n\t<meta property=\"og:image:height\" content=\"1564\" \/>\n\t<meta property=\"og:image:type\" content=\"image\/jpeg\" \/>\n<meta name=\"twitter:card\" content=\"summary_large_image\" \/>\n<meta name=\"twitter:label1\" content=\"Odhadovan\u00e1 doba \u010dten\u00ed\" \/>\n\t<meta name=\"twitter:data1\" content=\"1 minuta\" \/>\n<script type=\"application\/ld+json\" class=\"yoast-schema-graph\">{\"@context\":\"https:\/\/schema.org\",\"@graph\":[{\"@type\":\"WebPage\",\"@id\":\"https:\/\/lacortehotel.info\/cs\/vylety-v-krajine-padua\/\",\"url\":\"https:\/\/lacortehotel.info\/cs\/vylety-v-krajine-padua\/\",\"name\":\"V\u00fdlety v krajin\u011b Padua - La Corte Hotel\",\"isPartOf\":{\"@id\":\"https:\/\/lacortehotel.info\/cs\/#website\"},\"primaryImageOfPage\":{\"@id\":\"https:\/\/lacortehotel.info\/cs\/vylety-v-krajine-padua\/#primaryimage\"},\"image\":{\"@id\":\"https:\/\/lacortehotel.info\/cs\/vylety-v-krajine-padua\/#primaryimage\"},\"thumbnailUrl\":\"https:\/\/lacortehotel.info\/wp-content\/uploads\/2023\/07\/escursioni-300x300.jpeg\",\"datePublished\":\"2023-07-04T13:50:04+00:00\",\"dateModified\":\"2025-04-09T07:28:07+00:00\",\"description\":\"Poznejte p\u0159\u00edrodu, historii a chut\u011b na cyklotrase z Correzzoly do Chioggie s pr\u016fvodcem z MTB akademie.\",\"breadcrumb\":{\"@id\":\"https:\/\/lacortehotel.info\/cs\/vylety-v-krajine-padua\/#breadcrumb\"},\"inLanguage\":\"cs\",\"potentialAction\":[{\"@type\":\"ReadAction\",\"target\":[\"https:\/\/lacortehotel.info\/cs\/vylety-v-krajine-padua\/\"]}]},{\"@type\":\"ImageObject\",\"inLanguage\":\"cs\",\"@id\":\"https:\/\/lacortehotel.info\/cs\/vylety-v-krajine-padua\/#primaryimage\",\"url\":\"https:\/\/lacortehotel.info\/wp-content\/uploads\/2023\/07\/escursioni-300x300.jpeg\",\"contentUrl\":\"https:\/\/lacortehotel.info\/wp-content\/uploads\/2023\/07\/escursioni-300x300.jpeg\"},{\"@type\":\"BreadcrumbList\",\"@id\":\"https:\/\/lacortehotel.info\/cs\/vylety-v-krajine-padua\/#breadcrumb\",\"itemListElement\":[{\"@type\":\"ListItem\",\"position\":1,\"name\":\"Home\",\"item\":\"https:\/\/lacortehotel.info\/cs\/\"},{\"@type\":\"ListItem\",\"position\":2,\"name\":\"V\u00fdlety v krajin\u011b Padua\"}]},{\"@type\":\"WebSite\",\"@id\":\"https:\/\/lacortehotel.info\/cs\/#website\",\"url\":\"https:\/\/lacortehotel.info\/cs\/\",\"name\":\"Hotel La Corte\",\"description\":\"V srdci P\u00e1dsk\u00e9 n\u00ed\u017einy... v\u00e1\u0161 druh\u00fd domov!\",\"publisher\":{\"@id\":\"https:\/\/lacortehotel.info\/cs\/#organization\"},\"alternateName\":\"La Corte di Correzzola\",\"potentialAction\":[{\"@type\":\"SearchAction\",\"target\":{\"@type\":\"EntryPoint\",\"urlTemplate\":\"https:\/\/lacortehotel.info\/cs\/?s={search_term_string}\"},\"query-input\":{\"@type\":\"PropertyValueSpecification\",\"valueRequired\":true,\"valueName\":\"search_term_string\"}}],\"inLanguage\":\"cs\"},{\"@type\":\"Organization\",\"@id\":\"https:\/\/lacortehotel.info\/cs\/#organization\",\"name\":\"Hotel la Corte\",\"url\":\"https:\/\/lacortehotel.info\/cs\/\",\"logo\":{\"@type\":\"ImageObject\",\"inLanguage\":\"cs\",\"@id\":\"https:\/\/lacortehotel.info\/cs\/#\/schema\/logo\/image\/\",\"url\":\"https:\/\/lacortehotel.info\/wp-content\/uploads\/2023\/05\/logo-sito-p-e1683800838815.png\",\"contentUrl\":\"https:\/\/lacortehotel.info\/wp-content\/uploads\/2023\/05\/logo-sito-p-e1683800838815.png\",\"width\":100,\"height\":94,\"caption\":\"Hotel la Corte\"},\"image\":{\"@id\":\"https:\/\/lacortehotel.info\/cs\/#\/schema\/logo\/image\/\"},\"sameAs\":[\"https:\/\/www.facebook.com\/pages\/Hotel-La-Corte\/120373951334581\",\"https:\/\/www.instagram.com\/lacortecorrezzola\/\"]}]}<\/script>\n<!-- \/ Yoast SEO plugin. -->","yoast_head_json":{"title":"V\u00fdlety v krajin\u011b Padua - La Corte Hotel","description":"Poznejte p\u0159\u00edrodu, historii a chut\u011b na cyklotrase z Correzzoly do Chioggie s pr\u016fvodcem z MTB akademie.","robots":{"index":"index","follow":"follow","max-snippet":"max-snippet:-1","max-image-preview":"max-image-preview:large","max-video-preview":"max-video-preview:-1"},"canonical":"https:\/\/lacortehotel.info\/cs\/vylety-v-krajine-padua\/","og_locale":"cs_CZ","og_type":"article","og_title":"V\u00fdlety v krajin\u011b Padua - La Corte Hotel","og_description":"Poznejte p\u0159\u00edrodu, historii a chut\u011b na cyklotrase z Correzzoly do Chioggie s pr\u016fvodcem z MTB akademie.","og_url":"https:\/\/lacortehotel.info\/cs\/vylety-v-krajine-padua\/","og_site_name":"La Corte Hotel","article_publisher":"https:\/\/www.facebook.com\/pages\/Hotel-La-Corte\/120373951334581","article_modified_time":"2025-04-09T07:28:07+00:00","og_image":[{"width":1564,"height":1564,"url":"https:\/\/lacortehotel.info\/wp-content\/uploads\/2023\/07\/escursioni.jpeg","type":"image\/jpeg"}],"twitter_card":"summary_large_image","twitter_misc":{"Odhadovan\u00e1 doba \u010dten\u00ed":"1 minuta"},"schema":{"@context":"https:\/\/schema.org","@graph":[{"@type":"WebPage","@id":"https:\/\/lacortehotel.info\/cs\/vylety-v-krajine-padua\/","url":"https:\/\/lacortehotel.info\/cs\/vylety-v-krajine-padua\/","name":"V\u00fdlety v krajin\u011b Padua - La Corte Hotel","isPartOf":{"@id":"https:\/\/lacortehotel.info\/cs\/#website"},"primaryImageOfPage":{"@id":"https:\/\/lacortehotel.info\/cs\/vylety-v-krajine-padua\/#primaryimage"},"image":{"@id":"https:\/\/lacortehotel.info\/cs\/vylety-v-krajine-padua\/#primaryimage"},"thumbnailUrl":"https:\/\/lacortehotel.info\/wp-content\/uploads\/2023\/07\/escursioni-300x300.jpeg","datePublished":"2023-07-04T13:50:04+00:00","dateModified":"2025-04-09T07:28:07+00:00","description":"Poznejte p\u0159\u00edrodu, historii a chut\u011b na cyklotrase z Correzzoly do Chioggie s pr\u016fvodcem z MTB akademie.","breadcrumb":{"@id":"https:\/\/lacortehotel.info\/cs\/vylety-v-krajine-padua\/#breadcrumb"},"inLanguage":"cs","potentialAction":[{"@type":"ReadAction","target":["https:\/\/lacortehotel.info\/cs\/vylety-v-krajine-padua\/"]}]},{"@type":"ImageObject","inLanguage":"cs","@id":"https:\/\/lacortehotel.info\/cs\/vylety-v-krajine-padua\/#primaryimage","url":"https:\/\/lacortehotel.info\/wp-content\/uploads\/2023\/07\/escursioni-300x300.jpeg","contentUrl":"https:\/\/lacortehotel.info\/wp-content\/uploads\/2023\/07\/escursioni-300x300.jpeg"},{"@type":"BreadcrumbList","@id":"https:\/\/lacortehotel.info\/cs\/vylety-v-krajine-padua\/#breadcrumb","itemListElement":[{"@type":"ListItem","position":1,"name":"Home","item":"https:\/\/lacortehotel.info\/cs\/"},{"@type":"ListItem","position":2,"name":"V\u00fdlety v krajin\u011b Padua"}]},{"@type":"WebSite","@id":"https:\/\/lacortehotel.info\/cs\/#website","url":"https:\/\/lacortehotel.info\/cs\/","name":"Hotel La Corte","description":"V srdci P\u00e1dsk\u00e9 n\u00ed\u017einy... v\u00e1\u0161 druh\u00fd domov!","publisher":{"@id":"https:\/\/lacortehotel.info\/cs\/#organization"},"alternateName":"La Corte di Correzzola","potentialAction":[{"@type":"SearchAction","target":{"@type":"EntryPoint","urlTemplate":"https:\/\/lacortehotel.info\/cs\/?s={search_term_string}"},"query-input":{"@type":"PropertyValueSpecification","valueRequired":true,"valueName":"search_term_string"}}],"inLanguage":"cs"},{"@type":"Organization","@id":"https:\/\/lacortehotel.info\/cs\/#organization","name":"Hotel la Corte","url":"https:\/\/lacortehotel.info\/cs\/","logo":{"@type":"ImageObject","inLanguage":"cs","@id":"https:\/\/lacortehotel.info\/cs\/#\/schema\/logo\/image\/","url":"https:\/\/lacortehotel.info\/wp-content\/uploads\/2023\/05\/logo-sito-p-e1683800838815.png","contentUrl":"https:\/\/lacortehotel.info\/wp-content\/uploads\/2023\/05\/logo-sito-p-e1683800838815.png","width":100,"height":94,"caption":"Hotel la Corte"},"image":{"@id":"https:\/\/lacortehotel.info\/cs\/#\/schema\/logo\/image\/"},"sameAs":["https:\/\/www.facebook.com\/pages\/Hotel-La-Corte\/120373951334581","https:\/\/www.instagram.com\/lacortecorrezzola\/"]}]}},"_links":{"self":[{"href":"https:\/\/lacortehotel.info\/cs\/wp-json\/wp\/v2\/pages\/552","targetHints":{"allow":["GET"]}}],"collection":[{"href":"https:\/\/lacortehotel.info\/cs\/wp-json\/wp\/v2\/pages"}],"about":[{"href":"https:\/\/lacortehotel.info\/cs\/wp-json\/wp\/v2\/types\/page"}],"author":[{"embeddable":true,"href":"https:\/\/lacortehotel.info\/cs\/wp-json\/wp\/v2\/users\/1"}],"replies":[{"embeddable":true,"href":"https:\/\/lacortehotel.info\/cs\/wp-json\/wp\/v2\/comments?post=552"}],"version-history":[{"count":1,"href":"https:\/\/lacortehotel.info\/cs\/wp-json\/wp\/v2\/pages\/552\/revisions"}],"predecessor-version":[{"id":557,"href":"https:\/\/lacortehotel.info\/cs\/wp-json\/wp\/v2\/pages\/552\/revisions\/557"}],"wp:attachment":[{"href":"https:\/\/lacortehotel.info\/cs\/wp-json\/wp\/v2\/media?parent=552"}],"curies":[{"name":"wp","href":"https:\/\/api.w.org\/{rel}","templated":true}]}}