{"id":545,"date":"2023-05-12T12:45:32","date_gmt":"2023-05-12T12:45:32","guid":{"rendered":"https:\/\/lacortehotel.info\/contatti\/"},"modified":"2025-04-09T07:19:57","modified_gmt":"2025-04-09T07:19:57","slug":"kontakty","status":"publish","type":"page","link":"https:\/\/lacortehotel.info\/cs\/kontakty\/","title":{"rendered":"Kontakty"},"content":{"rendered":"\n<p><strong>HOTEL LA CORTE<\/strong><\/p>\n\n\n\n<p><strong>andresa<\/strong>: Via Petite For\u00eat, 6 \u2013 35020 Correzzola (PD)<\/p>\n\n\n\n<p>tel:&nbsp;<a href=\"tel:+390495807277\">+39 049 5807277<\/a><br>mail:&nbsp;<a href=\"mailto:lacortehotel@gmail.com\">lacortehotel@gmail.com<\/a><\/p>\n","protected":false},"excerpt":{"rendered":"<p>HOTEL LA CORTE andresa: Via Petite For\u00eat, 6 \u2013 35020 Correzzola (PD) tel:&nbsp;+39 049 5807277mail:&nbsp;lacortehotel@gmail.com<\/p>\n","protected":false},"author":1,"featured_media":0,"parent":0,"menu_order":0,"comment_status":"closed","ping_status":"closed","template":"templates\/dove-siamo.php","meta":{"_acf_changed":false,"inline_featured_image":false,"_joinchat":[],"footnotes":""},"class_list":["post-545","page","type-page","status-publish","hentry"],"acf":[],"yoast_head":"<!-- This site is optimized with the Yoast SEO plugin v27.4 - https:\/\/yoast.com\/product\/yoast-seo-wordpress\/ -->\n<title>Kontakty - La Corte Hotel<\/title>\n<meta name=\"description\" content=\"Kontakty \u00fadaje na\u0161eho ubytov\u00e1n\u00ed:Adresa: Via Petite For\u00eat, 6 \u2013 35020 Correzzola (PD)Telefon: +39 049 5807277E-mail: lacortehotel@gmail.com\" \/>\n<meta name=\"robots\" content=\"index, follow, max-snippet:-1, max-image-preview:large, max-video-preview:-1\" \/>\n<link rel=\"canonical\" href=\"https:\/\/lacortehotel.info\/cs\/kontakty\/\" \/>\n<meta property=\"og:locale\" content=\"cs_CZ\" \/>\n<meta property=\"og:type\" content=\"article\" \/>\n<meta property=\"og:title\" content=\"Kontakty - La Corte Hotel\" \/>\n<meta property=\"og:description\" content=\"Kontakty \u00fadaje na\u0161eho ubytov\u00e1n\u00ed:Adresa: Via Petite For\u00eat, 6 \u2013 35020 Correzzola (PD)Telefon: +39 049 5807277E-mail: lacortehotel@gmail.com\" \/>\n<meta property=\"og:url\" content=\"https:\/\/lacortehotel.info\/cs\/kontakty\/\" \/>\n<meta property=\"og:site_name\" content=\"La Corte Hotel\" \/>\n<meta property=\"article:publisher\" content=\"https:\/\/www.facebook.com\/pages\/Hotel-La-Corte\/120373951334581\" \/>\n<meta property=\"article:modified_time\" content=\"2025-04-09T07:19:57+00:00\" \/>\n<meta property=\"og:image\" content=\"https:\/\/lacortehotel.info\/wp-content\/uploads\/2023\/05\/nuovo-logo-corte.png\" \/>\n\t<meta property=\"og:image:width\" content=\"361\" \/>\n\t<meta property=\"og:image:height\" content=\"371\" \/>\n\t<meta property=\"og:image:type\" content=\"image\/png\" \/>\n<meta name=\"twitter:card\" content=\"summary_large_image\" \/>\n<meta name=\"twitter:label1\" content=\"Odhadovan\u00e1 doba \u010dten\u00ed\" \/>\n\t<meta name=\"twitter:data1\" content=\"1 minuta\" \/>\n<script type=\"application\/ld+json\" class=\"yoast-schema-graph\">{\"@context\":\"https:\\\/\\\/schema.org\",\"@graph\":[{\"@type\":\"WebPage\",\"@id\":\"https:\\\/\\\/lacortehotel.info\\\/cs\\\/kontakty\\\/\",\"url\":\"https:\\\/\\\/lacortehotel.info\\\/cs\\\/kontakty\\\/\",\"name\":\"Kontakty - La Corte Hotel\",\"isPartOf\":{\"@id\":\"https:\\\/\\\/lacortehotel.info\\\/cs\\\/#website\"},\"datePublished\":\"2023-05-12T12:45:32+00:00\",\"dateModified\":\"2025-04-09T07:19:57+00:00\",\"description\":\"Kontakty \u00fadaje na\u0161eho ubytov\u00e1n\u00ed:Adresa: Via Petite For\u00eat, 6 \u2013 35020 Correzzola (PD)Telefon: +39 049 5807277E-mail: lacortehotel@gmail.com\",\"breadcrumb\":{\"@id\":\"https:\\\/\\\/lacortehotel.info\\\/cs\\\/kontakty\\\/#breadcrumb\"},\"inLanguage\":\"cs\",\"potentialAction\":[{\"@type\":\"ReadAction\",\"target\":[\"https:\\\/\\\/lacortehotel.info\\\/cs\\\/kontakty\\\/\"]}]},{\"@type\":\"BreadcrumbList\",\"@id\":\"https:\\\/\\\/lacortehotel.info\\\/cs\\\/kontakty\\\/#breadcrumb\",\"itemListElement\":[{\"@type\":\"ListItem\",\"position\":1,\"name\":\"Home\",\"item\":\"https:\\\/\\\/lacortehotel.info\\\/cs\\\/\"},{\"@type\":\"ListItem\",\"position\":2,\"name\":\"Kontakty\"}]},{\"@type\":\"WebSite\",\"@id\":\"https:\\\/\\\/lacortehotel.info\\\/cs\\\/#website\",\"url\":\"https:\\\/\\\/lacortehotel.info\\\/cs\\\/\",\"name\":\"Hotel La Corte\",\"description\":\"V srdci P\u00e1dsk\u00e9 n\u00ed\u017einy... v\u00e1\u0161 druh\u00fd domov!\",\"publisher\":{\"@id\":\"https:\\\/\\\/lacortehotel.info\\\/cs\\\/#organization\"},\"alternateName\":\"La Corte di Correzzola\",\"potentialAction\":[{\"@type\":\"SearchAction\",\"target\":{\"@type\":\"EntryPoint\",\"urlTemplate\":\"https:\\\/\\\/lacortehotel.info\\\/cs\\\/?s={search_term_string}\"},\"query-input\":{\"@type\":\"PropertyValueSpecification\",\"valueRequired\":true,\"valueName\":\"search_term_string\"}}],\"inLanguage\":\"cs\"},{\"@type\":\"Organization\",\"@id\":\"https:\\\/\\\/lacortehotel.info\\\/cs\\\/#organization\",\"name\":\"Hotel la Corte\",\"url\":\"https:\\\/\\\/lacortehotel.info\\\/cs\\\/\",\"logo\":{\"@type\":\"ImageObject\",\"inLanguage\":\"cs\",\"@id\":\"https:\\\/\\\/lacortehotel.info\\\/cs\\\/#\\\/schema\\\/logo\\\/image\\\/\",\"url\":\"https:\\\/\\\/lacortehotel.info\\\/wp-content\\\/uploads\\\/2023\\\/05\\\/logo-sito-p-e1683800838815.png\",\"contentUrl\":\"https:\\\/\\\/lacortehotel.info\\\/wp-content\\\/uploads\\\/2023\\\/05\\\/logo-sito-p-e1683800838815.png\",\"width\":100,\"height\":94,\"caption\":\"Hotel la Corte\"},\"image\":{\"@id\":\"https:\\\/\\\/lacortehotel.info\\\/cs\\\/#\\\/schema\\\/logo\\\/image\\\/\"},\"sameAs\":[\"https:\\\/\\\/www.facebook.com\\\/pages\\\/Hotel-La-Corte\\\/120373951334581\",\"https:\\\/\\\/www.instagram.com\\\/lacortecorrezzola\\\/\"]}]}<\/script>\n<!-- \/ Yoast SEO plugin. -->","yoast_head_json":{"title":"Kontakty - La Corte Hotel","description":"Kontakty \u00fadaje na\u0161eho ubytov\u00e1n\u00ed:Adresa: Via Petite For\u00eat, 6 \u2013 35020 Correzzola (PD)Telefon: +39 049 5807277E-mail: lacortehotel@gmail.com","robots":{"index":"index","follow":"follow","max-snippet":"max-snippet:-1","max-image-preview":"max-image-preview:large","max-video-preview":"max-video-preview:-1"},"canonical":"https:\/\/lacortehotel.info\/cs\/kontakty\/","og_locale":"cs_CZ","og_type":"article","og_title":"Kontakty - La Corte Hotel","og_description":"Kontakty \u00fadaje na\u0161eho ubytov\u00e1n\u00ed:Adresa: Via Petite For\u00eat, 6 \u2013 35020 Correzzola (PD)Telefon: +39 049 5807277E-mail: lacortehotel@gmail.com","og_url":"https:\/\/lacortehotel.info\/cs\/kontakty\/","og_site_name":"La Corte Hotel","article_publisher":"https:\/\/www.facebook.com\/pages\/Hotel-La-Corte\/120373951334581","article_modified_time":"2025-04-09T07:19:57+00:00","og_image":[{"width":361,"height":371,"url":"https:\/\/lacortehotel.info\/wp-content\/uploads\/2023\/05\/nuovo-logo-corte.png","type":"image\/png"}],"twitter_card":"summary_large_image","twitter_misc":{"Odhadovan\u00e1 doba \u010dten\u00ed":"1 minuta"},"schema":{"@context":"https:\/\/schema.org","@graph":[{"@type":"WebPage","@id":"https:\/\/lacortehotel.info\/cs\/kontakty\/","url":"https:\/\/lacortehotel.info\/cs\/kontakty\/","name":"Kontakty - La Corte Hotel","isPartOf":{"@id":"https:\/\/lacortehotel.info\/cs\/#website"},"datePublished":"2023-05-12T12:45:32+00:00","dateModified":"2025-04-09T07:19:57+00:00","description":"Kontakty \u00fadaje na\u0161eho ubytov\u00e1n\u00ed:Adresa: Via Petite For\u00eat, 6 \u2013 35020 Correzzola (PD)Telefon: +39 049 5807277E-mail: lacortehotel@gmail.com","breadcrumb":{"@id":"https:\/\/lacortehotel.info\/cs\/kontakty\/#breadcrumb"},"inLanguage":"cs","potentialAction":[{"@type":"ReadAction","target":["https:\/\/lacortehotel.info\/cs\/kontakty\/"]}]},{"@type":"BreadcrumbList","@id":"https:\/\/lacortehotel.info\/cs\/kontakty\/#breadcrumb","itemListElement":[{"@type":"ListItem","position":1,"name":"Home","item":"https:\/\/lacortehotel.info\/cs\/"},{"@type":"ListItem","position":2,"name":"Kontakty"}]},{"@type":"WebSite","@id":"https:\/\/lacortehotel.info\/cs\/#website","url":"https:\/\/lacortehotel.info\/cs\/","name":"Hotel La Corte","description":"V srdci P\u00e1dsk\u00e9 n\u00ed\u017einy... v\u00e1\u0161 druh\u00fd domov!","publisher":{"@id":"https:\/\/lacortehotel.info\/cs\/#organization"},"alternateName":"La Corte di Correzzola","potentialAction":[{"@type":"SearchAction","target":{"@type":"EntryPoint","urlTemplate":"https:\/\/lacortehotel.info\/cs\/?s={search_term_string}"},"query-input":{"@type":"PropertyValueSpecification","valueRequired":true,"valueName":"search_term_string"}}],"inLanguage":"cs"},{"@type":"Organization","@id":"https:\/\/lacortehotel.info\/cs\/#organization","name":"Hotel la Corte","url":"https:\/\/lacortehotel.info\/cs\/","logo":{"@type":"ImageObject","inLanguage":"cs","@id":"https:\/\/lacortehotel.info\/cs\/#\/schema\/logo\/image\/","url":"https:\/\/lacortehotel.info\/wp-content\/uploads\/2023\/05\/logo-sito-p-e1683800838815.png","contentUrl":"https:\/\/lacortehotel.info\/wp-content\/uploads\/2023\/05\/logo-sito-p-e1683800838815.png","width":100,"height":94,"caption":"Hotel la Corte"},"image":{"@id":"https:\/\/lacortehotel.info\/cs\/#\/schema\/logo\/image\/"},"sameAs":["https:\/\/www.facebook.com\/pages\/Hotel-La-Corte\/120373951334581","https:\/\/www.instagram.com\/lacortecorrezzola\/"]}]}},"_links":{"self":[{"href":"https:\/\/lacortehotel.info\/cs\/wp-json\/wp\/v2\/pages\/545","targetHints":{"allow":["GET"]}}],"collection":[{"href":"https:\/\/lacortehotel.info\/cs\/wp-json\/wp\/v2\/pages"}],"about":[{"href":"https:\/\/lacortehotel.info\/cs\/wp-json\/wp\/v2\/types\/page"}],"author":[{"embeddable":true,"href":"https:\/\/lacortehotel.info\/cs\/wp-json\/wp\/v2\/users\/1"}],"replies":[{"embeddable":true,"href":"https:\/\/lacortehotel.info\/cs\/wp-json\/wp\/v2\/comments?post=545"}],"version-history":[{"count":3,"href":"https:\/\/lacortehotel.info\/cs\/wp-json\/wp\/v2\/pages\/545\/revisions"}],"predecessor-version":[{"id":780,"href":"https:\/\/lacortehotel.info\/cs\/wp-json\/wp\/v2\/pages\/545\/revisions\/780"}],"wp:attachment":[{"href":"https:\/\/lacortehotel.info\/cs\/wp-json\/wp\/v2\/media?parent=545"}],"curies":[{"name":"wp","href":"https:\/\/api.w.org\/{rel}","templated":true}]}}