{"id":2018,"date":"2025-06-06T07:38:42","date_gmt":"2025-06-06T07:38:42","guid":{"rendered":"https:\/\/lacortehotel.info\/cittadella-un-viaggio-tra-mura-medievali-perfettamente-conservate\/"},"modified":"2025-06-06T08:00:05","modified_gmt":"2025-06-06T08:00:05","slug":"cittadella-cesta-po-dokonale-zachovalych-stredovekych-hradbach","status":"publish","type":"page","link":"https:\/\/lacortehotel.info\/cs\/okoli\/opevnena-mesta\/cittadella-cesta-po-dokonale-zachovalych-stredovekych-hradbach\/","title":{"rendered":"Cittadella: cesta po dokonale zachoval\u00fdch st\u0159edov\u011bk\u00fdch hradb\u00e1ch"},"content":{"rendered":"\n<p>Uprost\u0159ed ben\u00e1tsk\u00e9 n\u00ed\u017einy se nach\u00e1z\u00ed <strong>Cittadella<\/strong>, st\u0159edov\u011bk\u00fd klenot se skv\u011ble zachovalou strukturou, zn\u00e1m\u00fd sv\u00fdmi impozantn\u00edmi <strong><a href=\"https:\/\/muradicittadella.it\/\">obrann\u00fdmi hradbami<\/a><\/strong> a zcela <strong>pr\u016fchoz\u00edm ochozem<\/strong>, co\u017e je <strong>unik\u00e1t v cel\u00e9 Evrop\u011b<\/strong>. M\u011bsto bylo zalo\u017eeno roku 1220 m\u011bstem Padova pro obrann\u00e9 \u00fa\u010dely a dnes je ide\u00e1ln\u00edm c\u00edlem pro ty, kte\u0159\u00ed cht\u011bj\u00ed za\u017e\u00edt atmosf\u00e9ru minulosti \u2013 mezi <strong>historickou architekturou, kulturn\u00edmi akcemi a nezapomenuteln\u00fdmi v\u00fdhledy<\/strong>.<\/p>\n\n\n\n<h3 class=\"wp-block-heading\">Unik\u00e1tn\u00ed obrann\u00fd syst\u00e9m v Evrop\u011b<\/h3>\n\n\n\n<p>To, co \u010din\u00ed Cittadellu opravdu v\u00fdjime\u010dnou, je jej\u00ed <strong>st\u0159edov\u011bk\u00fd syst\u00e9m opevn\u011bn\u00ed<\/strong> dlouh\u00fd p\u0159ibli\u017en\u011b 1 460 metr\u016f, pos\u00edlen\u00fd 32 v\u011b\u017eemi. Ov\u00e1ln\u00e9 hradby maj\u00ed \u010dty\u0159i br\u00e1ny orientovan\u00e9 podle sv\u011btov\u00fdch stran: <strong>Porta Bassano<\/strong>, <strong>Porta Padova<\/strong>, <strong>Porta Vicenza<\/strong> a <strong>Porta Treviso<\/strong>, ka\u017ed\u00e1 se sv\u00fdm padac\u00edm mostem a obrann\u00fdmi prvky.<\/p>\n\n\n\n<p>Hlavn\u00edm l\u00e1kadlem je v\u0161ak <strong>ochoz<\/strong> \u2013 kompletn\u011b obnoven\u00fd a zcela p\u0159\u00edstupn\u00fd n\u00e1v\u0161t\u011bvn\u00edk\u016fm. Z v\u00fd\u0161ky si m\u016f\u017eete vychutnat <strong>panoramatick\u00fd v\u00fdhled 360\u00b0<\/strong> na m\u011bsto a okoln\u00ed venkovskou krajinu \u2013 nezapomenuteln\u00fd z\u00e1\u017eitek pro d\u011bti i dosp\u011bl\u00e9, zvl\u00e1\u0161t\u011b p\u0159i z\u00e1padu slunce.<\/p>\n\n\n\n<h3 class=\"wp-block-heading\">Historick\u00e9 centrum: um\u011bn\u00ed, spiritualita a kultura<\/h3>\n\n\n\n<p>Jakmile vstoup\u00edte do m\u011bsta, Cittadella odhal\u00ed upraven\u00e9 historick\u00e9 centrum pln\u00e9 um\u011bleck\u00fdch a n\u00e1bo\u017eensk\u00fdch pam\u00e1tek:<\/p>\n\n\n\n<ul class=\"wp-block-list\">\n<li><strong>Katedr\u00e1la v Cittadelle<\/strong>, postaven\u00e1 mezi 18. a 19. stolet\u00edm, uchov\u00e1v\u00e1 d\u00edla Jacopa da Ponte a dal\u0161\u00edch ben\u00e1tsk\u00fdch mal\u00ed\u0159\u016f;<\/li>\n\n\n\n<li><strong>Muzeum katedr\u00e1ly<\/strong>, s liturgick\u00fdmi p\u0159edm\u011bty a olt\u00e1\u0159n\u00edmi obrazy;<\/li>\n\n\n\n<li><strong>Palazzo Pretorio<\/strong>, dnes m\u011bstsk\u00e1 knihovna, \u010dasto vyu\u017e\u00edvan\u00fd pro v\u00fdstavy a kulturn\u00ed akce;<\/li>\n\n\n\n<li><strong>Teatro Sociale<\/strong>, pe\u010dliv\u011b zrekonstruovan\u00e9 divadlo z 19. stolet\u00ed s pestr\u00fdm programem.<\/li>\n<\/ul>\n\n\n\n<p>Proch\u00e1zka dl\u00e1\u017ed\u011bn\u00fdmi uli\u010dkami je jako n\u00e1vrat do doby, kdy zdej\u0161\u00ed m\u011bsto vzkv\u00e9talo.<\/p>\n\n\n\n<h3 class=\"wp-block-heading\">Aktivity pro rodiny a d\u011bti<\/h3>\n\n\n\n<p>Cittadella je skv\u011bl\u00fdm m\u00edstem i pro rodiny d\u00edky \u0161irok\u00e9 nab\u00eddce kulturn\u00edch, vzd\u011bl\u00e1vac\u00edch a z\u00e1bavn\u00fdch aktivit:<\/p>\n\n\n\n<ul class=\"wp-block-list\">\n<li><strong>Historick\u00e9 a archeologick\u00e9 workshopy<\/strong> pro d\u011bti o v\u00edkendech;<\/li>\n\n\n\n<li><strong>Prohl\u00eddky s pr\u016fvodci v historick\u00fdch kost\u00fdmech<\/strong>, kter\u00e9 o\u017eivuj\u00ed st\u0159edov\u011bk\u00fd \u017eivot;<\/li>\n\n\n\n<li><strong>Sez\u00f3nn\u00ed akce<\/strong>, jako jsou V\u00e1noce za hradbami, m\u011bstsk\u00fd Palio a \u0159emesln\u00e9 trhy.<\/li>\n<\/ul>\n\n\n\n<p>Turistick\u00e1 infrastruktura je dob\u0159e zaji\u0161t\u011bn\u00e1 \u2013 parkovi\u0161t\u011b, zelen\u00e9 plochy a ob\u010derstven\u00ed jsou promy\u0161len\u011b integrov\u00e1ny do m\u011bstsk\u00e9 struktury.<\/p>\n\n\n\n<h3 class=\"wp-block-heading\">P\u0159\u00edroda a okoln\u00ed v\u00fdlety<\/h3>\n\n\n\n<p>Z\u00e1jemci o del\u0161\u00ed pobyt mohou vyu\u017e\u00edt <strong><a href=\"https:\/\/lacortehotel.info\/cs\/okoli\/na-kole-correzzolou\/\">cyklostezk<\/a>y<\/strong>, kter\u00e9 vedou z Cittadelly a umo\u017e\u0148uj\u00ed poznat ben\u00e1tsk\u00fd venkov. Zvl\u00e1\u0161t\u011b doporu\u010dujeme trasu vedouc\u00ed do <strong>Castelfranco Veneto<\/strong> a dal\u0161\u00edch opevn\u011bn\u00fdch m\u011bst v okol\u00ed.<\/p>\n\n\n\n<p>Alternativn\u011b lze nav\u0161t\u00edvit bl\u00edzk\u00e9 vesnice, obdivovat <strong>venetsk\u00e9 vily<\/strong> rozeset\u00e9 po krajin\u011b nebo si u\u017e\u00edt <strong>v\u00fdlet po \u0159ece Brenta<\/strong>, kter\u00e1 prot\u00e9k\u00e1 t\u011bmito \u00farodn\u00fdmi a historicky bohat\u00fdmi oblastmi.<\/p>\n\n\n\n<h3 class=\"wp-block-heading\">Kde se naj\u00edst v Cittadelle<\/h3>\n\n\n\n<p>M\u00edstn\u00ed kuchyn\u011b je zalo\u017eena na ben\u00e1tsk\u00e9 tradici \u2013 autentick\u00e1, chutn\u00e1 a nezapomenuteln\u00e1:<\/p>\n\n\n\n<ul class=\"wp-block-list\">\n<li><strong>Bigoli s kachn\u00ed om\u00e1\u010dkou<\/strong>, dom\u00e1c\u00ed t\u011bstoviny s v\u00fdraznou chut\u00ed;<\/li>\n\n\n\n<li><strong>Baccal\u00e0 alla vicentina<\/strong>, treska s polentou;<\/li>\n\n\n\n<li><strong>Rizoto s ch\u0159estem z Bassana<\/strong>, jemn\u00e9 a sez\u00f3nn\u00ed;<\/li>\n\n\n\n<li><strong>V\u00edna s ozna\u010den\u00edm DOC<\/strong> z Eugansk\u00fdch a Bericijsk\u00fdch vrch\u016f, dostupn\u00e1 v m\u00edstn\u00edch vinot\u00e9k\u00e1ch.<\/li>\n<\/ul>\n\n\n\n<p>Trattorie, mal\u00e9 restaurace a okoln\u00ed agroturistiky nab\u00edzej\u00ed opravdov\u00e9 gastronomick\u00e9 z\u00e1\u017eitky.<\/p>\n\n\n\n<h3 class=\"wp-block-heading\">Jak se dostat do Cittadelly z hotelu La Corte<\/h3>\n\n\n\n<p>Cittadella je vzd\u00e1lena p\u0159ibli\u017en\u011b <strong>40 minut j\u00edzdy autem<\/strong> od <a href=\"https:\/\/lacortehotel.info\/cs\/kontakty\/\">hotelu La Corte<\/a>. Snadno se sem dostanete tak\u00e9 vlakem \u2013 z Piove di Sacco p\u0159es Padovu s p\u0159estupem na linku Padova\u2013Bassano del Grappa.<\/p>\n\n\n\n<p>Ide\u00e1ln\u00ed jako <strong>jednodenn\u00ed v\u00fdlet<\/strong> po stop\u00e1ch opevn\u011bn\u00fdch m\u011bst v okol\u00ed Padovy.<\/p>\n","protected":false},"excerpt":{"rendered":"<p>Uprost\u0159ed ben\u00e1tsk\u00e9 n\u00ed\u017einy se nach\u00e1z\u00ed Cittadella, st\u0159edov\u011bk\u00fd klenot se skv\u011ble zachovalou strukturou, zn\u00e1m\u00fd sv\u00fdmi impozantn\u00edmi obrann\u00fdmi hradbami a zcela pr\u016fchoz\u00edm ochozem, co\u017e je unik\u00e1t v cel\u00e9 Evrop\u011b. M\u011bsto bylo zalo\u017eeno roku 1220 m\u011bstem Padova pro obrann\u00e9 \u00fa\u010dely a dnes je ide\u00e1ln\u00edm c\u00edlem pro ty, kte\u0159\u00ed cht\u011bj\u00ed za\u017e\u00edt atmosf\u00e9ru minulosti \u2013 mezi historickou architekturou, kulturn\u00edmi akcemi [&hellip;]<\/p>\n","protected":false},"author":2,"featured_media":2013,"parent":608,"menu_order":0,"comment_status":"closed","ping_status":"closed","template":"templates\/lista-figlio.php","meta":{"_acf_changed":false,"inline_featured_image":false,"_joinchat":[],"footnotes":""},"class_list":["post-2018","page","type-page","status-publish","has-post-thumbnail","hentry"],"acf":[],"yoast_head":"<!-- This site is optimized with the Yoast SEO plugin v26.7 - https:\/\/yoast.com\/wordpress\/plugins\/seo\/ -->\n<title>Cittadella: cesta po dokonale zachoval\u00fdch st\u0159edov\u011bk\u00fdch hradb\u00e1ch - La Corte Hotel<\/title>\n<meta name=\"description\" content=\"Objevte Cittadella, jedin\u00e9 m\u011bsto v Evrop\u011b s kompletn\u00edm p\u0159\u00edstupn\u00fdm ochozem. Historie, um\u011bn\u00ed a dechberouc\u00ed v\u00fdhledy v srdci It\u00e1lie.\" \/>\n<meta name=\"robots\" content=\"index, follow, max-snippet:-1, max-image-preview:large, max-video-preview:-1\" \/>\n<link rel=\"canonical\" href=\"https:\/\/lacortehotel.info\/cs\/okoli\/opevnena-mesta\/cittadella-cesta-po-dokonale-zachovalych-stredovekych-hradbach\/\" \/>\n<meta property=\"og:locale\" content=\"cs_CZ\" \/>\n<meta property=\"og:type\" content=\"article\" \/>\n<meta property=\"og:title\" content=\"Cittadella: cesta po dokonale zachoval\u00fdch st\u0159edov\u011bk\u00fdch hradb\u00e1ch - La Corte Hotel\" \/>\n<meta property=\"og:description\" content=\"Objevte Cittadella, jedin\u00e9 m\u011bsto v Evrop\u011b s kompletn\u00edm p\u0159\u00edstupn\u00fdm ochozem. Historie, um\u011bn\u00ed a dechberouc\u00ed v\u00fdhledy v srdci It\u00e1lie.\" \/>\n<meta property=\"og:url\" content=\"https:\/\/lacortehotel.info\/cs\/okoli\/opevnena-mesta\/cittadella-cesta-po-dokonale-zachovalych-stredovekych-hradbach\/\" \/>\n<meta property=\"og:site_name\" content=\"La Corte Hotel\" \/>\n<meta property=\"article:publisher\" content=\"https:\/\/www.facebook.com\/pages\/Hotel-La-Corte\/120373951334581\" \/>\n<meta property=\"article:modified_time\" content=\"2025-06-06T08:00:05+00:00\" \/>\n<meta property=\"og:image\" content=\"https:\/\/lacortehotel.info\/wp-content\/uploads\/2025\/06\/Cittadella.webp\" \/>\n\t<meta property=\"og:image:width\" content=\"1920\" \/>\n\t<meta property=\"og:image:height\" content=\"840\" \/>\n\t<meta property=\"og:image:type\" content=\"image\/webp\" \/>\n<meta name=\"twitter:card\" content=\"summary_large_image\" \/>\n<meta name=\"twitter:label1\" content=\"Odhadovan\u00e1 doba \u010dten\u00ed\" \/>\n\t<meta name=\"twitter:data1\" content=\"3 minuty\" \/>\n<script type=\"application\/ld+json\" class=\"yoast-schema-graph\">{\"@context\":\"https:\/\/schema.org\",\"@graph\":[{\"@type\":\"WebPage\",\"@id\":\"https:\/\/lacortehotel.info\/cs\/okoli\/opevnena-mesta\/cittadella-cesta-po-dokonale-zachovalych-stredovekych-hradbach\/\",\"url\":\"https:\/\/lacortehotel.info\/cs\/okoli\/opevnena-mesta\/cittadella-cesta-po-dokonale-zachovalych-stredovekych-hradbach\/\",\"name\":\"Cittadella: cesta po dokonale zachoval\u00fdch st\u0159edov\u011bk\u00fdch hradb\u00e1ch - La Corte Hotel\",\"isPartOf\":{\"@id\":\"https:\/\/lacortehotel.info\/cs\/#website\"},\"primaryImageOfPage\":{\"@id\":\"https:\/\/lacortehotel.info\/cs\/okoli\/opevnena-mesta\/cittadella-cesta-po-dokonale-zachovalych-stredovekych-hradbach\/#primaryimage\"},\"image\":{\"@id\":\"https:\/\/lacortehotel.info\/cs\/okoli\/opevnena-mesta\/cittadella-cesta-po-dokonale-zachovalych-stredovekych-hradbach\/#primaryimage\"},\"thumbnailUrl\":\"https:\/\/lacortehotel.info\/wp-content\/uploads\/2025\/06\/Cittadella.webp\",\"datePublished\":\"2025-06-06T07:38:42+00:00\",\"dateModified\":\"2025-06-06T08:00:05+00:00\",\"description\":\"Objevte Cittadella, jedin\u00e9 m\u011bsto v Evrop\u011b s kompletn\u00edm p\u0159\u00edstupn\u00fdm ochozem. Historie, um\u011bn\u00ed a dechberouc\u00ed v\u00fdhledy v srdci It\u00e1lie.\",\"breadcrumb\":{\"@id\":\"https:\/\/lacortehotel.info\/cs\/okoli\/opevnena-mesta\/cittadella-cesta-po-dokonale-zachovalych-stredovekych-hradbach\/#breadcrumb\"},\"inLanguage\":\"cs\",\"potentialAction\":[{\"@type\":\"ReadAction\",\"target\":[\"https:\/\/lacortehotel.info\/cs\/okoli\/opevnena-mesta\/cittadella-cesta-po-dokonale-zachovalych-stredovekych-hradbach\/\"]}]},{\"@type\":\"ImageObject\",\"inLanguage\":\"cs\",\"@id\":\"https:\/\/lacortehotel.info\/cs\/okoli\/opevnena-mesta\/cittadella-cesta-po-dokonale-zachovalych-stredovekych-hradbach\/#primaryimage\",\"url\":\"https:\/\/lacortehotel.info\/wp-content\/uploads\/2025\/06\/Cittadella.webp\",\"contentUrl\":\"https:\/\/lacortehotel.info\/wp-content\/uploads\/2025\/06\/Cittadella.webp\",\"width\":1920,\"height\":840,\"caption\":\"Cittadella\"},{\"@type\":\"BreadcrumbList\",\"@id\":\"https:\/\/lacortehotel.info\/cs\/okoli\/opevnena-mesta\/cittadella-cesta-po-dokonale-zachovalych-stredovekych-hradbach\/#breadcrumb\",\"itemListElement\":[{\"@type\":\"ListItem\",\"position\":1,\"name\":\"Home\",\"item\":\"https:\/\/lacortehotel.info\/cs\/\"},{\"@type\":\"ListItem\",\"position\":2,\"name\":\"Okol\u00ed\",\"item\":\"https:\/\/lacortehotel.info\/cs\/okoli\/\"},{\"@type\":\"ListItem\",\"position\":3,\"name\":\"Opevn\u011bn\u00e1 m\u011bsta\",\"item\":\"https:\/\/lacortehotel.info\/cs\/okoli\/opevnena-mesta\/\"},{\"@type\":\"ListItem\",\"position\":4,\"name\":\"Cittadella: cesta po dokonale zachoval\u00fdch st\u0159edov\u011bk\u00fdch hradb\u00e1ch\"}]},{\"@type\":\"WebSite\",\"@id\":\"https:\/\/lacortehotel.info\/cs\/#website\",\"url\":\"https:\/\/lacortehotel.info\/cs\/\",\"name\":\"Hotel La Corte\",\"description\":\"V srdci P\u00e1dsk\u00e9 n\u00ed\u017einy... v\u00e1\u0161 druh\u00fd domov!\",\"publisher\":{\"@id\":\"https:\/\/lacortehotel.info\/cs\/#organization\"},\"alternateName\":\"La Corte di Correzzola\",\"potentialAction\":[{\"@type\":\"SearchAction\",\"target\":{\"@type\":\"EntryPoint\",\"urlTemplate\":\"https:\/\/lacortehotel.info\/cs\/?s={search_term_string}\"},\"query-input\":{\"@type\":\"PropertyValueSpecification\",\"valueRequired\":true,\"valueName\":\"search_term_string\"}}],\"inLanguage\":\"cs\"},{\"@type\":\"Organization\",\"@id\":\"https:\/\/lacortehotel.info\/cs\/#organization\",\"name\":\"Hotel la Corte\",\"url\":\"https:\/\/lacortehotel.info\/cs\/\",\"logo\":{\"@type\":\"ImageObject\",\"inLanguage\":\"cs\",\"@id\":\"https:\/\/lacortehotel.info\/cs\/#\/schema\/logo\/image\/\",\"url\":\"https:\/\/lacortehotel.info\/wp-content\/uploads\/2023\/05\/logo-sito-p-e1683800838815.png\",\"contentUrl\":\"https:\/\/lacortehotel.info\/wp-content\/uploads\/2023\/05\/logo-sito-p-e1683800838815.png\",\"width\":100,\"height\":94,\"caption\":\"Hotel la Corte\"},\"image\":{\"@id\":\"https:\/\/lacortehotel.info\/cs\/#\/schema\/logo\/image\/\"},\"sameAs\":[\"https:\/\/www.facebook.com\/pages\/Hotel-La-Corte\/120373951334581\",\"https:\/\/www.instagram.com\/lacortecorrezzola\/\"]}]}<\/script>\n<!-- \/ Yoast SEO plugin. -->","yoast_head_json":{"title":"Cittadella: cesta po dokonale zachoval\u00fdch st\u0159edov\u011bk\u00fdch hradb\u00e1ch - La Corte Hotel","description":"Objevte Cittadella, jedin\u00e9 m\u011bsto v Evrop\u011b s kompletn\u00edm p\u0159\u00edstupn\u00fdm ochozem. Historie, um\u011bn\u00ed a dechberouc\u00ed v\u00fdhledy v srdci It\u00e1lie.","robots":{"index":"index","follow":"follow","max-snippet":"max-snippet:-1","max-image-preview":"max-image-preview:large","max-video-preview":"max-video-preview:-1"},"canonical":"https:\/\/lacortehotel.info\/cs\/okoli\/opevnena-mesta\/cittadella-cesta-po-dokonale-zachovalych-stredovekych-hradbach\/","og_locale":"cs_CZ","og_type":"article","og_title":"Cittadella: cesta po dokonale zachoval\u00fdch st\u0159edov\u011bk\u00fdch hradb\u00e1ch - La Corte Hotel","og_description":"Objevte Cittadella, jedin\u00e9 m\u011bsto v Evrop\u011b s kompletn\u00edm p\u0159\u00edstupn\u00fdm ochozem. Historie, um\u011bn\u00ed a dechberouc\u00ed v\u00fdhledy v srdci It\u00e1lie.","og_url":"https:\/\/lacortehotel.info\/cs\/okoli\/opevnena-mesta\/cittadella-cesta-po-dokonale-zachovalych-stredovekych-hradbach\/","og_site_name":"La Corte Hotel","article_publisher":"https:\/\/www.facebook.com\/pages\/Hotel-La-Corte\/120373951334581","article_modified_time":"2025-06-06T08:00:05+00:00","og_image":[{"width":1920,"height":840,"url":"https:\/\/lacortehotel.info\/wp-content\/uploads\/2025\/06\/Cittadella.webp","type":"image\/webp"}],"twitter_card":"summary_large_image","twitter_misc":{"Odhadovan\u00e1 doba \u010dten\u00ed":"3 minuty"},"schema":{"@context":"https:\/\/schema.org","@graph":[{"@type":"WebPage","@id":"https:\/\/lacortehotel.info\/cs\/okoli\/opevnena-mesta\/cittadella-cesta-po-dokonale-zachovalych-stredovekych-hradbach\/","url":"https:\/\/lacortehotel.info\/cs\/okoli\/opevnena-mesta\/cittadella-cesta-po-dokonale-zachovalych-stredovekych-hradbach\/","name":"Cittadella: cesta po dokonale zachoval\u00fdch st\u0159edov\u011bk\u00fdch hradb\u00e1ch - La Corte Hotel","isPartOf":{"@id":"https:\/\/lacortehotel.info\/cs\/#website"},"primaryImageOfPage":{"@id":"https:\/\/lacortehotel.info\/cs\/okoli\/opevnena-mesta\/cittadella-cesta-po-dokonale-zachovalych-stredovekych-hradbach\/#primaryimage"},"image":{"@id":"https:\/\/lacortehotel.info\/cs\/okoli\/opevnena-mesta\/cittadella-cesta-po-dokonale-zachovalych-stredovekych-hradbach\/#primaryimage"},"thumbnailUrl":"https:\/\/lacortehotel.info\/wp-content\/uploads\/2025\/06\/Cittadella.webp","datePublished":"2025-06-06T07:38:42+00:00","dateModified":"2025-06-06T08:00:05+00:00","description":"Objevte Cittadella, jedin\u00e9 m\u011bsto v Evrop\u011b s kompletn\u00edm p\u0159\u00edstupn\u00fdm ochozem. Historie, um\u011bn\u00ed a dechberouc\u00ed v\u00fdhledy v srdci It\u00e1lie.","breadcrumb":{"@id":"https:\/\/lacortehotel.info\/cs\/okoli\/opevnena-mesta\/cittadella-cesta-po-dokonale-zachovalych-stredovekych-hradbach\/#breadcrumb"},"inLanguage":"cs","potentialAction":[{"@type":"ReadAction","target":["https:\/\/lacortehotel.info\/cs\/okoli\/opevnena-mesta\/cittadella-cesta-po-dokonale-zachovalych-stredovekych-hradbach\/"]}]},{"@type":"ImageObject","inLanguage":"cs","@id":"https:\/\/lacortehotel.info\/cs\/okoli\/opevnena-mesta\/cittadella-cesta-po-dokonale-zachovalych-stredovekych-hradbach\/#primaryimage","url":"https:\/\/lacortehotel.info\/wp-content\/uploads\/2025\/06\/Cittadella.webp","contentUrl":"https:\/\/lacortehotel.info\/wp-content\/uploads\/2025\/06\/Cittadella.webp","width":1920,"height":840,"caption":"Cittadella"},{"@type":"BreadcrumbList","@id":"https:\/\/lacortehotel.info\/cs\/okoli\/opevnena-mesta\/cittadella-cesta-po-dokonale-zachovalych-stredovekych-hradbach\/#breadcrumb","itemListElement":[{"@type":"ListItem","position":1,"name":"Home","item":"https:\/\/lacortehotel.info\/cs\/"},{"@type":"ListItem","position":2,"name":"Okol\u00ed","item":"https:\/\/lacortehotel.info\/cs\/okoli\/"},{"@type":"ListItem","position":3,"name":"Opevn\u011bn\u00e1 m\u011bsta","item":"https:\/\/lacortehotel.info\/cs\/okoli\/opevnena-mesta\/"},{"@type":"ListItem","position":4,"name":"Cittadella: cesta po dokonale zachoval\u00fdch st\u0159edov\u011bk\u00fdch hradb\u00e1ch"}]},{"@type":"WebSite","@id":"https:\/\/lacortehotel.info\/cs\/#website","url":"https:\/\/lacortehotel.info\/cs\/","name":"Hotel La Corte","description":"V srdci P\u00e1dsk\u00e9 n\u00ed\u017einy... v\u00e1\u0161 druh\u00fd domov!","publisher":{"@id":"https:\/\/lacortehotel.info\/cs\/#organization"},"alternateName":"La Corte di Correzzola","potentialAction":[{"@type":"SearchAction","target":{"@type":"EntryPoint","urlTemplate":"https:\/\/lacortehotel.info\/cs\/?s={search_term_string}"},"query-input":{"@type":"PropertyValueSpecification","valueRequired":true,"valueName":"search_term_string"}}],"inLanguage":"cs"},{"@type":"Organization","@id":"https:\/\/lacortehotel.info\/cs\/#organization","name":"Hotel la Corte","url":"https:\/\/lacortehotel.info\/cs\/","logo":{"@type":"ImageObject","inLanguage":"cs","@id":"https:\/\/lacortehotel.info\/cs\/#\/schema\/logo\/image\/","url":"https:\/\/lacortehotel.info\/wp-content\/uploads\/2023\/05\/logo-sito-p-e1683800838815.png","contentUrl":"https:\/\/lacortehotel.info\/wp-content\/uploads\/2023\/05\/logo-sito-p-e1683800838815.png","width":100,"height":94,"caption":"Hotel la Corte"},"image":{"@id":"https:\/\/lacortehotel.info\/cs\/#\/schema\/logo\/image\/"},"sameAs":["https:\/\/www.facebook.com\/pages\/Hotel-La-Corte\/120373951334581","https:\/\/www.instagram.com\/lacortecorrezzola\/"]}]}},"_links":{"self":[{"href":"https:\/\/lacortehotel.info\/cs\/wp-json\/wp\/v2\/pages\/2018","targetHints":{"allow":["GET"]}}],"collection":[{"href":"https:\/\/lacortehotel.info\/cs\/wp-json\/wp\/v2\/pages"}],"about":[{"href":"https:\/\/lacortehotel.info\/cs\/wp-json\/wp\/v2\/types\/page"}],"author":[{"embeddable":true,"href":"https:\/\/lacortehotel.info\/cs\/wp-json\/wp\/v2\/users\/2"}],"replies":[{"embeddable":true,"href":"https:\/\/lacortehotel.info\/cs\/wp-json\/wp\/v2\/comments?post=2018"}],"version-history":[{"count":2,"href":"https:\/\/lacortehotel.info\/cs\/wp-json\/wp\/v2\/pages\/2018\/revisions"}],"predecessor-version":[{"id":2029,"href":"https:\/\/lacortehotel.info\/cs\/wp-json\/wp\/v2\/pages\/2018\/revisions\/2029"}],"up":[{"embeddable":true,"href":"https:\/\/lacortehotel.info\/cs\/wp-json\/wp\/v2\/pages\/608"}],"wp:featuredmedia":[{"embeddable":true,"href":"https:\/\/lacortehotel.info\/cs\/wp-json\/wp\/v2\/media\/2013"}],"wp:attachment":[{"href":"https:\/\/lacortehotel.info\/cs\/wp-json\/wp\/v2\/media?parent=2018"}],"curies":[{"name":"wp","href":"https:\/\/api.w.org\/{rel}","templated":true}]}}