{"id":2002,"date":"2025-06-05T13:43:30","date_gmt":"2025-06-05T13:43:30","guid":{"rendered":"https:\/\/lacortehotel.info\/okoli\/vicenza-a-verona\/verona-citta-dellamore-e-della-grande-bellezza-italiana\/"},"modified":"2025-06-06T07:22:20","modified_gmt":"2025-06-06T07:22:20","slug":"verona-mesto-lasky-a-nadcasove-italske-krasy","status":"publish","type":"page","link":"https:\/\/lacortehotel.info\/cs\/okoli\/vicenza-a-verona\/verona-mesto-lasky-a-nadcasove-italske-krasy\/","title":{"rendered":"Verona, m\u011bsto l\u00e1sky a nad\u010dasov\u00e9 italsk\u00e9 kr\u00e1sy"},"content":{"rendered":"\n<p><strong>Verona<\/strong> je jedn\u00edm z nejobl\u00edben\u011bj\u0161\u00edch italsk\u00fdch m\u011bst na sv\u011bt\u011b, proslul\u00e1 nejen jako d\u011bji\u0161t\u011b p\u0159\u00edb\u011bhu <strong>Romea a Julie<\/strong> od Shakespeara, ale tak\u00e9 svou mimo\u0159\u00e1dnou architekturou, kulturou a krajinou. Le\u017e\u00ed mezi Mil\u00e1nem a Ben\u00e1tkami, na b\u0159ehu \u0159eky <strong>Adige<\/strong>, a p\u0159edstavuje k\u0159i\u017eovatku \u0159\u00edmsk\u00e9 historie, st\u0159edov\u011bk\u00e9ho um\u011bn\u00ed, liter\u00e1rn\u00ed romantiky a gastronomick\u00e9 tradice.<\/p>\n\n\n\n<p>N\u00e1v\u0161t\u011bva Verony je siln\u00fdm z\u00e1\u017eitkem: od <strong>symbolick\u00fdch m\u00edst l\u00e1sky<\/strong> po majest\u00e1tn\u00ed <strong><a href=\"https:\/\/www.arena.it\/en\/\">Arenu<\/a><\/strong>, od historick\u00fdch n\u00e1m\u011bst\u00ed po vinice a kopce. M\u011bsto okouzl\u00ed p\u00e1ry, rodiny, skupiny i samostatn\u00e9 cestovatele.<\/p>\n\n\n\n<h3 class=\"wp-block-heading\">M\u00edsta Romea a Julie<\/h3>\n\n\n\n<p>Verona je celosv\u011btov\u011b zn\u00e1m\u00e1 d\u00edky p\u0159\u00edb\u011bhu nejslavn\u011bj\u0161\u00edch milenc\u016f literatury:<\/p>\n\n\n\n<ul class=\"wp-block-list\">\n<li><strong>D\u016fm Julie<\/strong>: se slavn\u00fdm balkonem a bronzovou sochou na n\u00e1dvo\u0159\u00ed;<\/li>\n\n\n\n<li><strong>Hrobka Julie<\/strong>: um\u00edst\u011bn\u00e1 v b\u00fdval\u00e9m kl\u00e1\u0161te\u0159e s melancholickou a tajemnou atmosf\u00e9rou;<\/li>\n\n\n\n<li><strong>D\u016fm Romea<\/strong>: st\u0159edov\u011bk\u00e1 stavba v klidn\u00e9 uli\u010dce historick\u00e9ho centra.<\/li>\n<\/ul>\n\n\n\n<p>Tato m\u00edsta jsou povinnou zast\u00e1vkou pro ka\u017ed\u00e9ho, kdo chce nas\u00e1t kouzlo <strong>nejzn\u00e1m\u011bj\u0161\u00edho milostn\u00e9ho p\u0159\u00edb\u011bhu v\u0161ech dob<\/strong>.<\/p>\n\n\n\n<h3 class=\"wp-block-heading\">Arena a \u0159\u00edmsk\u00e9 d\u011bdictv\u00ed<\/h3>\n\n\n\n<p>Nejzn\u00e1m\u011bj\u0161\u00edm pam\u00e1tn\u00edkem Verony je <strong>Arena<\/strong>, monument\u00e1ln\u00ed \u0159\u00edmsk\u00fd amfite\u00e1tr z 1. stolet\u00ed n. l., hned po Koloseu druh\u00fd nejv\u011bt\u0161\u00ed v It\u00e1lii:<\/p>\n\n\n\n<ul class=\"wp-block-list\">\n<li>Ka\u017ed\u00e9 l\u00e9to se zde kon\u00e1 slavn\u00fd <strong>open-air opern\u00ed festival<\/strong>;<\/li>\n\n\n\n<li>Prob\u00edhaj\u00ed zde koncerty, sv\u011btov\u00e1 p\u0159edstaven\u00ed a v\u00fdznamn\u00e9 kulturn\u00ed akce;<\/li>\n\n\n\n<li>N\u00e1v\u0161t\u011bva je jako <strong>cesta zp\u011bt do doby p\u0159ed dv\u011bma tis\u00edci lety<\/strong>.<\/li>\n<\/ul>\n\n\n\n<p>Mezi dal\u0161\u00ed \u0159\u00edmsk\u00e9 pam\u00e1tky pat\u0159\u00ed <strong>\u0159\u00edmsk\u00e9 divadlo<\/strong>, <strong>most Ponte Pietra<\/strong>, <strong>br\u00e1na Porta Borsari<\/strong> a <strong>oblouk Arco dei Gavi<\/strong>, v\u0161echny kr\u00e1sn\u011b za\u010dlen\u011bn\u00e9 do m\u011bstsk\u00e9 struktury.<\/p>\n\n\n\n<h3 class=\"wp-block-heading\">N\u00e1m\u011bst\u00ed a historick\u00e9 centrum<\/h3>\n\n\n\n<p>Historick\u00e9 centrum Verony, <strong>zapsan\u00e9 na seznamu UNESCO<\/strong>, je harmonickou sm\u011bs\u00ed r\u016fzn\u00fdch epoch a architektonick\u00fdch styl\u016f:<\/p>\n\n\n\n<ul class=\"wp-block-list\">\n<li><strong>Piazza delle Erbe<\/strong>, \u017eiv\u00e9 centrum m\u011bsta s font\u00e1nou, tr\u017ei\u0161t\u011bm a freskovan\u00fdmi domy;<\/li>\n\n\n\n<li><strong>Piazza dei Signori<\/strong>, elegantn\u00ed a klidn\u00e9 n\u00e1m\u011bst\u00ed obklopen\u00e9 st\u0159edov\u011bk\u00fdmi a renesan\u010dn\u00edmi stavbami;<\/li>\n\n\n\n<li><strong>Torre dei Lamberti<\/strong>, s panoramatick\u00fdm v\u00fdhledem na cel\u00e9 m\u011bsto;<\/li>\n\n\n\n<li><strong>Via Mazzini<\/strong>, hlavn\u00ed n\u00e1kupn\u00ed t\u0159\u00edda s butiky a historick\u00fdmi kav\u00e1rnami.<\/li>\n<\/ul>\n\n\n\n<p>Ka\u017ed\u00fd kout centra vypr\u00e1v\u00ed p\u0159\u00edb\u011bh \u2013 ka\u017ed\u00e9 z\u00e1kout\u00ed je jako z pohlednice.<\/p>\n\n\n\n<h3 class=\"wp-block-heading\">Kostely a sakr\u00e1ln\u00ed um\u011bn\u00ed<\/h3>\n\n\n\n<p>Verona je tak\u00e9 m\u011bsto duchovna a n\u00e1bo\u017eensk\u00e9ho um\u011bn\u00ed:<\/p>\n\n\n\n<ul class=\"wp-block-list\">\n<li><strong>Bazilika San Zeno Maggiore<\/strong>, jedno z mistrovsk\u00fdch d\u011bl italsk\u00e9 rom\u00e1nsk\u00e9 architektury;<\/li>\n\n\n\n<li><strong>Veronsk\u00e1 katedr\u00e1la<\/strong>, s renesan\u010dn\u00edmi freskami a um\u011bleck\u00fdmi d\u00edly;<\/li>\n\n\n\n<li><strong>Bazilika Santa Anastasia<\/strong>, bohat\u011b zdoben\u00e1 gotick\u00fdmi prvky a symboly;<\/li>\n\n\n\n<li><strong>Kostel San Fermo<\/strong>, se svou fascinuj\u00edc\u00ed dvoupatrovou strukturou.<\/li>\n<\/ul>\n\n\n\n<p>Ka\u017ed\u00fd kostel je <strong>cestou architekturou, v\u00edrou a um\u011bn\u00edm<\/strong>.<\/p>\n\n\n\n<h3 class=\"wp-block-heading\">Kopce, v\u00edno a chut\u011b<\/h3>\n\n\n\n<p>Okol\u00ed Verony tvo\u0159\u00ed kopce a vinice, kter\u00e9 nab\u00edzej\u00ed nejen poh\u00e1dkov\u00e9 v\u00fdhledy, ale tak\u00e9 produkty nejvy\u0161\u0161\u00ed kvality:<\/p>\n\n\n\n<ul class=\"wp-block-list\">\n<li>Oblast <strong>Valpolicella<\/strong>, domov v\u00edn Amarone a Ripasso, s mo\u017enost\u00ed n\u00e1v\u0161t\u011bvy vina\u0159stv\u00ed;<\/li>\n\n\n\n<li><strong>Gardsk\u00e9 jezero<\/strong>, jen p\u00e1r kilometr\u016f daleko, s pl\u00e1\u017eemi, vesni\u010dkami a mo\u017enostmi venkovn\u00edch aktivit;<\/li>\n\n\n\n<li><strong>Veronsk\u00e9 hosp\u016fdky<\/strong>, kde ochutn\u00e1te j\u00eddla jako pastissada de caval, rizota a va\u0159en\u00e9 maso s om\u00e1\u010dkou pear\u00e0;<\/li>\n\n\n\n<li><strong>Trhy a vinot\u00e9ky<\/strong>, ide\u00e1ln\u00ed pro n\u00e1kup m\u00edstn\u00edch specialit.<\/li>\n<\/ul>\n\n\n\n<p>Spojen\u00ed p\u0159\u00edrody, kultury a gastronomie je zde velmi \u017eiv\u00e9 a autentick\u00e9.<\/p>\n\n\n\n<h3 class=\"wp-block-heading\">Muzea a kultura<\/h3>\n\n\n\n<p>Verona m\u00e1 bohatou a pestrou kulturn\u00ed nab\u00eddku:<\/p>\n\n\n\n<ul class=\"wp-block-list\">\n<li><strong>Muzeum Castelvecchio<\/strong>, se sb\u00edrkami od st\u0159edov\u011bku po renesanci;<\/li>\n\n\n\n<li><strong>Galerie modern\u00edho um\u011bn\u00ed Achille Forti<\/strong>, v sam\u00e9m srdci m\u011bsta;<\/li>\n\n\n\n<li><strong>Archeologick\u00e9 muzeum u \u0159\u00edmsk\u00e9ho divadla<\/strong>;<\/li>\n\n\n\n<li><strong>Hudebn\u00ed, divadeln\u00ed a filmov\u00e9 festivaly<\/strong>, rozprost\u0159en\u00e9 do cel\u00e9ho roku.<\/li>\n<\/ul>\n\n\n\n<p>Kulturn\u00ed nab\u00eddka je rozmanit\u00e1 a oslovuje ka\u017ed\u00e9ho n\u00e1v\u0161t\u011bvn\u00edka.<\/p>\n\n\n\n<h3 class=\"wp-block-heading\">Jak se dostat do Verony z Hotelu La Corte<\/h3>\n\n\n\n<p>Verona je vzd\u00e1lena p\u0159ibli\u017en\u011b <strong>1 hodinu a 10 minut j\u00edzdy autem<\/strong> od <a href=\"https:\/\/lacortehotel.info\/cs\/kontakty\/\">na\u0161eho hotelu<\/a>. Snadno se tam dostanete tak\u00e9 vlakem \u2013 odjezd ze stanice Piove di Sacco s p\u0159estupem v Padov\u011b.<\/p>\n\n\n\n<p>Je ide\u00e1ln\u00ed jako <strong>jednodenn\u00ed v\u00fdlet<\/strong> nebo romantick\u00e1 zast\u00e1vka b\u011bhem cesty <strong>Ben\u00e1tskem a k Gardsk\u00e9mu jezeru<\/strong>.<\/p>\n","protected":false},"excerpt":{"rendered":"<p>Verona je jedn\u00edm z nejobl\u00edben\u011bj\u0161\u00edch italsk\u00fdch m\u011bst na sv\u011bt\u011b, proslul\u00e1 nejen jako d\u011bji\u0161t\u011b p\u0159\u00edb\u011bhu Romea a Julie od Shakespeara, ale tak\u00e9 svou mimo\u0159\u00e1dnou architekturou, kulturou a krajinou. Le\u017e\u00ed mezi Mil\u00e1nem a Ben\u00e1tkami, na b\u0159ehu \u0159eky Adige, a p\u0159edstavuje k\u0159i\u017eovatku \u0159\u00edmsk\u00e9 historie, st\u0159edov\u011bk\u00e9ho um\u011bn\u00ed, liter\u00e1rn\u00ed romantiky a gastronomick\u00e9 tradice. N\u00e1v\u0161t\u011bva Verony je siln\u00fdm z\u00e1\u017eitkem: od symbolick\u00fdch [&hellip;]<\/p>\n","protected":false},"author":2,"featured_media":1998,"parent":656,"menu_order":0,"comment_status":"closed","ping_status":"closed","template":"templates\/lista-figlio.php","meta":{"_acf_changed":false,"inline_featured_image":false,"_joinchat":[],"footnotes":""},"class_list":["post-2002","page","type-page","status-publish","has-post-thumbnail","hentry"],"acf":[],"yoast_head":"<!-- This site is optimized with the Yoast SEO plugin v26.7 - https:\/\/yoast.com\/wordpress\/plugins\/seo\/ -->\n<title>Verona, m\u011bsto l\u00e1sky a nad\u010dasov\u00e9 italsk\u00e9 kr\u00e1sy - La Corte Hotel<\/title>\n<meta name=\"description\" content=\"Objevte Verona: m\u011bsto Romea a Julie, Arena, centrum UNESCO a vinice Valpolicella. Romantick\u00e1, historick\u00e1, nezapomenuteln\u00e1.\" \/>\n<meta name=\"robots\" content=\"index, follow, max-snippet:-1, max-image-preview:large, max-video-preview:-1\" \/>\n<link rel=\"canonical\" href=\"https:\/\/lacortehotel.info\/cs\/okoli\/vicenza-a-verona\/verona-mesto-lasky-a-nadcasove-italske-krasy\/\" \/>\n<meta property=\"og:locale\" content=\"cs_CZ\" \/>\n<meta property=\"og:type\" content=\"article\" \/>\n<meta property=\"og:title\" content=\"Verona, m\u011bsto l\u00e1sky a nad\u010dasov\u00e9 italsk\u00e9 kr\u00e1sy - La Corte Hotel\" \/>\n<meta property=\"og:description\" content=\"Objevte Verona: m\u011bsto Romea a Julie, Arena, centrum UNESCO a vinice Valpolicella. Romantick\u00e1, historick\u00e1, nezapomenuteln\u00e1.\" \/>\n<meta property=\"og:url\" content=\"https:\/\/lacortehotel.info\/cs\/okoli\/vicenza-a-verona\/verona-mesto-lasky-a-nadcasove-italske-krasy\/\" \/>\n<meta property=\"og:site_name\" content=\"La Corte Hotel\" \/>\n<meta property=\"article:publisher\" content=\"https:\/\/www.facebook.com\/pages\/Hotel-La-Corte\/120373951334581\" \/>\n<meta property=\"article:modified_time\" content=\"2025-06-06T07:22:20+00:00\" \/>\n<meta property=\"og:image\" content=\"https:\/\/lacortehotel.info\/wp-content\/uploads\/2025\/06\/Verona.webp\" \/>\n\t<meta property=\"og:image:width\" content=\"1920\" \/>\n\t<meta property=\"og:image:height\" content=\"840\" \/>\n\t<meta property=\"og:image:type\" content=\"image\/webp\" \/>\n<meta name=\"twitter:card\" content=\"summary_large_image\" \/>\n<meta name=\"twitter:label1\" content=\"Odhadovan\u00e1 doba \u010dten\u00ed\" \/>\n\t<meta name=\"twitter:data1\" content=\"3 minuty\" \/>\n<script type=\"application\/ld+json\" class=\"yoast-schema-graph\">{\"@context\":\"https:\/\/schema.org\",\"@graph\":[{\"@type\":\"WebPage\",\"@id\":\"https:\/\/lacortehotel.info\/cs\/okoli\/vicenza-a-verona\/verona-mesto-lasky-a-nadcasove-italske-krasy\/\",\"url\":\"https:\/\/lacortehotel.info\/cs\/okoli\/vicenza-a-verona\/verona-mesto-lasky-a-nadcasove-italske-krasy\/\",\"name\":\"Verona, m\u011bsto l\u00e1sky a nad\u010dasov\u00e9 italsk\u00e9 kr\u00e1sy - La Corte Hotel\",\"isPartOf\":{\"@id\":\"https:\/\/lacortehotel.info\/cs\/#website\"},\"primaryImageOfPage\":{\"@id\":\"https:\/\/lacortehotel.info\/cs\/okoli\/vicenza-a-verona\/verona-mesto-lasky-a-nadcasove-italske-krasy\/#primaryimage\"},\"image\":{\"@id\":\"https:\/\/lacortehotel.info\/cs\/okoli\/vicenza-a-verona\/verona-mesto-lasky-a-nadcasove-italske-krasy\/#primaryimage\"},\"thumbnailUrl\":\"https:\/\/lacortehotel.info\/wp-content\/uploads\/2025\/06\/Verona.webp\",\"datePublished\":\"2025-06-05T13:43:30+00:00\",\"dateModified\":\"2025-06-06T07:22:20+00:00\",\"description\":\"Objevte Verona: m\u011bsto Romea a Julie, Arena, centrum UNESCO a vinice Valpolicella. Romantick\u00e1, historick\u00e1, nezapomenuteln\u00e1.\",\"breadcrumb\":{\"@id\":\"https:\/\/lacortehotel.info\/cs\/okoli\/vicenza-a-verona\/verona-mesto-lasky-a-nadcasove-italske-krasy\/#breadcrumb\"},\"inLanguage\":\"cs\",\"potentialAction\":[{\"@type\":\"ReadAction\",\"target\":[\"https:\/\/lacortehotel.info\/cs\/okoli\/vicenza-a-verona\/verona-mesto-lasky-a-nadcasove-italske-krasy\/\"]}]},{\"@type\":\"ImageObject\",\"inLanguage\":\"cs\",\"@id\":\"https:\/\/lacortehotel.info\/cs\/okoli\/vicenza-a-verona\/verona-mesto-lasky-a-nadcasove-italske-krasy\/#primaryimage\",\"url\":\"https:\/\/lacortehotel.info\/wp-content\/uploads\/2025\/06\/Verona.webp\",\"contentUrl\":\"https:\/\/lacortehotel.info\/wp-content\/uploads\/2025\/06\/Verona.webp\",\"width\":1920,\"height\":840,\"caption\":\"Verona\"},{\"@type\":\"BreadcrumbList\",\"@id\":\"https:\/\/lacortehotel.info\/cs\/okoli\/vicenza-a-verona\/verona-mesto-lasky-a-nadcasove-italske-krasy\/#breadcrumb\",\"itemListElement\":[{\"@type\":\"ListItem\",\"position\":1,\"name\":\"Home\",\"item\":\"https:\/\/lacortehotel.info\/cs\/\"},{\"@type\":\"ListItem\",\"position\":2,\"name\":\"Okol\u00ed\",\"item\":\"https:\/\/lacortehotel.info\/cs\/okoli\/\"},{\"@type\":\"ListItem\",\"position\":3,\"name\":\"Vicenza a Verony\",\"item\":\"https:\/\/lacortehotel.info\/cs\/okoli\/vicenza-a-verona\/\"},{\"@type\":\"ListItem\",\"position\":4,\"name\":\"Verona, m\u011bsto l\u00e1sky a nad\u010dasov\u00e9 italsk\u00e9 kr\u00e1sy\"}]},{\"@type\":\"WebSite\",\"@id\":\"https:\/\/lacortehotel.info\/cs\/#website\",\"url\":\"https:\/\/lacortehotel.info\/cs\/\",\"name\":\"Hotel La Corte\",\"description\":\"V srdci P\u00e1dsk\u00e9 n\u00ed\u017einy... v\u00e1\u0161 druh\u00fd domov!\",\"publisher\":{\"@id\":\"https:\/\/lacortehotel.info\/cs\/#organization\"},\"alternateName\":\"La Corte di Correzzola\",\"potentialAction\":[{\"@type\":\"SearchAction\",\"target\":{\"@type\":\"EntryPoint\",\"urlTemplate\":\"https:\/\/lacortehotel.info\/cs\/?s={search_term_string}\"},\"query-input\":{\"@type\":\"PropertyValueSpecification\",\"valueRequired\":true,\"valueName\":\"search_term_string\"}}],\"inLanguage\":\"cs\"},{\"@type\":\"Organization\",\"@id\":\"https:\/\/lacortehotel.info\/cs\/#organization\",\"name\":\"Hotel la Corte\",\"url\":\"https:\/\/lacortehotel.info\/cs\/\",\"logo\":{\"@type\":\"ImageObject\",\"inLanguage\":\"cs\",\"@id\":\"https:\/\/lacortehotel.info\/cs\/#\/schema\/logo\/image\/\",\"url\":\"https:\/\/lacortehotel.info\/wp-content\/uploads\/2023\/05\/logo-sito-p-e1683800838815.png\",\"contentUrl\":\"https:\/\/lacortehotel.info\/wp-content\/uploads\/2023\/05\/logo-sito-p-e1683800838815.png\",\"width\":100,\"height\":94,\"caption\":\"Hotel la Corte\"},\"image\":{\"@id\":\"https:\/\/lacortehotel.info\/cs\/#\/schema\/logo\/image\/\"},\"sameAs\":[\"https:\/\/www.facebook.com\/pages\/Hotel-La-Corte\/120373951334581\",\"https:\/\/www.instagram.com\/lacortecorrezzola\/\"]}]}<\/script>\n<!-- \/ Yoast SEO plugin. -->","yoast_head_json":{"title":"Verona, m\u011bsto l\u00e1sky a nad\u010dasov\u00e9 italsk\u00e9 kr\u00e1sy - La Corte Hotel","description":"Objevte Verona: m\u011bsto Romea a Julie, Arena, centrum UNESCO a vinice Valpolicella. Romantick\u00e1, historick\u00e1, nezapomenuteln\u00e1.","robots":{"index":"index","follow":"follow","max-snippet":"max-snippet:-1","max-image-preview":"max-image-preview:large","max-video-preview":"max-video-preview:-1"},"canonical":"https:\/\/lacortehotel.info\/cs\/okoli\/vicenza-a-verona\/verona-mesto-lasky-a-nadcasove-italske-krasy\/","og_locale":"cs_CZ","og_type":"article","og_title":"Verona, m\u011bsto l\u00e1sky a nad\u010dasov\u00e9 italsk\u00e9 kr\u00e1sy - La Corte Hotel","og_description":"Objevte Verona: m\u011bsto Romea a Julie, Arena, centrum UNESCO a vinice Valpolicella. Romantick\u00e1, historick\u00e1, nezapomenuteln\u00e1.","og_url":"https:\/\/lacortehotel.info\/cs\/okoli\/vicenza-a-verona\/verona-mesto-lasky-a-nadcasove-italske-krasy\/","og_site_name":"La Corte Hotel","article_publisher":"https:\/\/www.facebook.com\/pages\/Hotel-La-Corte\/120373951334581","article_modified_time":"2025-06-06T07:22:20+00:00","og_image":[{"width":1920,"height":840,"url":"https:\/\/lacortehotel.info\/wp-content\/uploads\/2025\/06\/Verona.webp","type":"image\/webp"}],"twitter_card":"summary_large_image","twitter_misc":{"Odhadovan\u00e1 doba \u010dten\u00ed":"3 minuty"},"schema":{"@context":"https:\/\/schema.org","@graph":[{"@type":"WebPage","@id":"https:\/\/lacortehotel.info\/cs\/okoli\/vicenza-a-verona\/verona-mesto-lasky-a-nadcasove-italske-krasy\/","url":"https:\/\/lacortehotel.info\/cs\/okoli\/vicenza-a-verona\/verona-mesto-lasky-a-nadcasove-italske-krasy\/","name":"Verona, m\u011bsto l\u00e1sky a nad\u010dasov\u00e9 italsk\u00e9 kr\u00e1sy - La Corte Hotel","isPartOf":{"@id":"https:\/\/lacortehotel.info\/cs\/#website"},"primaryImageOfPage":{"@id":"https:\/\/lacortehotel.info\/cs\/okoli\/vicenza-a-verona\/verona-mesto-lasky-a-nadcasove-italske-krasy\/#primaryimage"},"image":{"@id":"https:\/\/lacortehotel.info\/cs\/okoli\/vicenza-a-verona\/verona-mesto-lasky-a-nadcasove-italske-krasy\/#primaryimage"},"thumbnailUrl":"https:\/\/lacortehotel.info\/wp-content\/uploads\/2025\/06\/Verona.webp","datePublished":"2025-06-05T13:43:30+00:00","dateModified":"2025-06-06T07:22:20+00:00","description":"Objevte Verona: m\u011bsto Romea a Julie, Arena, centrum UNESCO a vinice Valpolicella. Romantick\u00e1, historick\u00e1, nezapomenuteln\u00e1.","breadcrumb":{"@id":"https:\/\/lacortehotel.info\/cs\/okoli\/vicenza-a-verona\/verona-mesto-lasky-a-nadcasove-italske-krasy\/#breadcrumb"},"inLanguage":"cs","potentialAction":[{"@type":"ReadAction","target":["https:\/\/lacortehotel.info\/cs\/okoli\/vicenza-a-verona\/verona-mesto-lasky-a-nadcasove-italske-krasy\/"]}]},{"@type":"ImageObject","inLanguage":"cs","@id":"https:\/\/lacortehotel.info\/cs\/okoli\/vicenza-a-verona\/verona-mesto-lasky-a-nadcasove-italske-krasy\/#primaryimage","url":"https:\/\/lacortehotel.info\/wp-content\/uploads\/2025\/06\/Verona.webp","contentUrl":"https:\/\/lacortehotel.info\/wp-content\/uploads\/2025\/06\/Verona.webp","width":1920,"height":840,"caption":"Verona"},{"@type":"BreadcrumbList","@id":"https:\/\/lacortehotel.info\/cs\/okoli\/vicenza-a-verona\/verona-mesto-lasky-a-nadcasove-italske-krasy\/#breadcrumb","itemListElement":[{"@type":"ListItem","position":1,"name":"Home","item":"https:\/\/lacortehotel.info\/cs\/"},{"@type":"ListItem","position":2,"name":"Okol\u00ed","item":"https:\/\/lacortehotel.info\/cs\/okoli\/"},{"@type":"ListItem","position":3,"name":"Vicenza a Verony","item":"https:\/\/lacortehotel.info\/cs\/okoli\/vicenza-a-verona\/"},{"@type":"ListItem","position":4,"name":"Verona, m\u011bsto l\u00e1sky a nad\u010dasov\u00e9 italsk\u00e9 kr\u00e1sy"}]},{"@type":"WebSite","@id":"https:\/\/lacortehotel.info\/cs\/#website","url":"https:\/\/lacortehotel.info\/cs\/","name":"Hotel La Corte","description":"V srdci P\u00e1dsk\u00e9 n\u00ed\u017einy... v\u00e1\u0161 druh\u00fd domov!","publisher":{"@id":"https:\/\/lacortehotel.info\/cs\/#organization"},"alternateName":"La Corte di Correzzola","potentialAction":[{"@type":"SearchAction","target":{"@type":"EntryPoint","urlTemplate":"https:\/\/lacortehotel.info\/cs\/?s={search_term_string}"},"query-input":{"@type":"PropertyValueSpecification","valueRequired":true,"valueName":"search_term_string"}}],"inLanguage":"cs"},{"@type":"Organization","@id":"https:\/\/lacortehotel.info\/cs\/#organization","name":"Hotel la Corte","url":"https:\/\/lacortehotel.info\/cs\/","logo":{"@type":"ImageObject","inLanguage":"cs","@id":"https:\/\/lacortehotel.info\/cs\/#\/schema\/logo\/image\/","url":"https:\/\/lacortehotel.info\/wp-content\/uploads\/2023\/05\/logo-sito-p-e1683800838815.png","contentUrl":"https:\/\/lacortehotel.info\/wp-content\/uploads\/2023\/05\/logo-sito-p-e1683800838815.png","width":100,"height":94,"caption":"Hotel la Corte"},"image":{"@id":"https:\/\/lacortehotel.info\/cs\/#\/schema\/logo\/image\/"},"sameAs":["https:\/\/www.facebook.com\/pages\/Hotel-La-Corte\/120373951334581","https:\/\/www.instagram.com\/lacortecorrezzola\/"]}]}},"_links":{"self":[{"href":"https:\/\/lacortehotel.info\/cs\/wp-json\/wp\/v2\/pages\/2002","targetHints":{"allow":["GET"]}}],"collection":[{"href":"https:\/\/lacortehotel.info\/cs\/wp-json\/wp\/v2\/pages"}],"about":[{"href":"https:\/\/lacortehotel.info\/cs\/wp-json\/wp\/v2\/types\/page"}],"author":[{"embeddable":true,"href":"https:\/\/lacortehotel.info\/cs\/wp-json\/wp\/v2\/users\/2"}],"replies":[{"embeddable":true,"href":"https:\/\/lacortehotel.info\/cs\/wp-json\/wp\/v2\/comments?post=2002"}],"version-history":[{"count":1,"href":"https:\/\/lacortehotel.info\/cs\/wp-json\/wp\/v2\/pages\/2002\/revisions"}],"predecessor-version":[{"id":2010,"href":"https:\/\/lacortehotel.info\/cs\/wp-json\/wp\/v2\/pages\/2002\/revisions\/2010"}],"up":[{"embeddable":true,"href":"https:\/\/lacortehotel.info\/cs\/wp-json\/wp\/v2\/pages\/656"}],"wp:featuredmedia":[{"embeddable":true,"href":"https:\/\/lacortehotel.info\/cs\/wp-json\/wp\/v2\/media\/1998"}],"wp:attachment":[{"href":"https:\/\/lacortehotel.info\/cs\/wp-json\/wp\/v2\/media?parent=2002"}],"curies":[{"name":"wp","href":"https:\/\/api.w.org\/{rel}","templated":true}]}}