{"id":1987,"date":"2025-06-05T13:18:26","date_gmt":"2025-06-05T13:18:26","guid":{"rendered":"https:\/\/lacortehotel.info\/vicenza-citta-del-palladio-un-gioiello-di-arte-architettura-e-cultura\/"},"modified":"2025-06-05T13:31:24","modified_gmt":"2025-06-05T13:31:24","slug":"vicenza-mesto-palladia-klenot-umeni-architektury-a-kultury","status":"publish","type":"page","link":"https:\/\/lacortehotel.info\/cs\/okoli\/vicenza-a-verona\/vicenza-mesto-palladia-klenot-umeni-architektury-a-kultury\/","title":{"rendered":"Vicenza, m\u011bsto Palladia: klenot um\u011bn\u00ed, architektury a kultury"},"content":{"rendered":"\n<p><strong>Vicenza<\/strong> je jedn\u00edm z nej\u00fachvatn\u011bj\u0161\u00edch um\u011bleck\u00fdch m\u011bst v Ben\u00e1tsku, zapsan\u00fdm na seznamu <strong>sv\u011btov\u00e9ho d\u011bdictv\u00ed <a href=\"https:\/\/www.unesco.it\/it\/unesco-vicino-a-te\/siti-patrimonio-mondiale\/citta-di-vicenza-e-le-ville-del-palladio-nel-veneto\/\">UNESCO<\/a><\/strong> d\u00edky nezam\u011bniteln\u00e9mu odkazu <strong>Andrea Palladia<\/strong>, jednoho z nejvlivn\u011bj\u0161\u00edch architekt\u016f renesance. Nach\u00e1z\u00ed se mezi Ben\u00e1tkami a Veronou a nab\u00edz\u00ed vyt\u0159\u00edben\u00e9 historick\u00e9 centrum, monument\u00e1ln\u00ed vily zasazen\u00e9 do zelen\u011b a elegantn\u00ed atmosf\u00e9ru spojuj\u00edc\u00ed tradici, kr\u00e1su a kulturn\u00ed vitalitu.<\/p>\n\n\n\n<p>N\u00e1v\u0161t\u011bva Vicenzy je cestou d\u011bjinami italsk\u00e9ho um\u011bn\u00ed, pln\u00e1 <strong>dokonal\u00fdch architektonick\u00fdch perspektiv, harmonick\u00fdch n\u00e1m\u011bst\u00ed a nad\u010dasov\u00fdch divadeln\u00edch prostor<\/strong>, jako je slavn\u00e9 <strong>Teatro Olimpico<\/strong>.<\/p>\n\n\n\n<h3 class=\"wp-block-heading\">Architektonick\u00e9 skvosty Palladia<\/h3>\n\n\n\n<p>Andrea Palladio prom\u011bnil Vicenzu v ide\u00e1ln\u00ed laborato\u0159 pro svou vizi klasick\u00e9 architektury. Mezi jeho nejslavn\u011bj\u0161\u00ed d\u00edla pat\u0159\u00ed:<\/p>\n\n\n\n<ul class=\"wp-block-list\">\n<li><strong>Teatro Olimpico<\/strong>: mistrovsk\u00e9 d\u00edlo z roku 1585, nejstar\u0161\u00ed zast\u0159e\u0161en\u00e9 kamenn\u00e9 divadlo na sv\u011bt\u011b s \u00fa\u017easnou iluz\u00ed perspektivy;<\/li>\n\n\n\n<li><strong>Basilica Palladiana<\/strong>: symbol m\u011bsta s elegantn\u00ed mramorovou lod\u017ei\u00ed na n\u00e1m\u011bst\u00ed Piazza dei Signori;<\/li>\n\n\n\n<li><strong>Palazzo Chiericati<\/strong>: dnes m\u011bstsk\u00e9 muzeum, dokonal\u00fd p\u0159\u00edklad renesan\u010dn\u00ed harmonie a vyv\u00e1\u017eenosti;<\/li>\n\n\n\n<li><strong>Villa La Rotonda<\/strong>: nejzn\u00e1m\u011bj\u0161\u00ed stavba Palladia na okraji m\u011bsta s centr\u00e1ln\u00ed dispozic\u00ed a kupol\u00ed inspirovanou Pantheonem.<\/li>\n<\/ul>\n\n\n\n<p>Mnoho dal\u0161\u00edch palladi\u00e1nsk\u00fdch vil se nach\u00e1z\u00ed v okoln\u00ed krajin\u011b a jsou sou\u010d\u00e1st\u00ed trasy UNESCO.<\/p>\n\n\n\n<h3 class=\"wp-block-heading\">Historick\u00e9 centrum pln\u00e9 objev\u016f<\/h3>\n\n\n\n<p>Krom\u011b palladi\u00e1nsk\u00fdch staveb nab\u00edz\u00ed centrum Vicenzy mnoho dal\u0161\u00edch zaj\u00edmavost\u00ed:<\/p>\n\n\n\n<ul class=\"wp-block-list\">\n<li><strong>Piazza dei Signori<\/strong>, pulzuj\u00edc\u00ed srdce m\u011bsta, lemovan\u00e9 historick\u00fdmi budovami a \u017eiv\u00e9 b\u011bhem trh\u016f a akc\u00ed;<\/li>\n\n\n\n<li><strong>Katedr\u00e1la Santa Maria Annunciata<\/strong>, s rom\u00e1nsk\u00fdmi a gotick\u00fdmi prvky a fascinuj\u00edc\u00ed kryptou;<\/li>\n\n\n\n<li><strong>Corso Palladio<\/strong>, elegantn\u00ed ulice pln\u00e1 obchod\u016f a pal\u00e1c\u016f, ide\u00e1ln\u00ed pro proch\u00e1zky;<\/li>\n\n\n\n<li><strong>Parco Querini<\/strong>, zelen\u00e1 o\u00e1za vhodn\u00e1 k odpo\u010dinku.<\/li>\n<\/ul>\n\n\n\n<p>M\u011bstsk\u00e9 prost\u0159ed\u00ed je \u010dist\u00e9, uspo\u0159\u00e1dan\u00e9 a p\u0159\u00edv\u011btiv\u00e9 \u2013 ide\u00e1ln\u00ed pro p\u011b\u0161\u00ed pozn\u00e1v\u00e1n\u00ed v ka\u017ed\u00e9m ro\u010dn\u00edm obdob\u00ed.<\/p>\n\n\n\n<h3 class=\"wp-block-heading\">Muzea, kultura a divadlo<\/h3>\n\n\n\n<p>Vicenza je i kulturn\u011b velmi \u017eiv\u00e9 m\u011bsto:<\/p>\n\n\n\n<ul class=\"wp-block-list\">\n<li><strong>M\u011bstsk\u00e9 muzeum v Palazzo Chiericati<\/strong>, se sb\u00edrkami od st\u0159edov\u011bku po 20. stolet\u00ed;<\/li>\n\n\n\n<li><strong>Muzeum \u0161perk\u016f<\/strong>, jedin\u00e9 sv\u00e9ho druhu v It\u00e1lii, v\u011bnovan\u00e9 slavn\u00e9 zlatnick\u00e9 tradici Vicenzy;<\/li>\n\n\n\n<li><strong>Gallerie d\u2019Italia \u2013 Palazzo Leoni Montanari<\/strong>, s do\u010dasn\u00fdmi v\u00fdstavami a unik\u00e1tn\u00ed sb\u00edrkou rusk\u00fdch ikon;<\/li>\n\n\n\n<li><strong>Festivaly a kulturn\u00ed akce<\/strong>, jako je \u201eVicenza Jazz\u201c nebo \u201eCyklus klasick\u00fdch p\u0159edstaven\u00ed v Teatro Olimpico\u201c.<\/li>\n<\/ul>\n\n\n\n<p>Ka\u017ed\u00e9 ro\u010dn\u00ed obdob\u00ed nab\u00edz\u00ed ud\u00e1losti, kter\u00e9 oslavuj\u00ed um\u011bleck\u00e9 a kulturn\u00ed d\u011bdictv\u00ed m\u011bsta.<\/p>\n\n\n\n<h3 class=\"wp-block-heading\">Okol\u00ed: um\u011bn\u00ed, vesnice a p\u0159\u00edroda<\/h3>\n\n\n\n<p>Okol\u00ed Vicenzy je ide\u00e1ln\u00ed k dal\u0161\u00edmu objevov\u00e1n\u00ed:<\/p>\n\n\n\n<ul class=\"wp-block-list\">\n<li><strong>Villa Valmarana ai Nani<\/strong>, s n\u00e1dhern\u00fdmi freskami rodiny Tiepolo;<\/li>\n\n\n\n<li><strong><a href=\"https:\/\/www.monteberico.it\/en\/\">Monte Berico<\/a><\/strong>, s bazilikou a panoramatick\u00fdm v\u00fdhledem na m\u011bsto;<\/li>\n\n\n\n<li><strong>Berick\u00e9 vrchy<\/strong>, ide\u00e1ln\u00ed pro p\u011b\u0161\u00ed t\u00fary, cyklotrasy a ochutn\u00e1vky v\u00edn;<\/li>\n\n\n\n<li><strong>Marostica a Bassano del Grappa<\/strong>, dv\u011b malebn\u00e1 m\u011bste\u010dka pln\u00e1 historie, tradic a lok\u00e1ln\u00edch produkt\u016f.<\/li>\n<\/ul>\n\n\n\n<p>Cel\u00fd region nab\u00edz\u00ed autentick\u00e9 z\u00e1\u017eitky <strong>mezi kopci, \u0161lechtick\u00fdmi s\u00eddly a enogastronomickou kulturou<\/strong>.<\/p>\n\n\n\n<h3 class=\"wp-block-heading\">Gastronomie Vicenzy<\/h3>\n\n\n\n<p>M\u00edstn\u00ed kuchyn\u011b nab\u00edz\u00ed intenzivn\u00ed a tradi\u010dn\u00ed chut\u011b:<\/p>\n\n\n\n<ul class=\"wp-block-list\">\n<li><strong>Baccal\u00e0 alla vicentina<\/strong>, ikonick\u00e9 j\u00eddlo p\u0159ipravovan\u00e9 z tresky a ml\u00e9ka;<\/li>\n\n\n\n<li><strong>Bigoli s kachn\u00edm rag\u00fa<\/strong>, \u010derstv\u00e9 t\u011bstoviny s bohatou masovou om\u00e1\u010dkou;<\/li>\n\n\n\n<li><strong>B\u00edl\u00fd ch\u0159est z Bassana<\/strong>, jarn\u00ed specialita;<\/li>\n\n\n\n<li><strong>V\u00edna s ozna\u010den\u00edm DOC z Berick\u00fdch vrch\u016f<\/strong>, ide\u00e1ln\u00ed k m\u00edstn\u00edm pokrm\u016fm.<\/li>\n<\/ul>\n\n\n\n<p>Kuchyn\u011b je jednoduch\u00e1, poctiv\u00e1 a \u00fazce propojen\u00e1 s regionem.<\/p>\n\n\n\n<h3 class=\"wp-block-heading\">Jak se dostat do Vicenzy z hotelu La Corte<\/h3>\n\n\n\n<p>Vicenza je vzd\u00e1len\u00e1 p\u0159ibli\u017en\u011b <strong>45 minut autem<\/strong> od na\u0161eho <a href=\"https:\/\/lacortehotel.info\/cs\/kontakty\/\">hotelu<\/a>. Mo\u017en\u00e9 je i cestov\u00e1n\u00ed vlakem ze stanice Piove di Sacco s p\u0159estupem v Padov\u011b.<\/p>\n\n\n\n<p>A\u0165 u\u017e jako <strong>jednodenn\u00ed v\u00fdlet<\/strong>, nebo jako zast\u00e1vka na del\u0161\u00ed cest\u011b, Vicenza je ide\u00e1ln\u00edm c\u00edlem pro ty, kte\u0159\u00ed hledaj\u00ed <strong>um\u011bn\u00ed, eleganci a architektonickou harmonii<\/strong>.<\/p>\n","protected":false},"excerpt":{"rendered":"<p>Vicenza je jedn\u00edm z nej\u00fachvatn\u011bj\u0161\u00edch um\u011bleck\u00fdch m\u011bst v Ben\u00e1tsku, zapsan\u00fdm na seznamu sv\u011btov\u00e9ho d\u011bdictv\u00ed UNESCO d\u00edky nezam\u011bniteln\u00e9mu odkazu Andrea Palladia, jednoho z nejvlivn\u011bj\u0161\u00edch architekt\u016f renesance. Nach\u00e1z\u00ed se mezi Ben\u00e1tkami a Veronou a nab\u00edz\u00ed vyt\u0159\u00edben\u00e9 historick\u00e9 centrum, monument\u00e1ln\u00ed vily zasazen\u00e9 do zelen\u011b a elegantn\u00ed atmosf\u00e9ru spojuj\u00edc\u00ed tradici, kr\u00e1su a kulturn\u00ed vitalitu. N\u00e1v\u0161t\u011bva Vicenzy je cestou d\u011bjinami [&hellip;]<\/p>\n","protected":false},"author":2,"featured_media":1983,"parent":656,"menu_order":0,"comment_status":"closed","ping_status":"closed","template":"templates\/lista.php","meta":{"_acf_changed":false,"inline_featured_image":false,"_joinchat":[],"footnotes":""},"class_list":["post-1987","page","type-page","status-publish","has-post-thumbnail","hentry"],"acf":[],"yoast_head":"<!-- This site is optimized with the Yoast SEO plugin v26.7 - https:\/\/yoast.com\/wordpress\/plugins\/seo\/ -->\n<title>Vicenza, m\u011bsto Palladia: klenot um\u011bn\u00ed, architektury a kultury - La Corte Hotel<\/title>\n<meta name=\"description\" content=\"Objevte Vicenza, pam\u00e1tku UNESCO: palladi\u00e1nsk\u00e9 vily, Teatro Olimpico a historick\u00e9 centrum pln\u00e9 um\u011bn\u00ed, historie a ben\u00e1tsk\u00e9ho kouzla.\" \/>\n<meta name=\"robots\" content=\"index, follow, max-snippet:-1, max-image-preview:large, max-video-preview:-1\" \/>\n<link rel=\"canonical\" href=\"https:\/\/lacortehotel.info\/cs\/okoli\/vicenza-a-verona\/vicenza-mesto-palladia-klenot-umeni-architektury-a-kultury\/\" \/>\n<meta property=\"og:locale\" content=\"cs_CZ\" \/>\n<meta property=\"og:type\" content=\"article\" \/>\n<meta property=\"og:title\" content=\"Vicenza, m\u011bsto Palladia: klenot um\u011bn\u00ed, architektury a kultury - La Corte Hotel\" \/>\n<meta property=\"og:description\" content=\"Objevte Vicenza, pam\u00e1tku UNESCO: palladi\u00e1nsk\u00e9 vily, Teatro Olimpico a historick\u00e9 centrum pln\u00e9 um\u011bn\u00ed, historie a ben\u00e1tsk\u00e9ho kouzla.\" \/>\n<meta property=\"og:url\" content=\"https:\/\/lacortehotel.info\/cs\/okoli\/vicenza-a-verona\/vicenza-mesto-palladia-klenot-umeni-architektury-a-kultury\/\" \/>\n<meta property=\"og:site_name\" content=\"La Corte Hotel\" \/>\n<meta property=\"article:publisher\" content=\"https:\/\/www.facebook.com\/pages\/Hotel-La-Corte\/120373951334581\" \/>\n<meta property=\"article:modified_time\" content=\"2025-06-05T13:31:24+00:00\" \/>\n<meta property=\"og:image\" content=\"https:\/\/lacortehotel.info\/wp-content\/uploads\/2025\/06\/VIcenza.webp\" \/>\n\t<meta property=\"og:image:width\" content=\"1920\" \/>\n\t<meta property=\"og:image:height\" content=\"840\" \/>\n\t<meta property=\"og:image:type\" content=\"image\/webp\" \/>\n<meta name=\"twitter:card\" content=\"summary_large_image\" \/>\n<meta name=\"twitter:label1\" content=\"Odhadovan\u00e1 doba \u010dten\u00ed\" \/>\n\t<meta name=\"twitter:data1\" content=\"3 minuty\" \/>\n<script type=\"application\/ld+json\" class=\"yoast-schema-graph\">{\"@context\":\"https:\/\/schema.org\",\"@graph\":[{\"@type\":\"WebPage\",\"@id\":\"https:\/\/lacortehotel.info\/cs\/okoli\/vicenza-a-verona\/vicenza-mesto-palladia-klenot-umeni-architektury-a-kultury\/\",\"url\":\"https:\/\/lacortehotel.info\/cs\/okoli\/vicenza-a-verona\/vicenza-mesto-palladia-klenot-umeni-architektury-a-kultury\/\",\"name\":\"Vicenza, m\u011bsto Palladia: klenot um\u011bn\u00ed, architektury a kultury - La Corte Hotel\",\"isPartOf\":{\"@id\":\"https:\/\/lacortehotel.info\/cs\/#website\"},\"primaryImageOfPage\":{\"@id\":\"https:\/\/lacortehotel.info\/cs\/okoli\/vicenza-a-verona\/vicenza-mesto-palladia-klenot-umeni-architektury-a-kultury\/#primaryimage\"},\"image\":{\"@id\":\"https:\/\/lacortehotel.info\/cs\/okoli\/vicenza-a-verona\/vicenza-mesto-palladia-klenot-umeni-architektury-a-kultury\/#primaryimage\"},\"thumbnailUrl\":\"https:\/\/lacortehotel.info\/wp-content\/uploads\/2025\/06\/VIcenza.webp\",\"datePublished\":\"2025-06-05T13:18:26+00:00\",\"dateModified\":\"2025-06-05T13:31:24+00:00\",\"description\":\"Objevte Vicenza, pam\u00e1tku UNESCO: palladi\u00e1nsk\u00e9 vily, Teatro Olimpico a historick\u00e9 centrum pln\u00e9 um\u011bn\u00ed, historie a ben\u00e1tsk\u00e9ho kouzla.\",\"breadcrumb\":{\"@id\":\"https:\/\/lacortehotel.info\/cs\/okoli\/vicenza-a-verona\/vicenza-mesto-palladia-klenot-umeni-architektury-a-kultury\/#breadcrumb\"},\"inLanguage\":\"cs\",\"potentialAction\":[{\"@type\":\"ReadAction\",\"target\":[\"https:\/\/lacortehotel.info\/cs\/okoli\/vicenza-a-verona\/vicenza-mesto-palladia-klenot-umeni-architektury-a-kultury\/\"]}]},{\"@type\":\"ImageObject\",\"inLanguage\":\"cs\",\"@id\":\"https:\/\/lacortehotel.info\/cs\/okoli\/vicenza-a-verona\/vicenza-mesto-palladia-klenot-umeni-architektury-a-kultury\/#primaryimage\",\"url\":\"https:\/\/lacortehotel.info\/wp-content\/uploads\/2025\/06\/VIcenza.webp\",\"contentUrl\":\"https:\/\/lacortehotel.info\/wp-content\/uploads\/2025\/06\/VIcenza.webp\",\"width\":1920,\"height\":840,\"caption\":\"VIcenza\"},{\"@type\":\"BreadcrumbList\",\"@id\":\"https:\/\/lacortehotel.info\/cs\/okoli\/vicenza-a-verona\/vicenza-mesto-palladia-klenot-umeni-architektury-a-kultury\/#breadcrumb\",\"itemListElement\":[{\"@type\":\"ListItem\",\"position\":1,\"name\":\"Home\",\"item\":\"https:\/\/lacortehotel.info\/cs\/\"},{\"@type\":\"ListItem\",\"position\":2,\"name\":\"Vicenza, m\u011bsto Palladia: klenot um\u011bn\u00ed, architektury a kultury\"}]},{\"@type\":\"WebSite\",\"@id\":\"https:\/\/lacortehotel.info\/cs\/#website\",\"url\":\"https:\/\/lacortehotel.info\/cs\/\",\"name\":\"Hotel La Corte\",\"description\":\"V srdci P\u00e1dsk\u00e9 n\u00ed\u017einy... v\u00e1\u0161 druh\u00fd domov!\",\"publisher\":{\"@id\":\"https:\/\/lacortehotel.info\/cs\/#organization\"},\"alternateName\":\"La Corte di Correzzola\",\"potentialAction\":[{\"@type\":\"SearchAction\",\"target\":{\"@type\":\"EntryPoint\",\"urlTemplate\":\"https:\/\/lacortehotel.info\/cs\/?s={search_term_string}\"},\"query-input\":{\"@type\":\"PropertyValueSpecification\",\"valueRequired\":true,\"valueName\":\"search_term_string\"}}],\"inLanguage\":\"cs\"},{\"@type\":\"Organization\",\"@id\":\"https:\/\/lacortehotel.info\/cs\/#organization\",\"name\":\"Hotel la Corte\",\"url\":\"https:\/\/lacortehotel.info\/cs\/\",\"logo\":{\"@type\":\"ImageObject\",\"inLanguage\":\"cs\",\"@id\":\"https:\/\/lacortehotel.info\/cs\/#\/schema\/logo\/image\/\",\"url\":\"https:\/\/lacortehotel.info\/wp-content\/uploads\/2023\/05\/logo-sito-p-e1683800838815.png\",\"contentUrl\":\"https:\/\/lacortehotel.info\/wp-content\/uploads\/2023\/05\/logo-sito-p-e1683800838815.png\",\"width\":100,\"height\":94,\"caption\":\"Hotel la Corte\"},\"image\":{\"@id\":\"https:\/\/lacortehotel.info\/cs\/#\/schema\/logo\/image\/\"},\"sameAs\":[\"https:\/\/www.facebook.com\/pages\/Hotel-La-Corte\/120373951334581\",\"https:\/\/www.instagram.com\/lacortecorrezzola\/\"]}]}<\/script>\n<!-- \/ Yoast SEO plugin. -->","yoast_head_json":{"title":"Vicenza, m\u011bsto Palladia: klenot um\u011bn\u00ed, architektury a kultury - La Corte Hotel","description":"Objevte Vicenza, pam\u00e1tku UNESCO: palladi\u00e1nsk\u00e9 vily, Teatro Olimpico a historick\u00e9 centrum pln\u00e9 um\u011bn\u00ed, historie a ben\u00e1tsk\u00e9ho kouzla.","robots":{"index":"index","follow":"follow","max-snippet":"max-snippet:-1","max-image-preview":"max-image-preview:large","max-video-preview":"max-video-preview:-1"},"canonical":"https:\/\/lacortehotel.info\/cs\/okoli\/vicenza-a-verona\/vicenza-mesto-palladia-klenot-umeni-architektury-a-kultury\/","og_locale":"cs_CZ","og_type":"article","og_title":"Vicenza, m\u011bsto Palladia: klenot um\u011bn\u00ed, architektury a kultury - La Corte Hotel","og_description":"Objevte Vicenza, pam\u00e1tku UNESCO: palladi\u00e1nsk\u00e9 vily, Teatro Olimpico a historick\u00e9 centrum pln\u00e9 um\u011bn\u00ed, historie a ben\u00e1tsk\u00e9ho kouzla.","og_url":"https:\/\/lacortehotel.info\/cs\/okoli\/vicenza-a-verona\/vicenza-mesto-palladia-klenot-umeni-architektury-a-kultury\/","og_site_name":"La Corte Hotel","article_publisher":"https:\/\/www.facebook.com\/pages\/Hotel-La-Corte\/120373951334581","article_modified_time":"2025-06-05T13:31:24+00:00","og_image":[{"width":1920,"height":840,"url":"https:\/\/lacortehotel.info\/wp-content\/uploads\/2025\/06\/VIcenza.webp","type":"image\/webp"}],"twitter_card":"summary_large_image","twitter_misc":{"Odhadovan\u00e1 doba \u010dten\u00ed":"3 minuty"},"schema":{"@context":"https:\/\/schema.org","@graph":[{"@type":"WebPage","@id":"https:\/\/lacortehotel.info\/cs\/okoli\/vicenza-a-verona\/vicenza-mesto-palladia-klenot-umeni-architektury-a-kultury\/","url":"https:\/\/lacortehotel.info\/cs\/okoli\/vicenza-a-verona\/vicenza-mesto-palladia-klenot-umeni-architektury-a-kultury\/","name":"Vicenza, m\u011bsto Palladia: klenot um\u011bn\u00ed, architektury a kultury - La Corte Hotel","isPartOf":{"@id":"https:\/\/lacortehotel.info\/cs\/#website"},"primaryImageOfPage":{"@id":"https:\/\/lacortehotel.info\/cs\/okoli\/vicenza-a-verona\/vicenza-mesto-palladia-klenot-umeni-architektury-a-kultury\/#primaryimage"},"image":{"@id":"https:\/\/lacortehotel.info\/cs\/okoli\/vicenza-a-verona\/vicenza-mesto-palladia-klenot-umeni-architektury-a-kultury\/#primaryimage"},"thumbnailUrl":"https:\/\/lacortehotel.info\/wp-content\/uploads\/2025\/06\/VIcenza.webp","datePublished":"2025-06-05T13:18:26+00:00","dateModified":"2025-06-05T13:31:24+00:00","description":"Objevte Vicenza, pam\u00e1tku UNESCO: palladi\u00e1nsk\u00e9 vily, Teatro Olimpico a historick\u00e9 centrum pln\u00e9 um\u011bn\u00ed, historie a ben\u00e1tsk\u00e9ho kouzla.","breadcrumb":{"@id":"https:\/\/lacortehotel.info\/cs\/okoli\/vicenza-a-verona\/vicenza-mesto-palladia-klenot-umeni-architektury-a-kultury\/#breadcrumb"},"inLanguage":"cs","potentialAction":[{"@type":"ReadAction","target":["https:\/\/lacortehotel.info\/cs\/okoli\/vicenza-a-verona\/vicenza-mesto-palladia-klenot-umeni-architektury-a-kultury\/"]}]},{"@type":"ImageObject","inLanguage":"cs","@id":"https:\/\/lacortehotel.info\/cs\/okoli\/vicenza-a-verona\/vicenza-mesto-palladia-klenot-umeni-architektury-a-kultury\/#primaryimage","url":"https:\/\/lacortehotel.info\/wp-content\/uploads\/2025\/06\/VIcenza.webp","contentUrl":"https:\/\/lacortehotel.info\/wp-content\/uploads\/2025\/06\/VIcenza.webp","width":1920,"height":840,"caption":"VIcenza"},{"@type":"BreadcrumbList","@id":"https:\/\/lacortehotel.info\/cs\/okoli\/vicenza-a-verona\/vicenza-mesto-palladia-klenot-umeni-architektury-a-kultury\/#breadcrumb","itemListElement":[{"@type":"ListItem","position":1,"name":"Home","item":"https:\/\/lacortehotel.info\/cs\/"},{"@type":"ListItem","position":2,"name":"Vicenza, m\u011bsto Palladia: klenot um\u011bn\u00ed, architektury a kultury"}]},{"@type":"WebSite","@id":"https:\/\/lacortehotel.info\/cs\/#website","url":"https:\/\/lacortehotel.info\/cs\/","name":"Hotel La Corte","description":"V srdci P\u00e1dsk\u00e9 n\u00ed\u017einy... v\u00e1\u0161 druh\u00fd domov!","publisher":{"@id":"https:\/\/lacortehotel.info\/cs\/#organization"},"alternateName":"La Corte di Correzzola","potentialAction":[{"@type":"SearchAction","target":{"@type":"EntryPoint","urlTemplate":"https:\/\/lacortehotel.info\/cs\/?s={search_term_string}"},"query-input":{"@type":"PropertyValueSpecification","valueRequired":true,"valueName":"search_term_string"}}],"inLanguage":"cs"},{"@type":"Organization","@id":"https:\/\/lacortehotel.info\/cs\/#organization","name":"Hotel la Corte","url":"https:\/\/lacortehotel.info\/cs\/","logo":{"@type":"ImageObject","inLanguage":"cs","@id":"https:\/\/lacortehotel.info\/cs\/#\/schema\/logo\/image\/","url":"https:\/\/lacortehotel.info\/wp-content\/uploads\/2023\/05\/logo-sito-p-e1683800838815.png","contentUrl":"https:\/\/lacortehotel.info\/wp-content\/uploads\/2023\/05\/logo-sito-p-e1683800838815.png","width":100,"height":94,"caption":"Hotel la Corte"},"image":{"@id":"https:\/\/lacortehotel.info\/cs\/#\/schema\/logo\/image\/"},"sameAs":["https:\/\/www.facebook.com\/pages\/Hotel-La-Corte\/120373951334581","https:\/\/www.instagram.com\/lacortecorrezzola\/"]}]}},"_links":{"self":[{"href":"https:\/\/lacortehotel.info\/cs\/wp-json\/wp\/v2\/pages\/1987","targetHints":{"allow":["GET"]}}],"collection":[{"href":"https:\/\/lacortehotel.info\/cs\/wp-json\/wp\/v2\/pages"}],"about":[{"href":"https:\/\/lacortehotel.info\/cs\/wp-json\/wp\/v2\/types\/page"}],"author":[{"embeddable":true,"href":"https:\/\/lacortehotel.info\/cs\/wp-json\/wp\/v2\/users\/2"}],"replies":[{"embeddable":true,"href":"https:\/\/lacortehotel.info\/cs\/wp-json\/wp\/v2\/comments?post=1987"}],"version-history":[{"count":1,"href":"https:\/\/lacortehotel.info\/cs\/wp-json\/wp\/v2\/pages\/1987\/revisions"}],"predecessor-version":[{"id":1995,"href":"https:\/\/lacortehotel.info\/cs\/wp-json\/wp\/v2\/pages\/1987\/revisions\/1995"}],"up":[{"embeddable":true,"href":"https:\/\/lacortehotel.info\/cs\/wp-json\/wp\/v2\/pages\/656"}],"wp:featuredmedia":[{"embeddable":true,"href":"https:\/\/lacortehotel.info\/cs\/wp-json\/wp\/v2\/media\/1983"}],"wp:attachment":[{"href":"https:\/\/lacortehotel.info\/cs\/wp-json\/wp\/v2\/media?parent=1987"}],"curies":[{"name":"wp","href":"https:\/\/api.w.org\/{rel}","templated":true}]}}