{"id":1972,"date":"2025-06-05T12:31:09","date_gmt":"2025-06-05T12:31:09","guid":{"rendered":"https:\/\/lacortehotel.info\/okoli\/sottomarina-isola-verde-a-rosolina-plaze\/rosolina-mare-la-spiaggia-tra-mare-e-natura-nel-cuore-del-delta-del-po\/"},"modified":"2025-06-05T12:41:45","modified_gmt":"2025-06-05T12:41:45","slug":"rosolina-mare-plaz-mezi-morem-a-prirodou-v-srdci-delty-padu","status":"publish","type":"page","link":"https:\/\/lacortehotel.info\/cs\/okoli\/sottomarina-isola-verde-a-rosolina-plaze\/rosolina-mare-plaz-mezi-morem-a-prirodou-v-srdci-delty-padu\/","title":{"rendered":"Rosolina Mare: pl\u00e1\u017e mezi mo\u0159em a p\u0159\u00edrodou v srdci delty P\u00e1du"},"content":{"rendered":"\n<p><strong>Rosolina Mare<\/strong> je p\u0159\u00edmo\u0159sk\u00e9 letovisko pono\u0159en\u00e9 do p\u0159\u00edrody, nach\u00e1zej\u00edc\u00ed se mezi <strong>Jadersk\u00fdm mo\u0159em<\/strong> a <strong>severn\u00edmi lagunami delty P\u00e1du<\/strong>. Tento zhruba <strong>dev\u011bt kilometr\u016f dlouh\u00fd<\/strong> pruh zem\u011b je jedn\u00edm z nejobl\u00edben\u011bj\u0161\u00edch c\u00edl\u016f v Ben\u00e1tsku pro ty, kdo hledaj\u00ed <strong>klid, otev\u0159en\u00e9 prostory, p\u0159\u00edrodn\u00ed prost\u0159ed\u00ed a slu\u017eby p\u0159\u00e1telsk\u00e9 k rodin\u00e1m<\/strong>.<\/p>\n\n\n\n<p>Na rozd\u00edl od urbanizovan\u011bj\u0161\u00edch letovisek si Rosolina Mare uchov\u00e1v\u00e1 <strong>harmonickou rovnov\u00e1hu mezi turismem a respektem k p\u0159\u00edrod\u011b<\/strong> a nab\u00edz\u00ed autentick\u00fd z\u00e1\u017eitek v p\u0159\u00edm\u00e9m kontaktu s lagunou a mo\u0159sk\u00fdm prost\u0159ed\u00edm.<\/p>\n\n\n\n<h3 class=\"wp-block-heading\">P\u0159irozen\u00e1 a z\u00e1rove\u0148 vybaven\u00e1 pl\u00e1\u017e<\/h3>\n\n\n\n<p>Pob\u0159e\u017e\u00ed Rosolina Mare je \u0161irok\u00e9 a p\u00eds\u010dit\u00e9, s vybaven\u00fdmi i voln\u011b p\u0159\u00edstupn\u00fdmi \u00faseky:<\/p>\n\n\n\n<ul class=\"wp-block-list\">\n<li><strong>\u0160irok\u00e9 zlat\u00e9 pl\u00e1\u017ee<\/strong>, ide\u00e1ln\u00ed k odpo\u010dinku a hr\u00e1m s d\u011btmi;<\/li>\n\n\n\n<li><strong>Modern\u00ed pl\u00e1\u017eov\u00e9 komplexy<\/strong> s bary, restauracemi, h\u0159i\u0161ti a z\u00e1bavou;<\/li>\n\n\n\n<li><strong>Voln\u00e9 a klidn\u00e9 z\u00f3ny<\/strong>, pro ty, kte\u0159\u00ed hledaj\u00ed ticho u mo\u0159e;<\/li>\n\n\n\n<li><strong>Bezbari\u00e9rov\u00fd p\u0159\u00edstup pro v\u0161echny<\/strong>, v\u010detn\u011b slu\u017eeb pro osoby s posti\u017een\u00edm a rodiny.<\/li>\n<\/ul>\n\n\n\n<p>Kvalita vody je vynikaj\u00edc\u00ed a pl\u00e1\u017e obklopuj\u00ed <strong>vo\u0148av\u00e9 borov\u00e9 h\u00e1je<\/strong>, kter\u00e9 nab\u00edzej\u00ed st\u00edn a sv\u011b\u017eest i v nejteplej\u0161\u00edch dnech.<\/p>\n\n\n\n<h3 class=\"wp-block-heading\">R\u00e1j pro milovn\u00edky p\u0159\u00edrody<\/h3>\n\n\n\n<p>Rosolina Mare se nach\u00e1z\u00ed v srdci <strong>region\u00e1ln\u00edho parku Delta del Po<\/strong>, jedn\u00e9 z nejv\u00fdznamn\u011bj\u0161\u00edch p\u0159\u00edrodn\u00edch oblast\u00ed Evropy:<\/p>\n\n\n\n<ul class=\"wp-block-list\">\n<li><strong>P\u0159\u00edrodn\u00ed rezervace a chr\u00e1n\u011bn\u00e9 oblasti<\/strong>, jako je Botanick\u00e1 zahrada Porto Caleri;<\/li>\n\n\n\n<li><strong>Stezky obklopen\u00e9 vegetac\u00ed<\/strong>, ide\u00e1ln\u00ed pro pozorov\u00e1n\u00ed pt\u00e1k\u016f a m\u00edstn\u00ed fl\u00f3ry a fauny;<\/li>\n\n\n\n<li><strong>Laguny, duny a r\u00e1kosiny<\/strong>, ob\u00fdvan\u00e9 plame\u0148\u00e1ky, volavkami a pisily;<\/li>\n\n\n\n<li><strong>Ohromuj\u00edc\u00ed z\u00e1pady slunce<\/strong>, barv\u00edc\u00ed oblohu nad borovicemi do ruda.<\/li>\n<\/ul>\n\n\n\n<p>Skute\u010dn\u00fd r\u00e1j pro ty, kte\u0159\u00ed r\u00e1di <strong>chod\u00ed, jezd\u00ed na kole nebo jen obdivuj\u00ed krajinu<\/strong>.<\/p>\n\n\n\n<h3 class=\"wp-block-heading\">Aktivity pro celou rodinu<\/h3>\n\n\n\n<p>Rosolina Mare je ide\u00e1ln\u00ed destinac\u00ed pro rodiny, p\u00e1ry i skupiny p\u0159\u00e1tel:<\/p>\n\n\n\n<ul class=\"wp-block-list\">\n<li><strong>Panoramatick\u00e9 cyklostezky<\/strong>, vedouc\u00ed borov\u00fdmi lesy a pod\u00e9l lagun;<\/li>\n\n\n\n<li><strong>P\u016fj\u010dovny lod\u00ed, kajak\u016f a \u0161lapadel<\/strong>, pro objevov\u00e1n\u00ed kan\u00e1l\u016f a lagun;<\/li>\n\n\n\n<li><strong>Organizovan\u00e9 v\u00fdlety<\/strong> do delty P\u00e1du \u2013 na kole, lod\u00ed nebo p\u011b\u0161ky;<\/li>\n\n\n\n<li><strong>Minigolf, d\u011btsk\u00e1 h\u0159i\u0161t\u011b, trhy a lunaparky<\/strong> b\u011bhem letn\u00edch ve\u010der\u016f;<\/li>\n\n\n\n<li><strong>M\u00edstn\u00ed slavnosti a festivaly<\/strong>, oslavuj\u00edc\u00ed kulin\u00e1\u0159sk\u00e9 a kulturn\u00ed tradice regionu.<\/li>\n<\/ul>\n\n\n\n<p>To v\u0161e v <strong>p\u0159\u00e1telsk\u00e9 a uvoln\u011bn\u00e9 atmosf\u00e9\u0159e<\/strong>, daleko od p\u0159epln\u011bn\u00fdch turistick\u00fdch pl\u00e1\u017e\u00ed.<\/p>\n\n\n\n<h3 class=\"wp-block-heading\">Kde se naj\u00edst v Rosolina Mare<\/h3>\n\n\n\n<p>M\u00edstn\u00ed kuchyn\u011b odr\u00e1\u017e\u00ed identitu oblasti:<\/p>\n\n\n\n<ul class=\"wp-block-list\">\n<li><strong>\u010cerstv\u00e9 ryby z Jadranu<\/strong>: sma\u017een\u00e9 ryby, s\u00e9pie, jazyk mo\u0159sk\u00fd, krevety;<\/li>\n\n\n\n<li><strong>Mo\u0159sk\u00e9 rizoty a rizoty s lagunov\u00fdmi bylinami<\/strong>, jako je salicornia;<\/li>\n\n\n\n<li><strong>Tradi\u010dn\u00ed ben\u00e1tsk\u00e1 j\u00eddla<\/strong> z lok\u00e1ln\u00edch surovin;<\/li>\n\n\n\n<li>Restaurace u mo\u0159e, m\u00edstn\u00ed trattorie a <strong>agroturistiky<\/strong> ve vnitrozem\u00ed.<\/li>\n<\/ul>\n\n\n\n<p>J\u00eddlo je jednoduch\u00e9, ale chutn\u00e9 a \u010dasto doprov\u00e1zen\u00e9 <strong>m\u00edstn\u00edmi v\u00edny<\/strong>, jako je Merlot nebo Pinot Grigio z oblasti Polesine.<\/p>\n\n\n\n<h3 class=\"wp-block-heading\">Kde se ubytovat v Rosolina Mare<\/h3>\n\n\n\n<p>Ubytov\u00e1n\u00ed je rozmanit\u00e9 a vhodn\u00e9 pro ka\u017ed\u00e9ho:<\/p>\n\n\n\n<ul class=\"wp-block-list\">\n<li><strong>Pr\u00e1zdninov\u00e9 vesni\u010dky a kempy<\/strong> uprost\u0159ed p\u0159\u00edrody;<\/li>\n\n\n\n<li><strong>Apartm\u00e1ny a rekrea\u010dn\u00ed domy<\/strong>, p\u00e1r krok\u016f od mo\u0159e;<\/li>\n\n\n\n<li><strong>Rodinn\u00e9 hotely a penziony (B&amp;B)<\/strong>;<\/li>\n\n\n\n<li><strong>Agroturistiky<\/strong>, ide\u00e1ln\u00ed pro ty, kte\u0159\u00ed hledaj\u00ed klid a dom\u00e1c\u00ed kuchyni.<\/li>\n<\/ul>\n\n\n\n<p>V\u0161echna ubytov\u00e1n\u00ed se nach\u00e1z\u00ed pobl\u00ed\u017e centra a jsou snadno dostupn\u00e1 p\u011b\u0161ky nebo na kole.<\/p>\n\n\n\n<h3 class=\"wp-block-heading\">Jak se dostat do Rosolina Mare z hotelu La Corte<\/h3>\n\n\n\n<p>Rosolina Mare je vzd\u00e1len\u00e1 asi <strong>50\u201355 minut autem<\/strong> od na\u0161eho hotelu. Trasa je jednoduch\u00e1 a dob\u0159e zna\u010den\u00e1, vede krajinou Padovy a Roviga a\u017e k mo\u0159i.<\/p>\n\n\n\n<p>Mo\u017en\u00e1 je i <strong>kombinace auta a kola<\/strong>, nebo vyu\u017eit\u00ed <strong>sez\u00f3nn\u00edch autobusov\u00fdch spoj\u016f<\/strong> z <a href=\"https:\/\/lacortehotel.info\/cs\/okoli\/benatky-a-chioggia\/objevte-chioggia-za-jeden-den-male-benatky-u-more\/\">Chioggie<\/a> nebo <a href=\"https:\/\/lacortehotel.info\/cs\/okoli\/sottomarina-isola-verde-a-rosolina-plaze\/sottomarina-more-zabava-a-odpocinek-jen-kousek-od-chioggie\/\">Sottomariny<\/a>.<\/p>\n\n\n\n<h3 class=\"wp-block-heading\">Kdy nav\u0161t\u00edvit Rosolina Mare<\/h3>\n\n\n\n<p>Nejlep\u0161\u00ed obdob\u00ed je od <strong>kv\u011btna do z\u00e1\u0159\u00ed<\/strong>, ale i na ja\u0159e a na za\u010d\u00e1tku podzimu je oblast velmi p\u0159\u00edjemn\u00e1:<\/p>\n\n\n\n<ul class=\"wp-block-list\">\n<li><strong>M\u00edrn\u00e9 a v\u011btrn\u00e9 klima<\/strong>, ide\u00e1ln\u00ed pro proch\u00e1zky a venkovn\u00ed aktivity;<\/li>\n\n\n\n<li><strong>Men\u0161\u00ed po\u010det n\u00e1v\u0161t\u011bvn\u00edk\u016f<\/strong>, ide\u00e1ln\u00ed pro ty, kte\u0159\u00ed hledaj\u00ed ticho;<\/li>\n\n\n\n<li><strong>P\u0159\u00edrodn\u00ed akce<\/strong>, jako jsou prohl\u00eddky a n\u00e1v\u0161t\u011bvy botanick\u00e9 zahrady.<\/li>\n<\/ul>\n\n\n\n<p>I b\u011bhem <strong>zimn\u00edch m\u011bs\u00edc\u016f<\/strong> m\u00e1 oblast sv\u00e9 kouzlo \u2013 ide\u00e1ln\u00ed pro <strong>regenera\u010dn\u00ed proch\u00e1zky a relaxa\u010dn\u00ed pobyty<\/strong>.<\/p>\n\n\n\n<h3 class=\"wp-block-heading\">Rosolina Mare: pl\u00e1\u017e ticha<\/h3>\n\n\n\n<p>Rosolina Mare je ide\u00e1ln\u00ed destinac\u00ed pro ty, kte\u0159\u00ed hledaj\u00ed <strong>mo\u0159e, p\u0159\u00edrodu a autenti\u010dnost<\/strong>. Daleko od masov\u00e9ho turismu, bl\u00edzko jednoduch\u00e9 kr\u00e1sy ben\u00e1tsk\u00e9 krajiny, nab\u00edz\u00ed dny pln\u00e9 klidu a pohody.<\/p>\n\n\n\n<p>Z <strong><a href=\"https:\/\/lacortehotel.info\/cs\/kontakty\/\">hotelu La Corte<\/a><\/strong> se sem snadno dostanete na jednodenn\u00ed v\u00fdlet, nebo ji m\u016f\u017eete zahrnout do sv\u00e9ho itiner\u00e1\u0159e pro <strong>dovolenou plnou kultury, mo\u0159e a p\u0159\u00edrody<\/strong>.<\/p>\n","protected":false},"excerpt":{"rendered":"<p>Rosolina Mare je p\u0159\u00edmo\u0159sk\u00e9 letovisko pono\u0159en\u00e9 do p\u0159\u00edrody, nach\u00e1zej\u00edc\u00ed se mezi Jadersk\u00fdm mo\u0159em a severn\u00edmi lagunami delty P\u00e1du. Tento zhruba dev\u011bt kilometr\u016f dlouh\u00fd pruh zem\u011b je jedn\u00edm z nejobl\u00edben\u011bj\u0161\u00edch c\u00edl\u016f v Ben\u00e1tsku pro ty, kdo hledaj\u00ed klid, otev\u0159en\u00e9 prostory, p\u0159\u00edrodn\u00ed prost\u0159ed\u00ed a slu\u017eby p\u0159\u00e1telsk\u00e9 k rodin\u00e1m. Na rozd\u00edl od urbanizovan\u011bj\u0161\u00edch letovisek si Rosolina Mare uchov\u00e1v\u00e1 [&hellip;]<\/p>\n","protected":false},"author":2,"featured_media":1968,"parent":634,"menu_order":0,"comment_status":"closed","ping_status":"closed","template":"templates\/lista-figlio.php","meta":{"_acf_changed":false,"inline_featured_image":false,"_joinchat":[],"footnotes":""},"class_list":["post-1972","page","type-page","status-publish","has-post-thumbnail","hentry"],"acf":[],"yoast_head":"<!-- This site is optimized with the Yoast SEO plugin v26.7 - https:\/\/yoast.com\/wordpress\/plugins\/seo\/ -->\n<title>Rosolina Mare: mo\u0159e, pl\u00e1\u017e a p\u0159\u00edroda v delt\u011b P\u00e1du<\/title>\n<meta name=\"description\" content=\"Objevte Rosolina Mare: dev\u011bt kilometr\u016f pl\u00e1\u017ee, borov\u00e9 lesy, cyklostezky a nedot\u010den\u00e1 p\u0159\u00edroda v srdci region\u00e1ln\u00edho parku Delta del Po.\" \/>\n<meta name=\"robots\" content=\"index, follow, max-snippet:-1, max-image-preview:large, max-video-preview:-1\" \/>\n<link rel=\"canonical\" href=\"https:\/\/lacortehotel.info\/cs\/okoli\/sottomarina-isola-verde-a-rosolina-plaze\/rosolina-mare-plaz-mezi-morem-a-prirodou-v-srdci-delty-padu\/\" \/>\n<meta property=\"og:locale\" content=\"cs_CZ\" \/>\n<meta property=\"og:type\" content=\"article\" \/>\n<meta property=\"og:title\" content=\"Rosolina Mare: mo\u0159e, pl\u00e1\u017e a p\u0159\u00edroda v delt\u011b P\u00e1du\" \/>\n<meta property=\"og:description\" content=\"Objevte Rosolina Mare: dev\u011bt kilometr\u016f pl\u00e1\u017ee, borov\u00e9 lesy, cyklostezky a nedot\u010den\u00e1 p\u0159\u00edroda v srdci region\u00e1ln\u00edho parku Delta del Po.\" \/>\n<meta property=\"og:url\" content=\"https:\/\/lacortehotel.info\/cs\/okoli\/sottomarina-isola-verde-a-rosolina-plaze\/rosolina-mare-plaz-mezi-morem-a-prirodou-v-srdci-delty-padu\/\" \/>\n<meta property=\"og:site_name\" content=\"La Corte Hotel\" \/>\n<meta property=\"article:publisher\" content=\"https:\/\/www.facebook.com\/pages\/Hotel-La-Corte\/120373951334581\" \/>\n<meta property=\"article:modified_time\" content=\"2025-06-05T12:41:45+00:00\" \/>\n<meta property=\"og:image\" content=\"https:\/\/lacortehotel.info\/wp-content\/uploads\/2025\/06\/Rosolina.webp\" \/>\n\t<meta property=\"og:image:width\" content=\"1920\" \/>\n\t<meta property=\"og:image:height\" content=\"840\" \/>\n\t<meta property=\"og:image:type\" content=\"image\/webp\" \/>\n<meta name=\"twitter:card\" content=\"summary_large_image\" \/>\n<meta name=\"twitter:label1\" content=\"Odhadovan\u00e1 doba \u010dten\u00ed\" \/>\n\t<meta name=\"twitter:data1\" content=\"4 minuty\" \/>\n<script type=\"application\/ld+json\" class=\"yoast-schema-graph\">{\"@context\":\"https:\/\/schema.org\",\"@graph\":[{\"@type\":\"WebPage\",\"@id\":\"https:\/\/lacortehotel.info\/cs\/okoli\/sottomarina-isola-verde-a-rosolina-plaze\/rosolina-mare-plaz-mezi-morem-a-prirodou-v-srdci-delty-padu\/\",\"url\":\"https:\/\/lacortehotel.info\/cs\/okoli\/sottomarina-isola-verde-a-rosolina-plaze\/rosolina-mare-plaz-mezi-morem-a-prirodou-v-srdci-delty-padu\/\",\"name\":\"Rosolina Mare: mo\u0159e, pl\u00e1\u017e a p\u0159\u00edroda v delt\u011b P\u00e1du\",\"isPartOf\":{\"@id\":\"https:\/\/lacortehotel.info\/cs\/#website\"},\"primaryImageOfPage\":{\"@id\":\"https:\/\/lacortehotel.info\/cs\/okoli\/sottomarina-isola-verde-a-rosolina-plaze\/rosolina-mare-plaz-mezi-morem-a-prirodou-v-srdci-delty-padu\/#primaryimage\"},\"image\":{\"@id\":\"https:\/\/lacortehotel.info\/cs\/okoli\/sottomarina-isola-verde-a-rosolina-plaze\/rosolina-mare-plaz-mezi-morem-a-prirodou-v-srdci-delty-padu\/#primaryimage\"},\"thumbnailUrl\":\"https:\/\/lacortehotel.info\/wp-content\/uploads\/2025\/06\/Rosolina.webp\",\"datePublished\":\"2025-06-05T12:31:09+00:00\",\"dateModified\":\"2025-06-05T12:41:45+00:00\",\"description\":\"Objevte Rosolina Mare: dev\u011bt kilometr\u016f pl\u00e1\u017ee, borov\u00e9 lesy, cyklostezky a nedot\u010den\u00e1 p\u0159\u00edroda v srdci region\u00e1ln\u00edho parku Delta del Po.\",\"breadcrumb\":{\"@id\":\"https:\/\/lacortehotel.info\/cs\/okoli\/sottomarina-isola-verde-a-rosolina-plaze\/rosolina-mare-plaz-mezi-morem-a-prirodou-v-srdci-delty-padu\/#breadcrumb\"},\"inLanguage\":\"cs\",\"potentialAction\":[{\"@type\":\"ReadAction\",\"target\":[\"https:\/\/lacortehotel.info\/cs\/okoli\/sottomarina-isola-verde-a-rosolina-plaze\/rosolina-mare-plaz-mezi-morem-a-prirodou-v-srdci-delty-padu\/\"]}]},{\"@type\":\"ImageObject\",\"inLanguage\":\"cs\",\"@id\":\"https:\/\/lacortehotel.info\/cs\/okoli\/sottomarina-isola-verde-a-rosolina-plaze\/rosolina-mare-plaz-mezi-morem-a-prirodou-v-srdci-delty-padu\/#primaryimage\",\"url\":\"https:\/\/lacortehotel.info\/wp-content\/uploads\/2025\/06\/Rosolina.webp\",\"contentUrl\":\"https:\/\/lacortehotel.info\/wp-content\/uploads\/2025\/06\/Rosolina.webp\",\"width\":1920,\"height\":840,\"caption\":\"Rosolina\"},{\"@type\":\"BreadcrumbList\",\"@id\":\"https:\/\/lacortehotel.info\/cs\/okoli\/sottomarina-isola-verde-a-rosolina-plaze\/rosolina-mare-plaz-mezi-morem-a-prirodou-v-srdci-delty-padu\/#breadcrumb\",\"itemListElement\":[{\"@type\":\"ListItem\",\"position\":1,\"name\":\"Home\",\"item\":\"https:\/\/lacortehotel.info\/cs\/\"},{\"@type\":\"ListItem\",\"position\":2,\"name\":\"Okol\u00ed\",\"item\":\"https:\/\/lacortehotel.info\/cs\/okoli\/\"},{\"@type\":\"ListItem\",\"position\":3,\"name\":\"Sottomarina, Isola Verde a Rosolina (pl\u00e1\u017ee)\",\"item\":\"https:\/\/lacortehotel.info\/cs\/okoli\/sottomarina-isola-verde-a-rosolina-plaze\/\"},{\"@type\":\"ListItem\",\"position\":4,\"name\":\"Rosolina Mare: pl\u00e1\u017e mezi mo\u0159em a p\u0159\u00edrodou v srdci delty P\u00e1du\"}]},{\"@type\":\"WebSite\",\"@id\":\"https:\/\/lacortehotel.info\/cs\/#website\",\"url\":\"https:\/\/lacortehotel.info\/cs\/\",\"name\":\"Hotel La Corte\",\"description\":\"V srdci P\u00e1dsk\u00e9 n\u00ed\u017einy... v\u00e1\u0161 druh\u00fd domov!\",\"publisher\":{\"@id\":\"https:\/\/lacortehotel.info\/cs\/#organization\"},\"alternateName\":\"La Corte di Correzzola\",\"potentialAction\":[{\"@type\":\"SearchAction\",\"target\":{\"@type\":\"EntryPoint\",\"urlTemplate\":\"https:\/\/lacortehotel.info\/cs\/?s={search_term_string}\"},\"query-input\":{\"@type\":\"PropertyValueSpecification\",\"valueRequired\":true,\"valueName\":\"search_term_string\"}}],\"inLanguage\":\"cs\"},{\"@type\":\"Organization\",\"@id\":\"https:\/\/lacortehotel.info\/cs\/#organization\",\"name\":\"Hotel la Corte\",\"url\":\"https:\/\/lacortehotel.info\/cs\/\",\"logo\":{\"@type\":\"ImageObject\",\"inLanguage\":\"cs\",\"@id\":\"https:\/\/lacortehotel.info\/cs\/#\/schema\/logo\/image\/\",\"url\":\"https:\/\/lacortehotel.info\/wp-content\/uploads\/2023\/05\/logo-sito-p-e1683800838815.png\",\"contentUrl\":\"https:\/\/lacortehotel.info\/wp-content\/uploads\/2023\/05\/logo-sito-p-e1683800838815.png\",\"width\":100,\"height\":94,\"caption\":\"Hotel la Corte\"},\"image\":{\"@id\":\"https:\/\/lacortehotel.info\/cs\/#\/schema\/logo\/image\/\"},\"sameAs\":[\"https:\/\/www.facebook.com\/pages\/Hotel-La-Corte\/120373951334581\",\"https:\/\/www.instagram.com\/lacortecorrezzola\/\"]}]}<\/script>\n<!-- \/ Yoast SEO plugin. -->","yoast_head_json":{"title":"Rosolina Mare: mo\u0159e, pl\u00e1\u017e a p\u0159\u00edroda v delt\u011b P\u00e1du","description":"Objevte Rosolina Mare: dev\u011bt kilometr\u016f pl\u00e1\u017ee, borov\u00e9 lesy, cyklostezky a nedot\u010den\u00e1 p\u0159\u00edroda v srdci region\u00e1ln\u00edho parku Delta del Po.","robots":{"index":"index","follow":"follow","max-snippet":"max-snippet:-1","max-image-preview":"max-image-preview:large","max-video-preview":"max-video-preview:-1"},"canonical":"https:\/\/lacortehotel.info\/cs\/okoli\/sottomarina-isola-verde-a-rosolina-plaze\/rosolina-mare-plaz-mezi-morem-a-prirodou-v-srdci-delty-padu\/","og_locale":"cs_CZ","og_type":"article","og_title":"Rosolina Mare: mo\u0159e, pl\u00e1\u017e a p\u0159\u00edroda v delt\u011b P\u00e1du","og_description":"Objevte Rosolina Mare: dev\u011bt kilometr\u016f pl\u00e1\u017ee, borov\u00e9 lesy, cyklostezky a nedot\u010den\u00e1 p\u0159\u00edroda v srdci region\u00e1ln\u00edho parku Delta del Po.","og_url":"https:\/\/lacortehotel.info\/cs\/okoli\/sottomarina-isola-verde-a-rosolina-plaze\/rosolina-mare-plaz-mezi-morem-a-prirodou-v-srdci-delty-padu\/","og_site_name":"La Corte Hotel","article_publisher":"https:\/\/www.facebook.com\/pages\/Hotel-La-Corte\/120373951334581","article_modified_time":"2025-06-05T12:41:45+00:00","og_image":[{"width":1920,"height":840,"url":"https:\/\/lacortehotel.info\/wp-content\/uploads\/2025\/06\/Rosolina.webp","type":"image\/webp"}],"twitter_card":"summary_large_image","twitter_misc":{"Odhadovan\u00e1 doba \u010dten\u00ed":"4 minuty"},"schema":{"@context":"https:\/\/schema.org","@graph":[{"@type":"WebPage","@id":"https:\/\/lacortehotel.info\/cs\/okoli\/sottomarina-isola-verde-a-rosolina-plaze\/rosolina-mare-plaz-mezi-morem-a-prirodou-v-srdci-delty-padu\/","url":"https:\/\/lacortehotel.info\/cs\/okoli\/sottomarina-isola-verde-a-rosolina-plaze\/rosolina-mare-plaz-mezi-morem-a-prirodou-v-srdci-delty-padu\/","name":"Rosolina Mare: mo\u0159e, pl\u00e1\u017e a p\u0159\u00edroda v delt\u011b P\u00e1du","isPartOf":{"@id":"https:\/\/lacortehotel.info\/cs\/#website"},"primaryImageOfPage":{"@id":"https:\/\/lacortehotel.info\/cs\/okoli\/sottomarina-isola-verde-a-rosolina-plaze\/rosolina-mare-plaz-mezi-morem-a-prirodou-v-srdci-delty-padu\/#primaryimage"},"image":{"@id":"https:\/\/lacortehotel.info\/cs\/okoli\/sottomarina-isola-verde-a-rosolina-plaze\/rosolina-mare-plaz-mezi-morem-a-prirodou-v-srdci-delty-padu\/#primaryimage"},"thumbnailUrl":"https:\/\/lacortehotel.info\/wp-content\/uploads\/2025\/06\/Rosolina.webp","datePublished":"2025-06-05T12:31:09+00:00","dateModified":"2025-06-05T12:41:45+00:00","description":"Objevte Rosolina Mare: dev\u011bt kilometr\u016f pl\u00e1\u017ee, borov\u00e9 lesy, cyklostezky a nedot\u010den\u00e1 p\u0159\u00edroda v srdci region\u00e1ln\u00edho parku Delta del Po.","breadcrumb":{"@id":"https:\/\/lacortehotel.info\/cs\/okoli\/sottomarina-isola-verde-a-rosolina-plaze\/rosolina-mare-plaz-mezi-morem-a-prirodou-v-srdci-delty-padu\/#breadcrumb"},"inLanguage":"cs","potentialAction":[{"@type":"ReadAction","target":["https:\/\/lacortehotel.info\/cs\/okoli\/sottomarina-isola-verde-a-rosolina-plaze\/rosolina-mare-plaz-mezi-morem-a-prirodou-v-srdci-delty-padu\/"]}]},{"@type":"ImageObject","inLanguage":"cs","@id":"https:\/\/lacortehotel.info\/cs\/okoli\/sottomarina-isola-verde-a-rosolina-plaze\/rosolina-mare-plaz-mezi-morem-a-prirodou-v-srdci-delty-padu\/#primaryimage","url":"https:\/\/lacortehotel.info\/wp-content\/uploads\/2025\/06\/Rosolina.webp","contentUrl":"https:\/\/lacortehotel.info\/wp-content\/uploads\/2025\/06\/Rosolina.webp","width":1920,"height":840,"caption":"Rosolina"},{"@type":"BreadcrumbList","@id":"https:\/\/lacortehotel.info\/cs\/okoli\/sottomarina-isola-verde-a-rosolina-plaze\/rosolina-mare-plaz-mezi-morem-a-prirodou-v-srdci-delty-padu\/#breadcrumb","itemListElement":[{"@type":"ListItem","position":1,"name":"Home","item":"https:\/\/lacortehotel.info\/cs\/"},{"@type":"ListItem","position":2,"name":"Okol\u00ed","item":"https:\/\/lacortehotel.info\/cs\/okoli\/"},{"@type":"ListItem","position":3,"name":"Sottomarina, Isola Verde a Rosolina (pl\u00e1\u017ee)","item":"https:\/\/lacortehotel.info\/cs\/okoli\/sottomarina-isola-verde-a-rosolina-plaze\/"},{"@type":"ListItem","position":4,"name":"Rosolina Mare: pl\u00e1\u017e mezi mo\u0159em a p\u0159\u00edrodou v srdci delty P\u00e1du"}]},{"@type":"WebSite","@id":"https:\/\/lacortehotel.info\/cs\/#website","url":"https:\/\/lacortehotel.info\/cs\/","name":"Hotel La Corte","description":"V srdci P\u00e1dsk\u00e9 n\u00ed\u017einy... v\u00e1\u0161 druh\u00fd domov!","publisher":{"@id":"https:\/\/lacortehotel.info\/cs\/#organization"},"alternateName":"La Corte di Correzzola","potentialAction":[{"@type":"SearchAction","target":{"@type":"EntryPoint","urlTemplate":"https:\/\/lacortehotel.info\/cs\/?s={search_term_string}"},"query-input":{"@type":"PropertyValueSpecification","valueRequired":true,"valueName":"search_term_string"}}],"inLanguage":"cs"},{"@type":"Organization","@id":"https:\/\/lacortehotel.info\/cs\/#organization","name":"Hotel la Corte","url":"https:\/\/lacortehotel.info\/cs\/","logo":{"@type":"ImageObject","inLanguage":"cs","@id":"https:\/\/lacortehotel.info\/cs\/#\/schema\/logo\/image\/","url":"https:\/\/lacortehotel.info\/wp-content\/uploads\/2023\/05\/logo-sito-p-e1683800838815.png","contentUrl":"https:\/\/lacortehotel.info\/wp-content\/uploads\/2023\/05\/logo-sito-p-e1683800838815.png","width":100,"height":94,"caption":"Hotel la Corte"},"image":{"@id":"https:\/\/lacortehotel.info\/cs\/#\/schema\/logo\/image\/"},"sameAs":["https:\/\/www.facebook.com\/pages\/Hotel-La-Corte\/120373951334581","https:\/\/www.instagram.com\/lacortecorrezzola\/"]}]}},"_links":{"self":[{"href":"https:\/\/lacortehotel.info\/cs\/wp-json\/wp\/v2\/pages\/1972","targetHints":{"allow":["GET"]}}],"collection":[{"href":"https:\/\/lacortehotel.info\/cs\/wp-json\/wp\/v2\/pages"}],"about":[{"href":"https:\/\/lacortehotel.info\/cs\/wp-json\/wp\/v2\/types\/page"}],"author":[{"embeddable":true,"href":"https:\/\/lacortehotel.info\/cs\/wp-json\/wp\/v2\/users\/2"}],"replies":[{"embeddable":true,"href":"https:\/\/lacortehotel.info\/cs\/wp-json\/wp\/v2\/comments?post=1972"}],"version-history":[{"count":1,"href":"https:\/\/lacortehotel.info\/cs\/wp-json\/wp\/v2\/pages\/1972\/revisions"}],"predecessor-version":[{"id":1980,"href":"https:\/\/lacortehotel.info\/cs\/wp-json\/wp\/v2\/pages\/1972\/revisions\/1980"}],"up":[{"embeddable":true,"href":"https:\/\/lacortehotel.info\/cs\/wp-json\/wp\/v2\/pages\/634"}],"wp:featuredmedia":[{"embeddable":true,"href":"https:\/\/lacortehotel.info\/cs\/wp-json\/wp\/v2\/media\/1968"}],"wp:attachment":[{"href":"https:\/\/lacortehotel.info\/cs\/wp-json\/wp\/v2\/media?parent=1972"}],"curies":[{"name":"wp","href":"https:\/\/api.w.org\/{rel}","templated":true}]}}