{"id":1873,"date":"2025-06-04T12:51:57","date_gmt":"2025-06-04T12:51:57","guid":{"rendered":"https:\/\/lacortehotel.info\/okoli\/benatky-a-chioggia\/scoprire-chioggia-in-giornata-la-piccola-venezia-tra-mare-e-tradizione\/"},"modified":"2025-06-04T13:14:30","modified_gmt":"2025-06-04T13:14:30","slug":"objevte-chioggia-za-jeden-den-male-benatky-u-more","status":"publish","type":"page","link":"https:\/\/lacortehotel.info\/cs\/okoli\/benatky-a-chioggia\/objevte-chioggia-za-jeden-den-male-benatky-u-more\/","title":{"rendered":"Objevte Chioggia za jeden den: mal\u00e9 Ben\u00e1tky u mo\u0159e"},"content":{"rendered":"\n<p><strong>Chioggia<\/strong>, p\u0159ezd\u00edvan\u00e1 <em>mal\u00e9 <a href=\"https:\/\/lacortehotel.info\/cs\/okoli\/benatky-a-chioggia\/navsteva-benatek-za-jeden-den-co-videt-a-jak-se-tam-dostat-z-hotelu-la-corte\/\">Ben\u00e1tky<\/a><\/em>, je lagunov\u00e9 m\u011bsto pln\u00e9 autenticity, historie a atmosf\u00e9ry. D\u00edky sv\u00fdm kan\u00e1l\u016fm, kamenn\u00fdm most\u016fm, pestr\u00fdm trh\u016fm a p\u0159\u00edm\u00e9mu p\u0159\u00edstupu k mo\u0159i je ide\u00e1ln\u00edm c\u00edlem pro jednodenn\u00ed v\u00fdlet. Z <strong>hotelu La Corte<\/strong> se sem dostanete snadno a u\u017eijete si jedno z nejp\u016fvabn\u011bj\u0161\u00edch m\u011bst ji\u017en\u00edho Ben\u00e1tska.<\/p>\n\n\n\n<h3 class=\"wp-block-heading\">Pro\u010d nav\u0161t\u00edvit Chioggia<\/h3>\n\n\n\n<p>Chioggia je m\u00e9n\u011b turistick\u00e1 ne\u017e Ben\u00e1tky, ale rozhodn\u011b nen\u00ed m\u00e9n\u011b p\u016fsobiv\u00e1. Je to <strong>skute\u010dn\u00e9 ryb\u00e1\u0159sk\u00e9 m\u011bsto<\/strong>, hluboce spjat\u00e9 s lagunou a mo\u0159em, s historick\u00fdm centrem, kter\u00e9 prot\u00ednaj\u00ed paraleln\u00ed kan\u00e1ly spojen\u00e9 p\u011b\u0161\u00edmi mosty \u2013 velmi podobn\u00e9 t\u011bm ben\u00e1tsk\u00fdm.<\/p>\n\n\n\n<p>Zde v\u0161ak uc\u00edt\u00edte <strong>autenti\u010dt\u011bj\u0161\u00ed atmosf\u00e9ru<\/strong>: hlasy trhovc\u016f, ryb\u00e1\u0159\u016f, v\u016fni mo\u0159e a ka\u017edodenn\u00ed \u017eivot, kter\u00fd je st\u00e1le pevn\u011b zako\u0159en\u011bn\u00fd v tradici. Perfektn\u00ed rovnov\u00e1ha mezi historick\u00fdm kouzlem a skute\u010dn\u00fdm \u017eivotem m\u00edstn\u00edch obyvatel.<\/p>\n\n\n\n<h3 class=\"wp-block-heading\">Co vid\u011bt v Chioggia za jeden den<\/h3>\n\n\n\n<p>Za jedin\u00fd den stihnete nav\u0161t\u00edvit hlavn\u00ed pam\u00e1tky m\u011bsta a pono\u0159it se do jeho \u017eiv\u00e9 atmosf\u00e9ry:<\/p>\n\n\n\n<h4 class=\"wp-block-heading\">Corso del Popolo a historick\u00e9 centrum<\/h4>\n\n\n\n<p>Hlavn\u00ed m\u011bstskou tepnou je <strong>Corso del Popolo<\/strong>, dlouh\u00e1 p\u011b\u0161\u00ed z\u00f3na lemovan\u00e1 kostely, pal\u00e1ci, kav\u00e1rnami a mal\u00fdmi obch\u016fdky. Odtud vedou \u00fazk\u00e9 uli\u010dky k malebn\u00fdm kan\u00e1l\u016fm \u2013 ide\u00e1ln\u00ed pro proch\u00e1zku nebo kr\u00e1sn\u00e9 fotografie.<\/p>\n\n\n\n<h4 class=\"wp-block-heading\">Ryb\u00ed trh<\/h4>\n\n\n\n<p>Nenechte si uj\u00edt <strong><a href=\"https:\/\/www.chioggiapesca.com\/\">ryb\u00ed trh <\/a>(<em>Mercato ittico al minuto<\/em>)<\/strong> \u2013 skute\u010dnou instituci m\u011bsta. Je otev\u0159en\u00fd ka\u017ed\u00e9 r\u00e1no a nab\u00edz\u00ed \u0161irok\u00fd v\u00fdb\u011br \u010derstv\u00fdch a sez\u00f3nn\u00edch ryb. Je to ide\u00e1ln\u00ed m\u00edsto, kde pochop\u00edte, <strong>jak d\u016fle\u017eit\u00fd je rybolov<\/strong> pro m\u00edstn\u00ed ekonomiku.<\/p>\n\n\n\n<h4 class=\"wp-block-heading\">Hodinov\u00e1 v\u011b\u017e a m\u011bstsk\u00e9 muzeum<\/h4>\n\n\n\n<p><strong>Hodinov\u00e1 v\u011b\u017e svat\u00e9ho Ond\u0159eje (Torre dell\u2019Orologio di Sant\u2019Andrea)<\/strong> je jednou z ikonick\u00fdch staveb m\u011bsta. Uvnit\u0159 najdete mal\u00e9 muzeum v\u011bnovan\u00e9 historii m\u011b\u0159en\u00ed \u010dasu a samotn\u00e9 Chioggie. Nedaleko se nach\u00e1z\u00ed <strong>M\u011bstsk\u00e9 muzeum ji\u017en\u00ed laguny<\/strong>, v\u011bnovan\u00e9 lagun\u00e1rn\u00ed kultu\u0159e, tradi\u010dn\u00edm lod\u00edm a \u017eivotu na mo\u0159i.<\/p>\n\n\n\n<h4 class=\"wp-block-heading\">Kan\u00e1ly a mosty<\/h4>\n\n\n\n<p>Chioggii prot\u00ednaj\u00ed malebn\u00e9 kan\u00e1ly, zejm\u00e9na <strong>kan\u00e1l Vena<\/strong>, jeden z nejfotografovan\u011bj\u0161\u00edch d\u00edky <strong>kamenn\u00fdm most\u016fm<\/strong> a ryb\u00e1\u0159sk\u00fdm lod\u00edm kotv\u00edc\u00edm po jeho stran\u00e1ch. Proch\u00e1zka po <strong>most\u011b Ponte Vigo<\/strong> nab\u00edz\u00ed kr\u00e1sn\u00fd v\u00fdhled na lagunu.<\/p>\n\n\n\n<h4 class=\"wp-block-heading\">Pl\u00e1\u017ee a Sottomarina<\/h4>\n\n\n\n<p>Chioggia je p\u0159\u00edmo propojena s <strong>Sottomarinou<\/strong>, jedn\u00edm z nejobl\u00edben\u011bj\u0161\u00edch p\u0159\u00edmo\u0159sk\u00fdch letovisek v Ben\u00e1tsku. Pokud Chioggii nav\u0161t\u00edv\u00edte v l\u00e9t\u011b, m\u016f\u017eete den zakon\u010dit koup\u00e1n\u00edm nebo proch\u00e1zkou po dlouh\u00e9 p\u00eds\u010dit\u00e9 pl\u00e1\u017ei.<\/p>\n\n\n\n<h3 class=\"wp-block-heading\">Ud\u00e1losti a tradice<\/h3>\n\n\n\n<p>Chioggia je tak\u00e9 m\u011bstem ud\u00e1lost\u00ed, z nich\u017e mnoh\u00e9 jsou spojeny s n\u00e1mo\u0159n\u00edmi tradicemi:<\/p>\n\n\n\n<ul class=\"wp-block-list\">\n<li><strong>Ryb\u00e1\u0159sk\u00e9 slavnosti (Sagra del Pesce)<\/strong> v \u010dervenci, kdy se centrum m\u011bsta prom\u011bn\u00ed v jednu velkou gastronomickou slavnost.<\/li>\n\n\n\n<li><strong>Palio della Marciliana<\/strong>, historick\u00fd pr\u016fvod ve st\u0159edov\u011bk\u00e9m stylu s kost\u00fdmy a starobyl\u00fdmi hrami.<\/li>\n\n\n\n<li><strong>Tradi\u010dn\u00ed regaty<\/strong> a n\u00e1bo\u017eensk\u00e9 oslavy na vod\u011b, kter\u00e9 o\u017eivuj\u00ed m\u011bsto po cel\u00fd rok.<\/li>\n<\/ul>\n\n\n\n<h3 class=\"wp-block-heading\">Jak se dostat do Chioggie z hotelu La Corte<\/h3>\n\n\n\n<p>Dostat se do Chioggie z <a href=\"https:\/\/lacortehotel.info\/cs\/kontakty\/\">hotelu La Corte<\/a> je snadn\u00e9:<\/p>\n\n\n\n<ul class=\"wp-block-list\">\n<li><strong>Autem<\/strong>, p\u0159ibli\u017en\u011b za 40 minut p\u0159es Codevigo a Cavarzere.<\/li>\n\n\n\n<li><strong>Autobusem<\/strong>, s p\u0159\u00edm\u00fdmi linkami do <strong><a href=\"https:\/\/lacortehotel.info\/cs\/okoli\/sottomarina-isola-verde-a-rosolina-plaze\/\">Sottomariny<\/a><\/strong>, odkud se d\u00e1 do centra Chioggie doj\u00edt p\u011b\u0161ky nebo m\u00edstn\u00ed dopravou.<\/li>\n<\/ul>\n\n\n\n<p>Hotel je strategick\u00fdm v\u00fdchoz\u00edm bodem pro objevov\u00e1n\u00ed ji\u017en\u00ed laguny \u2013 bez stresu z m\u011bstsk\u00e9ho provozu a s pohodl\u00edm n\u00e1vratu do klidn\u00e9ho a zelen\u00e9ho prost\u0159ed\u00ed.<\/p>\n\n\n\n<h3 class=\"wp-block-heading\">Autentick\u00fd jednodenn\u00ed v\u00fdlet kousek od Ben\u00e1tek<\/h3>\n\n\n\n<p>Chioggia je ide\u00e1ln\u00ed alternativou pro ty, kdo hledaj\u00ed <strong>kr\u00e1su Ben\u00e1tek v autenti\u010dt\u011bj\u0161\u00ed a p\u0159\u00edstupn\u011bj\u0161\u00ed podob\u011b<\/strong>. Proch\u00e1zky pod\u00e9l kan\u00e1l\u016f, ochutn\u00e1vky \u010derstv\u00fdch ryb v m\u00edstn\u00edch restaurac\u00edch, n\u00e1v\u0161t\u011bva trhu nebo odpo\u010dinek na pl\u00e1\u017ei \u2013 to v\u0161e spojuje <strong>kulturu a relax v jedin\u00e9m dni<\/strong>.<\/p>\n\n\n\n<p>Z <strong>hotelu La Corte<\/strong> si m\u016f\u017ee\u0161 u\u017e\u00edt <strong>plnohodnotn\u00fd den<\/strong> pln\u00fd historie, mo\u0159e a ben\u00e1tsk\u00fdch tradic.enete.<\/p>\n","protected":false},"excerpt":{"rendered":"<p>Chioggia, p\u0159ezd\u00edvan\u00e1 mal\u00e9 Ben\u00e1tky, je lagunov\u00e9 m\u011bsto pln\u00e9 autenticity, historie a atmosf\u00e9ry. D\u00edky sv\u00fdm kan\u00e1l\u016fm, kamenn\u00fdm most\u016fm, pestr\u00fdm trh\u016fm a p\u0159\u00edm\u00e9mu p\u0159\u00edstupu k mo\u0159i je ide\u00e1ln\u00edm c\u00edlem pro jednodenn\u00ed v\u00fdlet. Z hotelu La Corte se sem dostanete snadno a u\u017eijete si jedno z nejp\u016fvabn\u011bj\u0161\u00edch m\u011bst ji\u017en\u00edho Ben\u00e1tska. Pro\u010d nav\u0161t\u00edvit Chioggia Chioggia je m\u00e9n\u011b turistick\u00e1 ne\u017e [&hellip;]<\/p>\n","protected":false},"author":2,"featured_media":1681,"parent":647,"menu_order":0,"comment_status":"closed","ping_status":"closed","template":"templates\/lista-figlio.php","meta":{"_acf_changed":false,"inline_featured_image":false,"_joinchat":[],"footnotes":""},"class_list":["post-1873","page","type-page","status-publish","has-post-thumbnail","hentry"],"acf":[],"yoast_head":"<!-- This site is optimized with the Yoast SEO plugin v26.7 - https:\/\/yoast.com\/wordpress\/plugins\/seo\/ -->\n<title>N\u00e1v\u0161t\u011bva Chioggia za jeden den | Hotel La Corte<\/title>\n<meta name=\"description\" content=\"Prozkoumej Chioggia z hotelu La Corte: kan\u00e1ly, mosty, trhy a pl\u00e1\u017ee. Jeden den v mal\u00fdch Ben\u00e1tk\u00e1ch pln\u00fd historie a tradice.\" \/>\n<meta name=\"robots\" content=\"index, follow, max-snippet:-1, max-image-preview:large, max-video-preview:-1\" \/>\n<link rel=\"canonical\" href=\"https:\/\/lacortehotel.info\/cs\/okoli\/benatky-a-chioggia\/objevte-chioggia-za-jeden-den-male-benatky-u-more\/\" \/>\n<meta property=\"og:locale\" content=\"cs_CZ\" \/>\n<meta property=\"og:type\" content=\"article\" \/>\n<meta property=\"og:title\" content=\"N\u00e1v\u0161t\u011bva Chioggia za jeden den | Hotel La Corte\" \/>\n<meta property=\"og:description\" content=\"Prozkoumej Chioggia z hotelu La Corte: kan\u00e1ly, mosty, trhy a pl\u00e1\u017ee. Jeden den v mal\u00fdch Ben\u00e1tk\u00e1ch pln\u00fd historie a tradice.\" \/>\n<meta property=\"og:url\" content=\"https:\/\/lacortehotel.info\/cs\/okoli\/benatky-a-chioggia\/objevte-chioggia-za-jeden-den-male-benatky-u-more\/\" \/>\n<meta property=\"og:site_name\" content=\"La Corte Hotel\" \/>\n<meta property=\"article:publisher\" content=\"https:\/\/www.facebook.com\/pages\/Hotel-La-Corte\/120373951334581\" \/>\n<meta property=\"article:modified_time\" content=\"2025-06-04T13:14:30+00:00\" \/>\n<meta property=\"og:image\" content=\"https:\/\/lacortehotel.info\/wp-content\/uploads\/2025\/04\/chioggia.webp\" \/>\n\t<meta property=\"og:image:width\" content=\"2560\" \/>\n\t<meta property=\"og:image:height\" content=\"1440\" \/>\n\t<meta property=\"og:image:type\" content=\"image\/webp\" \/>\n<meta name=\"twitter:card\" content=\"summary_large_image\" \/>\n<meta name=\"twitter:label1\" content=\"Odhadovan\u00e1 doba \u010dten\u00ed\" \/>\n\t<meta name=\"twitter:data1\" content=\"3 minuty\" \/>\n<script type=\"application\/ld+json\" class=\"yoast-schema-graph\">{\"@context\":\"https:\/\/schema.org\",\"@graph\":[{\"@type\":\"WebPage\",\"@id\":\"https:\/\/lacortehotel.info\/cs\/okoli\/benatky-a-chioggia\/objevte-chioggia-za-jeden-den-male-benatky-u-more\/\",\"url\":\"https:\/\/lacortehotel.info\/cs\/okoli\/benatky-a-chioggia\/objevte-chioggia-za-jeden-den-male-benatky-u-more\/\",\"name\":\"N\u00e1v\u0161t\u011bva Chioggia za jeden den | Hotel La Corte\",\"isPartOf\":{\"@id\":\"https:\/\/lacortehotel.info\/cs\/#website\"},\"primaryImageOfPage\":{\"@id\":\"https:\/\/lacortehotel.info\/cs\/okoli\/benatky-a-chioggia\/objevte-chioggia-za-jeden-den-male-benatky-u-more\/#primaryimage\"},\"image\":{\"@id\":\"https:\/\/lacortehotel.info\/cs\/okoli\/benatky-a-chioggia\/objevte-chioggia-za-jeden-den-male-benatky-u-more\/#primaryimage\"},\"thumbnailUrl\":\"https:\/\/lacortehotel.info\/wp-content\/uploads\/2025\/04\/chioggia.webp\",\"datePublished\":\"2025-06-04T12:51:57+00:00\",\"dateModified\":\"2025-06-04T13:14:30+00:00\",\"description\":\"Prozkoumej Chioggia z hotelu La Corte: kan\u00e1ly, mosty, trhy a pl\u00e1\u017ee. Jeden den v mal\u00fdch Ben\u00e1tk\u00e1ch pln\u00fd historie a tradice.\",\"breadcrumb\":{\"@id\":\"https:\/\/lacortehotel.info\/cs\/okoli\/benatky-a-chioggia\/objevte-chioggia-za-jeden-den-male-benatky-u-more\/#breadcrumb\"},\"inLanguage\":\"cs\",\"potentialAction\":[{\"@type\":\"ReadAction\",\"target\":[\"https:\/\/lacortehotel.info\/cs\/okoli\/benatky-a-chioggia\/objevte-chioggia-za-jeden-den-male-benatky-u-more\/\"]}]},{\"@type\":\"ImageObject\",\"inLanguage\":\"cs\",\"@id\":\"https:\/\/lacortehotel.info\/cs\/okoli\/benatky-a-chioggia\/objevte-chioggia-za-jeden-den-male-benatky-u-more\/#primaryimage\",\"url\":\"https:\/\/lacortehotel.info\/wp-content\/uploads\/2025\/04\/chioggia.webp\",\"contentUrl\":\"https:\/\/lacortehotel.info\/wp-content\/uploads\/2025\/04\/chioggia.webp\",\"width\":2560,\"height\":1440,\"caption\":\"Chioggia\"},{\"@type\":\"BreadcrumbList\",\"@id\":\"https:\/\/lacortehotel.info\/cs\/okoli\/benatky-a-chioggia\/objevte-chioggia-za-jeden-den-male-benatky-u-more\/#breadcrumb\",\"itemListElement\":[{\"@type\":\"ListItem\",\"position\":1,\"name\":\"Home\",\"item\":\"https:\/\/lacortehotel.info\/cs\/\"},{\"@type\":\"ListItem\",\"position\":2,\"name\":\"Okol\u00ed\",\"item\":\"https:\/\/lacortehotel.info\/cs\/okoli\/\"},{\"@type\":\"ListItem\",\"position\":3,\"name\":\"Ben\u00e1tky a Chioggia\",\"item\":\"https:\/\/lacortehotel.info\/cs\/okoli\/benatky-a-chioggia\/\"},{\"@type\":\"ListItem\",\"position\":4,\"name\":\"Objevte Chioggia za jeden den: mal\u00e9 Ben\u00e1tky u mo\u0159e\"}]},{\"@type\":\"WebSite\",\"@id\":\"https:\/\/lacortehotel.info\/cs\/#website\",\"url\":\"https:\/\/lacortehotel.info\/cs\/\",\"name\":\"Hotel La Corte\",\"description\":\"V srdci P\u00e1dsk\u00e9 n\u00ed\u017einy... v\u00e1\u0161 druh\u00fd domov!\",\"publisher\":{\"@id\":\"https:\/\/lacortehotel.info\/cs\/#organization\"},\"alternateName\":\"La Corte di Correzzola\",\"potentialAction\":[{\"@type\":\"SearchAction\",\"target\":{\"@type\":\"EntryPoint\",\"urlTemplate\":\"https:\/\/lacortehotel.info\/cs\/?s={search_term_string}\"},\"query-input\":{\"@type\":\"PropertyValueSpecification\",\"valueRequired\":true,\"valueName\":\"search_term_string\"}}],\"inLanguage\":\"cs\"},{\"@type\":\"Organization\",\"@id\":\"https:\/\/lacortehotel.info\/cs\/#organization\",\"name\":\"Hotel la Corte\",\"url\":\"https:\/\/lacortehotel.info\/cs\/\",\"logo\":{\"@type\":\"ImageObject\",\"inLanguage\":\"cs\",\"@id\":\"https:\/\/lacortehotel.info\/cs\/#\/schema\/logo\/image\/\",\"url\":\"https:\/\/lacortehotel.info\/wp-content\/uploads\/2023\/05\/logo-sito-p-e1683800838815.png\",\"contentUrl\":\"https:\/\/lacortehotel.info\/wp-content\/uploads\/2023\/05\/logo-sito-p-e1683800838815.png\",\"width\":100,\"height\":94,\"caption\":\"Hotel la Corte\"},\"image\":{\"@id\":\"https:\/\/lacortehotel.info\/cs\/#\/schema\/logo\/image\/\"},\"sameAs\":[\"https:\/\/www.facebook.com\/pages\/Hotel-La-Corte\/120373951334581\",\"https:\/\/www.instagram.com\/lacortecorrezzola\/\"]}]}<\/script>\n<!-- \/ Yoast SEO plugin. -->","yoast_head_json":{"title":"N\u00e1v\u0161t\u011bva Chioggia za jeden den | Hotel La Corte","description":"Prozkoumej Chioggia z hotelu La Corte: kan\u00e1ly, mosty, trhy a pl\u00e1\u017ee. Jeden den v mal\u00fdch Ben\u00e1tk\u00e1ch pln\u00fd historie a tradice.","robots":{"index":"index","follow":"follow","max-snippet":"max-snippet:-1","max-image-preview":"max-image-preview:large","max-video-preview":"max-video-preview:-1"},"canonical":"https:\/\/lacortehotel.info\/cs\/okoli\/benatky-a-chioggia\/objevte-chioggia-za-jeden-den-male-benatky-u-more\/","og_locale":"cs_CZ","og_type":"article","og_title":"N\u00e1v\u0161t\u011bva Chioggia za jeden den | Hotel La Corte","og_description":"Prozkoumej Chioggia z hotelu La Corte: kan\u00e1ly, mosty, trhy a pl\u00e1\u017ee. Jeden den v mal\u00fdch Ben\u00e1tk\u00e1ch pln\u00fd historie a tradice.","og_url":"https:\/\/lacortehotel.info\/cs\/okoli\/benatky-a-chioggia\/objevte-chioggia-za-jeden-den-male-benatky-u-more\/","og_site_name":"La Corte Hotel","article_publisher":"https:\/\/www.facebook.com\/pages\/Hotel-La-Corte\/120373951334581","article_modified_time":"2025-06-04T13:14:30+00:00","og_image":[{"width":2560,"height":1440,"url":"https:\/\/lacortehotel.info\/wp-content\/uploads\/2025\/04\/chioggia.webp","type":"image\/webp"}],"twitter_card":"summary_large_image","twitter_misc":{"Odhadovan\u00e1 doba \u010dten\u00ed":"3 minuty"},"schema":{"@context":"https:\/\/schema.org","@graph":[{"@type":"WebPage","@id":"https:\/\/lacortehotel.info\/cs\/okoli\/benatky-a-chioggia\/objevte-chioggia-za-jeden-den-male-benatky-u-more\/","url":"https:\/\/lacortehotel.info\/cs\/okoli\/benatky-a-chioggia\/objevte-chioggia-za-jeden-den-male-benatky-u-more\/","name":"N\u00e1v\u0161t\u011bva Chioggia za jeden den | Hotel La Corte","isPartOf":{"@id":"https:\/\/lacortehotel.info\/cs\/#website"},"primaryImageOfPage":{"@id":"https:\/\/lacortehotel.info\/cs\/okoli\/benatky-a-chioggia\/objevte-chioggia-za-jeden-den-male-benatky-u-more\/#primaryimage"},"image":{"@id":"https:\/\/lacortehotel.info\/cs\/okoli\/benatky-a-chioggia\/objevte-chioggia-za-jeden-den-male-benatky-u-more\/#primaryimage"},"thumbnailUrl":"https:\/\/lacortehotel.info\/wp-content\/uploads\/2025\/04\/chioggia.webp","datePublished":"2025-06-04T12:51:57+00:00","dateModified":"2025-06-04T13:14:30+00:00","description":"Prozkoumej Chioggia z hotelu La Corte: kan\u00e1ly, mosty, trhy a pl\u00e1\u017ee. Jeden den v mal\u00fdch Ben\u00e1tk\u00e1ch pln\u00fd historie a tradice.","breadcrumb":{"@id":"https:\/\/lacortehotel.info\/cs\/okoli\/benatky-a-chioggia\/objevte-chioggia-za-jeden-den-male-benatky-u-more\/#breadcrumb"},"inLanguage":"cs","potentialAction":[{"@type":"ReadAction","target":["https:\/\/lacortehotel.info\/cs\/okoli\/benatky-a-chioggia\/objevte-chioggia-za-jeden-den-male-benatky-u-more\/"]}]},{"@type":"ImageObject","inLanguage":"cs","@id":"https:\/\/lacortehotel.info\/cs\/okoli\/benatky-a-chioggia\/objevte-chioggia-za-jeden-den-male-benatky-u-more\/#primaryimage","url":"https:\/\/lacortehotel.info\/wp-content\/uploads\/2025\/04\/chioggia.webp","contentUrl":"https:\/\/lacortehotel.info\/wp-content\/uploads\/2025\/04\/chioggia.webp","width":2560,"height":1440,"caption":"Chioggia"},{"@type":"BreadcrumbList","@id":"https:\/\/lacortehotel.info\/cs\/okoli\/benatky-a-chioggia\/objevte-chioggia-za-jeden-den-male-benatky-u-more\/#breadcrumb","itemListElement":[{"@type":"ListItem","position":1,"name":"Home","item":"https:\/\/lacortehotel.info\/cs\/"},{"@type":"ListItem","position":2,"name":"Okol\u00ed","item":"https:\/\/lacortehotel.info\/cs\/okoli\/"},{"@type":"ListItem","position":3,"name":"Ben\u00e1tky a Chioggia","item":"https:\/\/lacortehotel.info\/cs\/okoli\/benatky-a-chioggia\/"},{"@type":"ListItem","position":4,"name":"Objevte Chioggia za jeden den: mal\u00e9 Ben\u00e1tky u mo\u0159e"}]},{"@type":"WebSite","@id":"https:\/\/lacortehotel.info\/cs\/#website","url":"https:\/\/lacortehotel.info\/cs\/","name":"Hotel La Corte","description":"V srdci P\u00e1dsk\u00e9 n\u00ed\u017einy... v\u00e1\u0161 druh\u00fd domov!","publisher":{"@id":"https:\/\/lacortehotel.info\/cs\/#organization"},"alternateName":"La Corte di Correzzola","potentialAction":[{"@type":"SearchAction","target":{"@type":"EntryPoint","urlTemplate":"https:\/\/lacortehotel.info\/cs\/?s={search_term_string}"},"query-input":{"@type":"PropertyValueSpecification","valueRequired":true,"valueName":"search_term_string"}}],"inLanguage":"cs"},{"@type":"Organization","@id":"https:\/\/lacortehotel.info\/cs\/#organization","name":"Hotel la Corte","url":"https:\/\/lacortehotel.info\/cs\/","logo":{"@type":"ImageObject","inLanguage":"cs","@id":"https:\/\/lacortehotel.info\/cs\/#\/schema\/logo\/image\/","url":"https:\/\/lacortehotel.info\/wp-content\/uploads\/2023\/05\/logo-sito-p-e1683800838815.png","contentUrl":"https:\/\/lacortehotel.info\/wp-content\/uploads\/2023\/05\/logo-sito-p-e1683800838815.png","width":100,"height":94,"caption":"Hotel la Corte"},"image":{"@id":"https:\/\/lacortehotel.info\/cs\/#\/schema\/logo\/image\/"},"sameAs":["https:\/\/www.facebook.com\/pages\/Hotel-La-Corte\/120373951334581","https:\/\/www.instagram.com\/lacortecorrezzola\/"]}]}},"_links":{"self":[{"href":"https:\/\/lacortehotel.info\/cs\/wp-json\/wp\/v2\/pages\/1873","targetHints":{"allow":["GET"]}}],"collection":[{"href":"https:\/\/lacortehotel.info\/cs\/wp-json\/wp\/v2\/pages"}],"about":[{"href":"https:\/\/lacortehotel.info\/cs\/wp-json\/wp\/v2\/types\/page"}],"author":[{"embeddable":true,"href":"https:\/\/lacortehotel.info\/cs\/wp-json\/wp\/v2\/users\/2"}],"replies":[{"embeddable":true,"href":"https:\/\/lacortehotel.info\/cs\/wp-json\/wp\/v2\/comments?post=1873"}],"version-history":[{"count":1,"href":"https:\/\/lacortehotel.info\/cs\/wp-json\/wp\/v2\/pages\/1873\/revisions"}],"predecessor-version":[{"id":1883,"href":"https:\/\/lacortehotel.info\/cs\/wp-json\/wp\/v2\/pages\/1873\/revisions\/1883"}],"up":[{"embeddable":true,"href":"https:\/\/lacortehotel.info\/cs\/wp-json\/wp\/v2\/pages\/647"}],"wp:featuredmedia":[{"embeddable":true,"href":"https:\/\/lacortehotel.info\/cs\/wp-json\/wp\/v2\/media\/1681"}],"wp:attachment":[{"href":"https:\/\/lacortehotel.info\/cs\/wp-json\/wp\/v2\/media?parent=1873"}],"curies":[{"name":"wp","href":"https:\/\/api.w.org\/{rel}","templated":true}]}}