{"id":1341,"date":"2025-04-15T07:30:59","date_gmt":"2025-04-15T07:30:59","guid":{"rendered":"https:\/\/lacortehotel.info\/soggiorno-in-bici\/"},"modified":"2025-04-16T08:07:58","modified_gmt":"2025-04-16T08:07:58","slug":"cyklisticky-pobyt","status":"publish","type":"page","link":"https:\/\/lacortehotel.info\/cs\/okoli\/cyklisticky-pobyt\/","title":{"rendered":"Cyklistick\u00fd pobyt mezi hr\u00e1zemi a krajinou Ben\u00e1tska"},"content":{"rendered":"\n<p><strong>Cyklistick\u00fd pobyt mezi hr\u00e1zemi a krajinou Ben\u00e1tska: Hotel La Corte je ide\u00e1ln\u00ed zast\u00e1vkou pro cyklisty a milovn\u00edky p\u0159\u00edrody<\/strong><\/p>\n\n\n\n<p>J\u00edzda na kole je jedn\u00edm z nejlep\u0161\u00edch zp\u016fsob\u016f, jak poznat <strong>ben\u00e1tsk\u00fd venkov<\/strong>. V Correzzole, v provincii Padova, m\u016f\u017eete \u0161lapat pod\u00e9l \u0159\u00ed\u010dn\u00edch hr\u00e1z\u00ed, b\u00edl\u00fdch \u0161t\u011brkov\u00fdch cest a klidn\u00fdch cyklostezek, kter\u00e9 se vinou mezi kan\u00e1ly, poli a vesnicemi.<\/p>\n\n\n\n<p><strong>Hotel La Corte<\/strong> se nach\u00e1z\u00ed ve strategick\u00e9 poloze pro ty, kdo cestuj\u00ed na kole: je to <strong>pohodln\u00e1, bezpe\u010dn\u00e1 a klidn\u00e1 zast\u00e1vka<\/strong> s ve\u0161ker\u00fdm z\u00e1zem\u00edm pro jednotlivce, p\u00e1ry i men\u0161\u00ed skupiny.<\/p>\n\n\n\n<p>A\u0165 u\u017e jste na d\u00e1lkov\u00e9 trase, na aktivn\u00ed dovolen\u00e9 nebo jen objevujete okol\u00ed, u n\u00e1s najdete <strong>p\u0159ijet\u00ed, klid a ka\u017ed\u00fd den nov\u00e9 trasy k prozkoum\u00e1n\u00ed<\/strong>.<\/p>\n\n\n\n<h3 class=\"wp-block-heading\">Pro\u010d si cyklist\u00e9 vyb\u00edraj\u00ed hotel La Corte<\/h3>\n\n\n\n<p>Jsme cyklist\u016fm p\u0159\u00e1telsk\u00fd hotel a nab\u00edz\u00edme:<\/p>\n\n\n\n<ul class=\"wp-block-list\">\n<li><strong>Kryt\u00e1 a zabezpe\u010den\u00e1 kol\u00e1rna<\/strong>, zdarma<\/li>\n\n\n\n<li><strong>M\u00edsto pro myt\u00ed kol a z\u00e1kladn\u00ed \u00fadr\u017ebu<\/strong><\/li>\n\n\n\n<li><strong>V\u00fd\u017eivn\u00e1 sn\u00eddan\u011b<\/strong>, mo\u017enost brzk\u00e9ho pod\u00e1v\u00e1n\u00ed<\/li>\n\n\n\n<li><strong>Tich\u00e9 a pohodln\u00e9 <a href=\"https:\/\/lacortehotel.info\/cs\/pokoje\/\">pokoje<\/a><\/strong>, ide\u00e1ln\u00ed pro odpo\u010dinek po j\u00edzd\u011b<\/li>\n\n\n\n<li><strong>Mo\u017enost bal\u00ed\u010dku s ob\u011bdem<\/strong>, na vy\u017e\u00e1d\u00e1n\u00ed<\/li>\n<\/ul>\n\n\n\n<p>R\u00e1di v\u00e1m doporu\u010d\u00edme i trasy podle va\u0161\u00ed kondice, d\u00e9lky pobytu nebo obl\u00edben\u00e9ho stylu j\u00edzdy.<\/p>\n\n\n\n<h3 class=\"wp-block-heading\">Doporu\u010den\u00e9 cyklotrasy v okol\u00ed<\/h3>\n\n\n\n<p>Z hotelu La Corte se snadno dostanete na:<\/p>\n\n\n\n<ul class=\"wp-block-list\">\n<li><a href=\"https:\/\/lacortehotel.info\/cs\/kde-prespat-na-trase-via-del-sale-e-dello-zucchero\/\"><strong>Cestu soli a cukru<\/strong> mezi Padovou a Chioggi\u00ed<\/a> (<em>Via del Sale e dello Zucchero<\/em>)<\/li>\n\n\n\n<li>Cyklostezky v oblasti <strong>Saccisica<\/strong>, kolem Piove di Sacco, Codevigo a Pontelonga<\/li>\n\n\n\n<li>Hr\u00e1ze \u0159ek <strong>Brenta a Bacchiglione<\/strong>, tich\u00e9 a malebn\u00e9<\/li>\n\n\n\n<li>B\u00edl\u00e9 venkovsk\u00e9 cesty a historick\u00e9 \u201ecasoni\u201c v okol\u00ed Correzzoly<\/li>\n\n\n\n<li>Napojen\u00ed na <strong>Brentskou cyklotrasu<\/strong> nebo <strong>Romea Strata<\/strong><\/li>\n<\/ul>\n\n\n\n<p>Trasy jsou vhodn\u00e9 pro rodiny, sportovce i v\u00edkendov\u00e9 v\u00fdletn\u00edky.<\/p>\n\n\n\n<h3 class=\"wp-block-heading\">Slu\u017eby pro cyklisty<\/h3>\n\n\n\n<p>Mysl\u00edme na v\u0161echno, co cyklista pot\u0159ebuje:<\/p>\n\n\n\n<ul class=\"wp-block-list\">\n<li><strong>Parkovi\u0161t\u011b pro auta a cyklop\u0159\u00edv\u011bsy<\/strong><\/li>\n\n\n\n<li><strong>Wi-Fi zdarma<\/strong>, ide\u00e1ln\u00ed pro pl\u00e1nov\u00e1n\u00ed tras a GPX<\/li>\n\n\n\n<li><strong>Spolupracuj\u00edc\u00ed restaurace pobl\u00ed\u017e<\/strong>, ide\u00e1ln\u00ed na ve\u010de\u0159i<\/li>\n\n\n\n<li><strong>Z\u00e1kladn\u00ed cykloservisn\u00ed sada<\/strong>, s pumpou a n\u00e1hradn\u00edmi d\u00edly<\/li>\n\n\n\n<li><strong>Kontakty na m\u00edstn\u00ed cykloservisy<\/strong>, p\u0159i v\u011bt\u0161\u00edch probl\u00e9mech<\/li>\n<\/ul>\n\n\n\n<p>Pokud jen proj\u00ed\u017ed\u00edte, m\u016f\u017eete si u n\u00e1s <strong>odpo\u010dinout na jednu noc a r\u00e1no pokra\u010dovat d\u00e1l<\/strong>.<\/p>\n\n\n\n<h3 class=\"wp-block-heading\">Vhodn\u00e9 i pro skupiny<\/h3>\n\n\n\n<p>R\u00e1di p\u0159iv\u00edt\u00e1me:<\/p>\n\n\n\n<ul class=\"wp-block-list\">\n<li><strong>Organizovan\u00e9 cyklistick\u00e9 skupiny<\/strong>, s pr\u016fvodcem nebo bez<\/li>\n\n\n\n<li><strong>Sportovn\u00ed kluby<\/strong>, s nab\u00eddkou na m\u00edru<\/li>\n\n\n\n<li><strong>Sm\u00ed\u0161en\u00e9 skupiny <a href=\"https:\/\/lacortehotel.info\/cs\/poutniky-a-pesi-cestovatele\/\">p\u011b\u0161\u00edch<\/a> a <a href=\"https:\/\/lacortehotel.info\/cs\/na-kole-correzzolou\/\">cyklist\u016f<\/a><\/strong><\/li>\n\n\n\n<li><strong>Soukrom\u00e9 akce spojen\u00e9 s cykloturistikou<\/strong><\/li>\n<\/ul>\n\n\n\n<p>Na po\u017e\u00e1d\u00e1n\u00ed nab\u00edz\u00edme <strong>skupinov\u00e9 ceny, brzk\u00e9 sn\u00eddan\u011b, \u00faschovnu zavazadel<\/strong> i prostory pro porady.<\/p>\n\n\n\n<h3 class=\"wp-block-heading\">Cyklistick\u00fd pobyt: Jak si rezervovat cyklopobyt<\/h3>\n\n\n\n<p>Rezervuj online nebo n\u00e1s kontaktuj pro nab\u00eddku na m\u00edru. R\u00e1di se p\u0159izp\u016fsob\u00edme: od \u010dasy sn\u00eddan\u011b, p\u0159es e-bike, a\u017e po speci\u00e1ln\u00ed stravu.<\/p>\n\n\n\n<p><strong><a href=\"https:\/\/lacortehotel.info\/cs\/\">Hotel La Corte je tv\u00e1 cyklistick\u00e1 z\u00e1kladna v srdci ben\u00e1tsk\u00e9ho venkova<\/a>.<\/strong><br>Vyje\u010f pr\u00e1v\u011b odsud \u2013 ka\u017ed\u00fd den t\u011b \u010dek\u00e1 nov\u00e1 krajina.<\/p>\n","protected":false},"excerpt":{"rendered":"<p>Cyklistick\u00fd pobyt mezi hr\u00e1zemi a krajinou Ben\u00e1tska: Hotel La Corte je ide\u00e1ln\u00ed zast\u00e1vkou pro cyklisty a milovn\u00edky p\u0159\u00edrody J\u00edzda na kole je jedn\u00edm z nejlep\u0161\u00edch zp\u016fsob\u016f, jak poznat ben\u00e1tsk\u00fd venkov. V Correzzole, v provincii Padova, m\u016f\u017eete \u0161lapat pod\u00e9l \u0159\u00ed\u010dn\u00edch hr\u00e1z\u00ed, b\u00edl\u00fdch \u0161t\u011brkov\u00fdch cest a klidn\u00fdch cyklostezek, kter\u00e9 se vinou mezi kan\u00e1ly, poli a vesnicemi. Hotel [&hellip;]<\/p>\n","protected":false},"author":2,"featured_media":1726,"parent":596,"menu_order":0,"comment_status":"closed","ping_status":"closed","template":"templates\/lista-figlio.php","meta":{"_acf_changed":false,"inline_featured_image":false,"_joinchat":[],"footnotes":""},"class_list":["post-1341","page","type-page","status-publish","has-post-thumbnail","hentry"],"acf":[],"yoast_head":"<!-- This site is optimized with the Yoast SEO plugin v26.7 - https:\/\/yoast.com\/wordpress\/plugins\/seo\/ -->\n<title>Cyklistick\u00fd pobyt mezi hr\u00e1zemi a krajinou Ben\u00e1tska - La Corte Hotel<\/title>\n<meta name=\"description\" content=\"Cyklistick\u00fd pobyt v Ben\u00e1tsku. Hotel La Corte nab\u00edz\u00ed kol\u00e1rnu, sn\u00eddani, trasy a klid. Ide\u00e1ln\u00ed m\u00edsto pro tvou cyklistickou zast\u00e1vku.\" \/>\n<meta name=\"robots\" content=\"index, follow, max-snippet:-1, max-image-preview:large, max-video-preview:-1\" \/>\n<link rel=\"canonical\" href=\"https:\/\/lacortehotel.info\/cs\/okoli\/cyklisticky-pobyt\/\" \/>\n<meta property=\"og:locale\" content=\"cs_CZ\" \/>\n<meta property=\"og:type\" content=\"article\" \/>\n<meta property=\"og:title\" content=\"Cyklistick\u00fd pobyt mezi hr\u00e1zemi a krajinou Ben\u00e1tska - La Corte Hotel\" \/>\n<meta property=\"og:description\" content=\"Cyklistick\u00fd pobyt v Ben\u00e1tsku. Hotel La Corte nab\u00edz\u00ed kol\u00e1rnu, sn\u00eddani, trasy a klid. Ide\u00e1ln\u00ed m\u00edsto pro tvou cyklistickou zast\u00e1vku.\" \/>\n<meta property=\"og:url\" content=\"https:\/\/lacortehotel.info\/cs\/okoli\/cyklisticky-pobyt\/\" \/>\n<meta property=\"og:site_name\" content=\"La Corte Hotel\" \/>\n<meta property=\"article:publisher\" content=\"https:\/\/www.facebook.com\/pages\/Hotel-La-Corte\/120373951334581\" \/>\n<meta property=\"article:modified_time\" content=\"2025-04-16T08:07:58+00:00\" \/>\n<meta property=\"og:image\" content=\"https:\/\/lacortehotel.info\/wp-content\/uploads\/2025\/04\/bici-1920x840-1.webp\" \/>\n\t<meta property=\"og:image:width\" content=\"1920\" \/>\n\t<meta property=\"og:image:height\" content=\"840\" \/>\n\t<meta property=\"og:image:type\" content=\"image\/webp\" \/>\n<meta name=\"twitter:card\" content=\"summary_large_image\" \/>\n<meta name=\"twitter:label1\" content=\"Odhadovan\u00e1 doba \u010dten\u00ed\" \/>\n\t<meta name=\"twitter:data1\" content=\"3 minuty\" \/>\n<script type=\"application\/ld+json\" class=\"yoast-schema-graph\">{\"@context\":\"https:\/\/schema.org\",\"@graph\":[{\"@type\":\"WebPage\",\"@id\":\"https:\/\/lacortehotel.info\/cs\/okoli\/cyklisticky-pobyt\/\",\"url\":\"https:\/\/lacortehotel.info\/cs\/okoli\/cyklisticky-pobyt\/\",\"name\":\"Cyklistick\u00fd pobyt mezi hr\u00e1zemi a krajinou Ben\u00e1tska - La Corte Hotel\",\"isPartOf\":{\"@id\":\"https:\/\/lacortehotel.info\/cs\/#website\"},\"primaryImageOfPage\":{\"@id\":\"https:\/\/lacortehotel.info\/cs\/okoli\/cyklisticky-pobyt\/#primaryimage\"},\"image\":{\"@id\":\"https:\/\/lacortehotel.info\/cs\/okoli\/cyklisticky-pobyt\/#primaryimage\"},\"thumbnailUrl\":\"https:\/\/lacortehotel.info\/wp-content\/uploads\/2025\/04\/cicloturismo.webp\",\"datePublished\":\"2025-04-15T07:30:59+00:00\",\"dateModified\":\"2025-04-16T08:07:58+00:00\",\"description\":\"Cyklistick\u00fd pobyt v Ben\u00e1tsku. Hotel La Corte nab\u00edz\u00ed kol\u00e1rnu, sn\u00eddani, trasy a klid. Ide\u00e1ln\u00ed m\u00edsto pro tvou cyklistickou zast\u00e1vku.\",\"breadcrumb\":{\"@id\":\"https:\/\/lacortehotel.info\/cs\/okoli\/cyklisticky-pobyt\/#breadcrumb\"},\"inLanguage\":\"cs\",\"potentialAction\":[{\"@type\":\"ReadAction\",\"target\":[\"https:\/\/lacortehotel.info\/cs\/okoli\/cyklisticky-pobyt\/\"]}]},{\"@type\":\"ImageObject\",\"inLanguage\":\"cs\",\"@id\":\"https:\/\/lacortehotel.info\/cs\/okoli\/cyklisticky-pobyt\/#primaryimage\",\"url\":\"https:\/\/lacortehotel.info\/wp-content\/uploads\/2025\/04\/cicloturismo.webp\",\"contentUrl\":\"https:\/\/lacortehotel.info\/wp-content\/uploads\/2025\/04\/cicloturismo.webp\",\"width\":2560,\"height\":1440,\"caption\":\"visitare il veneto in bici\"},{\"@type\":\"BreadcrumbList\",\"@id\":\"https:\/\/lacortehotel.info\/cs\/okoli\/cyklisticky-pobyt\/#breadcrumb\",\"itemListElement\":[{\"@type\":\"ListItem\",\"position\":1,\"name\":\"Home\",\"item\":\"https:\/\/lacortehotel.info\/cs\/\"},{\"@type\":\"ListItem\",\"position\":2,\"name\":\"Cyklistick\u00fd pobyt mezi hr\u00e1zemi a krajinou Ben\u00e1tska\"}]},{\"@type\":\"WebSite\",\"@id\":\"https:\/\/lacortehotel.info\/cs\/#website\",\"url\":\"https:\/\/lacortehotel.info\/cs\/\",\"name\":\"Hotel La Corte\",\"description\":\"V srdci P\u00e1dsk\u00e9 n\u00ed\u017einy... v\u00e1\u0161 druh\u00fd domov!\",\"publisher\":{\"@id\":\"https:\/\/lacortehotel.info\/cs\/#organization\"},\"alternateName\":\"La Corte di Correzzola\",\"potentialAction\":[{\"@type\":\"SearchAction\",\"target\":{\"@type\":\"EntryPoint\",\"urlTemplate\":\"https:\/\/lacortehotel.info\/cs\/?s={search_term_string}\"},\"query-input\":{\"@type\":\"PropertyValueSpecification\",\"valueRequired\":true,\"valueName\":\"search_term_string\"}}],\"inLanguage\":\"cs\"},{\"@type\":\"Organization\",\"@id\":\"https:\/\/lacortehotel.info\/cs\/#organization\",\"name\":\"Hotel la Corte\",\"url\":\"https:\/\/lacortehotel.info\/cs\/\",\"logo\":{\"@type\":\"ImageObject\",\"inLanguage\":\"cs\",\"@id\":\"https:\/\/lacortehotel.info\/cs\/#\/schema\/logo\/image\/\",\"url\":\"https:\/\/lacortehotel.info\/wp-content\/uploads\/2023\/05\/logo-sito-p-e1683800838815.png\",\"contentUrl\":\"https:\/\/lacortehotel.info\/wp-content\/uploads\/2023\/05\/logo-sito-p-e1683800838815.png\",\"width\":100,\"height\":94,\"caption\":\"Hotel la Corte\"},\"image\":{\"@id\":\"https:\/\/lacortehotel.info\/cs\/#\/schema\/logo\/image\/\"},\"sameAs\":[\"https:\/\/www.facebook.com\/pages\/Hotel-La-Corte\/120373951334581\",\"https:\/\/www.instagram.com\/lacortecorrezzola\/\"]}]}<\/script>\n<!-- \/ Yoast SEO plugin. -->","yoast_head_json":{"title":"Cyklistick\u00fd pobyt mezi hr\u00e1zemi a krajinou Ben\u00e1tska - La Corte Hotel","description":"Cyklistick\u00fd pobyt v Ben\u00e1tsku. Hotel La Corte nab\u00edz\u00ed kol\u00e1rnu, sn\u00eddani, trasy a klid. Ide\u00e1ln\u00ed m\u00edsto pro tvou cyklistickou zast\u00e1vku.","robots":{"index":"index","follow":"follow","max-snippet":"max-snippet:-1","max-image-preview":"max-image-preview:large","max-video-preview":"max-video-preview:-1"},"canonical":"https:\/\/lacortehotel.info\/cs\/okoli\/cyklisticky-pobyt\/","og_locale":"cs_CZ","og_type":"article","og_title":"Cyklistick\u00fd pobyt mezi hr\u00e1zemi a krajinou Ben\u00e1tska - La Corte Hotel","og_description":"Cyklistick\u00fd pobyt v Ben\u00e1tsku. Hotel La Corte nab\u00edz\u00ed kol\u00e1rnu, sn\u00eddani, trasy a klid. Ide\u00e1ln\u00ed m\u00edsto pro tvou cyklistickou zast\u00e1vku.","og_url":"https:\/\/lacortehotel.info\/cs\/okoli\/cyklisticky-pobyt\/","og_site_name":"La Corte Hotel","article_publisher":"https:\/\/www.facebook.com\/pages\/Hotel-La-Corte\/120373951334581","article_modified_time":"2025-04-16T08:07:58+00:00","og_image":[{"width":1920,"height":840,"url":"https:\/\/lacortehotel.info\/wp-content\/uploads\/2025\/04\/bici-1920x840-1.webp","type":"image\/webp"}],"twitter_card":"summary_large_image","twitter_misc":{"Odhadovan\u00e1 doba \u010dten\u00ed":"3 minuty"},"schema":{"@context":"https:\/\/schema.org","@graph":[{"@type":"WebPage","@id":"https:\/\/lacortehotel.info\/cs\/okoli\/cyklisticky-pobyt\/","url":"https:\/\/lacortehotel.info\/cs\/okoli\/cyklisticky-pobyt\/","name":"Cyklistick\u00fd pobyt mezi hr\u00e1zemi a krajinou Ben\u00e1tska - La Corte Hotel","isPartOf":{"@id":"https:\/\/lacortehotel.info\/cs\/#website"},"primaryImageOfPage":{"@id":"https:\/\/lacortehotel.info\/cs\/okoli\/cyklisticky-pobyt\/#primaryimage"},"image":{"@id":"https:\/\/lacortehotel.info\/cs\/okoli\/cyklisticky-pobyt\/#primaryimage"},"thumbnailUrl":"https:\/\/lacortehotel.info\/wp-content\/uploads\/2025\/04\/cicloturismo.webp","datePublished":"2025-04-15T07:30:59+00:00","dateModified":"2025-04-16T08:07:58+00:00","description":"Cyklistick\u00fd pobyt v Ben\u00e1tsku. Hotel La Corte nab\u00edz\u00ed kol\u00e1rnu, sn\u00eddani, trasy a klid. Ide\u00e1ln\u00ed m\u00edsto pro tvou cyklistickou zast\u00e1vku.","breadcrumb":{"@id":"https:\/\/lacortehotel.info\/cs\/okoli\/cyklisticky-pobyt\/#breadcrumb"},"inLanguage":"cs","potentialAction":[{"@type":"ReadAction","target":["https:\/\/lacortehotel.info\/cs\/okoli\/cyklisticky-pobyt\/"]}]},{"@type":"ImageObject","inLanguage":"cs","@id":"https:\/\/lacortehotel.info\/cs\/okoli\/cyklisticky-pobyt\/#primaryimage","url":"https:\/\/lacortehotel.info\/wp-content\/uploads\/2025\/04\/cicloturismo.webp","contentUrl":"https:\/\/lacortehotel.info\/wp-content\/uploads\/2025\/04\/cicloturismo.webp","width":2560,"height":1440,"caption":"visitare il veneto in bici"},{"@type":"BreadcrumbList","@id":"https:\/\/lacortehotel.info\/cs\/okoli\/cyklisticky-pobyt\/#breadcrumb","itemListElement":[{"@type":"ListItem","position":1,"name":"Home","item":"https:\/\/lacortehotel.info\/cs\/"},{"@type":"ListItem","position":2,"name":"Cyklistick\u00fd pobyt mezi hr\u00e1zemi a krajinou Ben\u00e1tska"}]},{"@type":"WebSite","@id":"https:\/\/lacortehotel.info\/cs\/#website","url":"https:\/\/lacortehotel.info\/cs\/","name":"Hotel La Corte","description":"V srdci P\u00e1dsk\u00e9 n\u00ed\u017einy... v\u00e1\u0161 druh\u00fd domov!","publisher":{"@id":"https:\/\/lacortehotel.info\/cs\/#organization"},"alternateName":"La Corte di Correzzola","potentialAction":[{"@type":"SearchAction","target":{"@type":"EntryPoint","urlTemplate":"https:\/\/lacortehotel.info\/cs\/?s={search_term_string}"},"query-input":{"@type":"PropertyValueSpecification","valueRequired":true,"valueName":"search_term_string"}}],"inLanguage":"cs"},{"@type":"Organization","@id":"https:\/\/lacortehotel.info\/cs\/#organization","name":"Hotel la Corte","url":"https:\/\/lacortehotel.info\/cs\/","logo":{"@type":"ImageObject","inLanguage":"cs","@id":"https:\/\/lacortehotel.info\/cs\/#\/schema\/logo\/image\/","url":"https:\/\/lacortehotel.info\/wp-content\/uploads\/2023\/05\/logo-sito-p-e1683800838815.png","contentUrl":"https:\/\/lacortehotel.info\/wp-content\/uploads\/2023\/05\/logo-sito-p-e1683800838815.png","width":100,"height":94,"caption":"Hotel la Corte"},"image":{"@id":"https:\/\/lacortehotel.info\/cs\/#\/schema\/logo\/image\/"},"sameAs":["https:\/\/www.facebook.com\/pages\/Hotel-La-Corte\/120373951334581","https:\/\/www.instagram.com\/lacortecorrezzola\/"]}]}},"_links":{"self":[{"href":"https:\/\/lacortehotel.info\/cs\/wp-json\/wp\/v2\/pages\/1341","targetHints":{"allow":["GET"]}}],"collection":[{"href":"https:\/\/lacortehotel.info\/cs\/wp-json\/wp\/v2\/pages"}],"about":[{"href":"https:\/\/lacortehotel.info\/cs\/wp-json\/wp\/v2\/types\/page"}],"author":[{"embeddable":true,"href":"https:\/\/lacortehotel.info\/cs\/wp-json\/wp\/v2\/users\/2"}],"replies":[{"embeddable":true,"href":"https:\/\/lacortehotel.info\/cs\/wp-json\/wp\/v2\/comments?post=1341"}],"version-history":[{"count":3,"href":"https:\/\/lacortehotel.info\/cs\/wp-json\/wp\/v2\/pages\/1341\/revisions"}],"predecessor-version":[{"id":1654,"href":"https:\/\/lacortehotel.info\/cs\/wp-json\/wp\/v2\/pages\/1341\/revisions\/1654"}],"up":[{"embeddable":true,"href":"https:\/\/lacortehotel.info\/cs\/wp-json\/wp\/v2\/pages\/596"}],"wp:featuredmedia":[{"embeddable":true,"href":"https:\/\/lacortehotel.info\/cs\/wp-json\/wp\/v2\/media\/1726"}],"wp:attachment":[{"href":"https:\/\/lacortehotel.info\/cs\/wp-json\/wp\/v2\/media?parent=1341"}],"curies":[{"name":"wp","href":"https:\/\/api.w.org\/{rel}","templated":true}]}}