{"id":1220,"date":"2025-04-11T12:27:17","date_gmt":"2025-04-11T12:27:17","guid":{"rendered":"https:\/\/lacortehotel.info\/?page_id=1220"},"modified":"2025-04-15T12:56:16","modified_gmt":"2025-04-15T12:56:16","slug":"akce-v-benediktinskem-dvore","status":"publish","type":"page","link":"https:\/\/lacortehotel.info\/cs\/okoli\/akce-v-benediktinskem-dvore\/","title":{"rendered":"Ubytov\u00e1n\u00ed p\u0159i akc\u00edch v benediktinsk\u00e9m dvo\u0159e"},"content":{"rendered":"\n<p><strong>Akce v Benediktinsk\u00e9m dvo\u0159e (<em>Corte Benedettina<\/em>): Hotel La Corte je ide\u00e1ln\u00ed volbou pro semin\u00e1\u0159e, kurzy a konference<\/strong><\/p>\n\n\n\n<p><strong>Benediktinsk\u00fd dv\u016fr v Correzzole<\/strong> b\u011bhem roku host\u00ed \u0159adu akc\u00ed: \u0161kolen\u00ed, semin\u00e1\u0159e, kulturn\u00ed setk\u00e1n\u00ed, firemn\u00ed ud\u00e1losti, workshopy i z\u00e1\u017eitkov\u00e9 programy. Pokud se n\u011bkter\u00e9 z nich \u00fa\u010dastn\u00edte a hled\u00e1te pohodln\u00e9 ubytov\u00e1n\u00ed pobl\u00ed\u017e, <strong>hotel La Corte<\/strong> je pro v\u00e1s perfektn\u00ed volbou.<\/p>\n\n\n\n<p>Nach\u00e1z\u00ed se <strong>jen 2 minuty ch\u016fze od dvora<\/strong> a nab\u00edz\u00ed tich\u00e9 pokoje, flexibiln\u00ed sn\u00eddani a p\u0159\u00edjemn\u00e9 z\u00e1zem\u00ed k odpo\u010dinku mezi jednotliv\u00fdmi bloky programu.<\/p>\n\n\n\n<h3 class=\"wp-block-heading\">Pro koho je ubytov\u00e1n\u00ed ur\u010deno<\/h3>\n\n\n\n<p>R\u00e1di ubytujeme:<\/p>\n\n\n\n<ul class=\"wp-block-list\">\n<li>\u00da\u010dastn\u00edky <strong><a href=\"https:\/\/lacortehotel.info\/cs\/kde-usporadat-firemni-nebo-vzdelavaci-retreat-v-benatsku\/\">firemn\u00edch akc\u00ed a profesn\u00edho vzd\u011bl\u00e1v\u00e1n\u00ed<\/a><\/strong><\/li>\n\n\n\n<li>Lektory, organiz\u00e1tory a hosty <strong>konferenc\u00ed a workshop\u016f<\/strong><\/li>\n\n\n\n<li>\u00da\u010dastn\u00edky <strong>duchovn\u00edch nebo vzd\u011bl\u00e1vac\u00edch semin\u00e1\u0159\u016f<\/strong><\/li>\n\n\n\n<li>Skupiny na <strong>tematick\u00fdch nebo reziden\u010dn\u00edch pobytech<\/strong><\/li>\n<\/ul>\n\n\n\n<p>Jsme p\u0159ipraveni i na <strong>mal\u00e9 skupiny<\/strong>, nab\u00edz\u00edme pokoje jednol\u016f\u017ekov\u00e9, dvoul\u016f\u017ekov\u00e9 i v\u00edcel\u016f\u017ekov\u00e9 dle pot\u0159eby.<\/p>\n\n\n\n<h3 class=\"wp-block-heading\">Akce v Benediktinsk\u00e9m dvo\u0159e: slu\u017eby pro \u00fa\u010dastn\u00edky akc\u00ed<\/h3>\n\n\n\n<p><strong>Hotel La Corte<\/strong> zaji\u0161\u0165uje pohodln\u00fd a neru\u0161en\u00fd pobyt d\u00edky:<\/p>\n\n\n\n<ul class=\"wp-block-list\">\n<li><strong>Strategick\u00e9 poloze<\/strong>, hned vedle m\u00edsta kon\u00e1n\u00ed<\/li>\n\n\n\n<li><strong>Flexibiln\u00ed sn\u00eddani<\/strong>, i v \u010dasn\u00fdch hodin\u00e1ch \u010di na p\u0159\u00e1n\u00ed<\/li>\n\n\n\n<li><strong>Tich\u00fdm <a href=\"https:\/\/lacortehotel.info\/cs\/pokoje\/\">pokoj\u016fm<\/a><\/strong>, vhodn\u00fdm k odpo\u010dinku i p\u0159\u00edprav\u011b<\/li>\n\n\n\n<li><strong>Bezplatn\u00e9mu parkov\u00e1n\u00ed<\/strong> b\u011bhem cel\u00e9ho dne<\/li>\n\n\n\n<li><strong>Wi-Fi p\u0159ipojen\u00ed ve v\u0161ech pokoj\u00edch<\/strong>, vhodn\u00e9 pro pr\u00e1ci<\/li>\n\n\n\n<li><strong><a href=\"https:\/\/lacortehotel.info\/cs\/pobyt-se-psem-na-venkove-u-correzzoly\/\">P\u0159\u00e1telsk\u00e9mu p\u0159\u00edstupu ke zv\u00ed\u0159at\u016fm<\/a><\/strong>, v\u010detn\u011b misky a kobere\u010dku na pokoji<\/li>\n<\/ul>\n\n\n\n<p>Na p\u0159\u00e1n\u00ed m\u016f\u017eeme pomoci i s <strong>logistikou skupin<\/strong>, p\u0159ed\u00e1n\u00edm materi\u00e1l\u016f nebo poskytnut\u00edm <strong>neform\u00e1ln\u00edch prostor pro p\u0159est\u00e1vky \u010di diskuse<\/strong>.<\/p>\n\n\n\n<h3 class=\"wp-block-heading\">M\u00edsto, kter\u00e9 obohacuje va\u0161i akci<\/h3>\n\n\n\n<p>Benediktinsk\u00fd dv\u016fr je inspirativn\u00ed m\u00edsto pro po\u0159\u00e1d\u00e1n\u00ed akc\u00ed a pobyt v <strong>hotelu La Corte<\/strong> v\u00e1m umo\u017en\u00ed si je u\u017e\u00edt naplno \u2013 <strong>bez stresu z p\u0159esun\u016f nebo dopravy<\/strong>. V\u0161e je na dosah p\u011b\u0161ky, v klidn\u00e9m a autentick\u00e9m prost\u0159ed\u00ed.<\/p>\n\n\n\n<h3 class=\"wp-block-heading\">Akce v Benediktinsk\u00e9m dvo\u0159e: jak si pobyt domluvit<\/h3>\n\n\n\n<p>A\u0165 u\u017e jste \u00fa\u010dastn\u00edk, lektor nebo organiz\u00e1tor, m\u016f\u017eete si pobyt rezervovat online nebo n\u00e1s kontaktovat pro nab\u00eddku na m\u00edru.<\/p>\n\n\n\n<p><strong><a href=\"https:\/\/lacortehotel.info\/cs\/\">Ubytujte se v hotelu La Corte b\u011bhem va\u0161\u00ed p\u0159\u00ed\u0161t\u00ed akce v Benediktinsk\u00e9m dvo\u0159e<\/a>.<\/strong><br>P\u0159iv\u00edt\u00e1me v\u00e1s s jednoduchost\u00ed, pe\u010dlivost\u00ed a v\u010dasnost\u00ed.<\/p>\n","protected":false},"excerpt":{"rendered":"<p>Akce v Benediktinsk\u00e9m dvo\u0159e (Corte Benedettina): Hotel La Corte je ide\u00e1ln\u00ed volbou pro semin\u00e1\u0159e, kurzy a konference Benediktinsk\u00fd dv\u016fr v Correzzole b\u011bhem roku host\u00ed \u0159adu akc\u00ed: \u0161kolen\u00ed, semin\u00e1\u0159e, kulturn\u00ed setk\u00e1n\u00ed, firemn\u00ed ud\u00e1losti, workshopy i z\u00e1\u017eitkov\u00e9 programy. Pokud se n\u011bkter\u00e9 z nich \u00fa\u010dastn\u00edte a hled\u00e1te pohodln\u00e9 ubytov\u00e1n\u00ed pobl\u00ed\u017e, hotel La Corte je pro v\u00e1s perfektn\u00ed volbou. [&hellip;]<\/p>\n","protected":false},"author":2,"featured_media":1214,"parent":596,"menu_order":0,"comment_status":"closed","ping_status":"closed","template":"templates\/lista-figlio.php","meta":{"_acf_changed":false,"inline_featured_image":false,"_joinchat":[],"footnotes":""},"class_list":["post-1220","page","type-page","status-publish","has-post-thumbnail","hentry"],"acf":[],"yoast_head":"<!-- This site is optimized with the Yoast SEO plugin v26.7 - https:\/\/yoast.com\/wordpress\/plugins\/seo\/ -->\n<title>Ubytov\u00e1n\u00ed p\u0159i akc\u00edch v benediktinsk\u00e9m dvo\u0159e - La Corte Hotel<\/title>\n<meta name=\"description\" content=\"Akce v Benediktinsk\u00e9m dvo\u0159e? Hotel La Corte je 2 minuty p\u011b\u0161ky. Klidn\u00e9 pokoje, sn\u00eddan\u011b a bezplatn\u00e9 parkov\u00e1n\u00ed. Rezervujte nyn\u00ed.\" \/>\n<meta name=\"robots\" content=\"index, follow, max-snippet:-1, max-image-preview:large, max-video-preview:-1\" \/>\n<link rel=\"canonical\" href=\"https:\/\/lacortehotel.info\/cs\/okoli\/akce-v-benediktinskem-dvore\/\" \/>\n<meta property=\"og:locale\" content=\"cs_CZ\" \/>\n<meta property=\"og:type\" content=\"article\" \/>\n<meta property=\"og:title\" content=\"Ubytov\u00e1n\u00ed p\u0159i akc\u00edch v benediktinsk\u00e9m dvo\u0159e - La Corte Hotel\" \/>\n<meta property=\"og:description\" content=\"Akce v Benediktinsk\u00e9m dvo\u0159e? Hotel La Corte je 2 minuty p\u011b\u0161ky. Klidn\u00e9 pokoje, sn\u00eddan\u011b a bezplatn\u00e9 parkov\u00e1n\u00ed. Rezervujte nyn\u00ed.\" \/>\n<meta property=\"og:url\" content=\"https:\/\/lacortehotel.info\/cs\/okoli\/akce-v-benediktinskem-dvore\/\" \/>\n<meta property=\"og:site_name\" content=\"La Corte Hotel\" \/>\n<meta property=\"article:publisher\" content=\"https:\/\/www.facebook.com\/pages\/Hotel-La-Corte\/120373951334581\" \/>\n<meta property=\"article:modified_time\" content=\"2025-04-15T12:56:16+00:00\" \/>\n<meta property=\"og:image\" content=\"https:\/\/lacortehotel.info\/wp-content\/uploads\/2025\/04\/conferenze-1920x840-1.webp\" \/>\n\t<meta property=\"og:image:width\" content=\"1920\" \/>\n\t<meta property=\"og:image:height\" content=\"840\" \/>\n\t<meta property=\"og:image:type\" content=\"image\/webp\" \/>\n<meta name=\"twitter:card\" content=\"summary_large_image\" \/>\n<meta name=\"twitter:label1\" content=\"Odhadovan\u00e1 doba \u010dten\u00ed\" \/>\n\t<meta name=\"twitter:data1\" content=\"2 minuty\" \/>\n<script type=\"application\/ld+json\" class=\"yoast-schema-graph\">{\"@context\":\"https:\/\/schema.org\",\"@graph\":[{\"@type\":\"WebPage\",\"@id\":\"https:\/\/lacortehotel.info\/cs\/okoli\/akce-v-benediktinskem-dvore\/\",\"url\":\"https:\/\/lacortehotel.info\/cs\/okoli\/akce-v-benediktinskem-dvore\/\",\"name\":\"Ubytov\u00e1n\u00ed p\u0159i akc\u00edch v benediktinsk\u00e9m dvo\u0159e - La Corte Hotel\",\"isPartOf\":{\"@id\":\"https:\/\/lacortehotel.info\/cs\/#website\"},\"primaryImageOfPage\":{\"@id\":\"https:\/\/lacortehotel.info\/cs\/okoli\/akce-v-benediktinskem-dvore\/#primaryimage\"},\"image\":{\"@id\":\"https:\/\/lacortehotel.info\/cs\/okoli\/akce-v-benediktinskem-dvore\/#primaryimage\"},\"thumbnailUrl\":\"https:\/\/lacortehotel.info\/wp-content\/uploads\/2025\/04\/conferenze-1920x840-1.webp\",\"datePublished\":\"2025-04-11T12:27:17+00:00\",\"dateModified\":\"2025-04-15T12:56:16+00:00\",\"description\":\"Akce v Benediktinsk\u00e9m dvo\u0159e? Hotel La Corte je 2 minuty p\u011b\u0161ky. Klidn\u00e9 pokoje, sn\u00eddan\u011b a bezplatn\u00e9 parkov\u00e1n\u00ed. Rezervujte nyn\u00ed.\",\"breadcrumb\":{\"@id\":\"https:\/\/lacortehotel.info\/cs\/okoli\/akce-v-benediktinskem-dvore\/#breadcrumb\"},\"inLanguage\":\"cs\",\"potentialAction\":[{\"@type\":\"ReadAction\",\"target\":[\"https:\/\/lacortehotel.info\/cs\/okoli\/akce-v-benediktinskem-dvore\/\"]}]},{\"@type\":\"ImageObject\",\"inLanguage\":\"cs\",\"@id\":\"https:\/\/lacortehotel.info\/cs\/okoli\/akce-v-benediktinskem-dvore\/#primaryimage\",\"url\":\"https:\/\/lacortehotel.info\/wp-content\/uploads\/2025\/04\/conferenze-1920x840-1.webp\",\"contentUrl\":\"https:\/\/lacortehotel.info\/wp-content\/uploads\/2025\/04\/conferenze-1920x840-1.webp\",\"width\":1920,\"height\":840,\"caption\":\"Akce v Benediktinsk\u00e9m dvo\u0159e\"},{\"@type\":\"BreadcrumbList\",\"@id\":\"https:\/\/lacortehotel.info\/cs\/okoli\/akce-v-benediktinskem-dvore\/#breadcrumb\",\"itemListElement\":[{\"@type\":\"ListItem\",\"position\":1,\"name\":\"Home\",\"item\":\"https:\/\/lacortehotel.info\/cs\/\"},{\"@type\":\"ListItem\",\"position\":2,\"name\":\"Ubytov\u00e1n\u00ed p\u0159i akc\u00edch v benediktinsk\u00e9m dvo\u0159e\"}]},{\"@type\":\"WebSite\",\"@id\":\"https:\/\/lacortehotel.info\/cs\/#website\",\"url\":\"https:\/\/lacortehotel.info\/cs\/\",\"name\":\"Hotel La Corte\",\"description\":\"V srdci P\u00e1dsk\u00e9 n\u00ed\u017einy... v\u00e1\u0161 druh\u00fd domov!\",\"publisher\":{\"@id\":\"https:\/\/lacortehotel.info\/cs\/#organization\"},\"alternateName\":\"La Corte di Correzzola\",\"potentialAction\":[{\"@type\":\"SearchAction\",\"target\":{\"@type\":\"EntryPoint\",\"urlTemplate\":\"https:\/\/lacortehotel.info\/cs\/?s={search_term_string}\"},\"query-input\":{\"@type\":\"PropertyValueSpecification\",\"valueRequired\":true,\"valueName\":\"search_term_string\"}}],\"inLanguage\":\"cs\"},{\"@type\":\"Organization\",\"@id\":\"https:\/\/lacortehotel.info\/cs\/#organization\",\"name\":\"Hotel la Corte\",\"url\":\"https:\/\/lacortehotel.info\/cs\/\",\"logo\":{\"@type\":\"ImageObject\",\"inLanguage\":\"cs\",\"@id\":\"https:\/\/lacortehotel.info\/cs\/#\/schema\/logo\/image\/\",\"url\":\"https:\/\/lacortehotel.info\/wp-content\/uploads\/2023\/05\/logo-sito-p-e1683800838815.png\",\"contentUrl\":\"https:\/\/lacortehotel.info\/wp-content\/uploads\/2023\/05\/logo-sito-p-e1683800838815.png\",\"width\":100,\"height\":94,\"caption\":\"Hotel la Corte\"},\"image\":{\"@id\":\"https:\/\/lacortehotel.info\/cs\/#\/schema\/logo\/image\/\"},\"sameAs\":[\"https:\/\/www.facebook.com\/pages\/Hotel-La-Corte\/120373951334581\",\"https:\/\/www.instagram.com\/lacortecorrezzola\/\"]}]}<\/script>\n<!-- \/ Yoast SEO plugin. -->","yoast_head_json":{"title":"Ubytov\u00e1n\u00ed p\u0159i akc\u00edch v benediktinsk\u00e9m dvo\u0159e - La Corte Hotel","description":"Akce v Benediktinsk\u00e9m dvo\u0159e? Hotel La Corte je 2 minuty p\u011b\u0161ky. Klidn\u00e9 pokoje, sn\u00eddan\u011b a bezplatn\u00e9 parkov\u00e1n\u00ed. Rezervujte nyn\u00ed.","robots":{"index":"index","follow":"follow","max-snippet":"max-snippet:-1","max-image-preview":"max-image-preview:large","max-video-preview":"max-video-preview:-1"},"canonical":"https:\/\/lacortehotel.info\/cs\/okoli\/akce-v-benediktinskem-dvore\/","og_locale":"cs_CZ","og_type":"article","og_title":"Ubytov\u00e1n\u00ed p\u0159i akc\u00edch v benediktinsk\u00e9m dvo\u0159e - La Corte Hotel","og_description":"Akce v Benediktinsk\u00e9m dvo\u0159e? Hotel La Corte je 2 minuty p\u011b\u0161ky. Klidn\u00e9 pokoje, sn\u00eddan\u011b a bezplatn\u00e9 parkov\u00e1n\u00ed. Rezervujte nyn\u00ed.","og_url":"https:\/\/lacortehotel.info\/cs\/okoli\/akce-v-benediktinskem-dvore\/","og_site_name":"La Corte Hotel","article_publisher":"https:\/\/www.facebook.com\/pages\/Hotel-La-Corte\/120373951334581","article_modified_time":"2025-04-15T12:56:16+00:00","og_image":[{"width":1920,"height":840,"url":"https:\/\/lacortehotel.info\/wp-content\/uploads\/2025\/04\/conferenze-1920x840-1.webp","type":"image\/webp"}],"twitter_card":"summary_large_image","twitter_misc":{"Odhadovan\u00e1 doba \u010dten\u00ed":"2 minuty"},"schema":{"@context":"https:\/\/schema.org","@graph":[{"@type":"WebPage","@id":"https:\/\/lacortehotel.info\/cs\/okoli\/akce-v-benediktinskem-dvore\/","url":"https:\/\/lacortehotel.info\/cs\/okoli\/akce-v-benediktinskem-dvore\/","name":"Ubytov\u00e1n\u00ed p\u0159i akc\u00edch v benediktinsk\u00e9m dvo\u0159e - La Corte Hotel","isPartOf":{"@id":"https:\/\/lacortehotel.info\/cs\/#website"},"primaryImageOfPage":{"@id":"https:\/\/lacortehotel.info\/cs\/okoli\/akce-v-benediktinskem-dvore\/#primaryimage"},"image":{"@id":"https:\/\/lacortehotel.info\/cs\/okoli\/akce-v-benediktinskem-dvore\/#primaryimage"},"thumbnailUrl":"https:\/\/lacortehotel.info\/wp-content\/uploads\/2025\/04\/conferenze-1920x840-1.webp","datePublished":"2025-04-11T12:27:17+00:00","dateModified":"2025-04-15T12:56:16+00:00","description":"Akce v Benediktinsk\u00e9m dvo\u0159e? Hotel La Corte je 2 minuty p\u011b\u0161ky. Klidn\u00e9 pokoje, sn\u00eddan\u011b a bezplatn\u00e9 parkov\u00e1n\u00ed. Rezervujte nyn\u00ed.","breadcrumb":{"@id":"https:\/\/lacortehotel.info\/cs\/okoli\/akce-v-benediktinskem-dvore\/#breadcrumb"},"inLanguage":"cs","potentialAction":[{"@type":"ReadAction","target":["https:\/\/lacortehotel.info\/cs\/okoli\/akce-v-benediktinskem-dvore\/"]}]},{"@type":"ImageObject","inLanguage":"cs","@id":"https:\/\/lacortehotel.info\/cs\/okoli\/akce-v-benediktinskem-dvore\/#primaryimage","url":"https:\/\/lacortehotel.info\/wp-content\/uploads\/2025\/04\/conferenze-1920x840-1.webp","contentUrl":"https:\/\/lacortehotel.info\/wp-content\/uploads\/2025\/04\/conferenze-1920x840-1.webp","width":1920,"height":840,"caption":"Akce v Benediktinsk\u00e9m dvo\u0159e"},{"@type":"BreadcrumbList","@id":"https:\/\/lacortehotel.info\/cs\/okoli\/akce-v-benediktinskem-dvore\/#breadcrumb","itemListElement":[{"@type":"ListItem","position":1,"name":"Home","item":"https:\/\/lacortehotel.info\/cs\/"},{"@type":"ListItem","position":2,"name":"Ubytov\u00e1n\u00ed p\u0159i akc\u00edch v benediktinsk\u00e9m dvo\u0159e"}]},{"@type":"WebSite","@id":"https:\/\/lacortehotel.info\/cs\/#website","url":"https:\/\/lacortehotel.info\/cs\/","name":"Hotel La Corte","description":"V srdci P\u00e1dsk\u00e9 n\u00ed\u017einy... v\u00e1\u0161 druh\u00fd domov!","publisher":{"@id":"https:\/\/lacortehotel.info\/cs\/#organization"},"alternateName":"La Corte di Correzzola","potentialAction":[{"@type":"SearchAction","target":{"@type":"EntryPoint","urlTemplate":"https:\/\/lacortehotel.info\/cs\/?s={search_term_string}"},"query-input":{"@type":"PropertyValueSpecification","valueRequired":true,"valueName":"search_term_string"}}],"inLanguage":"cs"},{"@type":"Organization","@id":"https:\/\/lacortehotel.info\/cs\/#organization","name":"Hotel la Corte","url":"https:\/\/lacortehotel.info\/cs\/","logo":{"@type":"ImageObject","inLanguage":"cs","@id":"https:\/\/lacortehotel.info\/cs\/#\/schema\/logo\/image\/","url":"https:\/\/lacortehotel.info\/wp-content\/uploads\/2023\/05\/logo-sito-p-e1683800838815.png","contentUrl":"https:\/\/lacortehotel.info\/wp-content\/uploads\/2023\/05\/logo-sito-p-e1683800838815.png","width":100,"height":94,"caption":"Hotel la Corte"},"image":{"@id":"https:\/\/lacortehotel.info\/cs\/#\/schema\/logo\/image\/"},"sameAs":["https:\/\/www.facebook.com\/pages\/Hotel-La-Corte\/120373951334581","https:\/\/www.instagram.com\/lacortecorrezzola\/"]}]}},"_links":{"self":[{"href":"https:\/\/lacortehotel.info\/cs\/wp-json\/wp\/v2\/pages\/1220","targetHints":{"allow":["GET"]}}],"collection":[{"href":"https:\/\/lacortehotel.info\/cs\/wp-json\/wp\/v2\/pages"}],"about":[{"href":"https:\/\/lacortehotel.info\/cs\/wp-json\/wp\/v2\/types\/page"}],"author":[{"embeddable":true,"href":"https:\/\/lacortehotel.info\/cs\/wp-json\/wp\/v2\/users\/2"}],"replies":[{"embeddable":true,"href":"https:\/\/lacortehotel.info\/cs\/wp-json\/wp\/v2\/comments?post=1220"}],"version-history":[{"count":7,"href":"https:\/\/lacortehotel.info\/cs\/wp-json\/wp\/v2\/pages\/1220\/revisions"}],"predecessor-version":[{"id":1582,"href":"https:\/\/lacortehotel.info\/cs\/wp-json\/wp\/v2\/pages\/1220\/revisions\/1582"}],"up":[{"embeddable":true,"href":"https:\/\/lacortehotel.info\/cs\/wp-json\/wp\/v2\/pages\/596"}],"wp:featuredmedia":[{"embeddable":true,"href":"https:\/\/lacortehotel.info\/cs\/wp-json\/wp\/v2\/media\/1214"}],"wp:attachment":[{"href":"https:\/\/lacortehotel.info\/cs\/wp-json\/wp\/v2\/media?parent=1220"}],"curies":[{"name":"wp","href":"https:\/\/api.w.org\/{rel}","templated":true}]}}