{"id":1162,"date":"2025-04-11T10:18:50","date_gmt":"2025-04-11T10:18:50","guid":{"rendered":"https:\/\/lacortehotel.info\/accoglienza-per-pellegrini-e-viandanti-a-correzzola\/"},"modified":"2025-04-15T12:50:17","modified_gmt":"2025-04-15T12:50:17","slug":"poutniky-a-pesi-cestovatele","status":"publish","type":"page","link":"https:\/\/lacortehotel.info\/cs\/okoli\/poutniky-a-pesi-cestovatele\/","title":{"rendered":"Ubytov\u00e1n\u00ed pro poutn\u00edky a p\u011b\u0161\u00ed cestovatele v Correzzole"},"content":{"rendered":"\n<p><strong>Ubytov\u00e1n\u00ed pro poutn\u00edky a p\u011b\u0161\u00ed cestovatele v Correzzol<\/strong>e: <strong>zastavte se v hotelu La Corte \u2013 v p\u0159\u00edrod\u011b, tichu a na cest\u00e1ch s du\u0161\u00ed<\/strong><\/p>\n\n\n\n<p>Pokud jste na cest\u011b \u2013 p\u011b\u0161ky nebo <a href=\"https:\/\/lacortehotel.info\/cs\/na-kole-correzzolou\/\">na kole<\/a> \u2013 krajem Ben\u00e1tska, <strong>Correzzola<\/strong> je ide\u00e1ln\u00edm m\u00edstem k zastaven\u00ed. Najdete zde klidn\u00e9 krajiny, poln\u00ed cesty, star\u00e9 statky, \u0159\u00ed\u010dn\u00ed hr\u00e1ze i stezky vhodn\u00e9 pro ty, kdo r\u00e1di <strong>putuj\u00ed pomalu a v\u011bdom\u011b<\/strong>. A p\u0159edev\u0161\u00edm zde najdete <strong>opravdov\u00e9 p\u0159ijet\u00ed<\/strong>, jako v <strong>hotelu La Corte<\/strong>, kter\u00fd je otev\u0159en po cel\u00fd rok a v\u00edt\u00e1 <strong>poutn\u00edky, p\u011b\u0161\u00ed i cyklisty<\/strong>.<\/p>\n\n\n\n<p>Hotel se nach\u00e1z\u00ed pobl\u00ed\u017e duchovn\u00edch tras, \u0159\u00ed\u010dn\u00edch cest a alternativn\u00edch stezek spojuj\u00edc\u00edch Padovu, Chioggii, Piove di Sacco a lagunu \u2013 ide\u00e1ln\u00ed m\u00edsto k odpo\u010dinku po dlouh\u00e9 etap\u011b.<\/p>\n\n\n\n<h3 class=\"wp-block-heading\">M\u00edsto, kter\u00e9 v\u00e1s na cest\u011b p\u0159iv\u00edt\u00e1<\/h3>\n\n\n\n<p>V <strong>hotelu La Corte<\/strong> najdete v\u0161e, co pot\u0159ebujete pro pohodln\u00fd odpo\u010dinek:<\/p>\n\n\n\n<ul class=\"wp-block-list\">\n<li><strong>Tich\u00e9 a pohodln\u00e9 <a href=\"https:\/\/lacortehotel.info\/cs\/pokoje\/\">pokoje<\/a><\/strong>, i jen na jednu noc<\/li>\n\n\n\n<li><strong>Bezplatn\u00e9 parkov\u00e1n\u00ed<\/strong>, tak\u00e9 pro doprovodn\u00e1 vozidla<\/li>\n\n\n\n<li><strong>Kryt\u00e1 kol\u00e1rna<\/strong><\/li>\n\n\n\n<li><strong>Sn\u00eddan\u011b formou bufetu<\/strong>, v\u010detn\u011b bezlepkov\u00fdch a bezlakt\u00f3zov\u00fdch variant<\/li>\n\n\n\n<li><strong>Pokoje vhodn\u00e9 pro dom\u00e1c\u00ed mazl\u00ed\u010dky<\/strong>, s miskou a kobere\u010dkem<\/li>\n\n\n\n<li><strong>Zahrada a venkovn\u00ed klidov\u00e1 z\u00f3na<\/strong> po dlouh\u00e9 ch\u016fzi<\/li>\n<\/ul>\n\n\n\n<p>A\u0165 u\u017e je va\u0161e cesta duchovn\u00ed, sportovn\u00ed nebo osobn\u00ed, jednoduch\u00e1 a p\u0159\u00edv\u011btiv\u00e1 atmosf\u00e9ra hotelu v\u00e1m umo\u017en\u00ed <strong>odpo\u010dinout si a vyrazit d\u00e1l s novou energi\u00ed<\/strong>.<\/p>\n\n\n\n<h3 class=\"wp-block-heading\">Stezky a cesty v okol\u00ed<\/h3>\n\n\n\n<p>Correzzola le\u017e\u00ed na nebo pobl\u00ed\u017e mnoha <strong>m\u00e9n\u011b frekventovan\u00fdch a klidn\u00fdch tras<\/strong>, obl\u00edben\u00fdch mezi poutn\u00edky a chodci:<\/p>\n\n\n\n<ul class=\"wp-block-list\">\n<li>\u00daseky <strong>Svatoanton\u00ednsk\u00e9 poutn\u00ed cesty<\/strong> sm\u011brem k lagun\u011b<\/li>\n\n\n\n<li><strong><a href=\"https:\/\/lacortehotel.info\/cs\/kde-prespat-na-trase-via-del-sale-e-dello-zucchero\/\">Cesta soli a cukru<\/a><\/strong> mezi Padovou a Chioggi\u00ed<\/li>\n\n\n\n<li><strong>\u0158\u00ed\u010dn\u00ed stezky<\/strong>, vhodn\u00e9 i pro cyklisty<\/li>\n\n\n\n<li>M\u00edstn\u00ed duchovn\u00ed cesty s etapami u dvor\u016f, kostel\u016f a kapl\u00ed<\/li>\n<\/ul>\n\n\n\n<p>Perfektn\u00ed oblast pro osobn\u00ed putov\u00e1n\u00ed, p\u011b\u0161\u00ed \u00fastran\u00ed nebo klidn\u00e9 duchovn\u00ed etapy.<\/p>\n\n\n\n<h3 class=\"wp-block-heading\">poutn\u00edky a p\u011b\u0161\u00ed cestovatele v Correzzole: m\u00edsto, kter\u00e9 respektuje v\u00e1\u0161 rytmus<\/h3>\n\n\n\n<p>Ch\u016fze je zp\u016fsob \u017eivota. V <strong>hotelu La Corte<\/strong> tomu rozum\u00edme. Proto umo\u017e\u0148ujeme <strong>jednu noc bez z\u00e1vazk\u016f<\/strong>, <strong>\u017e\u00e1dn\u00e1 slo\u017eit\u00e1 administrativa<\/strong> \u2013 jen opravdov\u00fd odpo\u010dinek a p\u0159ijet\u00ed.<br>R\u00e1di p\u0159ij\u00edm\u00e1me i <strong>spont\u00e1nn\u00ed rezervace a kr\u00e1tk\u00e9 zast\u00e1vky<\/strong>, ide\u00e1ln\u00ed pro poutn\u00edky bez pevn\u00e9ho pl\u00e1nu.<\/p>\n\n\n\n<p>V\u00edt\u00e1me tak\u00e9 <strong>mal\u00e9 skupiny<\/strong>, spole\u010dn\u00e9 pout\u011b, duchovn\u00ed pobyty nebo osobn\u00ed rozj\u00edm\u00e1n\u00ed.<\/p>\n\n\n\n<h3 class=\"wp-block-heading\">Jak si pobyt rezervovat<\/h3>\n\n\n\n<p>Rezervaci m\u016f\u017eete prov\u00e9st online nebo n\u00e1m zavolat b\u011bhem cesty.<br>Nab\u00edz\u00edme <strong><a href=\"https:\/\/lacortehotel.info\/cs\/speci%C3%A1ln%C3%AD-nab%C3%ADdky\/\">zv\u00fdhodn\u011bn\u00e9 ceny pro poutn\u00edky<\/a><\/strong>, zejm\u00e9na s poutnick\u00fdm pr\u016fkazem.<\/p>\n\n\n\n<p><strong><a href=\"https:\/\/lacortehotel.info\/cs\/\">Zastavte se v hotelu La Corte<\/a> <\/strong>\u2013 a pokra\u010dujte d\u00e1l s novou silou<strong>.<\/strong><br><strong>Jsme v Correzzole \u2013 tam, kde se setk\u00e1v\u00e1 zem\u011b, voda a ticho<\/strong>.<\/p>\n","protected":false},"excerpt":{"rendered":"<p>Ubytov\u00e1n\u00ed pro poutn\u00edky a p\u011b\u0161\u00ed cestovatele v Correzzole: zastavte se v hotelu La Corte \u2013 v p\u0159\u00edrod\u011b, tichu a na cest\u00e1ch s du\u0161\u00ed Pokud jste na cest\u011b \u2013 p\u011b\u0161ky nebo na kole \u2013 krajem Ben\u00e1tska, Correzzola je ide\u00e1ln\u00edm m\u00edstem k zastaven\u00ed. Najdete zde klidn\u00e9 krajiny, poln\u00ed cesty, star\u00e9 statky, \u0159\u00ed\u010dn\u00ed hr\u00e1ze i stezky vhodn\u00e9 pro [&hellip;]<\/p>\n","protected":false},"author":2,"featured_media":1158,"parent":596,"menu_order":0,"comment_status":"closed","ping_status":"closed","template":"templates\/lista-figlio.php","meta":{"_acf_changed":false,"inline_featured_image":false,"_joinchat":[],"footnotes":""},"class_list":["post-1162","page","type-page","status-publish","has-post-thumbnail","hentry"],"acf":[],"yoast_head":"<!-- This site is optimized with the Yoast SEO plugin v26.7 - https:\/\/yoast.com\/wordpress\/plugins\/seo\/ -->\n<title>Ubytov\u00e1n\u00ed pro poutn\u00edky a p\u011b\u0161\u00ed cestovatele v Correzzole - La Corte Hotel<\/title>\n<meta name=\"description\" content=\"Ubytov\u00e1n\u00ed pro poutn\u00edky a p\u011b\u0161\u00ed cestovatele v Correzzole. Hotel La Corte nab\u00edz\u00ed klidn\u00e9 pokoje, sn\u00eddani a kol\u00e1rnu.\" \/>\n<meta name=\"robots\" content=\"index, follow, max-snippet:-1, max-image-preview:large, max-video-preview:-1\" \/>\n<link rel=\"canonical\" href=\"https:\/\/lacortehotel.info\/cs\/okoli\/poutniky-a-pesi-cestovatele\/\" \/>\n<meta property=\"og:locale\" content=\"cs_CZ\" \/>\n<meta property=\"og:type\" content=\"article\" \/>\n<meta property=\"og:title\" content=\"Ubytov\u00e1n\u00ed pro poutn\u00edky a p\u011b\u0161\u00ed cestovatele v Correzzole - La Corte Hotel\" \/>\n<meta property=\"og:description\" content=\"Ubytov\u00e1n\u00ed pro poutn\u00edky a p\u011b\u0161\u00ed cestovatele v Correzzole. Hotel La Corte nab\u00edz\u00ed klidn\u00e9 pokoje, sn\u00eddani a kol\u00e1rnu.\" \/>\n<meta property=\"og:url\" content=\"https:\/\/lacortehotel.info\/cs\/okoli\/poutniky-a-pesi-cestovatele\/\" \/>\n<meta property=\"og:site_name\" content=\"La Corte Hotel\" \/>\n<meta property=\"article:publisher\" content=\"https:\/\/www.facebook.com\/pages\/Hotel-La-Corte\/120373951334581\" \/>\n<meta property=\"article:modified_time\" content=\"2025-04-15T12:50:17+00:00\" \/>\n<meta property=\"og:image\" content=\"https:\/\/lacortehotel.info\/wp-content\/uploads\/2025\/04\/Pellegrini-e-viandanti-1920x840-1.webp\" \/>\n\t<meta property=\"og:image:width\" content=\"1920\" \/>\n\t<meta property=\"og:image:height\" content=\"840\" \/>\n\t<meta property=\"og:image:type\" content=\"image\/webp\" \/>\n<meta name=\"twitter:card\" content=\"summary_large_image\" \/>\n<meta name=\"twitter:label1\" content=\"Odhadovan\u00e1 doba \u010dten\u00ed\" \/>\n\t<meta name=\"twitter:data1\" content=\"3 minuty\" \/>\n<script type=\"application\/ld+json\" class=\"yoast-schema-graph\">{\"@context\":\"https:\/\/schema.org\",\"@graph\":[{\"@type\":\"WebPage\",\"@id\":\"https:\/\/lacortehotel.info\/cs\/okoli\/poutniky-a-pesi-cestovatele\/\",\"url\":\"https:\/\/lacortehotel.info\/cs\/okoli\/poutniky-a-pesi-cestovatele\/\",\"name\":\"Ubytov\u00e1n\u00ed pro poutn\u00edky a p\u011b\u0161\u00ed cestovatele v Correzzole - La Corte Hotel\",\"isPartOf\":{\"@id\":\"https:\/\/lacortehotel.info\/cs\/#website\"},\"primaryImageOfPage\":{\"@id\":\"https:\/\/lacortehotel.info\/cs\/okoli\/poutniky-a-pesi-cestovatele\/#primaryimage\"},\"image\":{\"@id\":\"https:\/\/lacortehotel.info\/cs\/okoli\/poutniky-a-pesi-cestovatele\/#primaryimage\"},\"thumbnailUrl\":\"https:\/\/lacortehotel.info\/wp-content\/uploads\/2025\/04\/Pellegrini-e-viandanti-1920x840-1.webp\",\"datePublished\":\"2025-04-11T10:18:50+00:00\",\"dateModified\":\"2025-04-15T12:50:17+00:00\",\"description\":\"Ubytov\u00e1n\u00ed pro poutn\u00edky a p\u011b\u0161\u00ed cestovatele v Correzzole. Hotel La Corte nab\u00edz\u00ed klidn\u00e9 pokoje, sn\u00eddani a kol\u00e1rnu.\",\"breadcrumb\":{\"@id\":\"https:\/\/lacortehotel.info\/cs\/okoli\/poutniky-a-pesi-cestovatele\/#breadcrumb\"},\"inLanguage\":\"cs\",\"potentialAction\":[{\"@type\":\"ReadAction\",\"target\":[\"https:\/\/lacortehotel.info\/cs\/okoli\/poutniky-a-pesi-cestovatele\/\"]}]},{\"@type\":\"ImageObject\",\"inLanguage\":\"cs\",\"@id\":\"https:\/\/lacortehotel.info\/cs\/okoli\/poutniky-a-pesi-cestovatele\/#primaryimage\",\"url\":\"https:\/\/lacortehotel.info\/wp-content\/uploads\/2025\/04\/Pellegrini-e-viandanti-1920x840-1.webp\",\"contentUrl\":\"https:\/\/lacortehotel.info\/wp-content\/uploads\/2025\/04\/Pellegrini-e-viandanti-1920x840-1.webp\",\"width\":1920,\"height\":840,\"caption\":\"poutn\u00edky a p\u011b\u0161\u00ed cestovatele v Correzzole\"},{\"@type\":\"BreadcrumbList\",\"@id\":\"https:\/\/lacortehotel.info\/cs\/okoli\/poutniky-a-pesi-cestovatele\/#breadcrumb\",\"itemListElement\":[{\"@type\":\"ListItem\",\"position\":1,\"name\":\"Home\",\"item\":\"https:\/\/lacortehotel.info\/cs\/\"},{\"@type\":\"ListItem\",\"position\":2,\"name\":\"Ubytov\u00e1n\u00ed pro poutn\u00edky a p\u011b\u0161\u00ed cestovatele v Correzzole\"}]},{\"@type\":\"WebSite\",\"@id\":\"https:\/\/lacortehotel.info\/cs\/#website\",\"url\":\"https:\/\/lacortehotel.info\/cs\/\",\"name\":\"Hotel La Corte\",\"description\":\"V srdci P\u00e1dsk\u00e9 n\u00ed\u017einy... v\u00e1\u0161 druh\u00fd domov!\",\"publisher\":{\"@id\":\"https:\/\/lacortehotel.info\/cs\/#organization\"},\"alternateName\":\"La Corte di Correzzola\",\"potentialAction\":[{\"@type\":\"SearchAction\",\"target\":{\"@type\":\"EntryPoint\",\"urlTemplate\":\"https:\/\/lacortehotel.info\/cs\/?s={search_term_string}\"},\"query-input\":{\"@type\":\"PropertyValueSpecification\",\"valueRequired\":true,\"valueName\":\"search_term_string\"}}],\"inLanguage\":\"cs\"},{\"@type\":\"Organization\",\"@id\":\"https:\/\/lacortehotel.info\/cs\/#organization\",\"name\":\"Hotel la Corte\",\"url\":\"https:\/\/lacortehotel.info\/cs\/\",\"logo\":{\"@type\":\"ImageObject\",\"inLanguage\":\"cs\",\"@id\":\"https:\/\/lacortehotel.info\/cs\/#\/schema\/logo\/image\/\",\"url\":\"https:\/\/lacortehotel.info\/wp-content\/uploads\/2023\/05\/logo-sito-p-e1683800838815.png\",\"contentUrl\":\"https:\/\/lacortehotel.info\/wp-content\/uploads\/2023\/05\/logo-sito-p-e1683800838815.png\",\"width\":100,\"height\":94,\"caption\":\"Hotel la Corte\"},\"image\":{\"@id\":\"https:\/\/lacortehotel.info\/cs\/#\/schema\/logo\/image\/\"},\"sameAs\":[\"https:\/\/www.facebook.com\/pages\/Hotel-La-Corte\/120373951334581\",\"https:\/\/www.instagram.com\/lacortecorrezzola\/\"]}]}<\/script>\n<!-- \/ Yoast SEO plugin. -->","yoast_head_json":{"title":"Ubytov\u00e1n\u00ed pro poutn\u00edky a p\u011b\u0161\u00ed cestovatele v Correzzole - La Corte Hotel","description":"Ubytov\u00e1n\u00ed pro poutn\u00edky a p\u011b\u0161\u00ed cestovatele v Correzzole. Hotel La Corte nab\u00edz\u00ed klidn\u00e9 pokoje, sn\u00eddani a kol\u00e1rnu.","robots":{"index":"index","follow":"follow","max-snippet":"max-snippet:-1","max-image-preview":"max-image-preview:large","max-video-preview":"max-video-preview:-1"},"canonical":"https:\/\/lacortehotel.info\/cs\/okoli\/poutniky-a-pesi-cestovatele\/","og_locale":"cs_CZ","og_type":"article","og_title":"Ubytov\u00e1n\u00ed pro poutn\u00edky a p\u011b\u0161\u00ed cestovatele v Correzzole - La Corte Hotel","og_description":"Ubytov\u00e1n\u00ed pro poutn\u00edky a p\u011b\u0161\u00ed cestovatele v Correzzole. Hotel La Corte nab\u00edz\u00ed klidn\u00e9 pokoje, sn\u00eddani a kol\u00e1rnu.","og_url":"https:\/\/lacortehotel.info\/cs\/okoli\/poutniky-a-pesi-cestovatele\/","og_site_name":"La Corte Hotel","article_publisher":"https:\/\/www.facebook.com\/pages\/Hotel-La-Corte\/120373951334581","article_modified_time":"2025-04-15T12:50:17+00:00","og_image":[{"width":1920,"height":840,"url":"https:\/\/lacortehotel.info\/wp-content\/uploads\/2025\/04\/Pellegrini-e-viandanti-1920x840-1.webp","type":"image\/webp"}],"twitter_card":"summary_large_image","twitter_misc":{"Odhadovan\u00e1 doba \u010dten\u00ed":"3 minuty"},"schema":{"@context":"https:\/\/schema.org","@graph":[{"@type":"WebPage","@id":"https:\/\/lacortehotel.info\/cs\/okoli\/poutniky-a-pesi-cestovatele\/","url":"https:\/\/lacortehotel.info\/cs\/okoli\/poutniky-a-pesi-cestovatele\/","name":"Ubytov\u00e1n\u00ed pro poutn\u00edky a p\u011b\u0161\u00ed cestovatele v Correzzole - La Corte Hotel","isPartOf":{"@id":"https:\/\/lacortehotel.info\/cs\/#website"},"primaryImageOfPage":{"@id":"https:\/\/lacortehotel.info\/cs\/okoli\/poutniky-a-pesi-cestovatele\/#primaryimage"},"image":{"@id":"https:\/\/lacortehotel.info\/cs\/okoli\/poutniky-a-pesi-cestovatele\/#primaryimage"},"thumbnailUrl":"https:\/\/lacortehotel.info\/wp-content\/uploads\/2025\/04\/Pellegrini-e-viandanti-1920x840-1.webp","datePublished":"2025-04-11T10:18:50+00:00","dateModified":"2025-04-15T12:50:17+00:00","description":"Ubytov\u00e1n\u00ed pro poutn\u00edky a p\u011b\u0161\u00ed cestovatele v Correzzole. Hotel La Corte nab\u00edz\u00ed klidn\u00e9 pokoje, sn\u00eddani a kol\u00e1rnu.","breadcrumb":{"@id":"https:\/\/lacortehotel.info\/cs\/okoli\/poutniky-a-pesi-cestovatele\/#breadcrumb"},"inLanguage":"cs","potentialAction":[{"@type":"ReadAction","target":["https:\/\/lacortehotel.info\/cs\/okoli\/poutniky-a-pesi-cestovatele\/"]}]},{"@type":"ImageObject","inLanguage":"cs","@id":"https:\/\/lacortehotel.info\/cs\/okoli\/poutniky-a-pesi-cestovatele\/#primaryimage","url":"https:\/\/lacortehotel.info\/wp-content\/uploads\/2025\/04\/Pellegrini-e-viandanti-1920x840-1.webp","contentUrl":"https:\/\/lacortehotel.info\/wp-content\/uploads\/2025\/04\/Pellegrini-e-viandanti-1920x840-1.webp","width":1920,"height":840,"caption":"poutn\u00edky a p\u011b\u0161\u00ed cestovatele v Correzzole"},{"@type":"BreadcrumbList","@id":"https:\/\/lacortehotel.info\/cs\/okoli\/poutniky-a-pesi-cestovatele\/#breadcrumb","itemListElement":[{"@type":"ListItem","position":1,"name":"Home","item":"https:\/\/lacortehotel.info\/cs\/"},{"@type":"ListItem","position":2,"name":"Ubytov\u00e1n\u00ed pro poutn\u00edky a p\u011b\u0161\u00ed cestovatele v Correzzole"}]},{"@type":"WebSite","@id":"https:\/\/lacortehotel.info\/cs\/#website","url":"https:\/\/lacortehotel.info\/cs\/","name":"Hotel La Corte","description":"V srdci P\u00e1dsk\u00e9 n\u00ed\u017einy... v\u00e1\u0161 druh\u00fd domov!","publisher":{"@id":"https:\/\/lacortehotel.info\/cs\/#organization"},"alternateName":"La Corte di Correzzola","potentialAction":[{"@type":"SearchAction","target":{"@type":"EntryPoint","urlTemplate":"https:\/\/lacortehotel.info\/cs\/?s={search_term_string}"},"query-input":{"@type":"PropertyValueSpecification","valueRequired":true,"valueName":"search_term_string"}}],"inLanguage":"cs"},{"@type":"Organization","@id":"https:\/\/lacortehotel.info\/cs\/#organization","name":"Hotel la Corte","url":"https:\/\/lacortehotel.info\/cs\/","logo":{"@type":"ImageObject","inLanguage":"cs","@id":"https:\/\/lacortehotel.info\/cs\/#\/schema\/logo\/image\/","url":"https:\/\/lacortehotel.info\/wp-content\/uploads\/2023\/05\/logo-sito-p-e1683800838815.png","contentUrl":"https:\/\/lacortehotel.info\/wp-content\/uploads\/2023\/05\/logo-sito-p-e1683800838815.png","width":100,"height":94,"caption":"Hotel la Corte"},"image":{"@id":"https:\/\/lacortehotel.info\/cs\/#\/schema\/logo\/image\/"},"sameAs":["https:\/\/www.facebook.com\/pages\/Hotel-La-Corte\/120373951334581","https:\/\/www.instagram.com\/lacortecorrezzola\/"]}]}},"_links":{"self":[{"href":"https:\/\/lacortehotel.info\/cs\/wp-json\/wp\/v2\/pages\/1162","targetHints":{"allow":["GET"]}}],"collection":[{"href":"https:\/\/lacortehotel.info\/cs\/wp-json\/wp\/v2\/pages"}],"about":[{"href":"https:\/\/lacortehotel.info\/cs\/wp-json\/wp\/v2\/types\/page"}],"author":[{"embeddable":true,"href":"https:\/\/lacortehotel.info\/cs\/wp-json\/wp\/v2\/users\/2"}],"replies":[{"embeddable":true,"href":"https:\/\/lacortehotel.info\/cs\/wp-json\/wp\/v2\/comments?post=1162"}],"version-history":[{"count":12,"href":"https:\/\/lacortehotel.info\/cs\/wp-json\/wp\/v2\/pages\/1162\/revisions"}],"predecessor-version":[{"id":1574,"href":"https:\/\/lacortehotel.info\/cs\/wp-json\/wp\/v2\/pages\/1162\/revisions\/1574"}],"up":[{"embeddable":true,"href":"https:\/\/lacortehotel.info\/cs\/wp-json\/wp\/v2\/pages\/596"}],"wp:featuredmedia":[{"embeddable":true,"href":"https:\/\/lacortehotel.info\/cs\/wp-json\/wp\/v2\/media\/1158"}],"wp:attachment":[{"href":"https:\/\/lacortehotel.info\/cs\/wp-json\/wp\/v2\/media?parent=1162"}],"curies":[{"name":"wp","href":"https:\/\/api.w.org\/{rel}","templated":true}]}}