{"id":1133,"date":"2025-04-11T09:50:06","date_gmt":"2025-04-11T09:50:06","guid":{"rendered":"https:\/\/lacortehotel.info\/correzzola-in-bici\/"},"modified":"2025-04-15T13:10:23","modified_gmt":"2025-04-15T13:10:23","slug":"na-kole-correzzolou","status":"publish","type":"page","link":"https:\/\/lacortehotel.info\/cs\/okoli\/na-kole-correzzolou\/","title":{"rendered":"Na kole Correzzolou: ide\u00e1ln\u00ed hotel pro p\u0159\u00edrodu, klid a cyklov\u00fdlety"},"content":{"rendered":"\n<p><strong>Na kole Correzzolou<\/strong>: <strong>ubytujte se v hotelu La Corte a objevujte nejlep\u0161\u00ed cyklostezky v ben\u00e1tsk\u00e9 krajin\u011b<\/strong><\/p>\n\n\n\n<p>Oblast kolem Correzzoly je protkan\u00e1 s\u00edt\u00ed <strong>cyklostezek a cyklotras<\/strong>, ide\u00e1ln\u00edch pro milovn\u00edky pomal\u00e9ho a pohodov\u00e9ho cestov\u00e1n\u00ed. M\u016f\u017eete jezdit na kole v klidu, mezi poli, hr\u00e1zemi a venkovsk\u00fdmi vesnicemi \u2013 daleko od dopravy a ruchu m\u011bsta. Trasy jsou vhodn\u00e9 jak pro zku\u0161en\u00e9 cyklisty, tak i pro rodiny s d\u011btmi.<\/p>\n\n\n\n<p>Mezi nejobl\u00edben\u011bj\u0161\u00ed pat\u0159\u00ed <strong>Cesta soli a cukru<\/strong>, trasy p\u0159es oblast <strong><em>Saccisica<\/em><\/strong>, pod\u00e9l \u0159eky <strong><em>Bacchiglione<\/em><\/strong> nebo sm\u011brem k <strong>lagun\u011b a Chioggii<\/strong>.<\/p>\n\n\n\n<p>Pokud chcete tyto trasy poznat vlastn\u00edm tempem, <strong>hotel La Corte<\/strong> je ide\u00e1ln\u00edm v\u00fdchoz\u00edm bodem \u2013 <strong>v bl\u00edzkosti hlavn\u00edch tras, s krytou gar\u00e1\u017e\u00ed pro kola a slu\u017ebami p\u0159izp\u016fsoben\u00fdmi cykloturist\u016fm<\/strong>.<\/p>\n\n\n\n<h3 class=\"wp-block-heading\">Doporu\u010den\u00e9 cyklotrasy v okol\u00ed Correzzoly<\/h3>\n\n\n\n<p>Zde je n\u011bkolik tip\u016f na v\u00fdlety b\u011bhem pobytu:<\/p>\n\n\n\n<ul class=\"wp-block-list\">\n<li><strong><em><a href=\"https:\/\/lacortehotel.info\/cs\/kde-prespat-na-trase-via-del-sale-e-dello-zucchero\/\">Via del Sale e dello Zucchero<\/a><\/em><\/strong> \u2013 Z Padovy do Chioggie pod\u00e9l \u0159ek a zavla\u017eovac\u00edch kan\u00e1l\u016f<\/li>\n\n\n\n<li><strong>Cyklostezky v oblasti <em>Saccisica<\/em><\/strong> \u2013 Poln\u00ed cesty, p\u0159\u00edroda a venkovsk\u00e9 usedlosti mezi Piove di Sacco a Codevigem<\/li>\n\n\n\n<li><strong>Correzzola\u2013laguna<\/strong> \u2013 Klidn\u00e1 trasa sm\u011brem k pob\u0159e\u017e\u00ed a mok\u0159ad\u016fm<\/li>\n\n\n\n<li><strong>Okruh ben\u00e1tsk\u00fdch cason\u016f<\/strong> (<em><strong>casoni<\/strong><\/em>) \u2013 Kulturn\u00ed trasa s tradi\u010dn\u00edmi venkovsk\u00fdmi stavbami, vodn\u00edmi cestami a p\u0159\u00edrodn\u00edmi rezervacemi<\/li>\n\n\n\n<li><strong>\u00daseky cyklostezky pod\u00e9l Brenty<\/strong> \u2013 Ide\u00e1ln\u00ed pro ty, kdo m\u00ed\u0159\u00ed do Padovy nebo Monselice<\/li>\n<\/ul>\n\n\n\n<p>Podrobn\u00e9 mapy najdete na webech jako <a href=\"https:\/\/www.komoot.com\/\">Komoot<\/a>, Magicoveneto nebo WelcomeSaccisica.it.<\/p>\n\n\n\n<h3 class=\"wp-block-heading\">Pro\u010d je hotel La Corte ide\u00e1ln\u00ed pro cyklisty<\/h3>\n\n\n\n<p>Hotel <strong>La Corte<\/strong> v\u00edt\u00e1 ka\u017edoro\u010dn\u011b cyklisty i cyklistick\u00e9 skupiny a nab\u00edz\u00ed:<\/p>\n\n\n\n<ul class=\"wp-block-list\">\n<li><strong>Krytou a bezpe\u010dnou \u00faschovnu kol<\/strong><\/li>\n\n\n\n<li><strong>Tich\u00e9 a pohodln\u00e9 <a href=\"https:\/\/lacortehotel.info\/cs\/pokoje\/\">pokoje<\/a><\/strong>, ide\u00e1ln\u00ed pro odpo\u010dinek po v\u00fdletu<\/li>\n\n\n\n<li><strong>Bohatou sn\u00eddani<\/strong>, v\u010detn\u011b mo\u017enost\u00ed bez lepku a bez lakt\u00f3zy<\/li>\n\n\n\n<li><strong>Zahradu a prostor pro myt\u00ed kol<\/strong><\/li>\n\n\n\n<li><strong>Bezplatn\u00e9 parkov\u00e1n\u00ed<\/strong>, vhodn\u00e9 pro hosty s autem a kolem<\/li>\n\n\n\n<li><strong><a href=\"https:\/\/lacortehotel.info\/cs\/pobyt-se-psem-na-venkove-u-correzzoly\/\">Mo\u017enost ubytov\u00e1n\u00ed se zv\u00ed\u0159etem<\/a><\/strong>, v\u010detn\u011b misky a kobere\u010dku na pokoji<\/li>\n<\/ul>\n\n\n\n<p>Person\u00e1l v\u00e1m r\u00e1d porad\u00ed s <strong>trasy, doporu\u010den\u00fdmi zast\u00e1vkami a ob\u010derstven\u00edm<\/strong>, p\u0159\u00edpadn\u011b s p\u0159\u00edpravou individu\u00e1ln\u00edho itiner\u00e1\u0159e.<\/p>\n\n\n\n<h3 class=\"wp-block-heading\">Na kole Correzzolou: pomal\u00e9 cestov\u00e1n\u00ed mezi poli, kan\u00e1ly a tradic\u00ed<\/h3>\n\n\n\n<p>Poznat Correzzolu ze sedla kola znamen\u00e1 pono\u0159it se do autentick\u00e9 krajiny pln\u00e9 klidu, \u010dist\u00e9ho vzduchu a p\u0159\u00edb\u011bh\u016f. Je to ide\u00e1ln\u00ed volba pro ty, kdo hledaj\u00ed udr\u017eiteln\u00fd a p\u0159\u00edrod\u011b bl\u00edzk\u00fd zp\u016fsob cestov\u00e1n\u00ed.<\/p>\n\n\n\n<p>A\u0165 u\u017e cestujete sami, v p\u00e1ru nebo se skupinou, <strong>hotel La Corte je ide\u00e1ln\u00edm v\u00fdchoz\u00edm bodem pro pozn\u00e1v\u00e1n\u00ed Ben\u00e1tska na kole.<\/strong><\/p>\n\n\n\n<h3 class=\"wp-block-heading\">Jak si napl\u00e1novat pobyt<\/h3>\n\n\n\n<p>M\u016f\u017eete si rezervovat <strong>jednu noc i cel\u00fd v\u00edkend<\/strong>. Pro skupiny a cyklistick\u00e9 kluby jsou k dispozici <strong>zv\u00fdhodn\u011bn\u00e9 nab\u00eddky a individu\u00e1ln\u00ed bal\u00ed\u010dky<\/strong>.<\/p>\n\n\n\n<p><strong><a href=\"https:\/\/lacortehotel.info\/cs\/\">Rezervujte si pobyt v hotelu La Corte<\/a><\/strong> a vydejte se na kole za kr\u00e1sami venkovsk\u00e9ho Ben\u00e1tska<strong>.<\/strong><br><strong>Correzzola v\u00e1s \u010dek\u00e1 s cestami pln\u00fdmi p\u0159\u00edrody, klidu a svobody<\/strong>.<\/p>\n","protected":false},"excerpt":{"rendered":"<p>Na kole Correzzolou: ubytujte se v hotelu La Corte a objevujte nejlep\u0161\u00ed cyklostezky v ben\u00e1tsk\u00e9 krajin\u011b Oblast kolem Correzzoly je protkan\u00e1 s\u00edt\u00ed cyklostezek a cyklotras, ide\u00e1ln\u00edch pro milovn\u00edky pomal\u00e9ho a pohodov\u00e9ho cestov\u00e1n\u00ed. M\u016f\u017eete jezdit na kole v klidu, mezi poli, hr\u00e1zemi a venkovsk\u00fdmi vesnicemi \u2013 daleko od dopravy a ruchu m\u011bsta. Trasy jsou vhodn\u00e9 jak [&hellip;]<\/p>\n","protected":false},"author":2,"featured_media":1125,"parent":596,"menu_order":0,"comment_status":"closed","ping_status":"closed","template":"templates\/lista-figlio.php","meta":{"_acf_changed":false,"inline_featured_image":false,"_joinchat":[],"footnotes":""},"class_list":["post-1133","page","type-page","status-publish","has-post-thumbnail","hentry"],"acf":[],"yoast_head":"<!-- This site is optimized with the Yoast SEO plugin v26.7 - https:\/\/yoast.com\/wordpress\/plugins\/seo\/ -->\n<title>Na kole Correzzolou: ide\u00e1ln\u00ed hotel pro p\u0159\u00edrodu, klid a cyklov\u00fdlety - La Corte Hotel<\/title>\n<meta name=\"description\" content=\"Objevte Na kole Correzzolou. Hotel La Corte je ide\u00e1ln\u00ed pro cyklisty: \u00faschovna kol, sn\u00eddan\u011b, klid a p\u0159\u00edroda. Rezervujte nyn\u00ed!\" \/>\n<meta name=\"robots\" content=\"index, follow, max-snippet:-1, max-image-preview:large, max-video-preview:-1\" \/>\n<link rel=\"canonical\" href=\"https:\/\/lacortehotel.info\/cs\/okoli\/na-kole-correzzolou\/\" \/>\n<meta property=\"og:locale\" content=\"cs_CZ\" \/>\n<meta property=\"og:type\" content=\"article\" \/>\n<meta property=\"og:title\" content=\"Na kole Correzzolou: ide\u00e1ln\u00ed hotel pro p\u0159\u00edrodu, klid a cyklov\u00fdlety - La Corte Hotel\" \/>\n<meta property=\"og:description\" content=\"Objevte Na kole Correzzolou. Hotel La Corte je ide\u00e1ln\u00ed pro cyklisty: \u00faschovna kol, sn\u00eddan\u011b, klid a p\u0159\u00edroda. Rezervujte nyn\u00ed!\" \/>\n<meta property=\"og:url\" content=\"https:\/\/lacortehotel.info\/cs\/okoli\/na-kole-correzzolou\/\" \/>\n<meta property=\"og:site_name\" content=\"La Corte Hotel\" \/>\n<meta property=\"article:publisher\" content=\"https:\/\/www.facebook.com\/pages\/Hotel-La-Corte\/120373951334581\" \/>\n<meta property=\"article:modified_time\" content=\"2025-04-15T13:10:23+00:00\" \/>\n<meta property=\"og:image\" content=\"https:\/\/lacortehotel.info\/wp-content\/uploads\/2025\/04\/bicicletta-quinto-articolo-1920x840-1.webp\" \/>\n\t<meta property=\"og:image:width\" content=\"1920\" \/>\n\t<meta property=\"og:image:height\" content=\"840\" \/>\n\t<meta property=\"og:image:type\" content=\"image\/webp\" \/>\n<meta name=\"twitter:card\" content=\"summary_large_image\" \/>\n<meta name=\"twitter:label1\" content=\"Odhadovan\u00e1 doba \u010dten\u00ed\" \/>\n\t<meta name=\"twitter:data1\" content=\"3 minuty\" \/>\n<script type=\"application\/ld+json\" class=\"yoast-schema-graph\">{\"@context\":\"https:\/\/schema.org\",\"@graph\":[{\"@type\":\"WebPage\",\"@id\":\"https:\/\/lacortehotel.info\/cs\/okoli\/na-kole-correzzolou\/\",\"url\":\"https:\/\/lacortehotel.info\/cs\/okoli\/na-kole-correzzolou\/\",\"name\":\"Na kole Correzzolou: ide\u00e1ln\u00ed hotel pro p\u0159\u00edrodu, klid a cyklov\u00fdlety - La Corte Hotel\",\"isPartOf\":{\"@id\":\"https:\/\/lacortehotel.info\/cs\/#website\"},\"primaryImageOfPage\":{\"@id\":\"https:\/\/lacortehotel.info\/cs\/okoli\/na-kole-correzzolou\/#primaryimage\"},\"image\":{\"@id\":\"https:\/\/lacortehotel.info\/cs\/okoli\/na-kole-correzzolou\/#primaryimage\"},\"thumbnailUrl\":\"https:\/\/lacortehotel.info\/wp-content\/uploads\/2025\/04\/bicicletta-quinto-articolo-1920x840-1.webp\",\"datePublished\":\"2025-04-11T09:50:06+00:00\",\"dateModified\":\"2025-04-15T13:10:23+00:00\",\"description\":\"Objevte Na kole Correzzolou. Hotel La Corte je ide\u00e1ln\u00ed pro cyklisty: \u00faschovna kol, sn\u00eddan\u011b, klid a p\u0159\u00edroda. Rezervujte nyn\u00ed!\",\"breadcrumb\":{\"@id\":\"https:\/\/lacortehotel.info\/cs\/okoli\/na-kole-correzzolou\/#breadcrumb\"},\"inLanguage\":\"cs\",\"potentialAction\":[{\"@type\":\"ReadAction\",\"target\":[\"https:\/\/lacortehotel.info\/cs\/okoli\/na-kole-correzzolou\/\"]}]},{\"@type\":\"ImageObject\",\"inLanguage\":\"cs\",\"@id\":\"https:\/\/lacortehotel.info\/cs\/okoli\/na-kole-correzzolou\/#primaryimage\",\"url\":\"https:\/\/lacortehotel.info\/wp-content\/uploads\/2025\/04\/bicicletta-quinto-articolo-1920x840-1.webp\",\"contentUrl\":\"https:\/\/lacortehotel.info\/wp-content\/uploads\/2025\/04\/bicicletta-quinto-articolo-1920x840-1.webp\",\"width\":1920,\"height\":840,\"caption\":\"Na kole Correzzolou\"},{\"@type\":\"BreadcrumbList\",\"@id\":\"https:\/\/lacortehotel.info\/cs\/okoli\/na-kole-correzzolou\/#breadcrumb\",\"itemListElement\":[{\"@type\":\"ListItem\",\"position\":1,\"name\":\"Home\",\"item\":\"https:\/\/lacortehotel.info\/cs\/\"},{\"@type\":\"ListItem\",\"position\":2,\"name\":\"Na kole Correzzolou: ide\u00e1ln\u00ed hotel pro p\u0159\u00edrodu, klid a cyklov\u00fdlety\"}]},{\"@type\":\"WebSite\",\"@id\":\"https:\/\/lacortehotel.info\/cs\/#website\",\"url\":\"https:\/\/lacortehotel.info\/cs\/\",\"name\":\"Hotel La Corte\",\"description\":\"V srdci P\u00e1dsk\u00e9 n\u00ed\u017einy... v\u00e1\u0161 druh\u00fd domov!\",\"publisher\":{\"@id\":\"https:\/\/lacortehotel.info\/cs\/#organization\"},\"alternateName\":\"La Corte di Correzzola\",\"potentialAction\":[{\"@type\":\"SearchAction\",\"target\":{\"@type\":\"EntryPoint\",\"urlTemplate\":\"https:\/\/lacortehotel.info\/cs\/?s={search_term_string}\"},\"query-input\":{\"@type\":\"PropertyValueSpecification\",\"valueRequired\":true,\"valueName\":\"search_term_string\"}}],\"inLanguage\":\"cs\"},{\"@type\":\"Organization\",\"@id\":\"https:\/\/lacortehotel.info\/cs\/#organization\",\"name\":\"Hotel la Corte\",\"url\":\"https:\/\/lacortehotel.info\/cs\/\",\"logo\":{\"@type\":\"ImageObject\",\"inLanguage\":\"cs\",\"@id\":\"https:\/\/lacortehotel.info\/cs\/#\/schema\/logo\/image\/\",\"url\":\"https:\/\/lacortehotel.info\/wp-content\/uploads\/2023\/05\/logo-sito-p-e1683800838815.png\",\"contentUrl\":\"https:\/\/lacortehotel.info\/wp-content\/uploads\/2023\/05\/logo-sito-p-e1683800838815.png\",\"width\":100,\"height\":94,\"caption\":\"Hotel la Corte\"},\"image\":{\"@id\":\"https:\/\/lacortehotel.info\/cs\/#\/schema\/logo\/image\/\"},\"sameAs\":[\"https:\/\/www.facebook.com\/pages\/Hotel-La-Corte\/120373951334581\",\"https:\/\/www.instagram.com\/lacortecorrezzola\/\"]}]}<\/script>\n<!-- \/ Yoast SEO plugin. -->","yoast_head_json":{"title":"Na kole Correzzolou: ide\u00e1ln\u00ed hotel pro p\u0159\u00edrodu, klid a cyklov\u00fdlety - La Corte Hotel","description":"Objevte Na kole Correzzolou. Hotel La Corte je ide\u00e1ln\u00ed pro cyklisty: \u00faschovna kol, sn\u00eddan\u011b, klid a p\u0159\u00edroda. Rezervujte nyn\u00ed!","robots":{"index":"index","follow":"follow","max-snippet":"max-snippet:-1","max-image-preview":"max-image-preview:large","max-video-preview":"max-video-preview:-1"},"canonical":"https:\/\/lacortehotel.info\/cs\/okoli\/na-kole-correzzolou\/","og_locale":"cs_CZ","og_type":"article","og_title":"Na kole Correzzolou: ide\u00e1ln\u00ed hotel pro p\u0159\u00edrodu, klid a cyklov\u00fdlety - La Corte Hotel","og_description":"Objevte Na kole Correzzolou. Hotel La Corte je ide\u00e1ln\u00ed pro cyklisty: \u00faschovna kol, sn\u00eddan\u011b, klid a p\u0159\u00edroda. Rezervujte nyn\u00ed!","og_url":"https:\/\/lacortehotel.info\/cs\/okoli\/na-kole-correzzolou\/","og_site_name":"La Corte Hotel","article_publisher":"https:\/\/www.facebook.com\/pages\/Hotel-La-Corte\/120373951334581","article_modified_time":"2025-04-15T13:10:23+00:00","og_image":[{"width":1920,"height":840,"url":"https:\/\/lacortehotel.info\/wp-content\/uploads\/2025\/04\/bicicletta-quinto-articolo-1920x840-1.webp","type":"image\/webp"}],"twitter_card":"summary_large_image","twitter_misc":{"Odhadovan\u00e1 doba \u010dten\u00ed":"3 minuty"},"schema":{"@context":"https:\/\/schema.org","@graph":[{"@type":"WebPage","@id":"https:\/\/lacortehotel.info\/cs\/okoli\/na-kole-correzzolou\/","url":"https:\/\/lacortehotel.info\/cs\/okoli\/na-kole-correzzolou\/","name":"Na kole Correzzolou: ide\u00e1ln\u00ed hotel pro p\u0159\u00edrodu, klid a cyklov\u00fdlety - La Corte Hotel","isPartOf":{"@id":"https:\/\/lacortehotel.info\/cs\/#website"},"primaryImageOfPage":{"@id":"https:\/\/lacortehotel.info\/cs\/okoli\/na-kole-correzzolou\/#primaryimage"},"image":{"@id":"https:\/\/lacortehotel.info\/cs\/okoli\/na-kole-correzzolou\/#primaryimage"},"thumbnailUrl":"https:\/\/lacortehotel.info\/wp-content\/uploads\/2025\/04\/bicicletta-quinto-articolo-1920x840-1.webp","datePublished":"2025-04-11T09:50:06+00:00","dateModified":"2025-04-15T13:10:23+00:00","description":"Objevte Na kole Correzzolou. Hotel La Corte je ide\u00e1ln\u00ed pro cyklisty: \u00faschovna kol, sn\u00eddan\u011b, klid a p\u0159\u00edroda. Rezervujte nyn\u00ed!","breadcrumb":{"@id":"https:\/\/lacortehotel.info\/cs\/okoli\/na-kole-correzzolou\/#breadcrumb"},"inLanguage":"cs","potentialAction":[{"@type":"ReadAction","target":["https:\/\/lacortehotel.info\/cs\/okoli\/na-kole-correzzolou\/"]}]},{"@type":"ImageObject","inLanguage":"cs","@id":"https:\/\/lacortehotel.info\/cs\/okoli\/na-kole-correzzolou\/#primaryimage","url":"https:\/\/lacortehotel.info\/wp-content\/uploads\/2025\/04\/bicicletta-quinto-articolo-1920x840-1.webp","contentUrl":"https:\/\/lacortehotel.info\/wp-content\/uploads\/2025\/04\/bicicletta-quinto-articolo-1920x840-1.webp","width":1920,"height":840,"caption":"Na kole Correzzolou"},{"@type":"BreadcrumbList","@id":"https:\/\/lacortehotel.info\/cs\/okoli\/na-kole-correzzolou\/#breadcrumb","itemListElement":[{"@type":"ListItem","position":1,"name":"Home","item":"https:\/\/lacortehotel.info\/cs\/"},{"@type":"ListItem","position":2,"name":"Na kole Correzzolou: ide\u00e1ln\u00ed hotel pro p\u0159\u00edrodu, klid a cyklov\u00fdlety"}]},{"@type":"WebSite","@id":"https:\/\/lacortehotel.info\/cs\/#website","url":"https:\/\/lacortehotel.info\/cs\/","name":"Hotel La Corte","description":"V srdci P\u00e1dsk\u00e9 n\u00ed\u017einy... v\u00e1\u0161 druh\u00fd domov!","publisher":{"@id":"https:\/\/lacortehotel.info\/cs\/#organization"},"alternateName":"La Corte di Correzzola","potentialAction":[{"@type":"SearchAction","target":{"@type":"EntryPoint","urlTemplate":"https:\/\/lacortehotel.info\/cs\/?s={search_term_string}"},"query-input":{"@type":"PropertyValueSpecification","valueRequired":true,"valueName":"search_term_string"}}],"inLanguage":"cs"},{"@type":"Organization","@id":"https:\/\/lacortehotel.info\/cs\/#organization","name":"Hotel la Corte","url":"https:\/\/lacortehotel.info\/cs\/","logo":{"@type":"ImageObject","inLanguage":"cs","@id":"https:\/\/lacortehotel.info\/cs\/#\/schema\/logo\/image\/","url":"https:\/\/lacortehotel.info\/wp-content\/uploads\/2023\/05\/logo-sito-p-e1683800838815.png","contentUrl":"https:\/\/lacortehotel.info\/wp-content\/uploads\/2023\/05\/logo-sito-p-e1683800838815.png","width":100,"height":94,"caption":"Hotel la Corte"},"image":{"@id":"https:\/\/lacortehotel.info\/cs\/#\/schema\/logo\/image\/"},"sameAs":["https:\/\/www.facebook.com\/pages\/Hotel-La-Corte\/120373951334581","https:\/\/www.instagram.com\/lacortecorrezzola\/"]}]}},"_links":{"self":[{"href":"https:\/\/lacortehotel.info\/cs\/wp-json\/wp\/v2\/pages\/1133","targetHints":{"allow":["GET"]}}],"collection":[{"href":"https:\/\/lacortehotel.info\/cs\/wp-json\/wp\/v2\/pages"}],"about":[{"href":"https:\/\/lacortehotel.info\/cs\/wp-json\/wp\/v2\/types\/page"}],"author":[{"embeddable":true,"href":"https:\/\/lacortehotel.info\/cs\/wp-json\/wp\/v2\/users\/2"}],"replies":[{"embeddable":true,"href":"https:\/\/lacortehotel.info\/cs\/wp-json\/wp\/v2\/comments?post=1133"}],"version-history":[{"count":6,"href":"https:\/\/lacortehotel.info\/cs\/wp-json\/wp\/v2\/pages\/1133\/revisions"}],"predecessor-version":[{"id":1602,"href":"https:\/\/lacortehotel.info\/cs\/wp-json\/wp\/v2\/pages\/1133\/revisions\/1602"}],"up":[{"embeddable":true,"href":"https:\/\/lacortehotel.info\/cs\/wp-json\/wp\/v2\/pages\/596"}],"wp:featuredmedia":[{"embeddable":true,"href":"https:\/\/lacortehotel.info\/cs\/wp-json\/wp\/v2\/media\/1125"}],"wp:attachment":[{"href":"https:\/\/lacortehotel.info\/cs\/wp-json\/wp\/v2\/media?parent=1133"}],"curies":[{"name":"wp","href":"https:\/\/api.w.org\/{rel}","templated":true}]}}